{"id":30793,"date":"2025-11-28T22:10:38","date_gmt":"2025-11-28T22:10:38","guid":{"rendered":"https:\/\/asura.lv\/product\/maono-pd100-microphone-black\/"},"modified":"2025-12-12T15:47:21","modified_gmt":"2025-12-12T13:47:21","slug":"maono-pd100-microphone-black","status":"publish","type":"product","link":"https:\/\/asura.lv\/lt\/produktas\/maono-pd100-microphone-black\/","title":{"rendered":"Maono PD100 mikrofonas, juodas"},"content":{"rendered":"<h3>\u201eMaono PD100\u201c mikrofonas (juodas)<\/h3>\n<p>\u201eMaono PD100\u201c mikrofonas yra puikus \u012frankis visiems, norintiems prad\u0117ti profesionaliai \u012fra\u0161in\u0117ti namuose arba pakelti savo transliacij\u0173 ir \u012fra\u0161\u0173 kokyb\u0119 \u012f kit\u0105 lyg\u012f. Jis si\u016blo fantasti\u0161k\u0105 gars\u0105 ir u\u017etikrina nat\u016bral\u0173, ai\u0161k\u0173 gars\u0105. Taip pat pridedamas prakti\u0161kas stovas ir pagrindas, tod\u0117l \u012frengin\u012f gal\u0117site lengvai ir stabiliai pastatyti ant stalo.<\/p>\n<p>\n<img decoding=\"async\" border=\"0\" src=\"https:\/\/assets.innpro.pl\/7597\/8830\/7.jpg\"\/>\n<\/p>\n<h3>Auk\u0161\u010diausio lygio garsas<\/h3>\n<p>Su \u012fmontuotu dinaminiu branduoliu ir dvigubu pop filtro sluoksniu PD100 mikrofonas u\u017etikrina puiki\u0105 garso kokyb\u0119. Be to, triuk\u0161mo izoliacijos technologija efektyviai slopina nereikalingus triuk\u0161mus ir garantuoja dar geresn\u012f gars\u0105. \u012erenginys taip pat i\u0161siskiria puikiu garso atk\u016brimu pla\u010diame da\u017eni\u0173 diapazone nuo 60 Hz iki 14 kHz. Visa tai daro j\u012f tobulu profesionaliam \u012fra\u0161ymui!<\/p>\n<p>\n<img decoding=\"async\" border=\"0\" src=\"https:\/\/assets.innpro.pl\/7597\/8830\/6.jpg\"\/>\n<\/p>\n<h3>Puikiai tinka transliacijoms ir kt.<\/h3>\n<p>Mikrofonas pasi\u017eymi kardioidine charakteristika ir galinio adreso sistema garsui u\u017efiksuoti. D\u0117l to jis tiksliai fiksuoja kiekvien\u0105 balso detal\u0119, suteikdamas jam lygumo ir gylio. Tai leid\u017eia pasiekti ai\u0161kesn\u012f ir nat\u016bralesn\u012f gars\u0105, tod\u0117l j\u016bs\u0173 transliacijos ir \u012fra\u0161ai gali b\u016bti ai\u0161kesni ir autenti\u0161kesni.<\/p>\n<p>\n<img decoding=\"async\" border=\"0\" src=\"https:\/\/assets.innpro.pl\/7597\/8830\/3.jpg\"\/>\n<\/p>\n<h3>Rafinuotas kiekvienoje detal\u0117je<\/h3>\n<p>PD100 pasi\u017eymi eleganti\u0161ku, kompakti\u0161ku dizainu ir metaline konstrukcija. Taip pat pridedamas nuimamas stovas, leid\u017eiantis reguliuoti mikrofono kamp\u0105 180\u00b0. Be to, tvirtas pagrindas su gumin\u0117mis, neslystan\u010diomis kojel\u0117mis u\u017etikrina stabilum\u0105 ir slopina vibracijas, tod\u0117l garsas yra ai\u0161kus ir \u0161varus. Produkt\u0105 taip pat galima naudoti su mikrofono laikikliu, turin\u010diu 3\/8 colio arba 5\/8 colio srieg\u012f (nepridedamas).<\/p>\n<p>\n<img decoding=\"async\" border=\"0\" src=\"https:\/\/assets.innpro.pl\/7597\/8830\/5.jpg\"\/>\n<\/p>\n<h3>Platus suderinamumas<\/h3>\n<p>D\u0117l XLR jungties mikrofonas puikiai veikia su \u201eMaonocaster AME2\u201c garso plok\u0161te ir i\u0161oriniais mai\u0161ytuvais. Nesvarbu, ar \u012fra\u0161in\u0117jate radijo laid\u0105, dainuojate, kuriate turin\u012f nam\u0173 studijoje, ar vedate tiesiogin\u0119 transliacij\u0105 su keliais \u017eaid\u0117jais, PD100 suteiks jums nuostabi\u0173 rezultat\u0173. Nustebinkite savo klausytojus auk\u0161\u010diausia garso kokybe!<\/p>\n<p>\n<img decoding=\"async\" border=\"0\" src=\"https:\/\/assets.innpro.pl\/7597\/8830\/8.jpg\"\/>\n<\/p>\n<h3>Pridedama<\/h3>\n<ul class=\"list-disc pl-5\">\n<li>Mikrofonas<\/li>\n<li>Stalo stovas<\/li>\n<li>Apvalus metalinis pagrindas<\/li>\n<li>XLR laidas<\/li>\n<li>Naudotojo vadovas<\/li>\n<\/ul>\n<div class=\"table-wrapper\">\n<p>\u0412\u00a0<\/p>\n<h3><\/h3>\n<table>\n<tbody>\n<tr>\n<th>Gamintojas<\/th>\n<td>Maono<\/td>\n<\/tr>\n<tr>\n<th>Modelis<\/th>\n<td>PD100<\/td>\n<\/tr>\n<tr>\n<th>Tipas<\/th>\n<td>Dinaminis<\/td>\n<\/tr>\n<tr>\n<th>Polar Kardioidinis da\u017eni\u0173 diapazonas<\/th>\n<td>60 Hz &#8211; 14 kHz<\/td>\n<\/tr>\n<tr>\n<th>Jautrumas<\/th>\n<td>-54 \u00b1 3 dB esant 1 kHz 0 dB = 1 V \/ Pa<\/td>\n<\/tr>\n<tr>\n<th>Maks. garso sl\u0117gio lygis<\/th>\n<td>132 dB garso sl\u0117gio lygis<\/td>\n<\/tr>\n<tr>\n<th>Garso i\u0161vestis<\/th>\n<td>XLR<\/td>\n<\/tr>\n<\/tbody>\n<\/table>\n<\/div>\n","protected":false},"excerpt":{"rendered":"<p>\u201eMaono PD100\u201c mikrofonas (juodas) \u201eMaono PD100\u201c mikrofonas yra puikus \u012frankis visiems, norintiems prad\u0117ti profesionaliai \u012fra\u0161in\u0117ti namuose arba pakelti savo transliacij\u0173 ir \u012fra\u0161\u0173 kokyb\u0119 \u012f kit\u0105 lyg\u012f. Jis si\u016blo fantasti\u0161k\u0105 gars\u0105 ir u\u017etikrina nat\u016bral\u0173, ai\u0161k\u0173 gars\u0105. Taip pat pridedamas prakti\u0161kas stovas ir pagrindas, tod\u0117l \u012frengin\u012f gal\u0117site lengvai ir stabiliai pastatyti ant stalo. Auk\u0161\u010diausio lygio garsas Su [&#8230;]\n","protected":false},"featured_media":30794,"comment_status":"open","ping_status":"closed","template":"","meta":[],"product_brand":[541],"product_cat":[1049],"product_tag":[],"class_list":{"0":"post-30793","1":"product","2":"type-product","3":"status-publish","4":"has-post-thumbnail","6":"product_brand-maono","7":"product_cat-microphones-gaming","9":"first","10":"outofstock","11":"taxable","12":"shipping-taxable","13":"purchasable","14":"product-type-simple"},"aioseo_notices":[],"_links":{"self":[{"href":"https:\/\/asura.lv\/lt\/wp-json\/wp\/v2\/product\/30793","targetHints":{"allow":["GET"]}}],"collection":[{"href":"https:\/\/asura.lv\/lt\/wp-json\/wp\/v2\/product"}],"about":[{"href":"https:\/\/asura.lv\/lt\/wp-json\/wp\/v2\/types\/product"}],"replies":[{"embeddable":true,"href":"https:\/\/asura.lv\/lt\/wp-json\/wp\/v2\/comments?post=30793"}],"wp:featuredmedia":[{"embeddable":true,"href":"https:\/\/asura.lv\/lt\/wp-json\/wp\/v2\/media\/30794"}],"wp:attachment":[{"href":"https:\/\/asura.lv\/lt\/wp-json\/wp\/v2\/media?parent=30793"}],"wp:term":[{"taxonomy":"product_brand","embeddable":true,"href":"https:\/\/asura.lv\/lt\/wp-json\/wp\/v2\/product_brand?post=30793"},{"taxonomy":"product_cat","embeddable":true,"href":"https:\/\/asura.lv\/lt\/wp-json\/wp\/v2\/product_cat?post=30793"},{"taxonomy":"product_tag","embeddable":true,"href":"https:\/\/asura.lv\/lt\/wp-json\/wp\/v2\/product_tag?post=30793"}],"curies":[{"name":"wp","href":"https:\/\/api.w.org\/{rel}","templated":true}]}}