{"id":30907,"date":"2025-11-28T22:10:29","date_gmt":"2025-11-28T22:10:29","guid":{"rendered":"https:\/\/asura.lv\/product\/adapter-wifi-baseus-fastjoy-1800mbps-black\/"},"modified":"2025-12-12T15:47:14","modified_gmt":"2025-12-12T13:47:14","slug":"adapter-wifi-baseus-fastjoy-1800mbps-black","status":"publish","type":"product","link":"https:\/\/asura.lv\/lt\/produktas\/adapter-wifi-baseus-fastjoy-1800mbps-black\/","title":{"rendered":"\u201eBaseus FastJoy\u201c 1800 Mbps belaid\u017eio ry\u0161io adapteris (juodas)"},"content":{"rendered":"<h3>\u201eBaseus FastJoy 1800Mbps WiFi\u201c adapteris (juodas).<\/h3>\n<p>\u201eBaseus FastJoy WiFi\u201c adapteris u\u017etikrina i\u0161skirtin\u012f duomen\u0173 perdavimo greit\u012f iki 1800 Mbps. Palaikydamas dvi da\u017eni\u0173 juostas \u2013 2,4 GHz (600 Mbps) ir 5,8 GHz (1200 Mbps), galite patogiai \u017ei\u016br\u0117ti auk\u0161tos kokyb\u0117s filmus, \u017eaisti internetinius \u017eaidimus be delsos ir naudotis internetu be trukd\u017ei\u0173. Jis idealiai tinka reikliems vartotojams, ie\u0161kantiems patikimo ry\u0161io.<\/p>\n<p>\n<img decoding=\"async\" border=\"0\" src=\"https:\/\/assets.innpro.pl\/7829\/9082\/1.jpg\"\/>\n<\/p>\n<h3>Puikus diapazonas ir reguliuojamos antenos<\/h3>\n<p>Produktas apr\u016bpintas dviem 5 dBi antenomis. Tod\u0117l jis garantuoja plat\u0173 diapazon\u0105, tod\u0117l galite m\u0117gautis stabiliu internetu visuose namuose, net jei signalas turi praeiti pro kelias sienas. Be to, antenos yra reguliuojamos, tod\u0117l galite jas pakreipti bet kokiu kampu, kad gautum\u0117te geriausi\u0105 \u012fmanom\u0105 signal\u0105.<\/p>\n<p>\n<img decoding=\"async\" border=\"0\" src=\"https:\/\/assets.innpro.pl\/7829\/9082\/6.jpg\"\/>\n<\/p>\n<h3>Lankstumas ir patogumas<\/h3>\n<p>Su \u201eBaseus FastJoy WiFi\u201c adapteriu turite visi\u0161k\u0105 i\u0161d\u0117stymo laisv\u0119 \u2013 ilgas 1 metro laidas leid\u017eia \u012frengin\u012f pastatyti bet kur be joki\u0173 kli\u016b\u010di\u0173. Be to, ma\u017eos energijos s\u0105naudos ir ma\u017eas delsos laikas u\u017etikrina, kad j\u016bs\u0173 ry\u0161ys bus ne tik greitas, bet ir energij\u0105 taupantis.<\/p>\n<p>\n<img decoding=\"async\" border=\"0\" src=\"https:\/\/assets.innpro.pl\/7829\/9082\/4.jpg\"\/>\n<\/p>\n<h3>\u201eWiFi 6\u201c ir saugus naudoti<\/h3>\n<p>\u201eBaseus FastJoy\u201c suderinamas su \u201eWiFi6\u201c standartu, tod\u0117l galite m\u0117gautis ma\u017eu delsos laiku ir dar greitesniu perdavimu. Be to, \u0161iuolaikiniai \u0161ifravimo standartai, tokie kaip WPA-PSK, WPA2-PSK, WPA\/WPA2-PSK ir 64\/128 WEP, u\u017etikrina auk\u0161\u010diausi\u0105 saugumo ir privatumo apsaugos lyg\u012f.<\/p>\n<p>\n<img decoding=\"async\" border=\"0\" src=\"https:\/\/assets.innpro.pl\/7829\/9082\/3.jpg\"\/>\n<\/p>\n<h3>MU-MIMO, OFDMA ir CCA technologijos<\/h3>\n<p>Palaikydamas MU-MIMO technologij\u0105, \u201eBaseus FastJoy\u201c adapteris leid\u017eia vienu metu perduoti duomenis \u012f kelis \u012frenginius, tod\u0117l idealiai tinka namams ir biurams su keliais vartotojais. Ta\u010diau tuo nesibaigia \u2013 OFDMA sprendimas suma\u017eina dels\u0105, o tai ypa\u010d naudinga intensyvi\u0173 internetini\u0173 \u017eaidim\u0173 metu, u\u017etikrinant skland\u0173 ir stabil\u0173 ry\u0161\u012f. Be to, CCA technologija padeda i\u0161vengti trukd\u017ei\u0173 automati\u0161kai parinkdama geriausi\u0105 duomen\u0173 perdavimo kanal\u0105, o TWT technologija optimizuoja tinklo na\u0161um\u0105 ir padidina saugum\u0105.<\/p>\n<p>\n<img decoding=\"async\" border=\"0\" src=\"https:\/\/assets.innpro.pl\/7829\/9082\/2.jpg\"\/>\n<\/p>\n<h3>Du veikimo re\u017eimai<\/h3>\n<p>\u201eBaseus FastJoy\u201c gali veikti ir kaip \u201eWiFi\u201c imtuvas, ir kaip interneto prieigos ta\u0161kas, tod\u0117l idealiai tinka daugeliui program\u0173. Be to, pa\u017eangiausi lustai u\u017etikrina geresn\u012f signalo perdavim\u0105, stabil\u0173 ry\u0161\u012f ir ma\u017e\u0105 dels\u0105, kad b\u016bt\u0173 u\u017etikrinta sklandi interneto patirtis.<\/p>\n<p>\n<img decoding=\"async\" border=\"0\" src=\"https:\/\/assets.innpro.pl\/7829\/9082\/7.jpg\"\/>\n<\/p>\n<h3>Suderinamumas ir stilingas dizainas<\/h3>\n<p>\u201eBaseus FastJoy\u201c \u201eWiFi\u201c adapteris suderinamas su \u201eWindows 10\u201c ir \u201e11\u201c, tod\u0117l idealiai tinka darbui, \u017eaidimams ir kt. Be to, d\u0117l eleganti\u0161ko dizaino \u012frenginys skland\u017eiai dera prie bet kokio interjero, o m\u0117lynas \u0161viesos indikatorius teikia informacij\u0105 apie jo veikimo b\u016bsen\u0105.<\/p>\n<p>\n<img decoding=\"async\" border=\"0\" src=\"https:\/\/assets.innpro.pl\/7829\/9082\/5.jpg\"\/>\n<\/p>\n<div class=\"table-wrapper\">\n<p>B\u00a0<\/p>\n<h3><\/h3>\n<table>\n<tbody>\n<tr>\n<th>Gamintojas<\/th>\n<td>Baseus<\/td>\n<\/tr>\n<tr>\n<th>Pavadinimas<\/th>\n<td>\u201eFastJoy WiFi\u201c adapteris 1800 Mbps (i\u0161orinis Antena)<\/td>\n<\/tr>\n<tr>\n<th>Modelis<\/th>\n<td>B01317600111-06<\/td>\n<\/tr>\n<tr>\n<th>Spalva<\/th>\n<td>Juoda<\/td>\n<\/tr>\n<tr>\n<th>Med\u017eiaga<\/th>\n<td>PC + ABS<\/td>\n<\/tr>\n<tr>\n<th>Svoris<\/th>\n<td>Apytiksliai 100 g<\/td>\n<\/tr>\n<tr>\n<th>Varto da\u017eni\u0173 juostos<\/th>\n<td>2,4 GHz ir 5,8 GHz<\/td>\n<\/tr>\n<tr>\n<th>Perdavimo greitis<\/th>\n<td>2,4 GHz: 600 Mbps; 5,8 GHz: 1200 Mbps;<\/td>\n<\/tr>\n<tr>\n<th>Belaid\u017eio ry\u0161io standartai<\/th>\n<td>IEEE 802.11 b\/g\/n, IEEE 802.11 a\/ac<\/td>\n<\/tr>\n<tr>\n<th>\u0160ifravimo standartai<\/th>\n<td>WPA-PSK, WPA2-PSK, WPA\/WPA2-PSK, 64\/128 WEP<\/td>\n<\/tr>\n<tr>\n<th>Veikimo re\u017eimas<\/th>\n<td>NIC ir interneto prieigos ta\u0161kas<\/td>\n<\/tr>\n<tr>\n<th>Suderinamos operacin\u0117s sistemos<\/th>\n<td>Windows 10 \/ 11<\/td>\n<\/tr>\n<\/tbody>\n<\/table>\n<\/div>\n","protected":false},"excerpt":{"rendered":"<p>\u201eBaseus FastJoy 1800Mbps WiFi\u201c adapteris (juodas). \u201eBaseus FastJoy WiFi\u201c adapteris u\u017etikrina i\u0161skirtin\u012f duomen\u0173 perdavimo greit\u012f iki 1800 Mbps. Palaikydamas dvi da\u017eni\u0173 juostas \u2013 2,4 GHz (600 Mbps) ir 5,8 GHz (1200 Mbps), galite patogiai \u017ei\u016br\u0117ti auk\u0161tos kokyb\u0117s filmus, \u017eaisti internetinius \u017eaidimus be delsos ir naudotis internetu be trukd\u017ei\u0173. Jis idealiai tinka reikliems vartotojams, ie\u0161kantiems patikimo [&#8230;]\n","protected":false},"featured_media":30908,"comment_status":"open","ping_status":"closed","template":"","meta":[],"product_brand":[95],"product_cat":[923],"product_tag":[],"class_list":{"0":"post-30907","1":"product","2":"type-product","3":"status-publish","4":"has-post-thumbnail","6":"product_brand-baseus","7":"product_cat-adapters-connectors-and-converters","9":"first","10":"outofstock","11":"taxable","12":"shipping-taxable","13":"purchasable","14":"product-type-simple"},"aioseo_notices":[],"_links":{"self":[{"href":"https:\/\/asura.lv\/lt\/wp-json\/wp\/v2\/product\/30907","targetHints":{"allow":["GET"]}}],"collection":[{"href":"https:\/\/asura.lv\/lt\/wp-json\/wp\/v2\/product"}],"about":[{"href":"https:\/\/asura.lv\/lt\/wp-json\/wp\/v2\/types\/product"}],"replies":[{"embeddable":true,"href":"https:\/\/asura.lv\/lt\/wp-json\/wp\/v2\/comments?post=30907"}],"wp:featuredmedia":[{"embeddable":true,"href":"https:\/\/asura.lv\/lt\/wp-json\/wp\/v2\/media\/30908"}],"wp:attachment":[{"href":"https:\/\/asura.lv\/lt\/wp-json\/wp\/v2\/media?parent=30907"}],"wp:term":[{"taxonomy":"product_brand","embeddable":true,"href":"https:\/\/asura.lv\/lt\/wp-json\/wp\/v2\/product_brand?post=30907"},{"taxonomy":"product_cat","embeddable":true,"href":"https:\/\/asura.lv\/lt\/wp-json\/wp\/v2\/product_cat?post=30907"},{"taxonomy":"product_tag","embeddable":true,"href":"https:\/\/asura.lv\/lt\/wp-json\/wp\/v2\/product_tag?post=30907"}],"curies":[{"name":"wp","href":"https:\/\/api.w.org\/{rel}","templated":true}]}}