{"id":31051,"date":"2025-11-28T22:10:16","date_gmt":"2025-11-28T22:10:16","guid":{"rendered":"https:\/\/asura.lv\/product\/orico-240w-usb-c-to-usb-c-charging-cable-1-m-black\/"},"modified":"2025-12-12T15:47:02","modified_gmt":"2025-12-12T13:47:02","slug":"orico-240w-usb-c-to-usb-c-charging-cable-1-m-black","status":"publish","type":"product","link":"https:\/\/asura.lv\/lt\/produktas\/orico-240w-usb-c-to-usb-c-charging-cable-1-m-black\/","title":{"rendered":"\u201eOrico\u201c 240 W USB-C\u2013USB-C \u012fkrovimo laidas, 1 m (juodas)"},"content":{"rendered":"<h3>Orico 240 W USB-C\u2013USB-C \u012fkrovimo laidas, 1 m (juodas)<\/h3>\n<p>\u201eOrico\u201c 240 W USB-C \u012fkrovimo laidas yra puikus sprendimas tiems, kuriems reikia grei\u010dio, saugumo ir patikimumo viename. Tur\u0117damas 240 W gali\u0105, jis u\u017etikrina momentin\u012f j\u016bs\u0173 \u012frengini\u0173 \u012fkrovim\u0105, taupydamas laik\u0105 ir padidindamas produktyvum\u0105.<\/p>\n<p>\n<img decoding=\"async\" border=\"0\" src=\"https:\/\/assets.innpro.pl\/8709\/10201\/1.jpg\"\/>\n<\/p>\n<h3><strong>Itin didel\u0117 galia<\/strong><\/h3>\n<p>\u0160is laidas palaiko 240 W \u012fkrovim\u0105, tod\u0117l galite greitai \u012fkrauti net ir reikliausius \u012frenginius \u2013 nuo \u200b\u200bne\u0161iojam\u0173j\u0173 kompiuteri\u0173 iki elektromobili\u0173. D\u0117l PD 3.1 protokolo laidas suderinamas su naujausiais \u012fkrovimo standartais, u\u017etikrindamas ne tik gali\u0105, bet ir saugum\u0105.<\/p>\n<p>\n<img decoding=\"async\" border=\"0\" src=\"https:\/\/assets.innpro.pl\/8709\/10201\/2.jpg\"\/>\n<\/p>\n<h3><strong>Neprilygstamas perdavimo greitis<\/strong><\/h3>\n<p>\u201eOrico 240W\u201c u\u017etikrina iki 40 Gbps duomen\u0173 perdavimo greit\u012f. Tai rei\u0161kia, kad dideli\u0173 fail\u0173, toki\u0173 kaip 4K arba 8K vaizdo \u012fra\u0161\u0173, perk\u0117limas atliekamas akimirksniu, o tai idealiai tinka profesionalams, dirbantiems su dideliais medijos failais.<\/p>\n<p>\n<img decoding=\"async\" border=\"0\" src=\"https:\/\/assets.innpro.pl\/8709\/10201\/3.jpg\"\/>\n<\/p>\n<h3><strong>I\u0161skirtin\u0117 vaizdo kokyb\u0117<\/strong><\/h3>\n<p>\u0160is laidas, palaikantis 8K vaizdo i\u0161vest\u012f 60 Hz da\u017eniu ir 4K vaizdo i\u0161vest\u012f 60 Hz da\u017eniu dviem ekranams, u\u017etikrina auk\u0161\u010diausi\u0105 vaizdo kokyb\u0119, tod\u0117l yra idealus pasirinkimas nam\u0173 kino m\u0117g\u0117jams ir \u017eaid\u0117jams.<\/p>\n<p>\n<img decoding=\"async\" border=\"0\" src=\"https:\/\/assets.innpro.pl\/8709\/10201\/5.jpg\"\/>\n<\/p>\n<h3><strong>Saugumas svarbiausia<\/strong><\/h3>\n<p>Laidas pagamintas i\u0161 TVS med\u017eiagos, kuri u\u017etikrina apsaug\u0105 nuo vir\u0161\u012ftampi\u0173 ir \u012ftampos stabilum\u0105, kad b\u016bt\u0173 u\u017etikrintas j\u016bs\u0173 \u012frengini\u0173 saugum\u0105. Be to, i\u0161manusis \u201eE-Marker\u201c lustas reguliuoja srov\u0119, apsaugodamas akumuliatori\u0173 nuo pa\u017eeidim\u0173.<\/p>\n<p>\n<img decoding=\"async\" border=\"0\" src=\"https:\/\/assets.innpro.pl\/8709\/10201\/6.jpg\"\/>\n<\/p>\n<h3><strong>Patvarumas ir patogumas<\/strong><\/h3>\n<p>\u201eOrico 240W\u201c sukurtas galvojant apie ilgaam\u017ei\u0161kum\u0105. Nailonin\u0117 pyn\u0117 u\u017etikrina didel\u012f atsparum\u0105 pa\u017eeidimams, o patvarumo bandymai (5000 kart\u0173 lenkimas ir 3000 kart\u0173 prijungimas) patvirtina jo patikimum\u0105. D\u0117l lanks\u010dios konstrukcijos laid\u0105 taip pat lengva sutvarkyti. Laidas suderinamas su \u012fvairiais \u012frenginiais, \u012fskaitant \u201eApple\u201c, \u201eHuawei\u201c, \u201eDell\u201c, \u201eXiaomi\u201c, \u201eLenovo\u201c ne\u0161iojamuosius kompiuterius ir monitorius bei priedus i\u0161 pirmaujan\u010di\u0173 gamintoj\u0173. Jis idealiai tinka tiems, kurie naudoja \u012fvairius \u012frenginius.<\/p>\n<p>\n<img decoding=\"async\" border=\"0\" src=\"https:\/\/assets.innpro.pl\/8709\/10201\/4.jpg\"\/>\n<\/p>\n<div class=\"table-wrapper\">\n<p>B\u00a0<\/p>\n<h3><\/h3>\n<table>\n<tbody>\n<tr>\n<th>Gamintojas:<\/th>\n<td>ORICO<\/td>\n<\/tr>\n<tr>\n<th>Pavadinimas:<\/th>\n<td>PD 240W daugiafunkcis duomen\u0173 kabelis<\/td>\n<\/tr>\n<tr>\n<th>Modelis:<\/th>\n<td>CC240-40-10-BK-BP<\/td>\n<\/tr>\n<tr>\n<th>I\u0161\u0117jimo galia:<\/th>\n<td>PD 240W 48V 5A (MAX)<\/td>\n<\/tr>\n<tr>\n<th>Perdavimo greitis:<\/th>\n<td>USB 2.0: 480 Mbps; USB 3.2 Gen2: 20 Gbps; USB4: 40 Gbps.<\/td>\n<\/tr>\n<tr>\n<th>Vaizdo i\u0161vestis:<\/th>\n<td>8K @ 60 Hz (vienas ekranas) arba 4K @ 60 Hz (du ekranai) (CC\/CW240-40)<\/td>\n<\/tr>\n<tr>\n<th>S\u0105saja:<\/th>\n<td>USB-C \u012f USB-C<\/td>\n<\/tr>\n<tr>\n<th>Spalva:<\/th>\n<td>Juoda<\/td>\n<\/tr>\n<tr>\n<th>Med\u017eiaga:<\/th>\n<td>Pintas nailonas \/ aliuminio lydinys \/ alavuotas varis.<\/td>\n<\/tr>\n<tr>\n<th>Laido ilgis:<\/th>\n<td>1 m<\/td>\n<\/tr>\n<\/tbody>\n<\/table>\n<\/div>\n","protected":false},"excerpt":{"rendered":"<p>Orico 240 W USB-C\u2013USB-C \u012fkrovimo laidas, 1 m (juodas) \u201eOrico\u201c 240 W USB-C \u012fkrovimo laidas yra puikus sprendimas tiems, kuriems reikia grei\u010dio, saugumo ir patikimumo viename. Tur\u0117damas 240 W gali\u0105, jis u\u017etikrina momentin\u012f j\u016bs\u0173 \u012frengini\u0173 \u012fkrovim\u0105, taupydamas laik\u0105 ir padidindamas produktyvum\u0105. Itin didel\u0117 galia \u0160is laidas palaiko 240 W \u012fkrovim\u0105, tod\u0117l galite greitai \u012fkrauti net [&#8230;]\n","protected":false},"featured_media":31052,"comment_status":"open","ping_status":"closed","template":"","meta":[],"product_brand":[628],"product_cat":[1142],"product_tag":[],"class_list":{"0":"post-31051","1":"product","2":"type-product","3":"status-publish","4":"has-post-thumbnail","6":"product_brand-orico","7":"product_cat-usb-c-to-usb-c-usb-cables","9":"first","10":"outofstock","11":"taxable","12":"shipping-taxable","13":"purchasable","14":"product-type-simple"},"aioseo_notices":[],"_links":{"self":[{"href":"https:\/\/asura.lv\/lt\/wp-json\/wp\/v2\/product\/31051","targetHints":{"allow":["GET"]}}],"collection":[{"href":"https:\/\/asura.lv\/lt\/wp-json\/wp\/v2\/product"}],"about":[{"href":"https:\/\/asura.lv\/lt\/wp-json\/wp\/v2\/types\/product"}],"replies":[{"embeddable":true,"href":"https:\/\/asura.lv\/lt\/wp-json\/wp\/v2\/comments?post=31051"}],"wp:featuredmedia":[{"embeddable":true,"href":"https:\/\/asura.lv\/lt\/wp-json\/wp\/v2\/media\/31052"}],"wp:attachment":[{"href":"https:\/\/asura.lv\/lt\/wp-json\/wp\/v2\/media?parent=31051"}],"wp:term":[{"taxonomy":"product_brand","embeddable":true,"href":"https:\/\/asura.lv\/lt\/wp-json\/wp\/v2\/product_brand?post=31051"},{"taxonomy":"product_cat","embeddable":true,"href":"https:\/\/asura.lv\/lt\/wp-json\/wp\/v2\/product_cat?post=31051"},{"taxonomy":"product_tag","embeddable":true,"href":"https:\/\/asura.lv\/lt\/wp-json\/wp\/v2\/product_tag?post=31051"}],"curies":[{"name":"wp","href":"https:\/\/api.w.org\/{rel}","templated":true}]}}