{"id":31315,"date":"2025-11-28T22:07:25","date_gmt":"2025-11-28T22:07:25","guid":{"rendered":"https:\/\/asura.lv\/product\/wireless-earphones-vention-nbmn0-earbuds-air-a01-beige\/"},"modified":"2025-12-12T15:43:12","modified_gmt":"2025-12-12T13:43:12","slug":"wireless-earphones-vention-nbmn0-earbuds-air-a01-beige","status":"publish","type":"product","link":"https:\/\/asura.lv\/lt\/produktas\/wireless-earphones-vention-nbmn0-earbuds-air-a01-beige\/","title":{"rendered":"Belaid\u0117s ausin\u0117s, Vention, NBMN0, Earbuds Air A01 (sm\u0117lio spalvos)"},"content":{"rendered":"<h3>Belaid\u0117s ausin\u0117s, \u201eVention\u201c, NBMB0, \u201eEarbuds Air A01\u201c (sm\u0117lio spalvos).<\/h3>\n<p>Pristatome belaides ausines \u201eVention NBMB0\u201c, \u201eEarbuds Air A01\u201c. Tai modelis, si\u016blantis modernias funkcijas ir komfort\u0105 d\u0117l toki\u0173 sprendim\u0173 kaip \u201eBluetooth 5.3\u201c, 24 valand\u0173 baterijos veikimo laikas, balso asistento palaikymas ir IPX4 atsparumas vandeniui. Tai pasirinkimas tiems, kurie nori puikaus garso, universalumo ir patvarumo viename stilingame korpuse.<\/p>\n<p>\n<img decoding=\"async\" border=\"0\" src=\"https:\/\/assets.innpro.pl\/5944\/6975\/3.jpg\"\/>\n<\/p>\n<h3>\u201eBluetooth 5.3\u201c<\/h3>\n<p>Su \u201eBluetooth 5.3\u201c ausin\u0117s u\u017etikrina stabil\u0173 ry\u0161\u012f iki 12 metr\u0173 atstumu, pa\u0161alindamos trukd\u017eius ir dels\u0105. AVRCP\/A2DP\/HFP\/HSP profiliai leid\u017eia skland\u017eiai perjungti tokias funkcijas kaip muzika, telefono skambu\u010diai ir balso komandos, u\u017etikrinant universalum\u0105 ir patogum\u0105 bet kokioje situacijoje.<\/p>\n<p>\n<img decoding=\"async\" border=\"0\" src=\"https:\/\/assets.innpro.pl\/5945\/6976\/1.jpg\"\/>\n<\/p>\n<h3>Auk\u0161tos kokyb\u0117s garsas<\/h3>\n<p>Ausin\u0117s palaiko SBC\/AAC kodek\u0105, u\u017etikrindamos ai\u0161k\u0173, sodr\u0173 gars\u0105 20 Hz\u201320 kHz da\u017eniu. D\u0117l to bet kokia daina, tinklalaid\u0117 ar pokalbis skamba nat\u016braliai ir ai\u0161kiai, leisdami jums visi\u0161kai pasinerti \u012f gars\u0173 pasaul\u012f.<\/p>\n<p>\n<img decoding=\"async\" border=\"0\" src=\"https:\/\/assets.innpro.pl\/5944\/6975\/8.jpg\"\/>\n<\/p>\n<h3>Baterijos veikimo laikas ir patogus \u012fkrovimas<\/h3>\n<p>Kiekvienoje ausin\u0117je yra 40 mAh talpos baterija, u\u017etikrinanti iki 5 valand\u0173 veikimo vienu \u012fkrovimu. \u012ekrovimo d\u0117klas, kurio talpa 320 mAh, prideda dar 19 valand\u0173, tod\u0117l i\u0161 viso galite nepertraukiamai naudoti ausines 24 valandas. Greitas \u012fkrovimas USB-C laidu leid\u017eia \u012frenginiui akimirksniu b\u016bti paruo\u0161tam naudoti.<\/p>\n<p>\n<img decoding=\"async\" border=\"0\" src=\"https:\/\/assets.innpro.pl\/5944\/6975\/7.jpg\"\/>\n<\/p>\n<h3>Atsparios vandeniui ir patvarios<\/h3>\n<p>Ausin\u0117s, pasi\u017eymin\u010dios IPX4 atsparumu vandeniui, yra apsaugotos nuo prakaito ir lietaus, tod\u0117l idealiai tinka sportininkams ir aktyviems \u017emon\u0117ms. Korpusas, pagamintas i\u0161 patvaraus ABS plastiko, garantuoja ilgalaik\u012f patvarum\u0105 ir suteikia saugumo jausm\u0105 naudojant ausines bet kokiomis s\u0105lygomis<\/p>\n<p>\n<img decoding=\"async\" border=\"0\" src=\"https:\/\/assets.innpro.pl\/5944\/6975\/9.jpg\"\/>\n<\/p>\n<h3>I\u0161maniosios funkcijos ir priedai<\/h3>\n<p>\u201eVention\u201c ausin\u0117s si\u016blo i\u0161skirtin\u012f naudotojo komfort\u0105. I\u0161manusis LED ekranas ant \u012fkrovimo d\u0117klo leid\u017eia greitai patikrinti \u012fkrovimo lyg\u012f. Taip pat pridedami trij\u0173 dyd\u017ei\u0173 aus\u0173 antgaliai (viena pora jau pritvirtinta), u\u017etikrinantys tobul\u0105 prigludim\u0105 kiekvienai ausiai.<\/p>\n<p>\n<img decoding=\"async\" border=\"0\" src=\"https:\/\/assets.innpro.pl\/5944\/6975\/5.jpg\"\/>\n<\/p>\n<h3>Pridedama<\/h3>\n<p>Ausin\u0117s su d\u0117klu<\/p>\n<p>USB-C\u2013USB laidas (0,3 m)<\/p>\n<p>3 aus\u0173 antgali\u0173 rinkiniai (1 rinkinys jau pritvirtintas)<\/p>\n<div class=\"table-wrapper\">\n<p>\u0412\u00a0<\/p>\n<h3><\/h3>\n<table>\n<tbody>\n<tr>\n<th>Gamintojas<\/th>\n<td>Vention<\/td>\n<\/tr>\n<tr>\n<th>Pavadinimas<\/th>\n<td>Tikrai belaid\u0117s \u201eBluetooth\u201c ausin\u0117s \u201eAir\u201c A01<\/td>\n<\/tr>\n<tr>\n<th>Modelis<\/th>\n<td>NBMB0<\/td>\n<\/tr>\n<tr>\n<th>Spalva<\/th>\n<td>Sm\u0117lio spalvos<\/td>\n<\/tr>\n<tr>\n<th>\u201eBluetooth\u201c<\/th>\n<td>5.3<\/td>\n<\/tr>\n<tr>\n<th>\u201eBluetooth\u201c profiliai<\/th>\n<td>AVRCP\/A2DP\/HFP\/HSP<\/td>\n<\/tr>\n<tr>\n<th>Kodekai<\/th>\n<td>SBC\/AAC<\/td>\n<\/tr>\n<tr>\n<th>Diapazonas<\/th>\n<td>\u201312 m<\/td>\n<\/tr>\n<tr>\n<th>\u201eBluetooth\u201c pralaidumas<\/th>\n<td>2402 MHz\u20132480 MHz<\/td>\n<\/tr>\n<tr>\n<th>Garso da\u017enis<\/th>\n<td>20 Hz\u201320 kHz<\/td>\n<\/tr>\n<tr>\n<th>Ausini\u0173 baterijos talpa<\/th>\n<td>40 mAh \/ 0,148 Wh<\/td>\n<\/tr>\n<tr>\n<th>Ausini\u0173 \u012f\u0117jimo galia<\/th>\n<td>5V &#8211; 50 mA<\/td>\n<\/tr>\n<tr>\n<th>D\u0117klo akumuliatoriaus talpa<\/th>\n<td>320 mAh \/ 1,184 Wh<\/td>\n<\/tr>\n<tr>\n<th>D\u0117klo \u012f\u0117jimo galia<\/th>\n<td>5V &#8211; 500 mA<\/td>\n<\/tr>\n<tr>\n<th>\u012ekrovimo jungtis<\/th>\n<td>USB-C<\/td>\n<\/tr>\n<tr>\n<th>Med\u017eiaga<\/th>\n<td>ABS<\/td>\n<\/tr>\n<\/tbody>\n<\/table>\n<\/div>\n","protected":false},"excerpt":{"rendered":"<p>Belaid\u0117s ausin\u0117s, \u201eVention\u201c, NBMB0, \u201eEarbuds Air A01\u201c (sm\u0117lio spalvos). Pristatome belaides ausines \u201eVention NBMB0\u201c, \u201eEarbuds Air A01\u201c. Tai modelis, si\u016blantis modernias funkcijas ir komfort\u0105 d\u0117l toki\u0173 sprendim\u0173 kaip \u201eBluetooth 5.3\u201c, 24 valand\u0173 baterijos veikimo laikas, balso asistento palaikymas ir IPX4 atsparumas vandeniui. Tai pasirinkimas tiems, kurie nori puikaus garso, universalumo ir patvarumo viename stilingame korpuse. [&#8230;]\n","protected":false},"featured_media":31316,"comment_status":"open","ping_status":"closed","template":"","meta":[],"product_brand":[474],"product_cat":[956],"product_tag":[],"class_list":{"0":"post-31315","1":"product","2":"type-product","3":"status-publish","4":"has-post-thumbnail","6":"product_brand-vention","7":"product_cat-tws","9":"first","10":"outofstock","11":"taxable","12":"shipping-taxable","13":"purchasable","14":"product-type-simple"},"aioseo_notices":[],"_links":{"self":[{"href":"https:\/\/asura.lv\/lt\/wp-json\/wp\/v2\/product\/31315","targetHints":{"allow":["GET"]}}],"collection":[{"href":"https:\/\/asura.lv\/lt\/wp-json\/wp\/v2\/product"}],"about":[{"href":"https:\/\/asura.lv\/lt\/wp-json\/wp\/v2\/types\/product"}],"replies":[{"embeddable":true,"href":"https:\/\/asura.lv\/lt\/wp-json\/wp\/v2\/comments?post=31315"}],"wp:featuredmedia":[{"embeddable":true,"href":"https:\/\/asura.lv\/lt\/wp-json\/wp\/v2\/media\/31316"}],"wp:attachment":[{"href":"https:\/\/asura.lv\/lt\/wp-json\/wp\/v2\/media?parent=31315"}],"wp:term":[{"taxonomy":"product_brand","embeddable":true,"href":"https:\/\/asura.lv\/lt\/wp-json\/wp\/v2\/product_brand?post=31315"},{"taxonomy":"product_cat","embeddable":true,"href":"https:\/\/asura.lv\/lt\/wp-json\/wp\/v2\/product_cat?post=31315"},{"taxonomy":"product_tag","embeddable":true,"href":"https:\/\/asura.lv\/lt\/wp-json\/wp\/v2\/product_tag?post=31315"}],"curies":[{"name":"wp","href":"https:\/\/api.w.org\/{rel}","templated":true}]}}