{"id":31459,"date":"2025-11-28T22:07:11","date_gmt":"2025-11-28T22:07:11","guid":{"rendered":"https:\/\/asura.lv\/product\/gens-ace-g-tech-soaring-2200mah-11-1v-30c-3s1p-lipo-batte\/"},"modified":"2025-12-12T15:43:03","modified_gmt":"2025-12-12T13:43:03","slug":"gens-ace-g-tech-soaring-2200mah-11-1v-30c-3s1p-lipo-batte","status":"publish","type":"product","link":"https:\/\/asura.lv\/lt\/produktas\/gens-ace-g-tech-soaring-2200mah-11-1v-30c-3s1p-lipo-batte\/","title":{"rendered":"\u201eGens Ace G-Tech Soaring\u201c 2200mAh 11.1V 30C 3S1P Lipo akumuliatorius"},"content":{"rendered":"<h3>\u201eGens ace G-Tech Soaring\u201c 2200 mAh 11,1 V 30 \u00b0C 3S1P LiPo akumuliatorius<\/h3>\n<p>\u201eGens ace G-Tech Soaring\u201c LiPo akumuliatorius idealiai tinka 450 dyd\u017eio sraigtasparni\u0173 modeliams, sklandytuvams ir EPP. 11,1 V \u012ftampa ir 2200 mAh talpa u\u017etikrina optimalias energijos s\u0105lygas ir ilgesn\u012f veikimo laik\u0105. Be to, 30 \u00b0C i\u0161krovos srov\u0117 garantuoja reikiam\u0105 gali\u0105 intensyvaus naudojimo metu. XT60 jungtis ir JST-XHR balansavimo jungtis leid\u017eia skland\u017eiai integruotis su dauguma \u012fkrovimo sistem\u0173 ir RC modeli\u0173, o 168 g svoris ir kompakti\u0161ki 106 x 34 x 21 mm matmenys u\u017etikrina, kad akumuliatorius neperkraus j\u016bs\u0173 modelio.<\/p>\n<p>\n<img decoding=\"async\" border=\"0\" src=\"https:\/\/assets.innpro.pl\/5692\/10016\/1.jpg\"\/>\n<\/p>\n<div class=\"table-wrapper\">\n<p>B\u00a0<\/p>\n<h3><\/h3>\n<table>\n<tbody>\n<tr>\n<th>Gamintojas<\/th>\n<td>Gens ace<\/td>\n<\/tr>\n<tr>\n<th>Modelis<\/th>\n<td>GEA223S30X6GT<\/td>\n<\/tr>\n<tr>\n<th>Talpa<\/th>\n<td>2200 mAh<\/td>\n<\/tr>\n<tr>\n<th>\u012etampa<\/th>\n<td>11,1 V \/ 3S<\/td>\n<\/tr>\n<tr>\n<th>I\u0161krovimo srov\u0117<\/th>\n<td>30C<\/td>\n<\/tr>\n<tr>\n<th>Jungties tipas<\/th>\n<td>XT60<\/td>\n<\/tr>\n<tr>\n<th>Balansavimo jungties tipas<\/th>\n<td>JST-XHR<\/td>\n<\/tr>\n<tr>\n<th>Svoris<\/th>\n<td>168 g<\/td>\n<\/tr>\n<tr>\n<th>Matmenys<\/th>\n<td>106 x 34 x 21 mm<\/td>\n<\/tr>\n<tr>\n<th>Laido ilgis (C\/G)<\/th>\n<td>65 mm \/ 120 mm<\/td>\n<\/tr>\n<\/tbody>\n<\/table>\n<\/div>\n","protected":false},"excerpt":{"rendered":"<p>\u201eGens ace G-Tech Soaring\u201c 2200 mAh 11,1 V 30 \u00b0C 3S1P LiPo akumuliatorius \u201eGens ace G-Tech Soaring\u201c LiPo akumuliatorius idealiai tinka 450 dyd\u017eio sraigtasparni\u0173 modeliams, sklandytuvams ir EPP. 11,1 V \u012ftampa ir 2200 mAh talpa u\u017etikrina optimalias energijos s\u0105lygas ir ilgesn\u012f veikimo laik\u0105. Be to, 30 \u00b0C i\u0161krovos srov\u0117 garantuoja reikiam\u0105 gali\u0105 intensyvaus naudojimo metu. [&#8230;]\n","protected":false},"featured_media":31460,"comment_status":"open","ping_status":"closed","template":"","meta":[],"product_brand":[137],"product_cat":[1442],"product_tag":[],"class_list":{"0":"post-31459","1":"product","2":"type-product","3":"status-publish","4":"has-post-thumbnail","6":"product_brand-gens-ace","7":"product_cat-batteries","9":"first","10":"outofstock","11":"taxable","12":"shipping-taxable","13":"purchasable","14":"product-type-simple"},"aioseo_notices":[],"_links":{"self":[{"href":"https:\/\/asura.lv\/lt\/wp-json\/wp\/v2\/product\/31459","targetHints":{"allow":["GET"]}}],"collection":[{"href":"https:\/\/asura.lv\/lt\/wp-json\/wp\/v2\/product"}],"about":[{"href":"https:\/\/asura.lv\/lt\/wp-json\/wp\/v2\/types\/product"}],"replies":[{"embeddable":true,"href":"https:\/\/asura.lv\/lt\/wp-json\/wp\/v2\/comments?post=31459"}],"wp:featuredmedia":[{"embeddable":true,"href":"https:\/\/asura.lv\/lt\/wp-json\/wp\/v2\/media\/31460"}],"wp:attachment":[{"href":"https:\/\/asura.lv\/lt\/wp-json\/wp\/v2\/media?parent=31459"}],"wp:term":[{"taxonomy":"product_brand","embeddable":true,"href":"https:\/\/asura.lv\/lt\/wp-json\/wp\/v2\/product_brand?post=31459"},{"taxonomy":"product_cat","embeddable":true,"href":"https:\/\/asura.lv\/lt\/wp-json\/wp\/v2\/product_cat?post=31459"},{"taxonomy":"product_tag","embeddable":true,"href":"https:\/\/asura.lv\/lt\/wp-json\/wp\/v2\/product_tag?post=31459"}],"curies":[{"name":"wp","href":"https:\/\/api.w.org\/{rel}","templated":true}]}}