{"id":31561,"date":"2025-11-28T22:07:00","date_gmt":"2025-11-28T22:07:00","guid":{"rendered":"https:\/\/asura.lv\/product\/lamp-neewer-sl90-pro-led-rgb-12w-2500-10000k\/"},"modified":"2025-12-12T15:42:55","modified_gmt":"2025-12-12T13:42:55","slug":"lamp-neewer-sl90-pro-led-rgb-12w-2500-10000k","status":"publish","type":"product","link":"https:\/\/asura.lv\/lt\/produktas\/lamp-neewer-sl90-pro-led-rgb-12w-2500-10000k\/","title":{"rendered":"Lempa Neewer SL90 Pro LED RGB 12W 2500-10000K"},"content":{"rendered":"<h3>\u201eNeewer SL90 Pro\u201c LED RGB 12 W 2500\u201310000 K \u0161viesos panel\u0117<\/h3>\n<p>\u201eNeewer SL90 Pro\u201c \u2013 tai novatori\u0161ka LED panel\u0117 su 150 \u0161viesos diod\u0173. Ji u\u017etikrina maksimal\u0173 iki 1700 liuks\u0173 ry\u0161kum\u0105 ir leid\u017eia reguliuoti \u0161viesos intensyvum\u0105, spalvos temperat\u016br\u0105 ir spalv\u0105. Ji taip pat i\u0161siskiria auk\u0161tu spalv\u0173 atk\u016brimo indeksu CRI ir TLCI (97+), kurie u\u017etikrina tiksl\u0173 spalv\u0173 atk\u016brim\u0105. Taip pat galite rinktis i\u0161 18 skirting\u0173 ap\u0161vietimo re\u017eim\u0173 ir galimyb\u0119 sinchronizuoti \u012frengin\u012f su muzika.<\/p>\n<p><img decoding=\"async\" src=\"https:\/\/assets.innpro.pl\/5625\/6624\/3.jpg\" border=\"0\" alt=\"\" \/><\/p>\n<h3>I\u0161pl\u0117stinis \u0161viesos reguliavimas ir ap\u0161vietimo re\u017eimai<\/h3>\n<p>\u201eSL90 Pro\u201c modelis si\u016blo pa\u017eangias ry\u0161kumo, spalvos temperat\u016bros ir \u0161viesos spalvos reguliavimo galimybes. Tai leid\u017eia pritaikyti j\u012f pagal savo l\u016bkes\u010dius! Taip pat galite rinktis i\u0161 18 skirting\u0173 ap\u0161vietimo re\u017eim\u0173, toki\u0173 kaip \u017eaibas, paparacis, \u017evak\u0117s liepsna arba fejerverkas. Su jais galite lengvai sukurti nepamir\u0161tam\u0105 atmosfer\u0105 bet kokiai progai! Taip pat galite sinchronizuoti ap\u0161vietim\u0105 su muzika \u2013 puikus sprendimas vakar\u0117liams.<\/p>\n<p><img decoding=\"async\" src=\"https:\/\/assets.innpro.pl\/5625\/6624\/2.jpg\" border=\"0\" alt=\"\" \/><\/p>\n<h3>Ilgas veikimo laikas ir greitas \u012fkrovimas<\/h3>\n<p>Integruota 4300 mAh baterija u\u017etikrina iki 3,5 valand\u0173 nepertraukiam\u0105 skydelio veikim\u0105. Nesijaudinkite, kad \u012frenginys per greitai jums nepaklus! \u201eSL90 Pro\u201c modelis taip pat palaiko greit\u0105 PD (maitinimo) \u012fkrovim\u0105 su 9 V 2 A \u012fvestimi, tod\u0117l j\u012f \u012fkrausite vos per ma\u017edaug 2,8 valandos. Pamir\u0161kite ilg\u0105 laukim\u0105!<\/p>\n<p><img decoding=\"async\" src=\"https:\/\/assets.innpro.pl\/5625\/6624\/4.jpg\" border=\"0\" alt=\"\" \/><\/p>\n<h3>Program\u0117li\u0173 valdymas ir modern\u016bs sprendimai<\/h3>\n<p>The \u201eSL90 Pro\u201c valdymo pultas suderinamas su \u201eNeewer\u201c program\u0117le, kuri leid\u017eia nuotoliniu b\u016bdu valdyti visas ap\u0161vietimo funkcijas i\u0161maniuoju telefonu. Su ja galite nustatyti iki 8 ap\u0161vietimo grupi\u0173 ir prijungti iki 255 valdymo pult\u0173, taip sinchronizuodami nustatymus visoje sistemoje. Be to, dviej\u0173 i\u0161 anksto nustatyt\u0173 nustatym\u0173 grupi\u0173 i\u0161saugojimo ir j\u0173 prid\u0117jimo prie m\u0117gstamiausi\u0173 funkcija labai palengvina ap\u0161vietimo valdym\u0105. Be to, OTA (Over-The-Air) technologija leid\u017eia lengvai ir greitai atnaujinti programin\u0119 \u012frang\u0105, suteikiant prieig\u0105 prie naujausi\u0173 funkcij\u0173 ir patobulinim\u0173.<\/p>\n<p><img decoding=\"async\" src=\"https:\/\/assets.innpro.pl\/5625\/6624\/9.jpg\" border=\"0\" alt=\"\" \/><\/p>\n<h3>Patvari konstrukcija ir tvirtinimo lankstumas<\/h3>\n<p>Tvirtas aliuminio lydinio korpusas u\u017etikrina \u201eSL90 Pro\u201c modelio patvarum\u0105 ir stabilum\u0105. \u012erenginys tiekiamas su reguliuojamu laikikliu, kuris leid\u017eia 360\u00b0 pasukti ir 90\u00b0 pakreipti, suteikiant didel\u012f lankstum\u0105 nukreipiant \u0161vies\u0105. Lengvas valdymo pulto montavimas \u012fmanomas naudojant \u0161alt\u0105 bat\u0173 jungt\u012f. tvirtinimas.<\/p>\n<p><img decoding=\"async\" src=\"https:\/\/assets.innpro.pl\/5625\/6624\/7.jpg\" border=\"0\" alt=\"\" \/><\/p>\n<h3>Keli pritaikymai<\/h3>\n<p>Tur\u0117damas tiek daug parink\u010di\u0173, \u201eNeewer\u201c \u0161viesos skydelis puikiai tiks \u012fvairiose srityse. J\u012f galite s\u0117kmingai naudoti vaizdo \u012fra\u0161ams \u012fra\u0161yti, fotosesijoms ar tiesiogin\u0117ms transliacijoms. \u201eSL90 Pro\u201c modelis taip pat puikiai tiks vakar\u0117liams \u2013 galimi re\u017eimai ir galimyb\u0117 sinchronizuoti \u0161vies\u0105 su muzika pad\u0117s sukurti nepamir\u0161tam\u0105 atmosfer\u0105.<\/p>\n<p><img decoding=\"async\" src=\"https:\/\/assets.innpro.pl\/5625\/6624\/5.jpg\" border=\"0\" alt=\"\" \/><\/p>\n<h3>\u012e komplekt\u0105 \u012ftraukta<\/h3>\n<ul>\n<li>\u0160viesos skydelis<\/li>\n<li>\u0160altos jungties tvirtinimo adapteris<\/li>\n<li>USB-C laidas<\/li>\n<li>D\u0117klas laikymui<\/li>\n<li>Naudotojo vadovas<\/li>\n<\/ul>\n<div class=\"table-wrapper\">\n<p>B\u00a0<\/p>\n<table>\n<tbody>\n<tr>\n<th>Gamintojas<\/th>\n<td>Neewer<\/td>\n<\/tr>\n<tr>\n<th>Modelis<\/th>\n<td>SL90 Pro<\/td>\n<\/tr>\n<tr>\n<th>Med\u017eiaga<\/th>\n<td>Aliuminio lydinys<\/td>\n<\/tr>\n<tr>\n<th>LED diod\u0173 skai\u010dius<\/th>\n<td>150 (40 \u0161iltai balta, 40 \u0161altai balta, 70 RGB)<\/td>\n<\/tr>\n<tr>\n<th>Baterijos talpa<\/th>\n<td>4300 mAh<\/td>\n<\/tr>\n<tr>\n<th>Darbo re\u017eimai (scenos)<\/th>\n<td>18<\/td>\n<\/tr>\n<tr>\n<th>Maitinimas<\/th>\n<td>12 W<\/td>\n<\/tr>\n<tr>\n<th>\u012evestis<\/th>\n<td>USB 5 V 2 A, 9 V 2 A<\/td>\n<\/tr>\n<tr>\n<th>Maks. ry\u0161kumas<\/th>\n<td>1700 liuks\u0173 (0,5 m atstumu)<\/td>\n<\/tr>\n<tr>\n<th>Spalv\u0173 temperat\u016bra<\/th>\n<td>2500\u201310000 K<\/td>\n<\/tr>\n<tr>\n<th>CRI<\/th>\n<td>97+<\/td>\n<\/tr>\n<tr>\n<th>Ry\u0161kumo reguliavimo diapazonas<\/th>\n<td>0\u2013100 %<\/td>\n<\/tr>\n<tr>\n<th>Atspalvio kampas<\/th>\n<td>0\u2013360 \u00b0<\/td>\n<\/tr>\n<tr>\n<th>Sodrumo diapazonas<\/th>\n<td>0\u2013100 %<\/td>\n<\/tr>\n<tr>\n<th>Kanal\u0173 diapazonas<\/th>\n<td>0\u20139<\/td>\n<\/tr>\n<\/tbody>\n<\/table>\n<\/div>\n","protected":false},"excerpt":{"rendered":"<p>\u201eNeewer SL90 Pro\u201c LED RGB 12 W 2500\u201310000 K \u0161viesos panel\u0117 \u201eNeewer SL90 Pro\u201c \u2013 tai novatori\u0161ka LED panel\u0117 su 150 \u0161viesos diod\u0173. Ji u\u017etikrina maksimal\u0173 iki 1700 liuks\u0173 ry\u0161kum\u0105 ir leid\u017eia reguliuoti \u0161viesos intensyvum\u0105, spalvos temperat\u016br\u0105 ir spalv\u0105. Ji taip pat i\u0161siskiria auk\u0161tu spalv\u0173 atk\u016brimo indeksu CRI ir TLCI (97+), kurie u\u017etikrina tiksl\u0173 spalv\u0173 [&#8230;]\n","protected":false},"featured_media":31562,"comment_status":"open","ping_status":"closed","template":"","meta":[],"product_brand":[606],"product_cat":[1109],"product_tag":[],"class_list":{"0":"post-31561","1":"product","2":"type-product","3":"status-publish","4":"has-post-thumbnail","6":"product_brand-neewer","7":"product_cat-lamps","9":"first","10":"outofstock","11":"taxable","12":"shipping-taxable","13":"purchasable","14":"product-type-simple"},"aioseo_notices":[],"_links":{"self":[{"href":"https:\/\/asura.lv\/lt\/wp-json\/wp\/v2\/product\/31561","targetHints":{"allow":["GET"]}}],"collection":[{"href":"https:\/\/asura.lv\/lt\/wp-json\/wp\/v2\/product"}],"about":[{"href":"https:\/\/asura.lv\/lt\/wp-json\/wp\/v2\/types\/product"}],"replies":[{"embeddable":true,"href":"https:\/\/asura.lv\/lt\/wp-json\/wp\/v2\/comments?post=31561"}],"wp:featuredmedia":[{"embeddable":true,"href":"https:\/\/asura.lv\/lt\/wp-json\/wp\/v2\/media\/31562"}],"wp:attachment":[{"href":"https:\/\/asura.lv\/lt\/wp-json\/wp\/v2\/media?parent=31561"}],"wp:term":[{"taxonomy":"product_brand","embeddable":true,"href":"https:\/\/asura.lv\/lt\/wp-json\/wp\/v2\/product_brand?post=31561"},{"taxonomy":"product_cat","embeddable":true,"href":"https:\/\/asura.lv\/lt\/wp-json\/wp\/v2\/product_cat?post=31561"},{"taxonomy":"product_tag","embeddable":true,"href":"https:\/\/asura.lv\/lt\/wp-json\/wp\/v2\/product_tag?post=31561"}],"curies":[{"name":"wp","href":"https:\/\/api.w.org\/{rel}","templated":true}]}}