{"id":31597,"date":"2025-11-28T22:06:57","date_gmt":"2025-11-28T22:06:57","guid":{"rendered":"https:\/\/asura.lv\/product\/3-in-1-baseus-free2draw-usb-to-mlc-100w-cable-1-1-m-white\/"},"modified":"2025-12-12T15:42:53","modified_gmt":"2025-12-12T13:42:53","slug":"3-in-1-baseus-free2draw-usb-to-mlc-100w-cable-1-1-m-white","status":"publish","type":"product","link":"https:\/\/asura.lv\/lt\/produktas\/3-in-1-baseus-free2draw-usb-to-mlc-100w-cable-1-1-m-white\/","title":{"rendered":"3 viename \u201eBaseus Free2Draw\u201c USB\u2013M+L+C 100 W laidas, 1,1 m (baltas)"},"content":{"rendered":"<h3>3 viename \u201eBaseus Free2Draw\u201c USB\u2013M+L+C 100 W laidas, 1,1 m (baltas).<\/h3>\n<p>Susipa\u017einkite su \u201eBaseus Free2Draw\u201c \u2013 novatori\u0161ku laidu, kuriuo galite patogiai \u012fkrauti 3 skirtingus \u012frenginius vienu metu. Sulankstomas dizainas su trij\u0173 tip\u0173 jungtimis \u2013 USB-C, \u201eLightning\u201c ir \u201eMicro USB\u201c \u2013 garantuoja universalum\u0105, o tvirta konstrukcija ir 100 W galia u\u017etikrina patikimum\u0105 bet kokioje situacijoje. Atraskite nauj\u0105 patogumo lyg\u012f!<\/p>\n<p>\n<img decoding=\"async\" border=\"0\" src=\"https:\/\/assets.innpro.pl\/5502\/6487\/8.jpg\"\/>\n<\/p>\n<h3>Visiems j\u016bs\u0173 \u012frenginiams<\/h3>\n<p>Jums nereikia ne\u0161iotis skirting\u0173 laid\u0173 visiems savo \u012frenginiams. \u201eFree2Draw\u201c turi tris skirtingus terminalus: USB-C, \u201eLightning\u201c (\u201eApple\u201c) ir \u201eMicro USB\u201c, tod\u0117l galite vienu metu \u012fkrauti net tris \u012frenginius. Ar naudojate \u012fvairius elektroninius prietaisus ir \u012ftaisus? \u0160is laidas tikrai atitiks j\u016bs\u0173 poreikius!<\/p>\n<p>\n<img decoding=\"async\" border=\"0\" src=\"https:\/\/assets.innpro.pl\/5502\/6487\/1.jpg\"\/>\n<\/p>\n<h3>Momentinis \u012fkrovimas ir duomen\u0173 perdavimas<\/h3>\n<p>Laidas ne tik u\u017etikrina itin greit\u0105 100 W \u012fkrovim\u0105 6A suderinamiems \u012frenginiams, bet ir \u017eaibi\u0161k\u0105 duomen\u0173 perdavim\u0105 iki 480 Mbps. Jis puikiai tinka dideliems failams, pvz., vaizdo \u012fra\u0161ams ir nuotraukoms, perkelti.<\/p>\n<p>\n<img decoding=\"async\" border=\"0\" src=\"https:\/\/assets.innpro.pl\/5502\/6487\/5.jpg\"\/>\n<\/p>\n<h3>Inovatyvus dizainas<\/h3>\n<p>Laidas turi permatom\u0105 korpus\u0105, kuris suteikia jam modern\u0173 vaizd\u0105. Tai daro j\u012f \u012fdomiu \u012ftaisu, kuris patraukia ak\u012f. Dvigubo kaulo konstrukcija u\u017etikrina, kad laidas skland\u017eiai i\u0161sitraukt\u0173 ir susitraukt\u0173, kad b\u016bt\u0173 patogu j\u012f naudoti. Taip pat galite lengvai pasirinkti norim\u0105 ilg\u012f (nuo 50 cm iki 110 cm), tod\u0117l patogu \u012fkrauti \u012frenginius bet kokioje situacijoje \u2013 namuose, biure ir net keliaujant, nesijaudinant d\u0117l \u200b\u200bsusiv\u0117lusi\u0173 laid\u0173. Be to, \u201eFree2Draw\u201c i\u0161siskiria tuo, kad gali atlaikyti daugiau nei 10 000 lenkimo ir u\u017ekim\u0161imo cikl\u0173, u\u017etikrindamas patikimum\u0105, kuriuo galite pasitik\u0117ti.<\/p>\n<p>\n<img decoding=\"async\" border=\"0\" src=\"https:\/\/assets.innpro.pl\/5502\/6487\/3.jpg\"\/>\n<\/p>\n<div class=\"table-wrapper\">\n<p>B\u00a0<\/p>\n<h3><\/h3>\n<table>\n<tbody>\n<tr>\n<th>Gamintojas<\/th>\n<td>Baseus<\/td>\n<\/tr>\n<tr>\n<th>Modelio numeris<\/th>\n<td>P10368700211-02<\/td>\n<\/tr>\n<tr>\n<th>Med\u017eiaga<\/th>\n<td>ABS+TPE<\/td>\n<\/tr>\n<tr>\n<th>Ilgis<\/th>\n<td>1.1 m<\/td>\n<\/tr>\n<tr>\n<th>Svoris<\/th>\n<td>Ma\u017edaug 70 g<\/td>\n<\/tr>\n<tr>\n<th>Galia<\/th>\n<td>100 W<\/td>\n<\/tr>\n<tr>\n<th>Duomen\u0173 perdavimo greitis<\/th>\n<td>480 Mbps<\/td>\n<\/tr>\n<tr>\n<th>\u012evestis<\/th>\n<td>USB-A<\/td>\n<\/tr>\n<tr>\n<th>I\u0161vestis<\/th>\n<td>Micro + Lightning + USB-C<\/td>\n<\/tr>\n<tr>\n<th>Spalva<\/th>\n<td>Balta<\/td>\n<\/tr>\n<\/tbody>\n<\/table>\n<\/div>\n","protected":false},"excerpt":{"rendered":"<p>3 viename \u201eBaseus Free2Draw\u201c USB\u2013M+L+C 100 W laidas, 1,1 m (baltas). Susipa\u017einkite su \u201eBaseus Free2Draw\u201c \u2013 novatori\u0161ku laidu, kuriuo galite patogiai \u012fkrauti 3 skirtingus \u012frenginius vienu metu. Sulankstomas dizainas su trij\u0173 tip\u0173 jungtimis \u2013 USB-C, \u201eLightning\u201c ir \u201eMicro USB\u201c \u2013 garantuoja universalum\u0105, o tvirta konstrukcija ir 100 W galia u\u017etikrina patikimum\u0105 bet kokioje situacijoje. Atraskite [&#8230;]\n","protected":false},"featured_media":31598,"comment_status":"open","ping_status":"closed","template":"","meta":[],"product_brand":[95],"product_cat":[1331],"product_tag":[],"class_list":{"0":"post-31597","1":"product","2":"type-product","3":"status-publish","4":"has-post-thumbnail","6":"product_brand-baseus","7":"product_cat-combo-cables-usb-cables","9":"first","10":"outofstock","11":"taxable","12":"shipping-taxable","13":"purchasable","14":"product-type-simple"},"aioseo_notices":[],"_links":{"self":[{"href":"https:\/\/asura.lv\/lt\/wp-json\/wp\/v2\/product\/31597","targetHints":{"allow":["GET"]}}],"collection":[{"href":"https:\/\/asura.lv\/lt\/wp-json\/wp\/v2\/product"}],"about":[{"href":"https:\/\/asura.lv\/lt\/wp-json\/wp\/v2\/types\/product"}],"replies":[{"embeddable":true,"href":"https:\/\/asura.lv\/lt\/wp-json\/wp\/v2\/comments?post=31597"}],"wp:featuredmedia":[{"embeddable":true,"href":"https:\/\/asura.lv\/lt\/wp-json\/wp\/v2\/media\/31598"}],"wp:attachment":[{"href":"https:\/\/asura.lv\/lt\/wp-json\/wp\/v2\/media?parent=31597"}],"wp:term":[{"taxonomy":"product_brand","embeddable":true,"href":"https:\/\/asura.lv\/lt\/wp-json\/wp\/v2\/product_brand?post=31597"},{"taxonomy":"product_cat","embeddable":true,"href":"https:\/\/asura.lv\/lt\/wp-json\/wp\/v2\/product_cat?post=31597"},{"taxonomy":"product_tag","embeddable":true,"href":"https:\/\/asura.lv\/lt\/wp-json\/wp\/v2\/product_tag?post=31597"}],"curies":[{"name":"wp","href":"https:\/\/api.w.org\/{rel}","templated":true}]}}