{"id":31603,"date":"2025-11-28T22:06:57","date_gmt":"2025-11-28T22:06:57","guid":{"rendered":"https:\/\/asura.lv\/product\/baseus-deepdive-waterproof-case-white\/"},"modified":"2025-12-12T15:42:54","modified_gmt":"2025-12-12T13:42:54","slug":"baseus-deepdive-waterproof-case-white","status":"publish","type":"product","link":"https:\/\/asura.lv\/lt\/produktas\/baseus-deepdive-waterproof-case-white\/","title":{"rendered":"\u201eBaseus DeepDive\u201c vandeniui atsparus d\u0117klas (baltas)"},"content":{"rendered":"<h3>\u201eBaseus DeepDive\u201c vandeniui atsparus d\u0117klas (baltas).<\/h3>\n<p>\u201eBaseus DeepDive\u201c d\u0117klas yra puikus sprendimas vandens sporto entuziastams ir \u017emon\u0117ms, kuriems reikia tvirtos i\u0161maniojo telefono apsaugos bet kokiomis s\u0105lygomis. Jis si\u016blo visi\u0161k\u0105 apsaug\u0105 nuo vandens ir kritim\u0173 bei yra patogus naudoti. Galite lengvai naudoti savo \u012frengin\u012f nei\u0161imdami jo i\u0161 d\u0117klo, tod\u0117l galite s\u0117kmingai fotografuoti atmosferines nuotraukas \u2013 net ir po vandeniu!<\/p>\n<p>\n<img decoding=\"async\" border=\"0\" src=\"https:\/\/assets.innpro.pl\/5510\/6495\/1.jpg\"\/>\n<\/p>\n<h3>Patikima apsauga nuo vandens<\/h3>\n<p>D\u0117klas sukurtas atsi\u017evelgiant \u012f j\u016bs\u0173 telefono saugum\u0105 \u2013 jame yra u\u017edarymo mechanizmas su ma\u017eu u\u017etrauktuku, kuris apsaugo nuo atsitiktinio atidarymo. Be to, keturi\u0173 sluoksni\u0173 sandariklis u\u017etikrina IPX8 lygio apsaug\u0105, u\u017etikrindamas, kad j\u016bs\u0173 \u012frenginys i\u0161liks sausas ir saugus bet kokioje situacijoje.<\/p>\n<p>\n<img decoding=\"async\" border=\"0\" src=\"https:\/\/assets.innpro.pl\/5510\/6495\/2.jpg\"\/>\n<\/p>\n<h3>Apsauga nuo kritimo<\/h3>\n<p>D\u0117l oro pagalvi\u0173 priekyje ir gale d\u0117klas suteikia papildom\u0105 apsaug\u0105 nuo kritimo ir taip pat i\u0161laiko telefon\u0105 pavir\u0161iuje, jei jis nety\u010dia i\u0161slysta i\u0161 rank\u0173. D\u0117kle taip pat yra prakti\u0161kas virvel\u0117, pagaminta i\u0161 odai draugi\u0161k\u0173 med\u017eiag\u0173 \u2013 tiesiog pakabinkite j\u0105 ant kaklo ir b\u016bkite ram\u016bs, kad j\u016bs\u0173 telefonas yra su jumis.<\/p>\n<p>\n<img decoding=\"async\" border=\"0\" src=\"https:\/\/assets.innpro.pl\/5510\/6495\/4.jpg\"\/>\n<\/p>\n<h3>Jautrus jutiklinis valdymas<\/h3>\n<p>\u201eBaseus DeepDive\u201c d\u0117klas pagamintas i\u0161 auk\u0161tos kokyb\u0117s TPU med\u017eiagos. Nepaisant tvirtos apsaugos, jis leid\u017eia laisvai naudotis beveik visomis telefono funkcijomis. \u201eDeepDive\u201c neturi \u012ftakos nuotrauk\u0173 kokybei ar jutiklinio ekrano jautrumui, tod\u0117l galite saugiai valdyti savo \u012frengin\u012f nesijaudindami d\u0117l panardinimo ar kritimo.<\/p>\n<p>\n<img decoding=\"async\" border=\"0\" src=\"https:\/\/assets.innpro.pl\/5510\/6495\/3.jpg\"\/>\n<\/p>\n<div class=\"table-wrapper\">\n<p>B\u00a0<\/p>\n<h3><\/h3>\n<table>\n<tbody>\n<tr>\n<th>Gamintojas<\/th>\n<td>Baseus<\/td>\n<\/tr>\n<tr>\n<th>Modelis<\/th>\n<td>P60271600211-00<\/td>\n<\/tr>\n<tr>\n<th>Med\u017eiaga<\/th>\n<td>TPU + ABS + PC<\/td>\n<\/tr>\n<tr>\n<th>Matmenys<\/th>\n<td>255 x 118 x 0,3 mm<\/td>\n<\/tr>\n<tr>\n<th>Svoris<\/th>\n<td>64 g<\/td>\n<\/tr>\n<tr>\n<th>Atsparumas vandeniui<\/th>\n<td>IPX8<\/td>\n<\/tr>\n<\/tbody>\n<\/table>\n<\/div>\n","protected":false},"excerpt":{"rendered":"<p>\u201eBaseus DeepDive\u201c vandeniui atsparus d\u0117klas (baltas). \u201eBaseus DeepDive\u201c d\u0117klas yra puikus sprendimas vandens sporto entuziastams ir \u017emon\u0117ms, kuriems reikia tvirtos i\u0161maniojo telefono apsaugos bet kokiomis s\u0105lygomis. Jis si\u016blo visi\u0161k\u0105 apsaug\u0105 nuo vandens ir kritim\u0173 bei yra patogus naudoti. Galite lengvai naudoti savo \u012frengin\u012f nei\u0161imdami jo i\u0161 d\u0117klo, tod\u0117l galite s\u0117kmingai fotografuoti atmosferines nuotraukas \u2013 net [&#8230;]\n","protected":false},"featured_media":31604,"comment_status":"open","ping_status":"closed","template":"","meta":[],"product_brand":[95],"product_cat":[1703],"product_tag":[],"class_list":{"0":"post-31603","1":"product","2":"type-product","3":"status-publish","4":"has-post-thumbnail","6":"product_brand-baseus","7":"product_cat-waterproof-cases-cases-gsm-accessories","9":"first","10":"outofstock","11":"taxable","12":"shipping-taxable","13":"purchasable","14":"product-type-simple"},"aioseo_notices":[],"_links":{"self":[{"href":"https:\/\/asura.lv\/lt\/wp-json\/wp\/v2\/product\/31603","targetHints":{"allow":["GET"]}}],"collection":[{"href":"https:\/\/asura.lv\/lt\/wp-json\/wp\/v2\/product"}],"about":[{"href":"https:\/\/asura.lv\/lt\/wp-json\/wp\/v2\/types\/product"}],"replies":[{"embeddable":true,"href":"https:\/\/asura.lv\/lt\/wp-json\/wp\/v2\/comments?post=31603"}],"wp:featuredmedia":[{"embeddable":true,"href":"https:\/\/asura.lv\/lt\/wp-json\/wp\/v2\/media\/31604"}],"wp:attachment":[{"href":"https:\/\/asura.lv\/lt\/wp-json\/wp\/v2\/media?parent=31603"}],"wp:term":[{"taxonomy":"product_brand","embeddable":true,"href":"https:\/\/asura.lv\/lt\/wp-json\/wp\/v2\/product_brand?post=31603"},{"taxonomy":"product_cat","embeddable":true,"href":"https:\/\/asura.lv\/lt\/wp-json\/wp\/v2\/product_cat?post=31603"},{"taxonomy":"product_tag","embeddable":true,"href":"https:\/\/asura.lv\/lt\/wp-json\/wp\/v2\/product_tag?post=31603"}],"curies":[{"name":"wp","href":"https:\/\/api.w.org\/{rel}","templated":true}]}}