{"id":31771,"date":"2025-11-28T21:11:08","date_gmt":"2025-11-28T21:11:08","guid":{"rendered":"https:\/\/asura.lv\/product\/smart-food-dispenser-oneisall-pfd001-pro-white\/"},"modified":"2025-12-12T15:40:49","modified_gmt":"2025-12-12T13:40:49","slug":"smart-food-dispenser-oneisall-pfd001-pro-white","status":"publish","type":"product","link":"https:\/\/asura.lv\/lt\/produktas\/smart-food-dispenser-oneisall-pfd001-pro-white\/","title":{"rendered":"I\u0161manusis maisto dozatorius Oneisall PFD001 Pro (baltas)"},"content":{"rendered":"<h3>\u201eOneisall PFD001 Pro\u201c i\u0161manusis augintini\u0173 \u0161\u0117rykla (balta)<\/h3>\n<p>\u201eOneisall PFD001 Pro\u201c i\u0161manusis augintini\u0173 \u0161\u0117rykla (balta) \u2013 puikus sprendimas visiems augintini\u0173 \u0161eimininkams. \u0160i pa\u017eangi automatin\u0117 augintini\u0173 \u0161\u0117rykla u\u017etikrina patogum\u0105, tikslum\u0105 ir visi\u0161k\u0105 augintinio mitybos kontrol\u0119. D\u0117l daugyb\u0117s novatori\u0161k\u0173 funkcij\u0173 j\u016bs\u0173 augintinis visada tur\u0117s prieig\u0105 prie \u0161vie\u017eio maisto, net kai j\u016bs\u0173 n\u0117ra namuose.<\/p>\n<p><img decoding=\"async\" src=\"https:\/\/assets.innpro.pl\/2745\/2921\/3.jpg\" border=\"0\" alt=\"\"><\/p>\n<h3>Automatinis tikslumas<\/h3>\n<p>\u201eOneisall PFD001 Pro\u201c yra belaidis automatinis augintini\u0173 \u0161\u0117rykla, o tai rei\u0161kia, kad jums nereikia jaudintis d\u0117l maitinimo sutrikim\u0173 net ir dingus elektrai. J\u016bs\u0173 augintinis gaus b\u016btent tai, ko jam reikia, visada laiku.<\/p>\n<p><img decoding=\"async\" src=\"https:\/\/assets.innpro.pl\/2745\/2921\/2.jpg\" border=\"0\" alt=\"\"><\/p>\n<h3>Intuityvus valdymas<\/h3>\n<p>Lengvas naudojimas yra viena i\u0161 pagrindini\u0173 \u0161io gaminio savybi\u0173. D\u0117l intuityvaus valdymo ranken\u0117le jums nereik\u0117s vargti su daugybe mygtuk\u0173 paspaudim\u0173. Maitinimo planavimas tampa labai paprastas, o j\u016bs\u0173 augintinis \u012fvertins reguliar\u0173 maitinim\u0105.<\/p>\n<p><img decoding=\"async\" src=\"https:\/\/assets.innpro.pl\/2745\/2921\/4.jpg\" border=\"0\" alt=\"\"><\/p>\n<h3>Programuojami maitinimai<\/h3>\n<p>\u201eOneisall\u201c \u0161\u0117rykla leid\u017eia suplanuoti iki \u0161e\u0161i\u0173 valgym\u0173 per dien\u0105 ir nustatyti iki 36 maisto porcij\u0173. \u0160is lankstumas prisitaiko prie individuali\u0173 j\u016bs\u0173 augintinio poreiki\u0173, nesvarbu, ar turite kat\u0119, \u0161un\u012f ar kit\u0105 augintin\u012f. J\u016bs visi\u0161kai kontroliuojate jo mityb\u0105.<\/p>\n<p><img decoding=\"async\" src=\"https:\/\/assets.innpro.pl\/2745\/2921\/5.jpg\" border=\"0\" alt=\"\"><\/p>\n<h3>J\u016bs\u0173 augintinio saugumas<\/h3>\n<p>Produktas yra be BPA, tod\u0117l jums nereikia jaudintis d\u0117l kenksming\u0173 med\u017eiag\u0173, turin\u010di\u0173 \u012ftakos j\u016bs\u0173 augintinio sveikatai. Su \u0161ia \u0161\u0117rykla galite b\u016bti tikri, kad j\u016bs\u0173 augintinis gauna sveik\u0105 ir saug\u0173 maist\u0105.<\/p>\n<p><img decoding=\"async\" src=\"https:\/\/assets.innpro.pl\/2745\/2921\/1.jpg\" border=\"0\" alt=\"\"><\/p>\n<h3>Maisto \u0161vie\u017eumo palaikymas<\/h3>\n<p>\u201eOneisall PFD001 Pro\u201c turi oro i\u0161leidimo ang\u0105, kuri padeda i\u0161laikyti maisto \u0161vie\u017eum\u0105. Tai svarbu norint i\u0161saugoti maisto maistin\u0119 vert\u0119, o j\u016bs\u0173 augintinis gal\u0117t\u0173 m\u0117gautis kiekvieno k\u0105snio skoniu. \u0160\u0117rykla talpina ma\u017edaug 1,2 kg sauso maisto, tod\u0117l jos nereikia da\u017enai pildyti. Ji taip pat yra kompakti\u0161k\u0173 matmen\u0173, tod\u0117l j\u0105 lengva pastatyti bet kurioje nam\u0173 vietoje. Bendras gaminio svoris yra ma\u017edaug 1,7 kg, tod\u0117l j\u012f lengva ne\u0161iotis ir laikyti.<\/p>\n<p><img decoding=\"async\" src=\"https:\/\/assets.innpro.pl\/2745\/2921\/6.jpg\" border=\"0\" alt=\"\"><\/p>\n<div class=\"table-wrapper\">\n<p>&nbsp;<\/p>\n<h3><\/h3>\n<table>\n<tbody>\n<tr>\n<th>Prek\u0117s \u017eenklas<\/th>\n<td>Oneisall<\/td>\n<\/tr>\n<tr>\n<th>Modelis<\/th>\n<td>PFD001 Pro<\/td>\n<\/tr>\n<tr>\n<th>Spalva<\/th>\n<td>Balta<\/td>\n<\/tr>\n<tr>\n<th>Talpa<\/th>\n<td>Ma\u017edaug 1,2 kg sauso maisto<\/td>\n<\/tr>\n<tr>\n<th>Svoris<\/th>\n<td>Ma\u017edaug 1,7 kg<\/td>\n<\/tr>\n<tr>\n<th>Matmenys<\/th>\n<td>28,96 x 16,76 x 16,75 cm<\/td>\n<\/tr>\n<tr>\n<th><\/th>\n<td><\/td>\n<\/tr>\n<\/tbody>\n<\/table>\n<\/div>\n","protected":false},"excerpt":{"rendered":"<p>\u201eOneisall PFD001 Pro\u201c i\u0161manusis augintini\u0173 \u0161\u0117rykla (balta) \u201eOneisall PFD001 Pro\u201c i\u0161manusis augintini\u0173 \u0161\u0117rykla (balta) \u2013 puikus sprendimas visiems augintini\u0173 \u0161eimininkams. \u0160i pa\u017eangi automatin\u0117 augintini\u0173 \u0161\u0117rykla u\u017etikrina patogum\u0105, tikslum\u0105 ir visi\u0161k\u0105 augintinio mitybos kontrol\u0119. D\u0117l daugyb\u0117s novatori\u0161k\u0173 funkcij\u0173 j\u016bs\u0173 augintinis visada tur\u0117s prieig\u0105 prie \u0161vie\u017eio maisto, net kai j\u016bs\u0173 n\u0117ra namuose. Automatinis tikslumas \u201eOneisall PFD001 Pro\u201c [&#8230;]\n","protected":false},"featured_media":31772,"comment_status":"open","ping_status":"closed","template":"","meta":[],"product_brand":[561],"product_cat":[1031],"product_tag":[],"class_list":{"0":"post-31771","1":"product","2":"type-product","3":"status-publish","4":"has-post-thumbnail","6":"product_brand-oneisall","7":"product_cat-bowls","9":"first","10":"outofstock","11":"taxable","12":"shipping-taxable","13":"purchasable","14":"product-type-simple"},"aioseo_notices":[],"_links":{"self":[{"href":"https:\/\/asura.lv\/lt\/wp-json\/wp\/v2\/product\/31771","targetHints":{"allow":["GET"]}}],"collection":[{"href":"https:\/\/asura.lv\/lt\/wp-json\/wp\/v2\/product"}],"about":[{"href":"https:\/\/asura.lv\/lt\/wp-json\/wp\/v2\/types\/product"}],"replies":[{"embeddable":true,"href":"https:\/\/asura.lv\/lt\/wp-json\/wp\/v2\/comments?post=31771"}],"wp:featuredmedia":[{"embeddable":true,"href":"https:\/\/asura.lv\/lt\/wp-json\/wp\/v2\/media\/31772"}],"wp:attachment":[{"href":"https:\/\/asura.lv\/lt\/wp-json\/wp\/v2\/media?parent=31771"}],"wp:term":[{"taxonomy":"product_brand","embeddable":true,"href":"https:\/\/asura.lv\/lt\/wp-json\/wp\/v2\/product_brand?post=31771"},{"taxonomy":"product_cat","embeddable":true,"href":"https:\/\/asura.lv\/lt\/wp-json\/wp\/v2\/product_cat?post=31771"},{"taxonomy":"product_tag","embeddable":true,"href":"https:\/\/asura.lv\/lt\/wp-json\/wp\/v2\/product_tag?post=31771"}],"curies":[{"name":"wp","href":"https:\/\/api.w.org\/{rel}","templated":true}]}}