{"id":31831,"date":"2025-11-28T21:11:02","date_gmt":"2025-11-28T21:11:02","guid":{"rendered":"https:\/\/asura.lv\/product\/magnetic-protective-phone-case-with-holder-joyroom-jr-bp004-for-iphone-15-pro-transparent\/"},"modified":"2025-12-12T15:40:46","modified_gmt":"2025-12-12T13:40:46","slug":"magnetic-protective-phone-case-with-holder-joyroom-jr-bp004-for-iphone-15-pro-transparent","status":"publish","type":"product","link":"https:\/\/asura.lv\/lt\/produktas\/magnetic-protective-phone-case-with-holder-joyroom-jr-bp004-for-iphone-15-pro-transparent\/","title":{"rendered":"Magnetinis apsauginis telefono d\u0117klas su laikikliu Joyroom JR-BP004, skirtas iPhone 15 Pro (skaidrus)"},"content":{"rendered":"<h3>Magnetinis apsauginis d\u0117klas su stovu \u201eJoyroom JR-BP004\u201c, skirtas \u201eiPhone 15 Pro\u201c (skaidrus)<\/h3>\n<p>Magnetinis d\u0117klas \u201eJoyroom JR-BP004\u201c yra specialiai sukurtas \u201eiPhone 15 Pro\u201c. Jis tiekiamas su prakti\u0161ku stovu, leid\u017eian\u010diu telefon\u0105 laikyti tiek horizontalioje, tiek vertikalioje pad\u0117tyje, tod\u0117l patogiau \u017ei\u016br\u0117ti vaizdo \u012fra\u0161us ar \u017eaisti \u017eaidimus. Produktas taip pat palaiko greit\u0105 magnetin\u012f \u012fkrovim\u0105, o \u0161velni matin\u0117 apdaila ir tiksl\u016bs i\u0161pjovimai u\u017etikrina esteti\u0161k\u0105 dizain\u0105 ir lengv\u0105 prieig\u0105 prie vis\u0173 telefono funkcij\u0173.<\/p>\n<p><img decoding=\"async\" src=\"https:\/\/b2b.innpro.pl\/data\/include\/cms\/Joyroom\/JR-BP004-iP-15-Pro-T\/3.jpg\" alt=\"Joyroom\/JR-BP004-iP-15-Pro-T\/3\"><\/p>\n<div class=\"table-wrapper\">\n<table>\n<tbody>\n<tr>\n<th>Gamintojas<\/th>\n<td>Joyroom<\/td>\n<\/tr>\n<tr>\n<th>Modelis<\/th>\n<td>JR-BP004<\/td>\n<\/tr>\n<tr>\n<th>Suderinamumas<\/th>\n<td>iPhone 15 Pro<\/td>\n<\/tr>\n<tr>\n<th>Spalva<\/th>\n<td>Skaidri<\/td>\n<\/tr>\n<tr>\n<th><\/th>\n<\/tbody>\n<\/table>\n<\/div>\n","protected":false},"excerpt":{"rendered":"<p>Magnetinis apsauginis d\u0117klas su stovu \u201eJoyroom JR-BP004\u201c, skirtas \u201eiPhone 15 Pro\u201c (skaidrus) Magnetinis d\u0117klas \u201eJoyroom JR-BP004\u201c yra specialiai sukurtas \u201eiPhone 15 Pro\u201c. Jis tiekiamas su prakti\u0161ku stovu, leid\u017eian\u010diu telefon\u0105 laikyti tiek horizontalioje, tiek vertikalioje pad\u0117tyje, tod\u0117l patogiau \u017ei\u016br\u0117ti vaizdo \u012fra\u0161us ar \u017eaisti \u017eaidimus. Produktas taip pat palaiko greit\u0105 magnetin\u012f \u012fkrovim\u0105, o \u0161velni matin\u0117 apdaila ir [&#8230;]\n","protected":false},"featured_media":31832,"comment_status":"open","ping_status":"closed","template":"","meta":[],"product_brand":[443],"product_cat":[1250],"product_tag":[],"class_list":{"0":"post-31831","1":"product","2":"type-product","3":"status-publish","4":"has-post-thumbnail","6":"product_brand-joyroom","7":"product_cat-protective-cases-for-smartphones-cases-gsm-accessories","9":"first","10":"outofstock","11":"taxable","12":"shipping-taxable","13":"purchasable","14":"product-type-simple"},"aioseo_notices":[],"_links":{"self":[{"href":"https:\/\/asura.lv\/lt\/wp-json\/wp\/v2\/product\/31831","targetHints":{"allow":["GET"]}}],"collection":[{"href":"https:\/\/asura.lv\/lt\/wp-json\/wp\/v2\/product"}],"about":[{"href":"https:\/\/asura.lv\/lt\/wp-json\/wp\/v2\/types\/product"}],"replies":[{"embeddable":true,"href":"https:\/\/asura.lv\/lt\/wp-json\/wp\/v2\/comments?post=31831"}],"wp:featuredmedia":[{"embeddable":true,"href":"https:\/\/asura.lv\/lt\/wp-json\/wp\/v2\/media\/31832"}],"wp:attachment":[{"href":"https:\/\/asura.lv\/lt\/wp-json\/wp\/v2\/media?parent=31831"}],"wp:term":[{"taxonomy":"product_brand","embeddable":true,"href":"https:\/\/asura.lv\/lt\/wp-json\/wp\/v2\/product_brand?post=31831"},{"taxonomy":"product_cat","embeddable":true,"href":"https:\/\/asura.lv\/lt\/wp-json\/wp\/v2\/product_cat?post=31831"},{"taxonomy":"product_tag","embeddable":true,"href":"https:\/\/asura.lv\/lt\/wp-json\/wp\/v2\/product_tag?post=31831"}],"curies":[{"name":"wp","href":"https:\/\/api.w.org\/{rel}","templated":true}]}}