{"id":31861,"date":"2025-11-28T21:10:59","date_gmt":"2025-11-28T21:10:59","guid":{"rendered":"https:\/\/asura.lv\/product\/magnetic-protective-phone-case-joyroom-jr-bp007-for-iphone-15-pro-max-gray\/"},"modified":"2025-12-12T15:40:45","modified_gmt":"2025-12-12T13:40:45","slug":"magnetic-protective-phone-case-joyroom-jr-bp007-for-iphone-15-pro-max-gray","status":"publish","type":"product","link":"https:\/\/asura.lv\/lt\/produktas\/magnetic-protective-phone-case-joyroom-jr-bp007-for-iphone-15-pro-max-gray\/","title":{"rendered":"Magnetinis apsauginis telefono d\u0117klas Joyroom JR-BP007, skirtas iPhone 15 Pro Max (pilkas)"},"content":{"rendered":"<h3>Magnetinis apsauginis d\u0117klas \u201eJoyroom JR-BP007\u201c, skirtas \u201eiPhone 15 Pro Max\u201c (pilkas)<\/h3>\n<p>\u201eBaseus\u201c d\u0117klas suteikia visapusi\u0161k\u0105 apsaug\u0105 j\u016bs\u0173 \u201eApple\u201c telefonui. Jis pagamintas i\u0161 patvaraus TPU, PC ir PU med\u017eiag\u0173 derinio, tod\u0117l garantuojamas visi\u0161kas saugumas, apsaugant kiekvien\u0105 telefono kampel\u012f. Pilka spalva suteikia modernumo ir elegancijos, tod\u0117l atrodo i\u0161skirtinai stilingai.<\/p>\n<p><img decoding=\"async\" src=\"https:\/\/assets.innpro.pl\/2748\/2923\/7.jpg\" border=\"0\" alt=\"\"><\/p>\n<h3>Inovatyvus dizainas<\/h3>\n<p>\u0160is d\u0117klas ne tik apsaugo j\u016bs\u0173 telefon\u0105, bet ir u\u017etikrina paprast\u0105 naudojim\u0105. Nepriklausomi metaliniai mygtukai yra patog\u016bs naudoti, tod\u0117l telefonu patogiau naudotis. Be to, magnetin\u0117 d\u0117klo konstrukcija u\u017etikrina jo suderinamum\u0105 su belaid\u017eiais \u012fkrovikliais. Be to, d\u0117klas yra atsparus sm\u016bgiams ir sugeria sm\u016bgius, apsaugodamas j\u016bs\u0173 \u012frengin\u012f net netik\u0117t\u0173 kritim\u0173 atveju. Tai puikus sprendimas tiems, kurie vertina elegancij\u0105 ir patikimum\u0105 apsaugodami savo i\u0161man\u0173j\u012f telefon\u0105.<\/p>\n<p><img decoding=\"async\" src=\"https:\/\/assets.innpro.pl\/2748\/2923\/6.jpg\" border=\"0\" alt=\"\"><\/p>\n<div class=\"table-wrapper\">\n<p>&nbsp;<\/p>\n<h3><\/h3>\n<table>\n<tbody>\n<tr>\n<th>Gamintojas <\/th>\n<td>Joyroom <\/td>\n<\/tr>\n<tr>\n<th>Modelis<\/th>\n<td>JR-BP007<\/td>\n<\/tr>\n<tr>\n<th>Med\u017eiaga <\/th>\n<td>TPU+PC+PU<\/td>\n<\/tr>\n<tr>\n<th>Spalva <\/th>\n<td>Pilka<\/td>\n<\/tr>\n<tr>\n<th>Suderinamumas<\/th>\n<td>iPhone 15 Pro Max<\/td>\n<\/tr>\n<tr>\n<th><\/th>\n<td><\/td>\n<\/tr>\n<\/tbody>\n<\/table>\n<\/div>\n","protected":false},"excerpt":{"rendered":"<p>Magnetinis apsauginis d\u0117klas \u201eJoyroom JR-BP007\u201c, skirtas \u201eiPhone 15 Pro Max\u201c (pilkas) \u201eBaseus\u201c d\u0117klas suteikia visapusi\u0161k\u0105 apsaug\u0105 j\u016bs\u0173 \u201eApple\u201c telefonui. Jis pagamintas i\u0161 patvaraus TPU, PC ir PU med\u017eiag\u0173 derinio, tod\u0117l garantuojamas visi\u0161kas saugumas, apsaugant kiekvien\u0105 telefono kampel\u012f. Pilka spalva suteikia modernumo ir elegancijos, tod\u0117l atrodo i\u0161skirtinai stilingai. Inovatyvus dizainas \u0160is d\u0117klas ne tik apsaugo j\u016bs\u0173 [&#8230;]\n","protected":false},"featured_media":31862,"comment_status":"open","ping_status":"closed","template":"","meta":[],"product_brand":[443],"product_cat":[1250],"product_tag":[],"class_list":{"0":"post-31861","1":"product","2":"type-product","3":"status-publish","4":"has-post-thumbnail","6":"product_brand-joyroom","7":"product_cat-protective-cases-for-smartphones-cases-gsm-accessories","9":"first","10":"outofstock","11":"taxable","12":"shipping-taxable","13":"purchasable","14":"product-type-simple"},"aioseo_notices":[],"_links":{"self":[{"href":"https:\/\/asura.lv\/lt\/wp-json\/wp\/v2\/product\/31861","targetHints":{"allow":["GET"]}}],"collection":[{"href":"https:\/\/asura.lv\/lt\/wp-json\/wp\/v2\/product"}],"about":[{"href":"https:\/\/asura.lv\/lt\/wp-json\/wp\/v2\/types\/product"}],"replies":[{"embeddable":true,"href":"https:\/\/asura.lv\/lt\/wp-json\/wp\/v2\/comments?post=31861"}],"wp:featuredmedia":[{"embeddable":true,"href":"https:\/\/asura.lv\/lt\/wp-json\/wp\/v2\/media\/31862"}],"wp:attachment":[{"href":"https:\/\/asura.lv\/lt\/wp-json\/wp\/v2\/media?parent=31861"}],"wp:term":[{"taxonomy":"product_brand","embeddable":true,"href":"https:\/\/asura.lv\/lt\/wp-json\/wp\/v2\/product_brand?post=31861"},{"taxonomy":"product_cat","embeddable":true,"href":"https:\/\/asura.lv\/lt\/wp-json\/wp\/v2\/product_cat?post=31861"},{"taxonomy":"product_tag","embeddable":true,"href":"https:\/\/asura.lv\/lt\/wp-json\/wp\/v2\/product_tag?post=31861"}],"curies":[{"name":"wp","href":"https:\/\/api.w.org\/{rel}","templated":true}]}}