{"id":31987,"date":"2025-11-28T21:10:46","date_gmt":"2025-11-28T21:10:46","guid":{"rendered":"https:\/\/asura.lv\/product\/magnetic-mini-powerbank-baseus-5000mah-usb-c-20w-black\/"},"modified":"2025-12-12T15:40:38","modified_gmt":"2025-12-12T13:40:38","slug":"magnetic-mini-powerbank-baseus-5000mah-usb-c-20w-black","status":"publish","type":"product","link":"https:\/\/asura.lv\/lt\/produktas\/magnetic-mini-powerbank-baseus-5000mah-usb-c-20w-black\/","title":{"rendered":"Magnetin\u0117 mini ne\u0161iojama baterija \u201eBaseus\u201c 5000mAh, USB-C 20W (juoda)"},"content":{"rendered":"<h3>Magnetin\u0117 mini i\u0161orin\u0117 baterija \u201eBaseus\u201c 5000mAh 20W (juoda)<\/h3>\n<p><p>Norite patogiai \u012fkrauti savo \u012frenginius? Su \u201eBaseus\u201c i\u0161orine baterija tai \u012fmanoma! D\u0117l apgalvoto dizaino ne tik gausite prieig\u0105 prie didel\u0117s 5000 mAh talpos, bet ir m\u0117gausit\u0117s neprilygstamu mobilumu d\u0117l ma\u017eo dyd\u017eio. \u0160i i\u0161orin\u0117 baterija bus nepakei\u010diamas palydovas kiekvienoje kelion\u0117je! Pa\u017ei\u016br\u0117kite, k\u0105 dar ji gali jums pasi\u016blyti.<\/p>\n<\/p>\n<p><img decoding=\"async\" src=\"https:\/\/assets.innpro.pl\/2606\/2781\/czarny9.jpg\" border=\"0\" alt=\"\"><\/p>\n<h3>Patogus \u012fkrovimas<\/h3>\n<p><p>Magnetin\u0117 mini i\u0161orin\u0117 baterija \u201eBaseus\u201c yra puikus sprendimas visiems, kurie vertina patog\u0173 savo \u012frengini\u0173 \u012fkrovim\u0105. D\u0117l didel\u0117s 5000 mAh talpos \u0161i ma\u017ea i\u0161orin\u0117 baterija leis jums kelis kartus \u012fkrauti i\u0161man\u0173j\u012f telefon\u0105 nereikalaujant lizdo ar nenutraukiant \u012frenginio naudojimo. Magnetinis dizainas yra ne tik esteti\u0161kas, bet ir funkcionalus, nes tvirtai prilimpa prie j\u016bs\u0173 telefono, tod\u0117l belaid\u017eiu b\u016bdu j\u012f galima \u012fkrauti itin patogiai. Dabar galite m\u0117gautis visi\u0161ku komfortu ir patikimu maitinimu bet kur ir bet kada.<\/p>\n<\/p>\n<p><img decoding=\"async\" src=\"https:\/\/assets.innpro.pl\/2606\/2781\/czarny2.jpg\" border=\"0\" alt=\"\"><\/p>\n<h3>Apgalvotas dizainas<\/h3>\n<p><p>\u201eBaseus\u201c \u012frenginys i\u0161siskiria ne tik savo na\u0161umu, bet ir apgalvotu dizainu. D\u0117l plono, vos 14,7 mm storio, jis patogiai telpa ki\u0161en\u0117je ar rankin\u0117je, tod\u0117l yra puikus palydovas kiekvienoje kelion\u0117je ar kasdieniame naudojime. Nepaisant kompakti\u0161ko dyd\u017eio, jis garantuoja saug\u0173 \u012frenginio \u012fkrovim\u0105, tod\u0117l jums nereikia jaudintis d\u0117l galimos \u012frangos \u017ealos. \u0160i i\u0161orin\u0117 baterija puikiai derina prakti\u0161kum\u0105 ir eleganti\u0161k\u0105 dizain\u0105, patenkindama net reikliausi\u0173 vartotoj\u0173 l\u016bkes\u010dius.<\/p>\n<\/p>\n<p><img decoding=\"async\" src=\"https:\/\/assets.innpro.pl\/2606\/2781\/czarny8.jpg\" border=\"0\" alt=\"\"><\/p>\n<div class=\"table-wrapper\">\n<p>&nbsp;<\/p>\n<h3><\/h3>\n<table>\n<tbody>\n<tr>\n<th>I\u0161orin\u0117 baterija<\/th>\n<td>Baseus<\/td>\n<\/tr>\n<tr>\n<th>Modelis<\/th>\n<td>P10022107113-00<\/td>\n<\/tr>\n<tr>\n<th>Talpa<\/th>\n<td>5000 mAh<\/td>\n<\/tr>\n<tr>\n<th>Baterijos tipas<\/th>\n<td>Li\u010dio polimer\u0173<\/td>\n<\/tr>\n<tr>\n<th>USB-C i\u0161vestis<\/th>\n<td>5V = 3A, 9 V = 2 A<\/td>\n<\/tr>\n<tr>\n<th>USB-C \u012fvestis<\/th>\n<td>5 V = 2,4 A; 9 V = 2,22 A; 12 V = 1,5 A<\/td>\n<\/tr>\n<tr>\n<th>Belaidis \u012fkrovimas<\/th>\n<td>5 W \/ 7,5 W \/ 10 W \/ 15 W<\/td>\n<\/tr>\n<tr>\n<th>Matmenys<\/th>\n<td>14,2 \u00d7 68,9 \u00d7 106,4 mm<\/td>\n<\/tr>\n<tr>\n<th>Spalva<\/th>\n<td>Juoda<\/td>\n<\/tr>\n<\/tbody>\n<\/table>\n<\/div>\n","protected":false},"excerpt":{"rendered":"<p>Magnetin\u0117 mini i\u0161orin\u0117 baterija \u201eBaseus\u201c 5000mAh 20W (juoda) Norite patogiai \u012fkrauti savo \u012frenginius? Su \u201eBaseus\u201c i\u0161orine baterija tai \u012fmanoma! D\u0117l apgalvoto dizaino ne tik gausite prieig\u0105 prie didel\u0117s 5000 mAh talpos, bet ir m\u0117gausit\u0117s neprilygstamu mobilumu d\u0117l ma\u017eo dyd\u017eio. \u0160i i\u0161orin\u0117 baterija bus nepakei\u010diamas palydovas kiekvienoje kelion\u0117je! Pa\u017ei\u016br\u0117kite, k\u0105 dar ji gali jums pasi\u016blyti. Patogus [&#8230;]\n","protected":false},"featured_media":31988,"comment_status":"open","ping_status":"closed","template":"","meta":[],"product_brand":[95],"product_cat":[1025],"product_tag":[],"class_list":{"0":"post-31987","1":"product","2":"type-product","3":"status-publish","4":"has-post-thumbnail","6":"product_brand-baseus","7":"product_cat-powerbanks","9":"first","10":"outofstock","11":"taxable","12":"shipping-taxable","13":"purchasable","14":"product-type-simple"},"aioseo_notices":[],"_links":{"self":[{"href":"https:\/\/asura.lv\/lt\/wp-json\/wp\/v2\/product\/31987","targetHints":{"allow":["GET"]}}],"collection":[{"href":"https:\/\/asura.lv\/lt\/wp-json\/wp\/v2\/product"}],"about":[{"href":"https:\/\/asura.lv\/lt\/wp-json\/wp\/v2\/types\/product"}],"replies":[{"embeddable":true,"href":"https:\/\/asura.lv\/lt\/wp-json\/wp\/v2\/comments?post=31987"}],"wp:featuredmedia":[{"embeddable":true,"href":"https:\/\/asura.lv\/lt\/wp-json\/wp\/v2\/media\/31988"}],"wp:attachment":[{"href":"https:\/\/asura.lv\/lt\/wp-json\/wp\/v2\/media?parent=31987"}],"wp:term":[{"taxonomy":"product_brand","embeddable":true,"href":"https:\/\/asura.lv\/lt\/wp-json\/wp\/v2\/product_brand?post=31987"},{"taxonomy":"product_cat","embeddable":true,"href":"https:\/\/asura.lv\/lt\/wp-json\/wp\/v2\/product_cat?post=31987"},{"taxonomy":"product_tag","embeddable":true,"href":"https:\/\/asura.lv\/lt\/wp-json\/wp\/v2\/product_tag?post=31987"}],"curies":[{"name":"wp","href":"https:\/\/api.w.org\/{rel}","templated":true}]}}