{"id":32065,"date":"2025-11-28T21:10:40","date_gmt":"2025-11-28T21:10:40","guid":{"rendered":"https:\/\/asura.lv\/product\/portable-wireless-charger-for-smartwatch-joyroom-jr-wqw01-2000mah-black\/"},"modified":"2025-12-12T15:40:36","modified_gmt":"2025-12-12T13:40:36","slug":"portable-wireless-charger-for-smartwatch-joyroom-jr-wqw01-2000mah-black","status":"publish","type":"product","link":"https:\/\/asura.lv\/lt\/produktas\/portable-wireless-charger-for-smartwatch-joyroom-jr-wqw01-2000mah-black\/","title":{"rendered":"Ne\u0161iojamas belaidis i\u0161maniojo laikrod\u017eio \u012fkroviklis Joyroom JR-WQW01 2000mAh, juodas"},"content":{"rendered":"<h3>\u201eJoyroom JR-WQW01\u201c 2000 mAh belaidis i\u0161maniojo laikrod\u017eio \u012fkroviklis (juodas).<\/h3>\n<p>\u012esigykite \u201eJoyroom JR-WQW01\u201c ir m\u0117gaukit\u0117s maksimaliu savo i\u0161maniojo laikrod\u017eio na\u0161umu, kad ir kur b\u016btum\u0117te! \u012ekroviklis gali belaid\u017eiu b\u016bdu \u012fkrauti \u201eApple Watch\u201c 3 vat\u0173 galia, o d\u0117l kompakti\u0161ko dyd\u017eio ir lengvo svorio jis yra puikus kelioni\u0173 palydovas.<\/p>\n<p><img decoding=\"async\" src=\"https:\/\/b2b.innpro.pl\/data\/include\/cms\/Joyroom\/WQW01-Black\/1.jpg\" alt=\"Joyroom\/WQW01-Black\/1\"><\/p>\n<h3>Dar greitesnis \u012fkrovimas<\/h3>\n<p>M\u0117gaukit\u0117s belaid\u017eio \u012fkrovimo laisve! \u201eJoyroom\u201c \u012fkroviklis si\u016blo \u012fkrovim\u0105 iki 3 vat\u0173 galia, tod\u0117l galite atnaujinti savo i\u0161maniojo laikrod\u017eio energij\u0105 iki 50 % vos per 30 minu\u010di\u0173 (priklausomai nuo modelio). Tiesiog pad\u0117kite savo i\u0161man\u0173j\u012f laikrod\u012f ant \u012fkroviklio ir \u012fkrovimo procesas prasid\u0117s automati\u0161kai! <\/p>\n<p><img decoding=\"async\" src=\"https:\/\/b2b.innpro.pl\/data\/include\/cms\/Joyroom\/WQW01-Black\/2.jpg\" alt=\"Joyroom\/WQW01-Black\/2\"><\/p>\n<h3>Visada bud\u0117jimo re\u017eime \u2013 2000 mAh talpa<\/h3>\n<p>B\u016bkite tikri, kad j\u016bs\u0173 i\u0161manusis laikrodis visada bus pasiruo\u0161\u0119s bet kokiems nuotykiams! \u201eJoyroom JR-WQW01\u201c turi \u012fmontuot\u0105 2000 mAh talpos baterij\u0105, o tai rei\u0161kia, kad bent kelis kartus s\u0117kmingai atnaujinsite savo i\u0161maniojo laikrod\u017eio energij\u0105. Be to, ma\u017eas ekranas informuos apie akumuliatoriaus \u012fkrovimo b\u016bsen\u0105, tod\u0117l daugiau niekada nenustebsite d\u0117l netik\u0117to i\u0161sikrovimo pa\u010diu tinkamiausiu momentu.<\/p>\n<p><img decoding=\"async\" src=\"https:\/\/b2b.innpro.pl\/data\/include\/cms\/Joyroom\/WQW01-Black\/4.jpg\" alt=\"Joyroom\/WQW01-Black\/4\"><\/p>\n<h3>Kompakti\u0161kas dizainas, visi\u0161kas suderinamumas<\/h3>\n<p>D\u0117l kompakti\u0161ko \u012fkroviklio dizaino galite j\u012f pasiimti su savimi bet kur. \u012esid\u0117kite j\u012f \u012f ki\u0161en\u0119, rankin\u0119 ar kuprin\u0119 ir b\u016bkite tikri, kad j\u016bs\u0173 i\u0161manusis laikrodis niekada j\u016bs\u0173 nenuvils. \u201eJoyroom JR-WQW01\u201c taip pat garantuoja visi\u0161k\u0105 suderinamum\u0105 su \u012fvairiais \u201eApple Watch\u201c modeliais. Nesvarbu, ar turite naujausi\u0105, ar senesn\u0119 versij\u0105, \u012fkroviklis u\u017etikrins, kad j\u016bs\u0173 laikrodis visada bus paruo\u0161tas naudoti. <\/p>\n<p><img decoding=\"async\" src=\"https:\/\/b2b.innpro.pl\/data\/include\/cms\/Joyroom\/WQW01-Black\/5.jpg\" alt=\"Joyroom\/WQW01-Black\/5\"><\/p>\n<div class=\"table-wrapper\">\n<table>\n<tbody>\n<tr>\n<th>Gamintojas<\/th>\n<td>Joyroom<\/td>\n<\/tr>\n<tr>\n<th>Modelis<\/th>\n<td>JR-WQW01<\/td>\n<\/tr>\n<tr>\n<th>Spalva<\/th>\n<td>Juoda<\/td>\n<\/tr>\n<tr>\n<th>Med\u017eiaga<\/th>\n<td>ABS + PC<\/td>\n<\/tr>\n<tr>\n<th>Talpa<\/th>\n<td>2000 mAh (3,7 V \/ 7,4 Wh)<\/td>\n<\/tr>\n<tr>\n<th>USB-C \u012fvesties srov\u0117<\/th>\n<td>5 V \/ 1 A<\/td>\n<\/tr>\n<tr>\n<th>I\u0161\u0117jimo galia<\/th>\n<td>3 W<\/td>\n<\/tr>\n<tr>\n<th>Matmenys<\/th>\n<td>72,2 x 41 x 15,6 mm<\/td>\n<\/tr>\n<tr>\n<th>Svoris<\/th>\n<td>63 g<\/td>\n<\/tr>\n<\/tbody>\n<\/table>\n<\/div>\n","protected":false},"excerpt":{"rendered":"<p>\u201eJoyroom JR-WQW01\u201c 2000 mAh belaidis i\u0161maniojo laikrod\u017eio \u012fkroviklis (juodas). \u012esigykite \u201eJoyroom JR-WQW01\u201c ir m\u0117gaukit\u0117s maksimaliu savo i\u0161maniojo laikrod\u017eio na\u0161umu, kad ir kur b\u016btum\u0117te! \u012ekroviklis gali belaid\u017eiu b\u016bdu \u012fkrauti \u201eApple Watch\u201c 3 vat\u0173 galia, o d\u0117l kompakti\u0161ko dyd\u017eio ir lengvo svorio jis yra puikus kelioni\u0173 palydovas. Dar greitesnis \u012fkrovimas M\u0117gaukit\u0117s belaid\u017eio \u012fkrovimo laisve! \u201eJoyroom\u201c \u012fkroviklis si\u016blo [&#8230;]\n","protected":false},"featured_media":32066,"comment_status":"open","ping_status":"closed","template":"","meta":[],"product_brand":[443],"product_cat":[1322],"product_tag":[],"class_list":{"0":"post-32065","1":"product","2":"type-product","3":"status-publish","4":"has-post-thumbnail","6":"product_brand-joyroom","7":"product_cat-wireless-chargers-chargers-gsm-accessories","9":"first","10":"outofstock","11":"taxable","12":"shipping-taxable","13":"purchasable","14":"product-type-simple"},"aioseo_notices":[],"_links":{"self":[{"href":"https:\/\/asura.lv\/lt\/wp-json\/wp\/v2\/product\/32065","targetHints":{"allow":["GET"]}}],"collection":[{"href":"https:\/\/asura.lv\/lt\/wp-json\/wp\/v2\/product"}],"about":[{"href":"https:\/\/asura.lv\/lt\/wp-json\/wp\/v2\/types\/product"}],"replies":[{"embeddable":true,"href":"https:\/\/asura.lv\/lt\/wp-json\/wp\/v2\/comments?post=32065"}],"wp:featuredmedia":[{"embeddable":true,"href":"https:\/\/asura.lv\/lt\/wp-json\/wp\/v2\/media\/32066"}],"wp:attachment":[{"href":"https:\/\/asura.lv\/lt\/wp-json\/wp\/v2\/media?parent=32065"}],"wp:term":[{"taxonomy":"product_brand","embeddable":true,"href":"https:\/\/asura.lv\/lt\/wp-json\/wp\/v2\/product_brand?post=32065"},{"taxonomy":"product_cat","embeddable":true,"href":"https:\/\/asura.lv\/lt\/wp-json\/wp\/v2\/product_cat?post=32065"},{"taxonomy":"product_tag","embeddable":true,"href":"https:\/\/asura.lv\/lt\/wp-json\/wp\/v2\/product_tag?post=32065"}],"curies":[{"name":"wp","href":"https:\/\/api.w.org\/{rel}","templated":true}]}}