{"id":32335,"date":"2025-11-28T21:07:33","date_gmt":"2025-11-28T21:07:33","guid":{"rendered":"https:\/\/asura.lv\/product\/puluz-car-mount-with-suction-cup-mounting-adapter-and-long-screw-for-sports-cameras-including-osmo-action-3-insta360-x3\/"},"modified":"2025-12-12T15:38:16","modified_gmt":"2025-12-12T13:38:16","slug":"puluz-car-mount-with-suction-cup-mounting-adapter-and-long-screw-for-sports-cameras-including-osmo-action-3-insta360-x3","status":"publish","type":"product","link":"https:\/\/asura.lv\/lt\/produktas\/puluz-car-mount-with-suction-cup-mounting-adapter-and-long-screw-for-sports-cameras-including-osmo-action-3-insta360-x3\/","title":{"rendered":"PULUZ automobilio laikiklis su siurbtuku, tvirtinimo adapteriu ir ilgu var\u017etu sporto kameroms (\u012fskaitant Osmo Action 3, Insta360 X3)"},"content":{"rendered":"<h3>PULUZ automobilio laikiklis su siurbtuku, tvirtinimo adapteriu ir ilgu var\u017etu sportin\u0117ms kameroms (\u012fskaitant \u201eOsmo Action 3\u201c, \u201eInsta360 X3\u201c)<\/h3>\n<p>PULUZ automobilio laikiklis turi didel\u012f siurbtuk\u0105, kurio d\u0117ka galite stabiliai pritvirtinti pasirinkt\u0105 \u012frengin\u012f prie automobilio priekinio stiklo, prietais\u0173 skydelio ar k\u0117bulo. D\u0117l 2 rutulini\u0173 jung\u010di\u0173 galite laisvai reguliuoti pasvirimo kamp\u0105 ir 360\u00b0 sukim\u0105si. Jis puikiai veikia su dauguma populiari\u0173 \u012frengini\u0173, \u012fskaitant \u201eInsta360\u201c, \u201eDJI OSMO\u201c ar \u201eGoPro\u201c sportines kameras, taip pat i\u0161maniuosius telefonus. Kompakti\u0161kas, sulankstomas dizainas rei\u0161kia, kad j\u012f laikyti nebus didel\u0117 problema.<\/p>\n<p>\n<img decoding=\"async\" alt=\"\" border=\"0\" src=\"https:\/\/assets.innpro.pl\/14683\/18404\/6.jpg\"\/>\n<\/p>\n<h3>Pridedama<\/h3>\n<ul class=\"list-disc pl-5\">\n<li>siurbimo puodelis<\/li>\n<li>ranka<\/li>\n<li>rutulin\u0117 galvut\u0117<\/li>\n<li>rutulin\u0117 galvut\u0117 su adapteriu<\/li>\n<li>var\u017etas<\/li>\n<li>telefono laikiklis<\/li>\n<\/ul>\n<div class=\"table-wrapper\">\n<p>B\u00a0<\/p>\n<h3><\/h3>\n<table>\n<tbody>\n<tr>\n<th>Gamintojas<\/th>\n<td>Puluz<\/td>\n<\/tr>\n<tr>\n<th>Modelis<\/th>\n<td>PU863<\/td>\n<\/tr>\n<tr>\n<th>Med\u017eiaga<\/th>\n<td>Plastikas + silikonas + aliuminio lydinys<\/td>\n<\/tr>\n<tr>\n<th>Siurbtuko skersmuo<\/th>\n<td>9 cm<\/td>\n<\/tr>\n<tr>\n<th>Bendras ilgis<\/th>\n<td>17 cm<\/td>\n<\/tr>\n<tr>\n<th>Suderinamumas<\/th>\n<td>DJI: Osmo Action 3, Osmo Action; \u201eGopro\u201c: HERO11 Black Mini, HERO11 Black, HERO10 Black, HERO9 Black, HERO8 Black, MAX, HERO7 White, HERO7 Black, HERO7 Silver, NEW HERO, Fusion, HERO6 Black, HERO5 Black, HERO5 Session, Hero Session, HERO4 Session, HERO4, HERO3+, HERO3, HERO2, HERO; Insta360: GO 3, X3, ONE RS 1 colio 360 leidimas, Insta360 ONE RS 360 leidimas, Insta360 ONE RS 1 colio leidimas, ONE X2, ONE R, GO, EVO, ONE X<\/td>\n<\/tr>\n<\/tbody>\n<\/table>\n<\/div>\n","protected":false},"excerpt":{"rendered":"<p>PULUZ automobilio laikiklis su siurbtuku, tvirtinimo adapteriu ir ilgu var\u017etu sportin\u0117ms kameroms (\u012fskaitant \u201eOsmo Action 3\u201c, \u201eInsta360 X3\u201c) PULUZ automobilio laikiklis turi didel\u012f siurbtuk\u0105, kurio d\u0117ka galite stabiliai pritvirtinti pasirinkt\u0105 \u012frengin\u012f prie automobilio priekinio stiklo, prietais\u0173 skydelio ar k\u0117bulo. D\u0117l 2 rutulini\u0173 jung\u010di\u0173 galite laisvai reguliuoti pasvirimo kamp\u0105 ir 360\u00b0 sukim\u0105si. Jis puikiai veikia su [&#8230;]\n","protected":false},"featured_media":32336,"comment_status":"open","ping_status":"closed","template":"","meta":[],"product_brand":[149],"product_cat":[1046],"product_tag":[],"class_list":{"0":"post-32335","1":"product","2":"type-product","3":"status-publish","4":"has-post-thumbnail","6":"product_brand-puluz","7":"product_cat-straps-mounts-and-holders","9":"first","10":"outofstock","11":"taxable","12":"shipping-taxable","13":"purchasable","14":"product-type-simple"},"aioseo_notices":[],"_links":{"self":[{"href":"https:\/\/asura.lv\/lt\/wp-json\/wp\/v2\/product\/32335","targetHints":{"allow":["GET"]}}],"collection":[{"href":"https:\/\/asura.lv\/lt\/wp-json\/wp\/v2\/product"}],"about":[{"href":"https:\/\/asura.lv\/lt\/wp-json\/wp\/v2\/types\/product"}],"replies":[{"embeddable":true,"href":"https:\/\/asura.lv\/lt\/wp-json\/wp\/v2\/comments?post=32335"}],"wp:featuredmedia":[{"embeddable":true,"href":"https:\/\/asura.lv\/lt\/wp-json\/wp\/v2\/media\/32336"}],"wp:attachment":[{"href":"https:\/\/asura.lv\/lt\/wp-json\/wp\/v2\/media?parent=32335"}],"wp:term":[{"taxonomy":"product_brand","embeddable":true,"href":"https:\/\/asura.lv\/lt\/wp-json\/wp\/v2\/product_brand?post=32335"},{"taxonomy":"product_cat","embeddable":true,"href":"https:\/\/asura.lv\/lt\/wp-json\/wp\/v2\/product_cat?post=32335"},{"taxonomy":"product_tag","embeddable":true,"href":"https:\/\/asura.lv\/lt\/wp-json\/wp\/v2\/product_tag?post=32335"}],"curies":[{"name":"wp","href":"https:\/\/api.w.org\/{rel}","templated":true}]}}