{"id":32491,"date":"2025-11-28T21:07:18","date_gmt":"2025-11-28T21:07:18","guid":{"rendered":"https:\/\/asura.lv\/product\/magnetic-phone-case-for-iphone-15-plus-baseus-fauxther-series-orange\/"},"modified":"2025-12-12T15:38:08","modified_gmt":"2025-12-12T13:38:08","slug":"magnetic-phone-case-for-iphone-15-plus-baseus-fauxther-series-orange","status":"publish","type":"product","link":"https:\/\/asura.lv\/lt\/produktas\/magnetic-phone-case-for-iphone-15-plus-baseus-fauxther-series-orange\/","title":{"rendered":"Magnetinis telefono d\u0117klas, skirtas \u201eiPhone 15 Plus\u201c, \u201eBaseus Fauxther\u201c serijos (oran\u017einis)"},"content":{"rendered":"<h3>Magnetinis d\u0117klas, skirtas \u201eiPhone 15 Plus\u201c \u201eBaseus Fauxther\u201c serijai (oran\u017einis)<\/h3>\n<p>Saugokite savo telefon\u0105 ir ilgai m\u0117gaukit\u0117s esteti\u0161ka jo i\u0161vaizda. \u201eBaseus Fauxther\u201c serijos magnetinis d\u0117klas pasi\u017eymi stipriais N52 magnetais, auk\u0161tos kokyb\u0117s tekst\u016bra ir yra pagamintas i\u0161 PU odos. D\u0117l to jis yra atsparus nemaloni\u0173 d\u0117mi\u0173 susidarymui ir apsaugo \u201eiPhone\u201c nuo pa\u017eeidim\u0173 kritimo atveju. Jis taip pat yra itin plonas, o tiksliai pagamintos i\u0161pjovos leid\u017eia patogiai naudotis visomis \u012frenginio funkcijomis. Be to, tai leid\u017eia belaid\u017eiu b\u016bdu atkurti maitinim\u0105.<\/p>\n<p><img decoding=\"async\" src=\"https:\/\/b2b.innpro.pl\/data\/include\/cms\/-Baseus\/P60157305713-02\/5.jpg\" alt=\"-Baseus\/P60157305713-02\/5\"><\/p>\n<h3>Stipr\u016bs magnetai<\/h3>\n<p>\u201eBaseus Fauxther\u201c magnetinis d\u0117klas apr\u016bpintas galingais N52 klas\u0117s magnetais, kurie neleid\u017eia telefonui atsijungti ir nukristi. Be to, norint m\u0117gautis belaid\u017eiu \u012frenginio \u012fkrovimu, nereikia nuimti priedo. Produktas netur\u0117s \u012ftakos atnaujinimo na\u0161umui.<\/p>\n<p><img decoding=\"async\" src=\"https:\/\/b2b.innpro.pl\/data\/include\/cms\/-Baseus\/P60157305713-02\/1.jpg\" alt=\"-Baseus\/P60157305713-02\/1\"><\/p>\n<h3>Atsparumas kritimams<\/h3>\n<p>Jums nebereik\u0117s jaudintis kiekvien\u0105 kart\u0105 numetus telefon\u0105. \u201eBaseus Fauxther\u201c d\u0117klas yra itin patvarus, o d\u0117l i\u0161manaus l\u0119\u0161io r\u0117melio dizaino garantuoja patikim\u0105 apsaug\u0105 kritimo metu. Jis taip pat n\u0117ra link\u0119s \u012fbr\u0117\u017eti, tod\u0117l galite j\u012f naudoti ilg\u0105 laik\u0105 ramiai.<\/p>\n<p><img decoding=\"async\" src=\"https:\/\/b2b.innpro.pl\/data\/include\/cms\/-Baseus\/P60157305713-02\/3.jpg\" alt=\"-Baseus\/P60157305713-02\/3\"><\/p>\n<h3>Tvarkingas dizainas<\/h3>\n<p>Pamir\u0161kite negra\u017eius pir\u0161t\u0173 atspaudus ar prakaito \u017eymes. D\u0117klas pagamintas i\u0161 auk\u0161tos kokyb\u0117s PU med\u017eiagos, kuri yra atspari d\u0117m\u0117ms. D\u0117l to j\u016bs\u0173 telefonas visada atrodys tvarkingai ir nepriekai\u0161tingai.<\/p>\n<p><img decoding=\"async\" src=\"https:\/\/b2b.innpro.pl\/data\/include\/cms\/-Baseus\/P60157305713-02\/4.jpg\" alt=\"-Baseus\/P60157305713-02\/4\"><\/p>\n<h3>Auk\u0161ta gamybos kokyb\u0117<\/h3>\n<p>\u201eBaseus\u201c d\u0117klas i\u0161siskiria plonu dizainu \u2013 jo storis nevir\u0161ija 2,5 mm. Tai leid\u017eia patogiai naudoti \u201eiPhone\u201c. Be to, med\u017eiaga, i\u0161 kurios jis pagamintas, yra maloni liesti ir draugi\u0161ka aplinkai. I\u0161pjovos leid\u017eia laisvai naudoti telefon\u0105, o mink\u0161tas pamu\u0161alas suteikia papildom\u0105 apsaug\u0105.<\/p>\n<p><img decoding=\"async\" src=\"https:\/\/b2b.innpro.pl\/data\/include\/cms\/-Baseus\/P60157305713-02\/2.jpg\" alt=\"-Baseus\/P60157305713-02\/2\"><\/p>\n<div class=\"table-wrapper\">\n<table>\n<tbody>\n<tr>\n<th>Gamintojas<\/th>\n<td>Baseus<\/td>\n<\/tr>\n<tr>\n<th>Serija<\/th>\n<td>Fauxther <\/td>\n<\/tr>\n<tr>\n<th>Modelis<\/th>\n<td>P60157305713-02<\/td>\n<\/tr>\n<tr>\n<th>Suderinamumas<\/th>\n<td>iPhone 15 Plius<\/td>\n<\/tr>\n<tr>\n<th>Spalva<\/th>\n<td>oran\u017ein\u0117<\/td>\n<\/tr>\n<\/tbody>\n<\/table>\n<\/div>\n","protected":false},"excerpt":{"rendered":"<p>Magnetinis d\u0117klas, skirtas \u201eiPhone 15 Plus\u201c \u201eBaseus Fauxther\u201c serijai (oran\u017einis) Saugokite savo telefon\u0105 ir ilgai m\u0117gaukit\u0117s esteti\u0161ka jo i\u0161vaizda. \u201eBaseus Fauxther\u201c serijos magnetinis d\u0117klas pasi\u017eymi stipriais N52 magnetais, auk\u0161tos kokyb\u0117s tekst\u016bra ir yra pagamintas i\u0161 PU odos. D\u0117l to jis yra atsparus nemaloni\u0173 d\u0117mi\u0173 susidarymui ir apsaugo \u201eiPhone\u201c nuo pa\u017eeidim\u0173 kritimo atveju. Jis taip pat [&#8230;]\n","protected":false},"featured_media":32492,"comment_status":"open","ping_status":"closed","template":"","meta":[],"product_brand":[95],"product_cat":[1250],"product_tag":[],"class_list":{"0":"post-32491","1":"product","2":"type-product","3":"status-publish","4":"has-post-thumbnail","6":"product_brand-baseus","7":"product_cat-protective-cases-for-smartphones-cases-gsm-accessories","9":"first","10":"outofstock","11":"taxable","12":"shipping-taxable","13":"purchasable","14":"product-type-simple"},"aioseo_notices":[],"_links":{"self":[{"href":"https:\/\/asura.lv\/lt\/wp-json\/wp\/v2\/product\/32491","targetHints":{"allow":["GET"]}}],"collection":[{"href":"https:\/\/asura.lv\/lt\/wp-json\/wp\/v2\/product"}],"about":[{"href":"https:\/\/asura.lv\/lt\/wp-json\/wp\/v2\/types\/product"}],"replies":[{"embeddable":true,"href":"https:\/\/asura.lv\/lt\/wp-json\/wp\/v2\/comments?post=32491"}],"wp:featuredmedia":[{"embeddable":true,"href":"https:\/\/asura.lv\/lt\/wp-json\/wp\/v2\/media\/32492"}],"wp:attachment":[{"href":"https:\/\/asura.lv\/lt\/wp-json\/wp\/v2\/media?parent=32491"}],"wp:term":[{"taxonomy":"product_brand","embeddable":true,"href":"https:\/\/asura.lv\/lt\/wp-json\/wp\/v2\/product_brand?post=32491"},{"taxonomy":"product_cat","embeddable":true,"href":"https:\/\/asura.lv\/lt\/wp-json\/wp\/v2\/product_cat?post=32491"},{"taxonomy":"product_tag","embeddable":true,"href":"https:\/\/asura.lv\/lt\/wp-json\/wp\/v2\/product_tag?post=32491"}],"curies":[{"name":"wp","href":"https:\/\/api.w.org\/{rel}","templated":true}]}}