{"id":32563,"date":"2025-11-28T21:07:12","date_gmt":"2025-11-28T21:07:12","guid":{"rendered":"https:\/\/asura.lv\/product\/telesin-waterproof-protective-bag-for-gopro-cameras-gp-prc-278-02\/"},"modified":"2025-12-12T15:38:03","modified_gmt":"2025-12-12T13:38:03","slug":"telesin-waterproof-protective-bag-for-gopro-cameras-gp-prc-278-02","status":"publish","type":"product","link":"https:\/\/asura.lv\/lt\/produktas\/telesin-waterproof-protective-bag-for-gopro-cameras-gp-prc-278-02\/","title":{"rendered":"\u201eTelesin\u201c vandeniui atsparus apsauginis krep\u0161ys \u201eGoPro\u201c kameroms (GP-PRC-278-02)"},"content":{"rendered":"<h3>\u201eTelesin\u201c vandeniui atsparus apsauginis krep\u0161ys \u201eGoPro\u201c kameroms (GP-PRC-278-02).<\/h3>\n<p>Norite saugiai laikyti ir transportuoti savo \u201eGoPro\u201c kamer\u0105? Su \u201eTELESIN\u201c tai \u012fmanoma! Vandeniui atsparus apsauginis krep\u0161ys tilps visk\u0105, ko jums reikia \u2013 nuo \u200b\u200bkameros iki asmenuki\u0173 lazdel\u0117s ir vis\u0173 laid\u0173. Be to, galite laisvai reguliuoti viduje esan\u010dias ki\u0161enes, kad pritaikytum\u0117te dyd\u012f savo \u012frenginiams. U\u017etikrinkite maksimal\u0173 patogum\u0105 su \u201eTELESIN\u201c!<\/p>\n<p>\n<img decoding=\"async\" alt=\"\" border=\"0\" src=\"https:\/\/assets.innpro.pl\/12508\/19252\/5.jpg\"\/>\n<\/p>\n<h3>Apgalvotas dizainas<\/h3>\n<p>\u201eTELESIN\u201c apsauginis krep\u0161ys buvo sukurtas su did\u017eiausiu kruop\u0161tumu, o jo modernus dizainas patiks net ir i\u0161rankiausiems. Jums nereikia jaudintis d\u0117l \u012frangos subrai\u017eymo, nes viduje jis labai mink\u0161tas. Be to, jo d\u0117klas yra ne\u012ftik\u0117tinai kietas, tod\u0117l apsaugo viduje esan\u010dius \u012frenginius nuo sutrai\u0161kymo. Jis taip pat pasi\u017eymi IPX4 atsparumu vandeniui, o tai rei\u0161kia, kad jis nebijo pursl\u0173 ar lietaus. Siekiant didesnio ne\u0161iojimo patogumo, jis apr\u016bpintas judan\u010dia rankena.<\/p>\n<p>\n<img decoding=\"async\" alt=\"\" border=\"0\" src=\"https:\/\/assets.innpro.pl\/12508\/19252\/6.jpg\"\/>\n<\/p>\n<h3>Daugiafunkcionalumas<\/h3>\n<p>Nerimaujate, kad \u012f krep\u0161\u012f netilps viskas, ko reikia? Su TELESIN galite atsikratyti \u0161i\u0173 baimi\u0173! \u200b\u200bViduje rasite vietos savo b\u016btiniausiems daiktams ir dar daugiau! Jame tilps j\u016bs\u0173 \u201eGoPro\u201c kamera ir baterija, taip pat asmenuki\u0173 lazda, laidai ir kiti naudingi priedai. Be to, siekiant geresnio organizavimo, jo vidus padalintas \u012f specialias ki\u0161enes, kurias galite reguliuoti pagal savo poreikius specialiu dir\u017eeliu. Be to, viduje rasite atskir\u0105 tinklin\u0119 ki\u0161en\u0119, kurioje gal\u0117site laikyti ma\u017eesnius priedus. Nuo \u0161iol sporto kameras transportuoti ir laikyti bus labai paprasta!<\/p>\n<p>\n<img decoding=\"async\" alt=\"\" border=\"0\" src=\"https:\/\/assets.innpro.pl\/12508\/19252\/3.jpg\"\/>\n<\/p>\n<div class=\"table-wrapper\">\n<p>B\u00a0<\/p>\n<h3><\/h3>\n<table>\n<tbody>\n<tr>\n<th>Gamintojas<\/th>\n<td>TELESIN<\/td>\n<\/tr>\n<tr>\n<th>Modelis<\/th>\n<td>GP-PRC-278-02<\/td>\n<\/tr>\n<tr>\n<th>Matmenys<\/th>\n<td>145 \u00d7 240 \u00d7 120 mm<\/td>\n<\/tr>\n<tr>\n<th>Vanduo Atsparumas<\/th>\n<td>IPX4<\/td>\n<\/tr>\n<tr>\n<th>Med\u017eiaga<\/th>\n<td>PU<\/td>\n<\/tr>\n<\/tbody>\n<\/table>\n<\/div>\n","protected":false},"excerpt":{"rendered":"<p>\u201eTelesin\u201c vandeniui atsparus apsauginis krep\u0161ys \u201eGoPro\u201c kameroms (GP-PRC-278-02). Norite saugiai laikyti ir transportuoti savo \u201eGoPro\u201c kamer\u0105? Su \u201eTELESIN\u201c tai \u012fmanoma! Vandeniui atsparus apsauginis krep\u0161ys tilps visk\u0105, ko jums reikia \u2013 nuo \u200b\u200bkameros iki asmenuki\u0173 lazdel\u0117s ir vis\u0173 laid\u0173. Be to, galite laisvai reguliuoti viduje esan\u010dias ki\u0161enes, kad pritaikytum\u0117te dyd\u012f savo \u012frenginiams. U\u017etikrinkite maksimal\u0173 patogum\u0105 su [&#8230;]\n","protected":false},"featured_media":32564,"comment_status":"open","ping_status":"closed","template":"","meta":[],"product_brand":[296],"product_cat":[1361],"product_tag":[],"class_list":{"0":"post-32563","1":"product","2":"type-product","3":"status-publish","4":"has-post-thumbnail","6":"product_brand-telesin","7":"product_cat-bags","9":"first","10":"outofstock","11":"taxable","12":"shipping-taxable","13":"purchasable","14":"product-type-simple"},"aioseo_notices":[],"_links":{"self":[{"href":"https:\/\/asura.lv\/lt\/wp-json\/wp\/v2\/product\/32563","targetHints":{"allow":["GET"]}}],"collection":[{"href":"https:\/\/asura.lv\/lt\/wp-json\/wp\/v2\/product"}],"about":[{"href":"https:\/\/asura.lv\/lt\/wp-json\/wp\/v2\/types\/product"}],"replies":[{"embeddable":true,"href":"https:\/\/asura.lv\/lt\/wp-json\/wp\/v2\/comments?post=32563"}],"wp:featuredmedia":[{"embeddable":true,"href":"https:\/\/asura.lv\/lt\/wp-json\/wp\/v2\/media\/32564"}],"wp:attachment":[{"href":"https:\/\/asura.lv\/lt\/wp-json\/wp\/v2\/media?parent=32563"}],"wp:term":[{"taxonomy":"product_brand","embeddable":true,"href":"https:\/\/asura.lv\/lt\/wp-json\/wp\/v2\/product_brand?post=32563"},{"taxonomy":"product_cat","embeddable":true,"href":"https:\/\/asura.lv\/lt\/wp-json\/wp\/v2\/product_cat?post=32563"},{"taxonomy":"product_tag","embeddable":true,"href":"https:\/\/asura.lv\/lt\/wp-json\/wp\/v2\/product_tag?post=32563"}],"curies":[{"name":"wp","href":"https:\/\/api.w.org\/{rel}","templated":true}]}}