{"id":32869,"date":"2025-11-28T21:06:44","date_gmt":"2025-11-28T21:06:44","guid":{"rendered":"https:\/\/asura.lv\/product\/earbuds-true-wireless-joyroom-jr-bb1-black\/"},"modified":"2025-12-12T15:37:35","modified_gmt":"2025-12-12T13:37:35","slug":"earbuds-true-wireless-joyroom-jr-bb1-black","status":"publish","type":"product","link":"https:\/\/asura.lv\/lt\/produktas\/earbuds-true-wireless-joyroom-jr-bb1-black\/","title":{"rendered":"Ausin\u0117s \u201eTrue Wireless Joyroom JR-BB1\u201c (juodos)"},"content":{"rendered":"<h3>Belaid\u0117s \u201eJoyroom JR-BB1\u201c ausin\u0117s (juodos)<\/h3>\n<p>D\u0117l dinamini\u0173 garsiakalbi\u0173 ir kompozicini\u0173 diafragm\u0173 \u0161ios ausin\u0117s leid\u017eia m\u0117gautis detaliai sodriu garsu. Be to, jos veikia iki 35 val. (\u012fskaitant \u012fkrovimo d\u0117kl\u0105) ir \u012fkraunamos ma\u017edaug per 1,5 val. \u201eBluetooth 5.3\u201c versija u\u017etikrina greit\u0105 ir stabil\u0173 ry\u0161\u012f su suderinamu \u012frenginiu. Be to, ausin\u0117s yra lengvos, patogios ir nei\u0161kris i\u0161 aus\u0173.<\/p>\n<p><img decoding=\"async\" src=\"https:\/\/b2b.innpro.pl\/data\/include\/cms\/Joyroom\/JR-BB1-Black\/6.jpg\" alt=\"Joyroom\/JR-BB1-Black\/6\"><\/p>\n<h3>Sodrus bos\u0173 garsas<\/h3>\n<p>Klausykit\u0117s m\u0117gstam\u0173 melodij\u0173 dar geresne kokybe su \u201eJoyroom JR-BB1\u201c. Ausin\u0117se naudojami 10 mm dinaminiai garsiakalbiai ir PU kompozicin\u0117s diafragmos. Tai rei\u0161kia sodr\u0173, detal\u0173 gars\u0105, kupin\u0105 bosini\u0173 ton\u0173. <\/p>\n<p><img decoding=\"async\" src=\"https:\/\/b2b.innpro.pl\/data\/include\/cms\/Joyroom\/JR-BB1-Black\/1.jpg\" alt=\"Joyroom\/JR-BB1-Black\/1\"><\/p>\n<h3>Veikimo laikas iki 35 val. ir greitas \u012fkrovimas<\/h3>\n<p>Klausykit\u0117s muzikos beveik be apribojim\u0173. Ausin\u0117s apr\u016bpintos 35 mAh \u012fkraunamomis baterijomis, kurios leid\u017eia klausytis muzikos apie 7 val. Kita vertus, su JR-BB1 \u012fkrovimo d\u0117klu jos veikia iki 35 val. Be to, 10 min. \u012fkrovimas leid\u017eia klausytis muzikos vien\u0105 valand\u0105. Norint visi\u0161kai atnaujinti ausini\u0173 energij\u0105, reikia apie 1,5 val. <\/p>\n<p><img decoding=\"async\" src=\"https:\/\/b2b.innpro.pl\/data\/include\/cms\/Joyroom\/JR-BB1-Black\/2.jpg\" alt=\"Joyroom\/JR-BB1-Black\/2\"><\/p>\n<h3>Greitas ry\u0161ys ir ma\u017eas delsos laikas<\/h3>\n<p>Ausin\u0117s palaiko \u201eBluetooth 5.3\u201c versij\u0105, kuri u\u017etikrina greit\u0105 ir stabil\u0173 ry\u0161\u012f. Be to, \u201eJieli AD6973D\u201c lustas suma\u017eina energijos suvartojim\u0105. Ma\u017eesnis delsos laikas (65 ms) leid\u017eia dar labiau pasinerti \u012f \u017eaidim\u0105. Geresn\u0117 garso ir vaizdo sinchronizacija taip pat gerai veiks \u017ei\u016brint filmus.<\/p>\n<p><img decoding=\"async\" src=\"https:\/\/b2b.innpro.pl\/data\/include\/cms\/Joyroom\/JR-BB1-Black\/3.jpg\" alt=\"Joyroom\/JR-BB1-Black\/3\"><\/p>\n<div class=\"table-wrapper\">\n<table>\n<tbody>\n<tr>\n<th>Gamintojas<\/th>\n<td>Joyroom<\/td>\n<\/tr>\n<tr>\n<th>Modelis<\/th>\n<td>JR-BB1<\/td>\n<\/tr>\n<tr>\n<th>Tipas<\/th>\n<td>\u012f aus\u012f \u012fdedamos<\/td>\n<\/tr>\n<tr>\n<th>Spalva<\/th>\n<td>juoda<\/td>\n<\/tr>\n<tr>\n<th>BT versija<\/th>\n<td>V5.3<\/td>\n<\/tr>\n<tr>\n<th>Lustas<\/th>\n<td>Jieli AD6973D<\/td>\n<\/tr>\n<tr>\n<th>Garso kodekai<\/th>\n<td>AAC, SBC<\/td>\n<\/tr>\n<tr>\n<th>Palaikomi protokolai<\/th>\n<td>HSP, HFP, A2DP, AVRCP<\/td>\n<\/tr>\n<tr>\n<th>Var\u017eo da\u017enis<\/th>\n<td>2402\u20132480 MHz<\/td>\n<\/tr>\n<tr>\n<th>Baterijos talpa<\/th>\n<td>35 mAh (ausin\u0117s), 450 mAh (\u012fkrovimo d\u0117klas)<\/td>\n<\/tr>\n<tr>\n<th>Var\u017ea<\/th>\n<td>32\u041e\u00a9<\/td>\n<\/tr>\n<tr>\n<th>Nominali galia<\/th>\n<td>2x 3 mW<\/td>\n<\/tr>\n<tr>\n<th>Keitiklio skersmuo<\/th>\n<td>10 mm (HiFi kompozicin\u0117 diafragma)<\/td>\n<\/tr>\n<tr>\n<th>Muzikos atk\u016brimo laikas<\/th>\n<td>apytiksl. 7 val. (70 % garsumo)<\/td>\n<\/tr>\n<tr>\n<th>Pokalbi\u0173 laikas<\/th>\n<td>apytiksl. 5 val. (70 % garsumo)<\/td>\n<\/tr>\n<tr>\n<th>Veikimo laikas su \u012fkrovimo d\u0117klu<\/th>\n<td>apytiksl. 35 val. (70 % garsumo)<\/td>\n<\/tr>\n<tr>\n<th>Veikimo laikas bud\u0117jimo re\u017eimu<\/th>\n<td>apytiksl. 48 val.<\/td>\n<\/tr>\n<tr>\n<th>Ausini\u0173 \u012fkrovimo \u012ftampa<\/th>\n<td>5 V \u00d7 30 mA<\/td>\n<\/tr>\n<tr>\n<th>D\u0117klo \u012fkrovimo \u012ftampa<\/th>\n<td>5 V \u00d7 300 mA<\/td>\n<\/tr>\n<tr>\n<th>\u012ekrovimo prievadas<\/th>\n<td>USB-C<\/td>\n<\/tr>\n<tr>\n<th>\u012ekrovimo laikas<\/th>\n<td>apytiksl. 1,5 val. (ausin\u0117s \/ d\u0117klas)<\/td>\n<\/tr>\n<tr>\n<th>Atsparumas vandeniui<\/th>\n<td>IPX4<\/td>\n<\/tr>\n<tr>\n<th>Med\u017eiaga<\/th>\n<td>ABS PC<\/td>\n<\/tr>\n<tr>\n<th>Ausini\u0173 svoris<\/th>\n<td>3,5 g<\/td>\n<\/tr>\n<tr>\n<th>Komplekto svoris<\/th>\n<td>38 g<\/td>\n<\/tr>\n<\/tbody>\n<\/table>\n<\/div>\n","protected":false},"excerpt":{"rendered":"<p>Belaid\u0117s \u201eJoyroom JR-BB1\u201c ausin\u0117s (juodos) D\u0117l dinamini\u0173 garsiakalbi\u0173 ir kompozicini\u0173 diafragm\u0173 \u0161ios ausin\u0117s leid\u017eia m\u0117gautis detaliai sodriu garsu. Be to, jos veikia iki 35 val. (\u012fskaitant \u012fkrovimo d\u0117kl\u0105) ir \u012fkraunamos ma\u017edaug per 1,5 val. \u201eBluetooth 5.3\u201c versija u\u017etikrina greit\u0105 ir stabil\u0173 ry\u0161\u012f su suderinamu \u012frenginiu. Be to, ausin\u0117s yra lengvos, patogios ir nei\u0161kris i\u0161 aus\u0173. [&#8230;]\n","protected":false},"featured_media":32870,"comment_status":"open","ping_status":"closed","template":"","meta":[],"product_brand":[443],"product_cat":[956],"product_tag":[],"class_list":{"0":"post-32869","1":"product","2":"type-product","3":"status-publish","4":"has-post-thumbnail","6":"product_brand-joyroom","7":"product_cat-tws","9":"first","10":"outofstock","11":"taxable","12":"shipping-taxable","13":"purchasable","14":"product-type-simple"},"aioseo_notices":[],"_links":{"self":[{"href":"https:\/\/asura.lv\/lt\/wp-json\/wp\/v2\/product\/32869","targetHints":{"allow":["GET"]}}],"collection":[{"href":"https:\/\/asura.lv\/lt\/wp-json\/wp\/v2\/product"}],"about":[{"href":"https:\/\/asura.lv\/lt\/wp-json\/wp\/v2\/types\/product"}],"replies":[{"embeddable":true,"href":"https:\/\/asura.lv\/lt\/wp-json\/wp\/v2\/comments?post=32869"}],"wp:featuredmedia":[{"embeddable":true,"href":"https:\/\/asura.lv\/lt\/wp-json\/wp\/v2\/media\/32870"}],"wp:attachment":[{"href":"https:\/\/asura.lv\/lt\/wp-json\/wp\/v2\/media?parent=32869"}],"wp:term":[{"taxonomy":"product_brand","embeddable":true,"href":"https:\/\/asura.lv\/lt\/wp-json\/wp\/v2\/product_brand?post=32869"},{"taxonomy":"product_cat","embeddable":true,"href":"https:\/\/asura.lv\/lt\/wp-json\/wp\/v2\/product_cat?post=32869"},{"taxonomy":"product_tag","embeddable":true,"href":"https:\/\/asura.lv\/lt\/wp-json\/wp\/v2\/product_tag?post=32869"}],"curies":[{"name":"wp","href":"https:\/\/api.w.org\/{rel}","templated":true}]}}