{"id":33097,"date":"2025-11-28T21:03:46","date_gmt":"2025-11-28T21:03:46","guid":{"rendered":"https:\/\/asura.lv\/product\/cable-ecoflow-power-hub-solar-charge-6m-20-feet\/"},"modified":"2025-12-12T15:34:51","modified_gmt":"2025-12-12T13:34:51","slug":"cable-ecoflow-power-hub-solar-charge-6m-20-feet","status":"publish","type":"product","link":"https:\/\/asura.lv\/lt\/produktas\/cable-ecoflow-power-hub-solar-charge-6m-20-feet\/","title":{"rendered":"\u201eEcoFlow\u201c maitinimo mazgo saul\u0117s \u012fkrovimo kabelis (6 m \/ 20 p\u0117d\u0173)"},"content":{"rendered":"<h3>\u201eEcoFlow\u201c kabelis, skirtas prijungti \u201ePower Hub\u201c prie fotovoltini\u0173 plok\u0161\u010di\u0173, 6 m.<\/h3>\n<p>\u0160is kabelis leid\u017eia prijungti \u201eEcoFlow Power Hub\u201c prie skirting\u0173 \u012fmoni\u0173 fotovoltini\u0173 plok\u0161\u010di\u0173. Jis pasi\u017eymi tvirta konstrukcija, yra atsparus dilimui ir yra net 6 metr\u0173 ilgio. \u201eEcoFlow\u201c prek\u0117s \u017eenklo \u0161akotuv\u0173 laidai yra itin ploni, tod\u0117l sutaupysite daug vietos aplink savo \u012frenginius.<\/p>\n<p><img decoding=\"async\" src=\"https:\/\/b2b.innpro.pl\/data\/include\/cms\/12EcoFlow\/Power-Hub-Solar-Charge-Cable-6m\/1.jpg\" alt=\"12EcoFlow\/Power-Hub-Solar-Charge-Cable-6m\/1\"><\/p>\n<div class=\"table-wrapper\">\n<table>\n<tbody>\n<tr>\n<th>Gamintojas<\/th>\n<td>EcoFlow<\/td>\n<\/tr>\n<tr>\n<th>Modelis<\/th>\n<td>5008004052<\/td>\n<\/tr>\n<tr>\n<th>Ilgis<\/th>\n<td>6 m<\/td>\n<\/tr>\n<\/tbody>\n<\/table>\n<\/div>\n","protected":false},"excerpt":{"rendered":"<p>\u201eEcoFlow\u201c kabelis, skirtas prijungti \u201ePower Hub\u201c prie fotovoltini\u0173 plok\u0161\u010di\u0173, 6 m. \u0160is kabelis leid\u017eia prijungti \u201eEcoFlow Power Hub\u201c prie skirting\u0173 \u012fmoni\u0173 fotovoltini\u0173 plok\u0161\u010di\u0173. Jis pasi\u017eymi tvirta konstrukcija, yra atsparus dilimui ir yra net 6 metr\u0173 ilgio. \u201eEcoFlow\u201c prek\u0117s \u017eenklo \u0161akotuv\u0173 laidai yra itin ploni, tod\u0117l sutaupysite daug vietos aplink savo \u012frenginius. Gamintojas EcoFlow Modelis 5008004052 [&#8230;]\n","protected":false},"featured_media":33098,"comment_status":"open","ping_status":"closed","template":"","meta":[],"product_brand":[247],"product_cat":[1535],"product_tag":[],"class_list":{"0":"post-33097","1":"product","2":"type-product","3":"status-publish","4":"has-post-thumbnail","6":"product_brand-ecoflow","7":"product_cat-off-grid-power-supply","9":"first","10":"outofstock","11":"taxable","12":"shipping-taxable","13":"purchasable","14":"product-type-simple"},"aioseo_notices":[],"_links":{"self":[{"href":"https:\/\/asura.lv\/lt\/wp-json\/wp\/v2\/product\/33097","targetHints":{"allow":["GET"]}}],"collection":[{"href":"https:\/\/asura.lv\/lt\/wp-json\/wp\/v2\/product"}],"about":[{"href":"https:\/\/asura.lv\/lt\/wp-json\/wp\/v2\/types\/product"}],"replies":[{"embeddable":true,"href":"https:\/\/asura.lv\/lt\/wp-json\/wp\/v2\/comments?post=33097"}],"wp:featuredmedia":[{"embeddable":true,"href":"https:\/\/asura.lv\/lt\/wp-json\/wp\/v2\/media\/33098"}],"wp:attachment":[{"href":"https:\/\/asura.lv\/lt\/wp-json\/wp\/v2\/media?parent=33097"}],"wp:term":[{"taxonomy":"product_brand","embeddable":true,"href":"https:\/\/asura.lv\/lt\/wp-json\/wp\/v2\/product_brand?post=33097"},{"taxonomy":"product_cat","embeddable":true,"href":"https:\/\/asura.lv\/lt\/wp-json\/wp\/v2\/product_cat?post=33097"},{"taxonomy":"product_tag","embeddable":true,"href":"https:\/\/asura.lv\/lt\/wp-json\/wp\/v2\/product_tag?post=33097"}],"curies":[{"name":"wp","href":"https:\/\/api.w.org\/{rel}","templated":true}]}}