{"id":33121,"date":"2025-11-28T21:03:44","date_gmt":"2025-11-28T21:03:44","guid":{"rendered":"https:\/\/asura.lv\/product\/baseus-crystal-tempered-glass-0-3mm-for-tablet-huawei-matepad-pro-12-6\/"},"modified":"2025-12-12T15:34:48","modified_gmt":"2025-12-12T13:34:48","slug":"baseus-crystal-tempered-glass-0-3mm-for-tablet-huawei-matepad-pro-12-6","status":"publish","type":"product","link":"https:\/\/asura.lv\/lt\/produktas\/baseus-crystal-tempered-glass-0-3mm-for-tablet-huawei-matepad-pro-12-6\/","title":{"rendered":"\u201eBaseus Crystal\u201c gr\u016bdintas stiklas 0,3 mm, skirtas plan\u0161etiniam kompiuteriui \u201eHuawei MatePad Pro 12,6\u201c"},"content":{"rendered":"<h3 style=\"text-align: center;\">\u201eBaseus Crystal 0.3mm\u201c gr\u016bdintas stiklas, skirtas \u201eHuawei MatePad Pro 12.6\u201c plan\u0161etiniam kompiuteriui<\/h3>\n<p>Ie\u0161kote patikimos apsaugos savo \u201eHuawei\u201c plan\u0161etiniam kompiuteriui? \u201eBaseus\u201c gr\u016bdintas stiklas gali jums j\u0105 suteikti! Jis i\u0161siskiria 9 H storiu ir lengvu montavimu. Be to, jums nebereikia jaudintis d\u0117l ekrano, nes stiklas yra labai atsparus sm\u016bgiams, \u012fbr\u0117\u017eimams ir nusid\u0117v\u0117jimui. Nuo \u0161iandien galite saugiai naudoti savo \u012frang\u0105! <\/p>\n<p><img loading=\"lazy\" decoding=\"async\" src=\"https:\/\/b2b.innpro.pl\/data\/include\/cms\/-Baseus\/SGJC120602\/2.jpg\" border=\"0\" alt=\"\" width=\"1100\" height=\"700\" \/><\/p>\n<p><\/p>\n<h3 style=\"text-align: center;\">Saugos garantija<\/h3>\n<p>\u201eBaseus\u201c gr\u016bdintas stiklas u\u017etikrins patikim\u0105 j\u016bs\u0173 \u201eHuawei\u201c plan\u0161etinio kompiuterio apsaug\u0105, nes jo kietumas yra 9 H. Be to, jis atsparus sm\u016bgiams, \u012fbr\u0117\u017eimams ir nusid\u0117v\u0117jimui. Jums taip pat nereik\u0117s nerimauti d\u0117l ne\u0161vari\u0173 pir\u0161t\u0173 atspaud\u0173, likusi\u0173 ant ekrano, nes AF danga ilg\u0105 laik\u0105 u\u017etikrins \u0161var\u0173 pavir\u0161i\u0173.<\/p>\n<p><img loading=\"lazy\" decoding=\"async\" src=\"https:\/\/b2b.innpro.pl\/data\/include\/cms\/-Baseus\/SGJC120602\/7.jpg\" border=\"0\" alt=\"\" width=\"1100\" height=\"700\" \/><\/p>\n<p><\/p>\n<h3 style=\"text-align: center;\">Apgalvotas dizainas<\/h3>\n<p>\u201eBaseus Crystal\u201c buvo sukurtas galvojant apie j\u016bs\u0173 plan\u0161etinio kompiuterio apsaug\u0105, tod\u0117l jo dizainas buvo kruop\u0161\u010diai apgalvotas. Jums nereik\u0117s nerimauti d\u0117l \u012frangos gedim\u0173, nes stiklas leis jums skland\u017eiai valdyti jutiklinius elementus ir m\u0117gautis nepriekai\u0161tingu HD vaizdu. Be to, j\u012f taip pat labai lengva \u012fdiegti ir jis nepadidins j\u016bs\u0173 plan\u0161etinio kompiuterio dyd\u017eio \u2013 jis t\u0117ra 0,3 mm storio.<\/p>\n<p><img loading=\"lazy\" decoding=\"async\" src=\"https:\/\/b2b.innpro.pl\/data\/include\/cms\/-Baseus\/SGJC120602\/4.jpg\" border=\"0\" alt=\"\" width=\"1100\" height=\"700\" \/><\/p>\n<p><\/p>\n<h3 style=\"text-align: center;\">Aki\u0173 apsauga<\/h3>\n<p>\u201eBaseus\u201c gr\u016bdintas stiklas ne tik pasir\u016bpins j\u016bs\u0173 plan\u0161etinio kompiuterio ekranu, bet ir j\u016bs\u0173 akimis. Jis apsaugos j\u016bs\u0173 reg\u0117jim\u0105 nuo kenksmingos m\u0117lynos \u0161viesos. Tai leid\u017eia jums ilgai naudoti savo \u012frang\u0105 nepavarginant aki\u0173. <\/p>\n<p><img loading=\"lazy\" decoding=\"async\" src=\"https:\/\/b2b.innpro.pl\/data\/include\/cms\/-Baseus\/SGJC120602\/5.jpg\" border=\"0\" alt=\"\" width=\"1100\" height=\"700\" \/><\/p>\n<p><\/p>\n<h3>Specifikacija:<\/h3>\n<div class=\"table-wrapper\">\n<table>\n<tbody>\n<tr>\n<th>Gamintojas <\/th>\n<td>Baseus <\/td>\n<\/tr>\n<tr>\n<th>Modelis <\/th>\n<td>SGJC120602<\/td>\n<\/tr>\n<tr>\n<th>Apdorojimo tipas <\/th>\n<td>CNC<\/td>\n<\/tr>\n<tr>\n<th>Storis<\/th>\n<td>0,3 mm<\/td>\n<\/tr>\n<tr>\n<th>Suderinamumas<\/th>\n<td>Huawei MatePad Pro 12.6&#8243;<\/td>\n<\/tr>\n<\/tbody>\n<\/table>\n<\/div>\n<style type=\"text\/css\">.table-wrapper{width:100%;overflow-x:auto}.table-wrapper>table{border-spacing:0}.table-wrapper>table>tbody>tr>td,.table-wrapper>table>tbody>tr>th{padding:10px 35px;text-align:left}.table-wrapper>table>tbody>tr>th{vertical-align:top}.table-wrapper>table>tbody>tr:nth-child(even){background-color:#f7f7f7}}}}<\/p>\n","protected":false},"excerpt":{"rendered":"<p>\u201eBaseus Crystal 0.3mm\u201c gr\u016bdintas stiklas, skirtas \u201eHuawei MatePad Pro 12.6\u201c plan\u0161etiniam kompiuteriui Ie\u0161kote patikimos apsaugos savo \u201eHuawei\u201c plan\u0161etiniam kompiuteriui? \u201eBaseus\u201c gr\u016bdintas stiklas gali jums j\u0105 suteikti! Jis i\u0161siskiria 9 H storiu ir lengvu montavimu. Be to, jums nebereikia jaudintis d\u0117l ekrano, nes stiklas yra labai atsparus sm\u016bgiams, \u012fbr\u0117\u017eimams ir nusid\u0117v\u0117jimui. Nuo \u0161iandien galite saugiai naudoti [&#8230;]\n","protected":false},"featured_media":33122,"comment_status":"open","ping_status":"closed","template":"","meta":[],"product_brand":[95],"product_cat":[1523],"product_tag":[],"class_list":{"0":"post-33121","1":"product","2":"type-product","3":"status-publish","4":"has-post-thumbnail","6":"product_brand-baseus","7":"product_cat-for-tablets-tempered-glass-and-screen-protectors-gsm-accessories","9":"first","10":"outofstock","11":"taxable","12":"shipping-taxable","13":"purchasable","14":"product-type-simple"},"aioseo_notices":[],"_links":{"self":[{"href":"https:\/\/asura.lv\/lt\/wp-json\/wp\/v2\/product\/33121","targetHints":{"allow":["GET"]}}],"collection":[{"href":"https:\/\/asura.lv\/lt\/wp-json\/wp\/v2\/product"}],"about":[{"href":"https:\/\/asura.lv\/lt\/wp-json\/wp\/v2\/types\/product"}],"replies":[{"embeddable":true,"href":"https:\/\/asura.lv\/lt\/wp-json\/wp\/v2\/comments?post=33121"}],"wp:featuredmedia":[{"embeddable":true,"href":"https:\/\/asura.lv\/lt\/wp-json\/wp\/v2\/media\/33122"}],"wp:attachment":[{"href":"https:\/\/asura.lv\/lt\/wp-json\/wp\/v2\/media?parent=33121"}],"wp:term":[{"taxonomy":"product_brand","embeddable":true,"href":"https:\/\/asura.lv\/lt\/wp-json\/wp\/v2\/product_brand?post=33121"},{"taxonomy":"product_cat","embeddable":true,"href":"https:\/\/asura.lv\/lt\/wp-json\/wp\/v2\/product_cat?post=33121"},{"taxonomy":"product_tag","embeddable":true,"href":"https:\/\/asura.lv\/lt\/wp-json\/wp\/v2\/product_tag?post=33121"}],"curies":[{"name":"wp","href":"https:\/\/api.w.org\/{rel}","templated":true}]}}