{"id":33541,"date":"2025-11-28T20:49:11","date_gmt":"2025-11-28T20:49:11","guid":{"rendered":"https:\/\/asura.lv\/product\/earphones-tws-qcy-t20-white\/"},"modified":"2025-12-12T15:32:09","modified_gmt":"2025-12-12T13:32:09","slug":"earphones-tws-qcy-t20-white","status":"publish","type":"product","link":"https:\/\/asura.lv\/lt\/produktas\/earphones-tws-qcy-t20-white\/","title":{"rendered":"Ausin\u0117s TWS QCY T20 (baltos)"},"content":{"rendered":"<h3>Ausin\u0117s TWS QCY T20 (baltos)<\/h3>\n<p>Ie\u0161kote kompakti\u0161k\u0173 ausini\u0173, kurios u\u017etikrint\u0173 auk\u0161tos kokyb\u0117s gars\u0105 ir b\u016bt\u0173 patogios d\u0117v\u0117ti? TWS QCY T20 ausin\u0117s pateisins j\u016bs\u0173 l\u016bkes\u010dius. Jos yra lengvos ir itin kompakti\u0161kos, o su 13 milimetr\u0173 garsiakalbiais garantuoja puiki\u0105 garso kokyb\u0119. \u201eBluetooth 5.3\u201c u\u017etikrina stabil\u0173 ry\u0161\u012f iki 10 metr\u0173 atstumu, o ENC triuk\u0161mo ma\u017einimas leid\u017eia lengvai bendrauti su kitais. Prakti\u0161ki jutikliniai skydeliai, IPX4 atsparumas vandeniui ir ilgas veikimo laikas iki 14,5 valand\u0173 taip pat yra privalumas.<\/p>\n<p><img decoding=\"async\" src=\"https:\/\/b2b.innpro.pl\/data\/include\/cms\/12QCY\/T20-White\/2.jpg\"><\/p>\n<h3>Puikus garsas<\/h3>\n<p>TWS QCY T20 ausin\u0117s yra puikus pasirinkimas \u017emon\u0117ms, kurie vertina auk\u0161tos kokyb\u0117s gars\u0105 ir nori i\u0161 naujo atrasti m\u0117gstamas dainas. 13 milimetr\u0173 garsiakalbiai u\u017etikrina, kad T20 skleid\u017eiamas garsas b\u016bt\u0173 idealiai subalansuotas, kri\u0161tolo skaidrumo ir sodrus detali\u0173 at\u017evilgiu. Tod\u0117l galite m\u0117gautis auk\u0161tos kokyb\u0117s garsu ir gird\u0117ti detales, kurios anks\u010diau buvo nepastebimos.<\/p>\n<p><img decoding=\"async\" src=\"https:\/\/b2b.innpro.pl\/data\/include\/cms\/12QCY\/T20-White\/4.jpg\"><\/p>\n<h3>Pamir\u0161kite triuk\u0161m\u0105<\/h3>\n<p>Ar da\u017enai kalbate telefonu? TWS QCY T20 ausin\u0117s jums tai pad\u0117s. Jos turi jautrius mikrofonus ir tiksliai \u012fra\u0161o j\u016bs\u0173 bals\u0105, tod\u0117l lengviau bendrauti su kitais. \u0160is priedas taip pat naudoja ENC technologij\u0105, tod\u0117l galite laisvai kalb\u0117tis net ir perpildytose vietose, tokiose kaip autobus\u0173 stotys ar prekybos centrai.<\/p>\n<p><img decoding=\"async\" src=\"https:\/\/b2b.innpro.pl\/data\/include\/cms\/12QCY\/T20-White\/1.jpg\"><\/p>\n<h3>Patikimas ry\u0161ys<\/h3>\n<p>Greitas ir stabilus ry\u0161ys, kurio atstumas iki 10 metr\u0173, pasiekiamas \u201eBluetooth 5.3\u201c d\u0117ka. Modulis ne tik u\u017etikrina patikim\u0105 belaid\u012f ry\u0161\u012f, bet ir garantuoja ma\u017eesnes energijos s\u0105naudas bei ma\u017e\u0105 68 ms dels\u0105 \u2013 tobula vaizdo ir garso sinchronizacija padidins j\u016bs\u0173 komfort\u0105 \u017eaid\u017eiant \u017eaidimus ir \u017ei\u016brint film\u0105.<\/p>\n<p><img decoding=\"async\" src=\"https:\/\/b2b.innpro.pl\/data\/include\/cms\/12QCY\/T20-White\/3.jpg\"><\/p>\n<h3>Efektyvus maitinimo \u0161altinis<\/h3>\n<p>Pavargote nuo ausini\u0173, kurioms per da\u017enai reikia atnaujinti energij\u0105? \u201eTWS QCY T20\u201c \u012fkrovimo d\u0117klas apr\u016bpintas patikima 220 mAh baterija, tod\u0117l priedas u\u017etikrina ilg\u0105 veikimo laik\u0105. Vieno \u012fkrovimo pakanka 5,5 valandos muzikos atk\u016brimo, o \u012fkrovimo d\u0117klas \u0161\u012f laik\u0105 pailgins iki 14,5 valandos. Bud\u0117jimo re\u017eimu \u201eT20\u201c veikia iki 100 valand\u0173. Nor\u0117dami atnaujinti energij\u0105, naudokite pridedam\u0105 USB-C laid\u0105.<\/p>\n<p><img decoding=\"async\" src=\"https:\/\/b2b.innpro.pl\/data\/include\/cms\/12QCY\/T20-White\/12.jpg\"><\/p>\n<h3>Prakti\u0161ki jutikliniai skydeliai<\/h3>\n<p>D\u0117l intuityvi\u0173 jutiklini\u0173 skydeli\u0173 galite valdyti muzik\u0105 nei\u0161sitraukdami i\u0161maniojo telefono. Tiesiog atlikite reikiam\u0105 paspaudim\u0173 skai\u010di\u0173 ir gal\u0117site greitai bei patogiai sustabdyti arba t\u0119sti atk\u016brim\u0105, \u012fjungti balso asistent\u0105 ir atsiliepti \u012f skambut\u012f. Ausini\u0173 valdymas dar niekada nebuvo toks paprastas!<\/p>\n<p><img decoding=\"async\" src=\"https:\/\/b2b.innpro.pl\/data\/include\/cms\/12QCY\/T20-White\/9.jpg\"><\/p>\n<h3>Puikiai suprojektuotos<\/h3>\n<p>QCY T20 \u2013 tai puikios ausin\u0117s aktyviems \u017emon\u0117ms. Jos yra atsparios vandeniui pagal IXP4 lyg\u012f, tod\u0117l prakaito ir vandens la\u0161ai joms nekelia jokio pavojaus. Taigi galite jas pasiimti \u012f treniruot\u0119 ir m\u0117gautis m\u0117gstama muzika, kad ir kur b\u016btum\u0117te. Taip pat nereikia jaudintis d\u0117l diskomforto \u2013 ma\u017eas svoris ir ergonomi\u0161kas dizainas u\u017etikrina didel\u012f komfort\u0105. Privalumas taip pat yra ma\u017eas dydis, leid\u017eiantis ausines \u012fsid\u0117ti \u012f ki\u0161en\u0119.<\/p>\n<p><img decoding=\"async\" src=\"https:\/\/b2b.innpro.pl\/data\/include\/cms\/12QCY\/T20-White\/7.jpg\"><\/p>\n<h3>Papildomos program\u0117l\u0117s galimyb\u0117s<\/h3>\n<p>Tai dar ne viskas, k\u0105 si\u016blo TWS QCY T20 ausin\u0117s. Nor\u0117dami gauti prieig\u0105 prie kit\u0173 \u012fdomi\u0173 funkcij\u0173, atsisi\u0173skite QCY program\u0117l\u0119 \u2013 ji leid\u017eia reguliuoti ekvalaizer\u012f arba nustatyti re\u017eim\u0105 ir kt. Program\u0117l\u0117 suderinama su \u201eAndroid 6.0\u201c (arba naujesne) ir \u201eiOS 12\u201c (arba naujesne) versijomis, be to, \u201eAndroid\u201c naudotojai gali pasinaudoti langeliu, skirtu lengvai susieti \u012frenginius.<\/p>\n<p><img decoding=\"async\" src=\"https:\/\/b2b.innpro.pl\/data\/include\/cms\/12QCY\/T20-White\/10.jpg\"><\/p>\n<h3>Pridedama<\/h3>\n<ul>\n<li>Ausin\u0117s<\/li>\n<li>\u012ekrovimo d\u0117klas<\/li>\n<li>USB-C \u012fkrovimo laidas<\/li>\n<li>Naudotojo vadovas<\/li>\n<\/ul>\n<div class=\"table-wrapper\">\n<table>\n<tbody>\n<tr>\n<th>Gamintojas<\/th>\n<td>QCY<\/td>\n<\/tr>\n<tr>\n<th>Pavadinimas<\/th>\n<td>AilyPods<\/td>\n<\/tr>\n<tr>\n<th>Modelis<\/th>\n<td>T20<\/td>\n<\/tr>\n<tr>\n<th>Spalva<\/th>\n<td>Balta<\/td>\n<\/tr>\n<tr>\n<th>Susiejimo pavadinimas<\/th>\n<td>QCY AilyPods<\/td>\n<\/tr>\n<tr>\n<th>\u201eBluetooth\u201c versija<\/th>\n<td>5.3<\/td>\n<\/tr>\n<tr>\n<th>\u201eBluetooth\u201c diapazonas<\/th>\n<td>10 m<\/td>\n<\/tr>\n<tr>\n<th>Palaikomos sistemos<\/th>\n<td>\u201eAndroid\u201c, iOS<\/td>\n<\/tr>\n<tr>\n<th>Veikimo laikas<\/th>\n<td>3 val. (telefono skambu\u010diai)<br \/>5,5 val. (muzikos atk\u016brimas)<\/td>\n<\/tr>\n<tr>\n<th>\u012ekrovimo laikas<\/th>\n<td>1,5 val.<\/td>\n<\/tr>\n<tr>\n<th>\u201eBluetooth\u201c profiliai<\/th>\n<td>HFP \/ A2DP \/ AVRCP<\/td>\n<\/tr>\n<tr>\n<th>Akumuliatoriaus talpa<\/th>\n<td>220 mAh (\u012fkrovimo d\u0117klas)<\/td>\n<\/tr>\n<tr>\n<th>Papildomas maitinimo \u0161altinis i\u0161 d\u0117klo<\/th>\n<td>Leid\u017eia \u012fkrauti abi ausines 2,5 karto<\/td>\n<\/tr>\n<tr>\n<th>\u012ekrovimas prievadas<\/th>\n<td>USB-C<\/td>\n<\/tr>\n<tr>\n<th>Atsparus vandeniui<\/th>\n<td>IPX4<\/td>\n<\/tr>\n<tr>\n<th>Matmenys<\/th>\n<td>32,5 x 18,3 x 20,3 mm (ausin\u0117s)<br \/>53,8 x 24,6 x 48,4 mm (\u012fkrovimo d\u0117klas)<\/td>\n<\/tr>\n<\/tbody>\n<\/table>\n<\/div>\n","protected":false},"excerpt":{"rendered":"<p>Ausin\u0117s TWS QCY T20 (baltos) Ie\u0161kote kompakti\u0161k\u0173 ausini\u0173, kurios u\u017etikrint\u0173 auk\u0161tos kokyb\u0117s gars\u0105 ir b\u016bt\u0173 patogios d\u0117v\u0117ti? TWS QCY T20 ausin\u0117s pateisins j\u016bs\u0173 l\u016bkes\u010dius. Jos yra lengvos ir itin kompakti\u0161kos, o su 13 milimetr\u0173 garsiakalbiais garantuoja puiki\u0105 garso kokyb\u0119. \u201eBluetooth 5.3\u201c u\u017etikrina stabil\u0173 ry\u0161\u012f iki 10 metr\u0173 atstumu, o ENC triuk\u0161mo ma\u017einimas leid\u017eia lengvai bendrauti [&#8230;]\n","protected":false},"featured_media":33542,"comment_status":"open","ping_status":"closed","template":"","meta":[],"product_brand":[396],"product_cat":[956],"product_tag":[],"class_list":{"0":"post-33541","1":"product","2":"type-product","3":"status-publish","4":"has-post-thumbnail","6":"product_brand-qcy","7":"product_cat-tws","9":"first","10":"outofstock","11":"taxable","12":"shipping-taxable","13":"purchasable","14":"product-type-simple"},"aioseo_notices":[],"_links":{"self":[{"href":"https:\/\/asura.lv\/lt\/wp-json\/wp\/v2\/product\/33541","targetHints":{"allow":["GET"]}}],"collection":[{"href":"https:\/\/asura.lv\/lt\/wp-json\/wp\/v2\/product"}],"about":[{"href":"https:\/\/asura.lv\/lt\/wp-json\/wp\/v2\/types\/product"}],"replies":[{"embeddable":true,"href":"https:\/\/asura.lv\/lt\/wp-json\/wp\/v2\/comments?post=33541"}],"wp:featuredmedia":[{"embeddable":true,"href":"https:\/\/asura.lv\/lt\/wp-json\/wp\/v2\/media\/33542"}],"wp:attachment":[{"href":"https:\/\/asura.lv\/lt\/wp-json\/wp\/v2\/media?parent=33541"}],"wp:term":[{"taxonomy":"product_brand","embeddable":true,"href":"https:\/\/asura.lv\/lt\/wp-json\/wp\/v2\/product_brand?post=33541"},{"taxonomy":"product_cat","embeddable":true,"href":"https:\/\/asura.lv\/lt\/wp-json\/wp\/v2\/product_cat?post=33541"},{"taxonomy":"product_tag","embeddable":true,"href":"https:\/\/asura.lv\/lt\/wp-json\/wp\/v2\/product_tag?post=33541"}],"curies":[{"name":"wp","href":"https:\/\/api.w.org\/{rel}","templated":true}]}}