{"id":33613,"date":"2025-11-28T20:49:06","date_gmt":"2025-11-28T20:49:06","guid":{"rendered":"https:\/\/asura.lv\/product\/powerbank-romoss-pea30-30000mah-black\/"},"modified":"2025-12-12T15:32:02","modified_gmt":"2025-12-12T13:32:02","slug":"powerbank-romoss-pea30-30000mah-black","status":"publish","type":"product","link":"https:\/\/asura.lv\/lt\/produktas\/powerbank-romoss-pea30-30000mah-black\/","title":{"rendered":"Powerbank Romoss PEA30 30000mAh (juoda)"},"content":{"rendered":"<h3>\u201eRomoss PEA30\u201c i\u0161orin\u0117 baterija 30000mAh (juoda)<\/h3>\n<p>Greitai ir saugiai \u012fkraukite savo \u012frang\u0105. \u201eRomoss PEA30\u201c i\u0161orin\u0117 baterija i\u0161siskiria 30 000 mAh talpa ir greitu 30 vat\u0173 \u012fkrovimu. Be to, galite \u012fkrauti 3 \u012frenginius vienu metu, nes yra 2 USB ir USB-C prievadai. Be to, ji atitinka saugos standartus, tod\u0117l jums nereikia jaudintis d\u0117l \u012frenginio sugadinimo.<\/p>\n<p><img decoding=\"async\" src=\"https:\/\/b2b.innpro.pl\/data\/include\/cms\/Romoss\/Powerbank-PEA30-30000mAh-black\/5.jpg\"><\/p>\n<h3>Akimirksniu atnaujinkite savo \u012frenginio energij\u0105<\/h3>\n<p>I\u0161orin\u0117 baterija palaiko tokius greito \u012fkrovimo protokolus kaip PD 30W, PD 27W, AFC 25W ir QC 3.0 18W. Taigi, \u201eiPhone 13 Pro Max\u201c \u012fkrauti iki 55 %, o \u201eSamsung S21 Ultra\u201c \u2013 iki 40 %, u\u017etrunka tik apie 30 minu\u010di\u0173. Be to, USB x2 ir USB-C prievadai leid\u017eia vienu metu \u012fkrauti 3 \u012frenginius, taip sutaupant laiko.<\/p>\n<p><img decoding=\"async\" src=\"https:\/\/b2b.innpro.pl\/data\/include\/cms\/Romoss\/Powerbank-PEA30-30000mAh-black\/2.jpg\"><\/p>\n<h3>Platus suderinamumas<\/h3>\n<p>Nerimaujate, kad j\u016bs\u0173 \u012franga neveiks su \u201eRomoss PEA30\u201c? Nesijaudinkite! Gamintojas \u012f suderinamumo s\u0105ra\u0161\u0105 \u012ftrauk\u0117 tokius \u012frenginius kaip \u201eiPad Air\u201c, \u201eiPhone 13\u201c, \u201eSamsung Galaxy S22\u201c ir kt.<\/p>\n<p><img decoding=\"async\" src=\"https:\/\/b2b.innpro.pl\/data\/include\/cms\/Romoss\/Powerbank-PEA30-30000mAh-black\/6.jpg\"><\/p>\n<h3>Talpa \u2013 30000 mAh<\/h3>\n<p>\u012erenginys turi baterij\u0105, kurios med\u017eiagas taip pat naudoja \u201eApple\u201c ir \u201eTesla\u201c, ir si\u016blo 750 \u012fkrovimo cikl\u0173. Be to, 30 vat\u0173 galia u\u017etikrina 33 % greitesn\u012f \u012fkrovim\u0105 nei \u012fprastas \u012fkrovimas. D\u0117l to \u012frenginio \u012fkrovimo laikas yra apie 5,5 val.<\/p>\n<p><img decoding=\"async\" src=\"https:\/\/b2b.innpro.pl\/data\/include\/cms\/Romoss\/Powerbank-PEA30-30000mAh-black\/4.jpg\"><\/p>\n<h3>Naudojimo saugumas<\/h3>\n<p>\u201eRomoss PEA30\u201c sukurtas taip, kad b\u016bt\u0173 saugus naudoti. Jame \u012frengtas NTC jutiklis, kuris stebi akumuliatoriaus temperat\u016br\u0105. Be to, jis reguliuoja \u012ftamp\u0105 ir srov\u0117s stiprum\u0105 pagal prijungt\u0105 \u012frengin\u012f. Jis taip pat atitinka tarptautinius saugos standartus (CE, RoHS ir FCC), tod\u0117l galite b\u016bti tikri, kad j\u016bs\u0173 \u012frenginys yra apsaugotas nuo pa\u017eeidim\u0173.<\/p>\n<p><img decoding=\"async\" src=\"https:\/\/b2b.innpro.pl\/data\/include\/cms\/Romoss\/Powerbank-PEA30-30000mAh-black\/3.jpg\"><\/p>\n<h3>Pridedama<\/h3>\n<ul>\n<li>i\u0161orin\u0117 baterija<\/li>\n<li>USB laidas<\/li>\n<li>naudotojo vadovas<\/li>\n<\/ul>\n<div class=\"table-wrapper\">\n<table>\n<tbody>\n<tr>\n<th>Gamintojas<\/th>\n<td>Romoss<\/td>\n<\/tr>\n<tr>\n<th>Modelis<\/th>\n<td>PEA30<\/td>\n<\/tr>\n<tr>\n<th>Spalva<\/th>\n<td>juoda<\/td>\n<\/tr>\n<tr>\n<th>\u012ekraunama baterija<\/th>\n<td>li\u010dio jon\u0173<\/td>\n<\/tr>\n<tr>\n<th>Nominali galia<\/th>\n<td>111 Wh<\/td>\n<\/tr>\n<tr>\n<th>Nominali talpa<\/th>\n<td>18000 mAh (5 V \/ 3 A)<\/td>\n<\/tr>\n<tr>\n<th>Talpa<\/th>\n<td>30000 mAh<\/td>\n<\/tr>\n<tr>\n<th>\u012e\u0117jimo \u012ftampa<\/th>\n<td>\n<p>USB-C: 5 V \/ 3 A, 9 V \/ 3 A, 12 V \/ 2,5 A, 15 V \/ 2 A, 20 V \/ 1,5 A<\/p>\n<p><strong><span>USB: 4,5 V \/ 5 A, 5 V \/ 4,5 A, 9 V \/ 2 A, 12 V \/ 1,5 A<\/span><\/strong><\/p>\n<\/td>\n<\/tr>\n<tr>\n<th>I\u0161\u0117jimo \u012ftampa<\/th>\n<td>\n<p>USB-C: 5 V \/ 3 A, 9 V \/ 3 A, 12 V \/ 2,5 A, 15 V \/ 2 A, 20 V \/ 1,5 A<\/p>\n<p><strong><span>\u201emicro USB\u201c: 5 V \/ 2 A, 9 V \/ 2 A<\/span><\/strong><\/p>\n<p><strong><span>\u201eLightning\u201c: 5 V \/ 2 A, 9 V \/ 2 A; maks. 5 V \/ 3 A\u00a0<\/span><\/strong><\/p>\n<\/td>\n<\/tr>\n<tr>\n<th>Matmenys<\/th>\n<td>apytiksliai 69 x 81,5 x 33,5 mm<\/td>\n<\/tr>\n<tr>\n<th>Svoris<\/th>\n<td>apytiksliai 660 g<\/td>\n<\/tr>\n<\/tbody>\n<\/table>\n<\/div>\n","protected":false},"excerpt":{"rendered":"<p>\u201eRomoss PEA30\u201c i\u0161orin\u0117 baterija 30000mAh (juoda) Greitai ir saugiai \u012fkraukite savo \u012frang\u0105. \u201eRomoss PEA30\u201c i\u0161orin\u0117 baterija i\u0161siskiria 30 000 mAh talpa ir greitu 30 vat\u0173 \u012fkrovimu. Be to, galite \u012fkrauti 3 \u012frenginius vienu metu, nes yra 2 USB ir USB-C prievadai. Be to, ji atitinka saugos standartus, tod\u0117l jums nereikia jaudintis d\u0117l \u012frenginio sugadinimo. Akimirksniu [&#8230;]\n","protected":false},"featured_media":33614,"comment_status":"open","ping_status":"closed","template":"","meta":[],"product_brand":[430],"product_cat":[1025],"product_tag":[],"class_list":{"0":"post-33613","1":"product","2":"type-product","3":"status-publish","4":"has-post-thumbnail","6":"product_brand-romoss","7":"product_cat-powerbanks","9":"first","10":"outofstock","11":"taxable","12":"shipping-taxable","13":"purchasable","14":"product-type-simple"},"aioseo_notices":[],"_links":{"self":[{"href":"https:\/\/asura.lv\/lt\/wp-json\/wp\/v2\/product\/33613","targetHints":{"allow":["GET"]}}],"collection":[{"href":"https:\/\/asura.lv\/lt\/wp-json\/wp\/v2\/product"}],"about":[{"href":"https:\/\/asura.lv\/lt\/wp-json\/wp\/v2\/types\/product"}],"replies":[{"embeddable":true,"href":"https:\/\/asura.lv\/lt\/wp-json\/wp\/v2\/comments?post=33613"}],"wp:featuredmedia":[{"embeddable":true,"href":"https:\/\/asura.lv\/lt\/wp-json\/wp\/v2\/media\/33614"}],"wp:attachment":[{"href":"https:\/\/asura.lv\/lt\/wp-json\/wp\/v2\/media?parent=33613"}],"wp:term":[{"taxonomy":"product_brand","embeddable":true,"href":"https:\/\/asura.lv\/lt\/wp-json\/wp\/v2\/product_brand?post=33613"},{"taxonomy":"product_cat","embeddable":true,"href":"https:\/\/asura.lv\/lt\/wp-json\/wp\/v2\/product_cat?post=33613"},{"taxonomy":"product_tag","embeddable":true,"href":"https:\/\/asura.lv\/lt\/wp-json\/wp\/v2\/product_tag?post=33613"}],"curies":[{"name":"wp","href":"https:\/\/api.w.org\/{rel}","templated":true}]}}