{"id":33679,"date":"2025-11-28T20:49:00","date_gmt":"2025-11-28T20:49:00","guid":{"rendered":"https:\/\/asura.lv\/product\/computer-case-darkflash-dk100-black\/"},"modified":"2025-12-12T15:31:57","modified_gmt":"2025-12-12T13:31:57","slug":"computer-case-darkflash-dk100-black","status":"publish","type":"product","link":"https:\/\/asura.lv\/lt\/produktas\/computer-case-darkflash-dk100-black\/","title":{"rendered":"Kompiuterio korpusas Darkflash DK100 (juodas)"},"content":{"rendered":"<h3>\u201eDarkflash DK100\u201c kompiuterio korpusas<\/h3>\n<p>Norite surinkti kompiuter\u012f, su kuriuo gal\u0117tum\u0117te gerai dirbti ar net \u017eaisti? \u201eDarkflash DK100\u201c korpusas jums pad\u0117s tai padaryti! Produktas si\u016blo daugyb\u0119 i\u0161pl\u0117timo galimybi\u0173 ir yra apr\u016bpintas keliais pagrindiniais prievadais, \u012fskaitant USB 3.0 ir ausini\u0173 i\u0161vest\u012f. Minimalistinis priekinis skydelis suteiks j\u016bs\u0173 \u012frangai eleganti\u0161k\u0105 charakter\u012f, o permatomas \u0161oninis skydelis leis jums, pavyzd\u017eiui, matyti komponentus su foniniu ap\u0161vietimu.<\/p>\n<p><img decoding=\"async\" src=\"https:\/\/b2b.innpro.pl\/data\/include\/cms\/05Darkflash\/DK100-Black\/1.jpg\"><\/p>\n<h3>Keli galimi prievadai<\/h3>\n<p>Sukurkite sau kompiuter\u012f, su kuriuo jums bus patogu dirbti. DK100 korpusas si\u016blo kelet\u0105 prakti\u0161k\u0173 prievad\u0173 ir mygtuk\u0173. Be kita ko, yra 2 USB 2.0 prievadai, mikrofono \u012fvestis, ausini\u0173 i\u0161vestis, taip pat maitinimo ir atstatymo mygtukai. Taip pat yra USB 3.0 prievadas, tod\u0117l galite akimirksniu perkelti failus ir m\u0117gautis greitu \u012frengini\u0173 \u012fkrovimu.<\/p>\n<p><img decoding=\"async\" src=\"https:\/\/b2b.innpro.pl\/data\/include\/cms\/05Darkflash\/DK100-Black\/2.jpg\"><\/p>\n<h3>Apgalvotas dizainas<\/h3>\n<p>DK100 \u0161oninis skydelis yra skaidrus, tod\u0117l galite gauti \u012fdomi\u0173 vaizdini\u0173 efekt\u0173 su RGB foniniu ap\u0161vietimu. Be to, jam montuoti buvo naudojami nyk\u0161tukiniai var\u017etai, tod\u0117l prireikus galite lengvai j\u012f atidaryti ir pakeisti pasirinktus komponentus arba i\u0161valyti korpuso vid\u0173. Taip pat verta pamin\u0117ti minimalistin\u012f, lyg\u0173 priekin\u012f skydel\u012f, kuris suteiks j\u016bs\u0173 kompiuteriui eleganti\u0161k\u0105, modern\u0173 charakter\u012f.<\/p>\n<p><img decoding=\"async\" src=\"https:\/\/b2b.innpro.pl\/data\/include\/cms\/05Darkflash\/DK100-Black\/10.jpg\"><\/p>\n<h3>Daug galimybi\u0173<\/h3>\n<p>Sukurkite savo svajoni\u0173 aparatin\u0117s \u012frangos konfig\u016bracij\u0105. DK100 korpusas leid\u017eia montuoti 300 mm vaizdo plok\u0161t\u0119 ir 160 mm auk\u0161\u010dio procesoriaus au\u0161intuv\u0105. Yra iki 7 lizd\u0173 i\u0161pl\u0117timo plok\u0161t\u0117ms, taip pat galite \u012fdiegti HDD arba SSD stand\u017eiuosius diskus. Produktas suderinamas su ATX, M-ATX ir ITX pagrindini\u0173 plok\u0161\u010di\u0173 standartais. Jis taip pat leid\u017eia montuoti 3 ventiliatorius arba 2 vandens au\u0161intuvus. Maitinimo \u0161altinio \u012frengimo vieta yra korpuso apa\u010dioje.<\/p>\n<p><img decoding=\"async\" src=\"https:\/\/b2b.innpro.pl\/data\/include\/cms\/05Darkflash\/DK100-Black\/5.jpg\"><\/p>\n<div class=\"table-wrapper\">\n<table>\n<tbody>\n<tr>\n<th>Prek\u0117s \u017eenklas<\/th>\n<td>Darkflash<\/td>\n<\/tr>\n<tr>\n<th>Modelis<\/th>\n<td>DK100<\/td>\n<\/tr>\n<tr>\n<th>Spalva<\/th>\n<td>Juoda<\/td>\n<\/tr>\n<tr>\n<th>Korpuso tipas<\/th>\n<td>Vidurinis bok\u0161tas<\/td>\n<\/tr>\n<tr>\n<th>Pagrindin\u0117s plok\u0161t\u0117s standartas<\/th>\n<td>ATX, M-ATX, ITX<\/td>\n<\/tr>\n<tr>\n<th>\u0160onas skydelis<\/th>\n<td>Gr\u016bdintas stiklas<\/td>\n<\/tr>\n<tr>\n<th>Priekinis skydelis<\/th>\n<td>Metalas<\/td>\n<\/tr>\n<tr>\n<th>Matmenys<\/th>\n<td>336 x 220 x 442 mm<\/td>\n<\/tr>\n<tr>\n<th>Disk\u0173 tvirtinimo vietos<\/th>\n<td>HDD x2;<br \/>SSD x 2\/3;<\/td>\n<\/tr>\n<tr>\n<th>I\u0161pl\u0117timo korteli\u0173 lizdai<\/th>\n<td>7<\/td>\n<\/tr>\n<tr>\n<th>Maksimalus vaizdo plok\u0161t\u0117s ilgis<\/th>\n<td>300 mm<\/td>\n<\/tr>\n<tr>\n<th>Maksimalus procesoriaus au\u0161inimo auk\u0161tis<\/th>\n<td>160 mm<\/td>\n<\/tr>\n<tr>\n<th>Maitinimo \u0161altinio tvirtinimas vieta<\/th>\n<td>Apa\u010dia<\/td>\n<\/tr>\n<tr>\n<th>Ventiliatoriaus tvirtinimo parinktys<\/th>\n<td>Gale: 120 mm ventiliatorius x1;<br \/>Vir\u0161uje: 120 mm ventiliatorius x2;<\/p>\n<p>(be ventiliatori\u0173)<\/td>\n<\/tr>\n<tr>\n<th>Vandens au\u0161inimo tvirtinimo parinktys<\/th>\n<td>Gale: 120 mm vandens au\u0161inimas;<br \/>Vir\u0161uje: 240 mm vandens au\u0161inimas;<\/td>\n<\/tr>\n<tr>\n<th>Priekinio skydelio jungtys<\/th>\n<td>USB 3.0 x1, USB 2.0 x2, ausini\u0173 \/ garsiakalbio i\u0161vestis, mikrofono \u012fvestis, maitinimas, atstatymas, LED<\/td>\n<\/tr>\n<\/tbody>\n<\/table>\n<\/div>\n","protected":false},"excerpt":{"rendered":"<p>\u201eDarkflash DK100\u201c kompiuterio korpusas Norite surinkti kompiuter\u012f, su kuriuo gal\u0117tum\u0117te gerai dirbti ar net \u017eaisti? \u201eDarkflash DK100\u201c korpusas jums pad\u0117s tai padaryti! Produktas si\u016blo daugyb\u0119 i\u0161pl\u0117timo galimybi\u0173 ir yra apr\u016bpintas keliais pagrindiniais prievadais, \u012fskaitant USB 3.0 ir ausini\u0173 i\u0161vest\u012f. Minimalistinis priekinis skydelis suteiks j\u016bs\u0173 \u012frangai eleganti\u0161k\u0105 charakter\u012f, o permatomas \u0161oninis skydelis leis jums, pavyzd\u017eiui, matyti [&#8230;]\n","protected":false},"featured_media":33680,"comment_status":"open","ping_status":"closed","template":"","meta":[],"product_brand":[316],"product_cat":[1310],"product_tag":[],"class_list":{"0":"post-33679","1":"product","2":"type-product","3":"status-publish","4":"has-post-thumbnail","6":"product_brand-darkflash","7":"product_cat-without-fan","9":"first","10":"outofstock","11":"taxable","12":"shipping-taxable","13":"purchasable","14":"product-type-simple"},"aioseo_notices":[],"_links":{"self":[{"href":"https:\/\/asura.lv\/lt\/wp-json\/wp\/v2\/product\/33679","targetHints":{"allow":["GET"]}}],"collection":[{"href":"https:\/\/asura.lv\/lt\/wp-json\/wp\/v2\/product"}],"about":[{"href":"https:\/\/asura.lv\/lt\/wp-json\/wp\/v2\/types\/product"}],"replies":[{"embeddable":true,"href":"https:\/\/asura.lv\/lt\/wp-json\/wp\/v2\/comments?post=33679"}],"wp:featuredmedia":[{"embeddable":true,"href":"https:\/\/asura.lv\/lt\/wp-json\/wp\/v2\/media\/33680"}],"wp:attachment":[{"href":"https:\/\/asura.lv\/lt\/wp-json\/wp\/v2\/media?parent=33679"}],"wp:term":[{"taxonomy":"product_brand","embeddable":true,"href":"https:\/\/asura.lv\/lt\/wp-json\/wp\/v2\/product_brand?post=33679"},{"taxonomy":"product_cat","embeddable":true,"href":"https:\/\/asura.lv\/lt\/wp-json\/wp\/v2\/product_cat?post=33679"},{"taxonomy":"product_tag","embeddable":true,"href":"https:\/\/asura.lv\/lt\/wp-json\/wp\/v2\/product_tag?post=33679"}],"curies":[{"name":"wp","href":"https:\/\/api.w.org\/{rel}","templated":true}]}}