{"id":34015,"date":"2025-11-28T20:48:30","date_gmt":"2025-11-28T20:48:30","guid":{"rendered":"https:\/\/asura.lv\/product\/3-slot-waterproof-charger-telesin-allin-box-for-gopro-hero-9-hero-10-hero-11-hero-12-3-batteries-gp-btr-906-gy-b\/"},"modified":"2025-12-12T15:31:33","modified_gmt":"2025-12-12T13:31:33","slug":"3-slot-waterproof-charger-telesin-allin-box-for-gopro-hero-9-hero-10-hero-11-hero-12-3-batteries-gp-btr-906-gy-b","status":"publish","type":"product","link":"https:\/\/asura.lv\/lt\/produktas\/3-slot-waterproof-charger-telesin-allin-box-for-gopro-hero-9-hero-10-hero-11-hero-12-3-batteries-gp-btr-906-gy-b\/","title":{"rendered":"3 lizd\u0173 vandeniui atsparus \u012fkroviklis \u201eTelesin Allin\u201c d\u0117\u017eut\u0117je, skirtas \u201eGoPro Hero 9 \/ Hero 10 \/ Hero 11 \/ Hero 12\u201c + 3 baterijos (GP-BTR-906-GY-B)"},"content":{"rendered":"<h3>\u201eAllin box Telesin\u201c vandeniui atsparus trij\u0173 kanal\u0173 \u012fkroviklis, skirtas \u201eGoPro Hero 9\u201c \/ \u201eHero 10\u201c + 3 baterijoms (GP-BTR-906-GY-B)<\/h3>\n<p>\u0160is prakti\u0161kas \u201eTelesin\u201c rinkinys labai palengvins \u201eGoPro Hero 9\u201c ir \u201eHero 10\u201c kamer\u0173 naudojim\u0105. \u012ekroviklis palaiko greit\u0105 iki 3 baterij\u0173 \u012fkrovim\u0105 vienu metu. Jis taip pat pravers kaip atminties korteli\u0173 skaitytuvas \u2013 leid\u017eia akimirksniu perkelti failus. Jis taip pat yra itin lengvas ir patogus, o d\u0117l IP54 atsparumo vandeniui galite j\u012f naudoti kiekvien\u0105 dien\u0105 be joki\u0173 r\u016bpes\u010di\u0173.<\/p>\n<p><img decoding=\"async\" src=\"https:\/\/b2b.innpro.pl\/data\/include\/cms\/Telesin\/GP-BTR-906-GY-B\/1.jpg\"><\/p>\n<h3>M\u0117gaukit\u0117s greito \u012fkrovimo privalumais<\/h3>\n<p>D\u0117l greito \u012fkrovimo j\u016bs\u0173 sporto kamera v\u0117l bus labai greitai paruo\u0161ta naudoti. \u012ekrovikliu galite vienu metu \u012fkrauti iki trij\u0173 baterij\u0173 \u2013 pilnai \u012fkrauti jas visas u\u017etrunka tik apie 2,5 valandos! Tai rei\u0161kia, kad per labai trump\u0105 laik\u0105 gal\u0117site v\u0117l kurti \u012fsp\u016bdingus kadrus. <\/p>\n<p><img decoding=\"async\" src=\"https:\/\/b2b.innpro.pl\/data\/include\/cms\/Telesin\/GP-BTR-906-GY-B\/2.jpg\"><\/p>\n<h3>\u012ekroviklis ir TF korteli\u0173 skaitytuvas viename<\/h3>\n<p>Reikia patikimo TF korteli\u0173 skaitytuvo? \u201eTelesin\u201c \u012fkroviklis taip pat j\u016bs\u0173 nenuvils. Jis palaiko itin greit\u0105 fail\u0173 perdavimo protokol\u0105 per USB. 1 GB duomen\u0173 nukopijuoti u\u017etrunka tik minut\u0119! Tod\u0117l \u0161is daugiafunkcis \u012frenginys bus nepakei\u010diamas daugelyje situacij\u0173.<\/p>\n<p><img decoding=\"async\" src=\"https:\/\/b2b.innpro.pl\/data\/include\/cms\/Telesin\/GP-BTR-906-GY-B\/5.jpg\"><\/p>\n<h3>Neribotas \u012fra\u0161ymas<\/h3>\n<p>Komplekte esan\u010dios baterijos gali \u017eymiai pailginti j\u016bs\u0173 kameros veikimo laik\u0105. Jos visi\u0161kai suderinamos su \u201eGoPro Hero 9\u201c ir \u201eHero 10\u201c \u2013 jums nereik\u0117s jaudintis d\u0117l klaid\u0173 ar kit\u0173 problem\u0173. Nuo \u0161iol galite \u012fra\u0161in\u0117ti ilgas valandas nesijaudindami, kad j\u016bs\u0173 \u012franga per greitai i\u0161sikraus!<\/p>\n<p><img decoding=\"async\" src=\"https:\/\/b2b.innpro.pl\/data\/include\/cms\/Telesin\/GP-BTR-906-GY-B\/4.jpg\"><\/p>\n<h3>Fantasti\u0161kas dizainas<\/h3>\n<p>\u012ekroviklis pasi\u017eymi stilingu, ta\u010diau funkcionaliu dizainu. Jame telpa 3 baterijos ir 3 TF kortel\u0117s. Jis sveria tik 147,6 g, o d\u0117l kompakti\u0161ko dyd\u017eio j\u012f lengvai tilpsite \u012f kuprin\u0119 ar rankin\u0119. \u012erengin\u012f galite lengvai transportuoti trumpu dir\u017eeliu, kuriuo galite j\u012f pritvirtinti prie krep\u0161io arba pakabinti ant pir\u0161to. Be to, IP54 atsparumo vandeniui \u012fvertinimas rei\u0161kia, kad jums nereikia nerimauti, jog nety\u010dia apta\u0161kysite \u012fkrovikl\u012f.<\/p>\n<p><img decoding=\"async\" src=\"https:\/\/b2b.innpro.pl\/data\/include\/cms\/Telesin\/GP-BTR-906-GY-B\/3.jpg\"><\/p>\n<h3>Pridedama <\/h3>\n<ul>\n<li>3 baterijos <\/li>\n<li>\u012ekrovimo laidas <\/li>\n<li>D\u0117klas su \u012fkrovimo funkcija <\/li>\n<\/ul>\n<div class=\"table-wrapper\">\n<table>\n<tbody>\n<tr>\n<th>Gamintojas <\/th>\n<td>Telesin<\/td>\n<\/tr>\n<tr>\n<th>Modelis <\/th>\n<td>GP-BTR-905-GY<\/td>\n<\/tr>\n<tr>\n<th>Suderinamumas <\/th>\n<td>GoPro Hero 9 \/ Hero 10<\/td>\n<\/tr>\n<tr>\n<th>Vaga <\/th>\n<td>147,6 g<\/td>\n<\/tr>\n<tr>\n<th>Interfejai <\/th>\n<td>C tipas<\/td>\n<\/tr>\n<tr>\n<th>Pr\u0414\u2122dko\u0415\u203a\u0414\u2021 transmisji <\/th>\n<td>20 MB\/S<\/td>\n<\/tr>\n<tr>\n<th>Protok\u0413\u0456\u0415\u201a transmisji <\/th>\n<td>Micro-B USB 2.0<\/td>\n<\/tr>\n<tr>\n<th>Spalva <\/th>\n<td>szary<\/td>\n<\/tr>\n<\/tbody>\n<\/table>\n<\/div>\n","protected":false},"excerpt":{"rendered":"<p>\u201eAllin box Telesin\u201c vandeniui atsparus trij\u0173 kanal\u0173 \u012fkroviklis, skirtas \u201eGoPro Hero 9\u201c \/ \u201eHero 10\u201c + 3 baterijoms (GP-BTR-906-GY-B) \u0160is prakti\u0161kas \u201eTelesin\u201c rinkinys labai palengvins \u201eGoPro Hero 9\u201c ir \u201eHero 10\u201c kamer\u0173 naudojim\u0105. \u012ekroviklis palaiko greit\u0105 iki 3 baterij\u0173 \u012fkrovim\u0105 vienu metu. Jis taip pat pravers kaip atminties korteli\u0173 skaitytuvas \u2013 leid\u017eia akimirksniu perkelti failus. [&#8230;]\n","protected":false},"featured_media":34016,"comment_status":"open","ping_status":"closed","template":"","meta":[],"product_brand":[296],"product_cat":[938],"product_tag":[],"class_list":{"0":"post-34015","1":"product","2":"type-product","3":"status-publish","4":"has-post-thumbnail","6":"product_brand-telesin","7":"product_cat-for-sports-cameras","9":"first","10":"outofstock","11":"taxable","12":"shipping-taxable","13":"purchasable","14":"product-type-simple"},"aioseo_notices":[],"_links":{"self":[{"href":"https:\/\/asura.lv\/lt\/wp-json\/wp\/v2\/product\/34015","targetHints":{"allow":["GET"]}}],"collection":[{"href":"https:\/\/asura.lv\/lt\/wp-json\/wp\/v2\/product"}],"about":[{"href":"https:\/\/asura.lv\/lt\/wp-json\/wp\/v2\/types\/product"}],"replies":[{"embeddable":true,"href":"https:\/\/asura.lv\/lt\/wp-json\/wp\/v2\/comments?post=34015"}],"wp:featuredmedia":[{"embeddable":true,"href":"https:\/\/asura.lv\/lt\/wp-json\/wp\/v2\/media\/34016"}],"wp:attachment":[{"href":"https:\/\/asura.lv\/lt\/wp-json\/wp\/v2\/media?parent=34015"}],"wp:term":[{"taxonomy":"product_brand","embeddable":true,"href":"https:\/\/asura.lv\/lt\/wp-json\/wp\/v2\/product_brand?post=34015"},{"taxonomy":"product_cat","embeddable":true,"href":"https:\/\/asura.lv\/lt\/wp-json\/wp\/v2\/product_cat?post=34015"},{"taxonomy":"product_tag","embeddable":true,"href":"https:\/\/asura.lv\/lt\/wp-json\/wp\/v2\/product_tag?post=34015"}],"curies":[{"name":"wp","href":"https:\/\/api.w.org\/{rel}","templated":true}]}}