{"id":34159,"date":"2025-11-28T20:45:18","date_gmt":"2025-11-28T20:45:18","guid":{"rendered":"https:\/\/asura.lv\/product\/3-slot-waterproof-charger-telesin-allin-box-2-batteries-for-gopro-hero-12-11-10-9\/"},"modified":"2025-12-12T15:29:01","modified_gmt":"2025-12-12T13:29:01","slug":"3-slot-waterproof-charger-telesin-allin-box-2-batteries-for-gopro-hero-12-11-10-9","status":"publish","type":"product","link":"https:\/\/asura.lv\/lt\/produktas\/3-slot-waterproof-charger-telesin-allin-box-2-batteries-for-gopro-hero-12-11-10-9\/","title":{"rendered":"3 lizd\u0173 vandeniui atsparus \u012fkroviklis \u201eTelesin Allin\u201c d\u0117\u017eut\u0117je + 2 baterijos, skirtos \u201eGoPro Hero 12 \/ 11 \/ 10 \/ 9\u201c"},"content":{"rendered":"<h3>\u012ekroviklis ir 2 baterij\u0173 rinkinys, skirtas \u201eGoPro Hero 9 \/ Hero 10 \/ Hero 11 \/ Hero 12 Telesin GP-BTR-905-GY<\/h3>\n<p>\u0160is prakti\u0161kas \u201eTelesin\u201c rinkinys labai palengvins \u201eGoPro Hero 9\/10\/11\/12\u201c naudojim\u0105. \u012ekroviklis palaiko greit\u0105 iki 3 baterij\u0173 \u012fkrovim\u0105 vienu metu. Jis taip pat pravers kaip atminties korteli\u0173 skaitytuvas \u2013 leid\u017eia akimirksniu perkelti failus. Jis taip pat yra itin lengvas ir patogus, o d\u0117l atsparumo vandeniui IP54 galite j\u012f naudoti kiekvien\u0105 dien\u0105 be r\u016bpes\u010di\u0173.<\/p>\n<p><img decoding=\"async\" src=\"https:\/\/b2b.innpro.pl\/data\/include\/cms\/Edyta\/telesin\/GP-BTR-905-GY\/10fc8ca139.jpg\" border=\"0\" alt=\"Edyta\/telesin\/GP-BTR-905-GY\/10fc8ca139\" \/><\/p>\n<h3>M\u0117gaukit\u0117s greito \u012fkrovimo privalumais<\/h3>\n<p>Naudodami greit\u0105 \u012fkrovim\u0105, j\u016bs\u0173 veiksmo kamera bus labai greitai paruo\u0161ta naudoti. Su \u201eTelesin\u201c \u012frenginiu galite vienu metu \u012fkrauti iki 3 baterij\u0173 \u2013 visi\u0161kas \u012fkrovimas trunka tik apie 2,5 valandos! Tai rei\u0161kia, kad per labai trump\u0105 laik\u0105 gal\u0117site v\u0117l kurti \u012fsp\u016bdingus kadrus.<\/p>\n<p><img decoding=\"async\" src=\"https:\/\/b2b.innpro.pl\/data\/include\/cms\/Edyta\/telesin\/GP-BTR-905-GY\/8f2100c4eb.jpg\" border=\"0\" alt=\"Edyta\/telesin\/GP-BTR-905-GY\/8f2100c4eb\" \/><\/p>\n<h3>\u012ekroviklis ir TF korteli\u0173 skaitytuvas viename<\/h3>\n<p>Reikia patikimo TF korteli\u0173 skaitytuvo? \u201eTelesin\u201c prek\u0117s \u017eenklo \u012fkroviklis taip pat j\u016bs\u0173 nenuvils. Jis palaiko itin greit\u0105 fail\u0173 perdavimo protokol\u0105 per USB. 1 GB duomen\u0173 nukopijuoti u\u017etrunka tik minut\u0119! Tod\u0117l \u0161is daugiafunkcis \u012frenginys bus nepakei\u010diamas daugelyje situacij\u0173.<\/p>\n<p><img decoding=\"async\" src=\"https:\/\/b2b.innpro.pl\/data\/include\/cms\/Edyta\/telesin\/GP-BTR-905-GY\/79a7cd4342.jpg\" border=\"0\" alt=\"Edyta\/telesin\/GP-BTR-905-GY\/79a7cd4342\" \/><\/p>\n<h3>Neribotas \u012fra\u0161ymas<\/h3>\n<p>Rinkinyje esan\u010dios baterijos yra 1750 mAh talpos, o tai rei\u0161kia, kad jos gali \u017eymiai pailginti j\u016bs\u0173 kameros veikimo laik\u0105. Jos visi\u0161kai suderinamos su \u201eGoPro Hero 9\/10\/11\/12\u201c \u2013 jums nereikia jaudintis d\u0117l klaid\u0173 ar kit\u0173 problem\u0173. Nuo \u0161iol galite \u012fra\u0161in\u0117ti ilgas valandas nesijaudindami, kad j\u016bs\u0173 \u012franga per greitai i\u0161sikraus!<\/p>\n<p><img decoding=\"async\" src=\"https:\/\/b2b.innpro.pl\/data\/include\/cms\/Edyta\/telesin\/GP-BTR-905-GY\/db30bee1da.jpg\" border=\"0\" alt=\"Edyta\/telesin\/GP-BTR-905-GY\/db30bee1da\" \/><\/p>\n<h3>Fantasti\u0161kas dizainas<\/h3>\n<p>\u012ekroviklis pasi\u017eymi stilingu, ta\u010diau funkcionaliu dizainu. Jame telpa 3 baterijos ir 3 TF kortel\u0117s. Jis sveria tik 147,6 g, o d\u0117l kompakti\u0161ko dyd\u017eio j\u012f lengvai tilpsite \u012f kuprin\u0119 ar rankin\u0119. \u012erengin\u012f galite lengvai transportuoti trumpu dir\u017eeliu, kuriuo galite j\u012f pritvirtinti prie krep\u0161io arba pakabinti ant pir\u0161to. Be to, IP54 atsparumo vandeniui \u012fvertinimas rei\u0161kia, kad jums nereikia nerimauti, jog nety\u010dia apta\u0161kysite \u012fkrovikl\u012f.<\/p>\n<p><img decoding=\"async\" src=\"https:\/\/b2b.innpro.pl\/data\/include\/cms\/Edyta\/telesin\/GP-BTR-905-GY\/0edb58253e.jpg\" border=\"0\" alt=\"Edyta\/telesin\/GP-BTR-905-GY\/0edb58253e\" \/><\/p>\n<h3>Pakuot\u0117s s\u0105ra\u0161as<\/h3>\n<ul>\n<li>d\u0117klas su \u012fkrovimo funkcija<\/li>\n<li>\u012fkrovimo laidas<\/li>\n<li>2 baterijos<\/li>\n<\/ul>\n<div class=\"table-wrapper\">\n<table>\n<tbody>\n<tr>\n<th>Prek\u0117s \u017eenklas<\/th>\n<td>Telesin<\/td>\n<\/tr>\n<tr>\n<th>Modelis<\/th>\n<td>GP-BTR-905-GY<\/td>\n<\/tr>\n<tr>\n<th>Med\u017eiaga<\/th>\n<td>Silicio gelis<\/td>\n<\/tr>\n<tr>\n<th>Suderinamumas<\/th>\n<td>GoPro Hero 12<br \/>GoPro Hero 11<br \/>GoPro Hero 10<br \/>GoPro Hero 9<\/td>\n<\/tr>\n<tr>\n<th>Svoris<\/th>\n<td>147,6 g<\/td>\n<\/tr>\n<tr>\n<th>Matmenys<\/th>\n<td>72,9 x 68,2 x 82,9 mm<\/td>\n<\/tr>\n<tr>\n<th>S\u0105saja<\/th>\n<td>C tipo<\/td>\n<\/tr>\n<tr>\n<th>Perdavimo protokolas<\/th>\n<td>20 MB\/s<\/td>\n<\/tr>\n<tr>\n<th>Perdavimo greitis<\/th>\n<td>USB 2.0<\/td>\n<\/tr>\n<tr>\n<th>Spalva<\/th>\n<td>pilka<\/td>\n<\/tr>\n<\/tbody>\n<\/table>\n<\/div>\n","protected":false},"excerpt":{"rendered":"<p>\u012ekroviklis ir 2 baterij\u0173 rinkinys, skirtas \u201eGoPro Hero 9 \/ Hero 10 \/ Hero 11 \/ Hero 12 Telesin GP-BTR-905-GY \u0160is prakti\u0161kas \u201eTelesin\u201c rinkinys labai palengvins \u201eGoPro Hero 9\/10\/11\/12\u201c naudojim\u0105. \u012ekroviklis palaiko greit\u0105 iki 3 baterij\u0173 \u012fkrovim\u0105 vienu metu. Jis taip pat pravers kaip atminties korteli\u0173 skaitytuvas \u2013 leid\u017eia akimirksniu perkelti failus. Jis taip pat [&#8230;]\n","protected":false},"featured_media":34160,"comment_status":"open","ping_status":"closed","template":"","meta":[],"product_brand":[296],"product_cat":[938],"product_tag":[],"class_list":{"0":"post-34159","1":"product","2":"type-product","3":"status-publish","4":"has-post-thumbnail","6":"product_brand-telesin","7":"product_cat-for-sports-cameras","9":"first","10":"outofstock","11":"taxable","12":"shipping-taxable","13":"purchasable","14":"product-type-simple"},"aioseo_notices":[],"_links":{"self":[{"href":"https:\/\/asura.lv\/lt\/wp-json\/wp\/v2\/product\/34159","targetHints":{"allow":["GET"]}}],"collection":[{"href":"https:\/\/asura.lv\/lt\/wp-json\/wp\/v2\/product"}],"about":[{"href":"https:\/\/asura.lv\/lt\/wp-json\/wp\/v2\/types\/product"}],"replies":[{"embeddable":true,"href":"https:\/\/asura.lv\/lt\/wp-json\/wp\/v2\/comments?post=34159"}],"wp:featuredmedia":[{"embeddable":true,"href":"https:\/\/asura.lv\/lt\/wp-json\/wp\/v2\/media\/34160"}],"wp:attachment":[{"href":"https:\/\/asura.lv\/lt\/wp-json\/wp\/v2\/media?parent=34159"}],"wp:term":[{"taxonomy":"product_brand","embeddable":true,"href":"https:\/\/asura.lv\/lt\/wp-json\/wp\/v2\/product_brand?post=34159"},{"taxonomy":"product_cat","embeddable":true,"href":"https:\/\/asura.lv\/lt\/wp-json\/wp\/v2\/product_cat?post=34159"},{"taxonomy":"product_tag","embeddable":true,"href":"https:\/\/asura.lv\/lt\/wp-json\/wp\/v2\/product_tag?post=34159"}],"curies":[{"name":"wp","href":"https:\/\/api.w.org\/{rel}","templated":true}]}}