{"id":34315,"date":"2025-11-28T20:44:46","date_gmt":"2025-11-28T20:44:46","guid":{"rendered":"https:\/\/asura.lv\/product\/photo-studio-puluz-pu5023-led-23cm\/"},"modified":"2025-12-12T15:28:51","modified_gmt":"2025-12-12T13:28:51","slug":"photo-studio-puluz-pu5023-led-23cm","status":"publish","type":"product","link":"https:\/\/asura.lv\/lt\/produktas\/photo-studio-puluz-pu5023-led-23cm\/","title":{"rendered":"Fotostudijos \u201ePuluz PU5023 LED\u201c 23 cm"},"content":{"rendered":"<h3>\u201ePuluz PU5023\u201c be\u0161vies\u0117 palapin\u0117 su LED ap\u0161vietimu puikiai tiks profesionaliai fotografuojant ma\u017eus objektus. CRI Ra82 koeficientas rei\u0161kia, kad fotografuojami objektai atrodo itin nat\u016braliai, o galimyb\u0117 reguliuoti \u0161viesos parametrus ir kei\u010diami spalv\u0173 fonai, esantys rinkinyje, leid\u017eia puikiai pabr\u0117\u017eti pasirinkt\u0173 objekt\u0173 charakter\u012f ir i\u0161ry\u0161kinti j\u0173 gro\u017e\u012f. Palapin\u0117 gali tapti nepakei\u010diamu \u012frankiu fotografams, nuomon\u0117s formuotojams ar internetin\u0117ms parduotuv\u0117ms.<\/p>\n<p><img decoding=\"async\" src=\"https:\/\/b2b.innpro.pl\/data\/include\/cms\/02Puluz\/PU5023\/6.jpg\"><\/p>\n<h3>Puikus fonas fotografavimui<\/h3>\n<p>\u0160i kompakti\u0161ka palapin\u0117 puikiai tinka fotografuoti ma\u017eus daiktus, tokius kaip laikrod\u017eiai, rank\u0173 darbo papuo\u0161alai, \u017eaislai ar ma\u017ei \u012ftaisai. Ji tiekiama su kei\u010diamais fonais 6 spalv\u0173 \u2013 baltos, juodos, \u017ealios, m\u0117lynos, geltonos ir raudonos. Taigi galite s\u0117kmingai pasirinkti tinkam\u0105 pasirinktam objektui. Kurkite profesionalias savo gaminam\u0173 ar parduodam\u0173 preki\u0173 nuotraukas ir pateikite jas potencialiems klientams.<\/p>\n<p><img decoding=\"async\" src=\"https:\/\/b2b.innpro.pl\/data\/include\/cms\/02Puluz\/PU5023\/3.jpg\"><\/p>\n<h3>Reguliuojamas LED ap\u0161vietimas<\/h3>\n<p>Palapin\u0117 apr\u016bpinta LED \u0161viesa, sudaryta i\u0161 64 auk\u0161tos kokyb\u0117s \u0161viesos karoliuk\u0173. D\u0117l didelio spalv\u0173 atk\u016brimo indekso jos \u0161viesoje fotografuojami objektai atrodo nat\u016braliai ir \u017eavi spalv\u0173 ai\u0161kumu. Taip pat galite reguliuoti ap\u0161vietimo ry\u0161kum\u0105 pagal savo l\u016bkes\u010dius. Taip pat galite rinktis tarp baltos, \u0161velnios ir \u0161iltos \u0161viesos.<\/p>\n<p><img decoding=\"async\" src=\"https:\/\/b2b.innpro.pl\/data\/include\/cms\/02Puluz\/PU5023\/4.jpg\"><\/p>\n<h3>Funkcionalus dizainas<\/h3>\n<p>D\u0117l i\u0161manaus palapin\u0117s dizaino galite fotografuoti i\u0161 skirting\u0173 kamp\u0173, taip pat ir i\u0161 vir\u0161aus, o tai \u012fmanoma d\u0117l specialios angos. Produktas maitinamas USB laidu. Tai rei\u0161kia, kad j\u012f galite prijungti ne tik prie \u012fkroviklio, bet ir prie i\u0161orin\u0117s baterijos ar net prie kompiuterio ar ne\u0161iojamojo kompiuterio. 23 x 23 x 24 cm matmenys ir tai, kad palapin\u0119 galima greitai sulankstyti, leid\u017eia j\u0105 transportuoti nepaprastai lengvai ir patogiai.<\/p>\n<p><img decoding=\"async\" src=\"https:\/\/b2b.innpro.pl\/data\/include\/cms\/02Puluz\/PU5023\/10.jpg\"><\/p>\n<h3>\u012etraukta<\/h3>\n<ul>\n<li>Palapin\u0117 be \u0161e\u0161\u0117lio<\/li>\n<li>6 fotografiniai fonai (juoda, balta, geltona, raudona, m\u0117lyna, \u017ealia)<\/li>\n<\/ul>\n<div class=\"table-wrapper\">\n<table>\n<tbody>\n<tr>\n<th>Gamintojas <\/th>\n<td>Puluz<\/td>\n<\/tr>\n<tr>\n<th>Modelis <\/th>\n<td>PU5023<\/td>\n<\/tr>\n<tr>\n<th>Pavadinimas <\/th>\n<td>23 cm LED \u017eiedinis \u017eibintas Studija<\/td>\n<\/tr>\n<tr>\n<th>Matmenys<\/th>\n<td>23 x 23 x 24 cm<\/td>\n<\/tr>\n<tr>\n<th>LED \u0161viesos rutuliuk\u0173 skai\u010dius<\/th>\n<td>64<\/td>\n<\/tr>\n<tr>\n<th>\u0160viesos ry\u0161kumo reguliavimas<\/th>\n<td>Taip<\/td>\n<\/tr>\n<tr>\n<th>CRI<\/th>\n<td>Ra>82<\/td>\n<\/tr>\n<tr>\n<th>Spalv\u0173 temperat\u016bra<\/th>\n<td>3200\u20136500 K<\/td>\n<\/tr>\n<tr>\n<th>I\u0161\u0117jimo galia<\/th>\n<td>7\u201314 W<\/td>\n<\/tr>\n<tr>\n<th>Maitinimo \u0161altinis<\/th>\n<td>Micro USB laidas (5 V)<\/td>\n<\/tr>\n<tr>\n<th>Laido ilgis<\/th>\n<td>2 m<\/td>\n<\/tr>\n<\/tbody>\n<\/table>\n<\/div>\n","protected":false},"excerpt":{"rendered":"<p>\u201ePuluz PU5023\u201c be\u0161vies\u0117 palapin\u0117 su LED ap\u0161vietimu puikiai tiks profesionaliai fotografuojant ma\u017eus objektus. CRI Ra82 koeficientas rei\u0161kia, kad fotografuojami objektai atrodo itin nat\u016braliai, o galimyb\u0117 reguliuoti \u0161viesos parametrus ir kei\u010diami spalv\u0173 fonai, esantys rinkinyje, leid\u017eia puikiai pabr\u0117\u017eti pasirinkt\u0173 objekt\u0173 charakter\u012f ir i\u0161ry\u0161kinti j\u0173 gro\u017e\u012f. Palapin\u0117 gali tapti nepakei\u010diamu \u012frankiu fotografams, nuomon\u0117s formuotojams ar internetin\u0117ms parduotuv\u0117ms. [&#8230;]\n","protected":false},"featured_media":34316,"comment_status":"open","ping_status":"closed","template":"","meta":[],"product_brand":[149],"product_cat":[1601],"product_tag":[],"class_list":{"0":"post-34315","1":"product","2":"type-product","3":"status-publish","4":"has-post-thumbnail","6":"product_brand-puluz","7":"product_cat-shadowless-tents","9":"first","10":"outofstock","11":"taxable","12":"shipping-taxable","13":"purchasable","14":"product-type-simple"},"aioseo_notices":[],"_links":{"self":[{"href":"https:\/\/asura.lv\/lt\/wp-json\/wp\/v2\/product\/34315","targetHints":{"allow":["GET"]}}],"collection":[{"href":"https:\/\/asura.lv\/lt\/wp-json\/wp\/v2\/product"}],"about":[{"href":"https:\/\/asura.lv\/lt\/wp-json\/wp\/v2\/types\/product"}],"replies":[{"embeddable":true,"href":"https:\/\/asura.lv\/lt\/wp-json\/wp\/v2\/comments?post=34315"}],"wp:featuredmedia":[{"embeddable":true,"href":"https:\/\/asura.lv\/lt\/wp-json\/wp\/v2\/media\/34316"}],"wp:attachment":[{"href":"https:\/\/asura.lv\/lt\/wp-json\/wp\/v2\/media?parent=34315"}],"wp:term":[{"taxonomy":"product_brand","embeddable":true,"href":"https:\/\/asura.lv\/lt\/wp-json\/wp\/v2\/product_brand?post=34315"},{"taxonomy":"product_cat","embeddable":true,"href":"https:\/\/asura.lv\/lt\/wp-json\/wp\/v2\/product_cat?post=34315"},{"taxonomy":"product_tag","embeddable":true,"href":"https:\/\/asura.lv\/lt\/wp-json\/wp\/v2\/product_tag?post=34315"}],"curies":[{"name":"wp","href":"https:\/\/api.w.org\/{rel}","templated":true}]}}