{"id":34357,"date":"2025-11-28T20:44:41","date_gmt":"2025-11-28T20:44:41","guid":{"rendered":"https:\/\/asura.lv\/product\/digital-clamp-meter-habotest-ht206d-true-rms-ncv-lpf\/"},"modified":"2025-12-12T15:28:47","modified_gmt":"2025-12-12T13:28:47","slug":"digital-clamp-meter-habotest-ht206d-true-rms-ncv-lpf","status":"publish","type":"product","link":"https:\/\/asura.lv\/lt\/produktas\/digital-clamp-meter-habotest-ht206d-true-rms-ncv-lpf\/","title":{"rendered":"Skaitmeninis srov\u0117s matuoklis \u201eHabotest HT206D\u201c \u2013 tikrasis RMS, NCV, LPF"},"content":{"rendered":"<h3>\u201eHabotest HT206D\u201c skaitmeninis repl\u0117s<\/h3>\n<p>Funkcionalus \u201eHabotest\u201c repl\u0117s garantuoja tiksl\u0173 matavim\u0105, kurio rezultatai rodomi lengvai skaitomame, ap\u0161vie\u010diamame LCD ekrane. \u017dandikauli\u0173 dydis yra iki 26 mm, tod\u0117l prietais\u0105 patogu valdyti. \u201eHT206D\u201c taip pat turi \u017eibintuv\u0117l\u012f, kuris palengvina darb\u0105 tamsiose patalpose.<\/p>\n<p><img decoding=\"async\" src=\"https:\/\/b2b.innpro.pl\/data\/include\/cms\/04Habotest\/HT206D\/Ha8dcc377dbda4c7e882d899713d1ef77e.jpg\"\/><\/p>\n<h3>Matuoja \u012fvairius parametrus<\/h3>\n<p>\u0160iuo universaliu matuokliu galite patikrinti daugelio skirting\u0173 parametr\u0173 vertes. Naudodami \u201eHT206D\u201c, i\u0161matuosite talp\u0105, kintam\u0105j\u0105 \u012ftamp\u0105, var\u017e\u0105, kintam\u0105j\u0105 srov\u0119 ir net temperat\u016br\u0105. Ta\u010diau tai dar ne viskas! Integruoti NCV jutikliai leid\u017eia matuoti \u012ftamp\u0105 bekontak\u010diu b\u016bdu.<\/p>\n<p><img decoding=\"async\" src=\"https:\/\/b2b.innpro.pl\/data\/include\/cms\/04Habotest\/HT206D\/H45ebc015d4b64e02b14a5d797127d47aj.jpg\"\/><\/p>\n<h3>Ai\u0161kus, prakti\u0161kas ekranas<\/h3>\n<p>Matuoklis turi LCD ekran\u0105 su dviej\u0173 spalv\u0173 foniniu ap\u0161vietimu. Jame rasite ne tik matavimo rezultatus, bet ir, pavyzd\u017eiui, i\u0161sikrovusio akumuliatoriaus indikatori\u0173. Tai leid\u017eia patogiai naudoti HT206D. Be to, foninis ap\u0161vietimas taps oran\u017einis, kai i\u0161matuotos \u012ftampos vert\u0117 vir\u0161ys 80 V, o srov\u0117 \u2013 3 A.<\/p>\n<p><img decoding=\"async\" src=\"https:\/\/b2b.innpro.pl\/data\/include\/cms\/04Habotest\/HT206D\/H3ef0c01ebbff43198ac6869ae41cd3f4y.jpg\"\/><\/p>\n<h3>Lengvas valdymas bet kokiomis s\u0105lygomis<\/h3>\n<p>Integruotas \u017eibintuv\u0117lis u\u017etikrina ry\u0161k\u0173 ap\u0161vietim\u0105, tod\u0117l galite be vargo dirbti ir tamsiose vietose. \u012erenginio valdym\u0105 taip pat palengvina intuityv\u016bs mygtukai, kuriais, be kita ko, galite greitai ir patogiai pasirinkti funkcij\u0105, naudoti MAX\/MIN matavimo parinkt\u012f ir \u012fjungti arba i\u0161jungti \u0161vies\u0105. Papildomas skaitiklio privalumas yra duomen\u0173 saugojimo parinktis.<\/p>\n<p><img decoding=\"async\" src=\"https:\/\/b2b.innpro.pl\/data\/include\/cms\/04Habotest\/HT206D\/H592889c912744b54a15e4de843f3242db.jpg\"\/><\/p>\n<div class=\"table-wrapper\">\n<table>\n<tbody>\n<tr>\n<th>Gamintojas<\/th>\n<td>Habotest<\/td>\n<\/tr>\n<tr>\n<th>Modelis<\/th>\n<td>HT206A<\/td>\n<td>HT206D<\/td>\n<\/tr>\n<tr>\n<th>Nuolatin\u0117s \u012ftampos matavimo diapazonas<\/th>\n<td>400 mV \/ 4 V \/ 40 V \/ 400 V \/ 600 V<span>\u00b1(0,5%+5)<\/span><\/td>\n<td>600 mV \/ 6 V \/ 60 V \/ 600 V<span>\u00b1(0,5%+5)<\/span><\/td>\n<\/tr>\n<tr>\n<th>Kintamosios srov\u0117s \u012ftampos matavimo diapazonas<\/th>\n<td>4 V \/ 40 V \/ 400 V \/ 600 V<span>\u00b1(1,0%+5)<\/span><\/td>\n<td>6 V \/ 60 V \/ 600 V<span>\u00b1(0,8%+5)<\/span><\/td>\n<\/tr>\n<tr>\n<th>Nuolatin\u0117s srov\u0117s matavimo diapazonas<\/th>\n<td>Netaikoma<\/td>\n<td>60 A \/ 600 A<span>\u00b1(2,5%+5)<\/span><\/td>\n<\/tr>\n<tr>\n<th>Kintamosios srov\u0117s matavimo diapazonas<\/th>\n<td>4 A\/40 A\/600 A<span>\u00b1(2,5 %+8)<\/span><\/td>\n<td>60 A\/600 A<span>\u00b1(2,5 %+5)<\/span><\/td>\n<\/tr>\n<tr>\n<th>Var\u017eos matavimo diapazonas<\/th>\n<td>400<span>O\u00a9\/4 kO\u00a9\/40 kO\u00a9\/400 kO\u00a9\/4 MO\u00a9\/40 MO\u00a9 \u00b1(1,0 %+5)<\/span><\/td>\n<td>600 O\u00a9\/6 kO\u00a9\/60 kO\u00a9\/600 kO\u00a9\/6 MO\u00a9\/60 MO\u00a9<span>\u00b1(1,0 %+5)<\/span><\/td>\n<\/tr>\n<tr>\n<th>Talpos matavimo diapazonas<\/th>\n<td>4 nF\/40 nF\/400 nF\/4<span>\u041e\u0458F\/40 \u041e\u0458F\/400 \u041e\u0458F\/4 mF \u00b1(4,0 % + 5)<\/span><\/td>\n<td>10 nF\/100 nF\/1 \u041e\u0458F\/100 \u041e\u0458F\/1 mF\/10 mF\/100 mF <span>\u00b1(4,0 % + 3)<\/span><\/td>\n<\/tr>\n<tr>\n<th>Da\u017enio matavimo diapazonas<\/th>\n<td>Netaikoma<\/td>\n<td>10 Hz\/100 Hz\/1 kHz\/10 kHz\/100 kHz\/1 MHz\/10 MHz<span>\u00b1(1,0 % + 3)<\/span><\/td>\n<\/tr>\n<tr>\n<th>U\u017epildymo koeficiento matavimas diapazonas<\/th>\n<td>Netaikoma<\/td>\n<td>1%-99%<span>\u00b1(3,0%+3)<\/span><\/td>\n<\/tr>\n<tr>\n<th>Temperat\u016bros matavimo diapazonas<\/th>\n<td>N\/A<\/td>\n<td>-40\u00b0C-1000\u00b0C<span>\u00b1(1,0%+2)<\/span>;<br \/>-40\u00b0F-1832\u00b0C<span>\u00b1(1,0%+2)<\/span><\/td>\n<\/tr>\n<tr>\n<th>Skai\u010di\u0173 skai\u010dius<\/th>\n<td>4000<\/td>\n<td>6000<\/td>\n<\/tr>\n<tr>\n<th>Diapazonas pasirinkimas<\/th>\n<td>Automatinis<\/td>\n<td>Automatinis<\/td>\n<\/tr>\n<tr>\n<th>T\u0119stinumo bandymas<\/th>\n<td>Taip, garsinis ir \u0161viesos signalas<\/td>\n<td>Taip, garsinis ir \u0161viesos signalas<\/td>\n<\/tr>\n<tr>\n<th>Diod\u0173 bandymas<\/th>\n<td>Taip<\/td>\n<td>Taip<\/td>\n<\/tr>\n<tr>\n<th>Duomen\u0173 saugojimas<\/th>\n<td>Taip<\/td>\n<td>Taip<\/td>\n<\/tr>\n<tr>\n<th>NCV<\/th>\n<td>Ne<\/td>\n<td>Taip, garsinis ir \u0161viesos signalas \u017eadintuvas<\/td>\n<\/tr>\n<tr>\n<th>Ap\u0161vietimas<\/th>\n<td>Taip<\/td>\n<td>Taip<\/td>\n<\/tr>\n<tr>\n<th>\u017dibintuv\u0117lis<\/th>\n<td>Taip<\/td>\n<td>Taip<\/td>\n<\/tr>\n<tr>\n<th>DCA nulis<\/th>\n<td>Ne<\/td>\n<td>Taip<\/td>\n<\/tr>\n<tr>\n<th>I\u0161sikrovusio akumuliatoriaus indikatorius<\/th>\n<td>Taip<\/td>\n<td>Taip<\/td>\n<\/tr>\n<tr>\n<th>Automatinis i\u0161jungimas<\/th>\n<td>Taip<\/td>\n<td>Taip<\/td>\n<\/tr>\n<tr>\n<th>Tikroji RMS vert\u0117<\/th>\n<td>Taip<\/td>\n<td>Taip<\/td>\n<\/tr>\n<tr>\n<th>LPF<\/th>\n<td>Ne<\/td>\n<td>Taip<\/td>\n<\/tr>\n<tr>\n<th>MAX\/MIN<\/th>\n<td>Taip<\/td>\n<td>Taip<\/td>\n<\/tr>\n<tr>\n<th>LowZ<\/th>\n<td>Ne<\/td>\n<td>Taip<\/td>\n<\/tr>\n<tr>\n<th>Maitinimo \u0161altinis<\/th>\n<td>2 x AAA 1,5 V baterijos (pridedamos)<\/td>\n<td>2 x AAA 1,5 V baterijos (pridedamos)<\/td>\n<\/tr>\n<tr>\n<th>Svoris<\/th>\n<td>Apytiksliai 260 g<\/td>\n<td>Apytiksliai 260 g<\/td>\n<\/tr>\n<tr>\n<th>Matmenys<\/th>\n<td>193 x 73 x 34 mm<\/td>\n<td>193 x 73 x 34 mm<\/td>\n<\/tr>\n<tr>\n<th>\u017dandikaulio dydis<\/th>\n<td><span>\u2022<\/span><span>26 x 44 mm<\/span><\/td>\n<td><span>\u2022<\/span>26 x 44 mm<\/td>\n<\/tr>\n<tr>\n<th>Saugumas<\/th>\n<td><span>EN61010-1-2-030; EN61010-2-033, EN61326-1 CAT III 600V<\/span><\/td>\n<td>EN61010-1-2-030; EN61010-2-033, EN61326-1 CAT III 600V<\/td>\n<\/tr>\n<\/tbody>\n<\/table>\n<\/div>\n","protected":false},"excerpt":{"rendered":"<p>\u201eHabotest HT206D\u201c skaitmeninis repl\u0117s Funkcionalus \u201eHabotest\u201c repl\u0117s garantuoja tiksl\u0173 matavim\u0105, kurio rezultatai rodomi lengvai skaitomame, ap\u0161vie\u010diamame LCD ekrane. \u017dandikauli\u0173 dydis yra iki 26 mm, tod\u0117l prietais\u0105 patogu valdyti. \u201eHT206D\u201c taip pat turi \u017eibintuv\u0117l\u012f, kuris palengvina darb\u0105 tamsiose patalpose. Matuoja \u012fvairius parametrus \u0160iuo universaliu matuokliu galite patikrinti daugelio skirting\u0173 parametr\u0173 vertes. Naudodami \u201eHT206D\u201c, i\u0161matuosite talp\u0105, kintam\u0105j\u0105 [&#8230;]\n","protected":false},"featured_media":34358,"comment_status":"open","ping_status":"closed","template":"","meta":[],"product_brand":[282],"product_cat":[878],"product_tag":[],"class_list":{"0":"post-34357","1":"product","2":"type-product","3":"status-publish","4":"has-post-thumbnail","6":"product_brand-habotest","7":"product_cat-measuring-tools-tools-home-and-garden","9":"first","10":"outofstock","11":"taxable","12":"shipping-taxable","13":"purchasable","14":"product-type-simple"},"aioseo_notices":[],"_links":{"self":[{"href":"https:\/\/asura.lv\/lt\/wp-json\/wp\/v2\/product\/34357","targetHints":{"allow":["GET"]}}],"collection":[{"href":"https:\/\/asura.lv\/lt\/wp-json\/wp\/v2\/product"}],"about":[{"href":"https:\/\/asura.lv\/lt\/wp-json\/wp\/v2\/types\/product"}],"replies":[{"embeddable":true,"href":"https:\/\/asura.lv\/lt\/wp-json\/wp\/v2\/comments?post=34357"}],"wp:featuredmedia":[{"embeddable":true,"href":"https:\/\/asura.lv\/lt\/wp-json\/wp\/v2\/media\/34358"}],"wp:attachment":[{"href":"https:\/\/asura.lv\/lt\/wp-json\/wp\/v2\/media?parent=34357"}],"wp:term":[{"taxonomy":"product_brand","embeddable":true,"href":"https:\/\/asura.lv\/lt\/wp-json\/wp\/v2\/product_brand?post=34357"},{"taxonomy":"product_cat","embeddable":true,"href":"https:\/\/asura.lv\/lt\/wp-json\/wp\/v2\/product_cat?post=34357"},{"taxonomy":"product_tag","embeddable":true,"href":"https:\/\/asura.lv\/lt\/wp-json\/wp\/v2\/product_tag?post=34357"}],"curies":[{"name":"wp","href":"https:\/\/api.w.org\/{rel}","templated":true}]}}