{"id":34441,"date":"2025-11-28T20:44:35","date_gmt":"2025-11-28T20:44:35","guid":{"rendered":"https:\/\/asura.lv\/product\/photo-studio-puluz-pu5025b-led-25cm\/"},"modified":"2025-12-12T15:28:42","modified_gmt":"2025-12-12T13:28:42","slug":"photo-studio-puluz-pu5025b-led-25cm","status":"publish","type":"product","link":"https:\/\/asura.lv\/lt\/produktas\/photo-studio-puluz-pu5025b-led-25cm\/","title":{"rendered":"Fotostudijos \u201ePuluz PU5025B\u201c LED 25 cm"},"content":{"rendered":"<h3>Mini fotostudija i\u0161 \u201ePuluz\u201c<\/h3>\n<p>\u0160i \u0161e\u0161\u0117li\u0173 neturinti palapin\u0117 sukurta fotografijos entuziastams, internetiniams ma\u017emenininkams, profesionalams ir reklamuotojams. PU5025B leis jums susikurti mini fotografijos studij\u0105 savo namuose. Su \u0161iuo gaminiu gal\u0117site fotografuoti smulkius daiktus, tokius kaip papuo\u0161alai, \u017eaislai, laikrod\u017eiai ir kt.<\/p>\n<p><img decoding=\"async\" src=\"https:\/\/b2b.innpro.pl\/data\/include\/cms\/02Puluz\/PU5025B\/9.jpg\"><\/p>\n<h3>Lengvas surinkimas, sulankstomas dizainas ir spalvingi fonai pridedami<\/h3>\n<p>D\u0117l ma\u017eo dyd\u017eio palapin\u0117 neu\u017eims daug vietos. J\u0105 galite pastatyti ant bet kokio pavir\u0161iaus. PU5025B yra puikus fonas j\u016bs\u0173 nuotraukoms, prie jos pridedami 6 dvipusiai 12 spalv\u0173 lipdukai. Be to, ne\u0161iojamas ir sulankstomas dizainas leid\u017eia lengvai surinkti ir laikyti.<\/p>\n<p><img decoding=\"async\" src=\"https:\/\/b2b.innpro.pl\/data\/include\/cms\/02Puluz\/PU5025B\/3.jpg\"><\/p>\n<h3>Optimalus ap\u0161vietimas<\/h3>\n<p>Integruota LED lemput\u0117 apsaugo nuo \u0161e\u0161\u0117li\u0173 ir atspind\u017ei\u0173 j\u016bs\u0173 nuotraukoje. Galite reguliuoti \u0161viesos ry\u0161kum\u0105, kad geriausiai i\u0161ry\u0161kintum\u0117te fotografuojam\u0173 produkt\u0173 privalumus. Be to, auk\u0161tas Ra95 CRI rei\u0161kia, kad \u012frenginys puikiai atkuria ap\u0161vie\u010diam\u0173 objekt\u0173 spalvas. PU5025B galite \u012fkrauti per USB \u2013 tiesiog prijunkite j\u012f prie \u012fkroviklio, i\u0161orin\u0117s baterijos ar net ne\u0161iojamojo kompiuterio.<\/p>\n<p><img decoding=\"async\" src=\"https:\/\/b2b.innpro.pl\/data\/include\/cms\/02Puluz\/PU5025B\/5.jpg\"><\/p>\n<h3>D\u0117\u017eut\u0117je<\/h3>\n<ul>\n<li>Mini fotostudija su LED lempute x1<\/li>\n<li>Krep\u0161ys x1<\/li>\n<li>Juodai baltas dvipusis fonas x1<\/li>\n<li>Pilkai auksinis dvipusis fonas x1<\/li>\n<li>Geltonai oran\u017einis dvipusis fonas x1<\/li>\n<li>Raudonai ro\u017einis dvipusis fonas x1<\/li>\n<li>M\u0117lynai violetinis dvipusis fonas x1<\/li>\n<li>\u017daliai rudas dvipusis fonas x1<\/li>\n<\/ul>\n<div class=\"table-wrapper\">\n<table>\n<tbody>\n<tr>\n<th>Prek\u0117s \u017eenklas<\/th>\n<td>Puluz<\/td>\n<\/tr>\n<tr>\n<th>Modelis<\/th>\n<td>PU5025B<\/td>\n<\/tr>\n<tr>\n<th>LED karoliuk\u0173 skai\u010dius<\/th>\n<td>96<\/td>\n<\/tr>\n<tr>\n<th>LED karoliuk\u0173 modelis<\/th>\n<td>2835<\/td>\n<\/tr>\n<tr>\n<th>\u0160viesos srautas<\/th>\n<td>24\u201326 lm<\/td>\n<\/tr>\n<tr>\n<th>Spalv\u0173 temperat\u016bra<\/th>\n<td>5500K<\/td>\n<\/tr>\n<tr>\n<th>Pritemdymo diapazonas<\/th>\n<td>1\u2013100 %<\/td>\n<\/tr>\n<tr>\n<th>Pritemdymo reguliavimas<\/th>\n<td>10 pavaros<\/td>\n<\/tr>\n<tr>\n<th>CRI<\/th>\n<td>>>95<\/td>\n<\/tr>\n<tr>\n<th>Galia<\/th>\n<td>1\u201310 W<\/td>\n<\/tr>\n<tr>\n<th>\u012etampa<\/th>\n<td>5 V<\/td>\n<\/tr>\n<tr>\n<th>I\u0161orinis skersmuo<\/th>\n<td>200 mm<\/td>\n<\/tr>\n<tr>\n<th>Prievadas<\/th>\n<td>USB<\/td>\n<\/tr>\n<tr>\n<th>Laido ilgis<\/th>\n<td>2 m<\/td>\n<\/tr>\n<\/tbody>\n<\/table>\n<\/div>\n","protected":false},"excerpt":{"rendered":"<p>Mini fotostudija i\u0161 \u201ePuluz\u201c \u0160i \u0161e\u0161\u0117li\u0173 neturinti palapin\u0117 sukurta fotografijos entuziastams, internetiniams ma\u017emenininkams, profesionalams ir reklamuotojams. PU5025B leis jums susikurti mini fotografijos studij\u0105 savo namuose. Su \u0161iuo gaminiu gal\u0117site fotografuoti smulkius daiktus, tokius kaip papuo\u0161alai, \u017eaislai, laikrod\u017eiai ir kt. Lengvas surinkimas, sulankstomas dizainas ir spalvingi fonai pridedami D\u0117l ma\u017eo dyd\u017eio palapin\u0117 neu\u017eims daug vietos. J\u0105 [&#8230;]\n","protected":false},"featured_media":34442,"comment_status":"open","ping_status":"closed","template":"","meta":[],"product_brand":[149],"product_cat":[1601],"product_tag":[],"class_list":{"0":"post-34441","1":"product","2":"type-product","3":"status-publish","4":"has-post-thumbnail","6":"product_brand-puluz","7":"product_cat-shadowless-tents","9":"first","10":"outofstock","11":"taxable","12":"shipping-taxable","13":"purchasable","14":"product-type-simple"},"aioseo_notices":[],"_links":{"self":[{"href":"https:\/\/asura.lv\/lt\/wp-json\/wp\/v2\/product\/34441","targetHints":{"allow":["GET"]}}],"collection":[{"href":"https:\/\/asura.lv\/lt\/wp-json\/wp\/v2\/product"}],"about":[{"href":"https:\/\/asura.lv\/lt\/wp-json\/wp\/v2\/types\/product"}],"replies":[{"embeddable":true,"href":"https:\/\/asura.lv\/lt\/wp-json\/wp\/v2\/comments?post=34441"}],"wp:featuredmedia":[{"embeddable":true,"href":"https:\/\/asura.lv\/lt\/wp-json\/wp\/v2\/media\/34442"}],"wp:attachment":[{"href":"https:\/\/asura.lv\/lt\/wp-json\/wp\/v2\/media?parent=34441"}],"wp:term":[{"taxonomy":"product_brand","embeddable":true,"href":"https:\/\/asura.lv\/lt\/wp-json\/wp\/v2\/product_brand?post=34441"},{"taxonomy":"product_cat","embeddable":true,"href":"https:\/\/asura.lv\/lt\/wp-json\/wp\/v2\/product_cat?post=34441"},{"taxonomy":"product_tag","embeddable":true,"href":"https:\/\/asura.lv\/lt\/wp-json\/wp\/v2\/product_tag?post=34441"}],"curies":[{"name":"wp","href":"https:\/\/api.w.org\/{rel}","templated":true}]}}