{"id":34531,"date":"2025-11-28T20:44:25","date_gmt":"2025-11-28T20:44:25","guid":{"rendered":"https:\/\/asura.lv\/product\/tattu-r-line-4-0-1300mah-22-2v-130c-6s1p-xt60-battery\/"},"modified":"2025-12-12T15:28:35","modified_gmt":"2025-12-12T13:28:35","slug":"tattu-r-line-4-0-1300mah-22-2v-130c-6s1p-xt60-battery","status":"publish","type":"product","link":"https:\/\/asura.lv\/lt\/produktas\/tattu-r-line-4-0-1300mah-22-2v-130c-6s1p-xt60-battery\/","title":{"rendered":"Tattu R-Line 4.0 1300mAh 22.2V 130C 6S1P XT60 akumuliatorius"},"content":{"rendered":"<h3>\u201eTattu R-Line 4.0\u201c 1300 mAh 22,2 V 130 C 6S1P XT60 akumuliatorius<\/h3>\n<p>Specialiai bepilo\u010di\u0173 orlaivi\u0173 (UAV) naudojimui \u201eTattu\u201c prek\u0117s \u017eenklas suk\u016br\u0117 naujas, neprilygstamos kokyb\u0117s baterijas. Jos u\u017etikrina i\u0161skirtin\u0119 gali\u0105, nesvarbu, ar naudojate ma\u017eesnius dronus pramogoms, ar sunkiasvores ma\u0161inas kompiuterin\u0117ms programoms. Baterijos i\u0161 i\u0161or\u0117s da\u017enai atrodo pana\u0161iai, ta\u010diau tikroji j\u0173 galia slypi viduje. \u201eTattu\u201c baterij\u0173 elementai yra specialiai sukurti bepilo\u010di\u0173 orlaivi\u0173 (UAV) poreikiams.<\/p>\n<h3>Saugos instrukcijos<\/h3>\n<p>Nei\u0161kraukite \u017eemiau 3,0 V \u012ftampos vienam elementui. \u012ekraukite tik mikroprocesoriniu \u012fkrovikliu, \u012fjungtu li\u010dio polimer\u0173 baterijos \u012fkrovimo re\u017eimu.<\/p>\n<p>Neu\u017etrumpinkite gnybt\u0173, nepradurkite, nelaikykite tiesioginiuose saul\u0117s spinduliuose, laikykite atokiai nuo degi\u0173 objekt\u0173, i\u0161meskite \u012f specialiai tam skirtas talpyklas<\/p>\n<div class=\"table-wrapper\">\n<table>\n<tbody>\n<tr>\n<th>\u012etampa<\/th>\n<td>22,2 V<\/td>\n<\/tr>\n<tr>\n<th>Talpa<\/th>\n<td>1300 mAh<\/td>\n<\/tr>\n<tr>\n<th>Celi\u0173 skai\u010dius<\/th>\n<td>6<\/td>\n<\/tr>\n<tr>\n<th>Balansavimo ki\u0161tuko tipas<\/th>\n<td>JST-XHR<\/td>\n<\/tr>\n<tr>\n<th>Jungties ki\u0161tuko tipas<\/th>\n<td>XT60<\/td>\n<\/tr>\n<tr>\n<th>I\u0161krovimo srov\u0117 (nuolatinis)<\/th>\n<td>130C<\/td>\n<\/tr>\n<tr>\n<th>I\u0161krovos srov\u0117 (did\u017eiausia)<\/th>\n<td>260C<\/td>\n<\/tr>\n<tr>\n<th>Ilgis<\/th>\n<td>78 mm<\/td>\n<\/tr>\n<tr>\n<th>Plotis<\/th>\n<td>39 mm<\/td>\n<\/tr>\n<tr>\n<th>Auk\u0161tis<\/th>\n<td>38 mm<\/td>\n<\/tr>\n<tr>\n<th>Svoris<\/th>\n<td>203 g<\/td>\n<\/tr>\n<\/tbody>\n<\/table>\n<\/div>\n","protected":false},"excerpt":{"rendered":"<p>\u201eTattu R-Line 4.0\u201c 1300 mAh 22,2 V 130 C 6S1P XT60 akumuliatorius Specialiai bepilo\u010di\u0173 orlaivi\u0173 (UAV) naudojimui \u201eTattu\u201c prek\u0117s \u017eenklas suk\u016br\u0117 naujas, neprilygstamos kokyb\u0117s baterijas. Jos u\u017etikrina i\u0161skirtin\u0119 gali\u0105, nesvarbu, ar naudojate ma\u017eesnius dronus pramogoms, ar sunkiasvores ma\u0161inas kompiuterin\u0117ms programoms. Baterijos i\u0161 i\u0161or\u0117s da\u017enai atrodo pana\u0161iai, ta\u010diau tikroji j\u0173 galia slypi viduje. \u201eTattu\u201c baterij\u0173 elementai [&#8230;]\n","protected":false},"featured_media":34532,"comment_status":"open","ping_status":"closed","template":"","meta":[],"product_brand":[268],"product_cat":[1442],"product_tag":[],"class_list":{"0":"post-34531","1":"product","2":"type-product","3":"status-publish","4":"has-post-thumbnail","6":"product_brand-tattu","7":"product_cat-batteries","9":"first","10":"outofstock","11":"taxable","12":"shipping-taxable","13":"purchasable","14":"product-type-simple"},"aioseo_notices":[],"_links":{"self":[{"href":"https:\/\/asura.lv\/lt\/wp-json\/wp\/v2\/product\/34531","targetHints":{"allow":["GET"]}}],"collection":[{"href":"https:\/\/asura.lv\/lt\/wp-json\/wp\/v2\/product"}],"about":[{"href":"https:\/\/asura.lv\/lt\/wp-json\/wp\/v2\/types\/product"}],"replies":[{"embeddable":true,"href":"https:\/\/asura.lv\/lt\/wp-json\/wp\/v2\/comments?post=34531"}],"wp:featuredmedia":[{"embeddable":true,"href":"https:\/\/asura.lv\/lt\/wp-json\/wp\/v2\/media\/34532"}],"wp:attachment":[{"href":"https:\/\/asura.lv\/lt\/wp-json\/wp\/v2\/media?parent=34531"}],"wp:term":[{"taxonomy":"product_brand","embeddable":true,"href":"https:\/\/asura.lv\/lt\/wp-json\/wp\/v2\/product_brand?post=34531"},{"taxonomy":"product_cat","embeddable":true,"href":"https:\/\/asura.lv\/lt\/wp-json\/wp\/v2\/product_cat?post=34531"},{"taxonomy":"product_tag","embeddable":true,"href":"https:\/\/asura.lv\/lt\/wp-json\/wp\/v2\/product_tag?post=34531"}],"curies":[{"name":"wp","href":"https:\/\/api.w.org\/{rel}","templated":true}]}}