{"id":34585,"date":"2025-11-28T20:44:20","date_gmt":"2025-11-28T20:44:20","guid":{"rendered":"https:\/\/asura.lv\/product\/superfire-t15-uv-camping-lamp-350-lm-usb-5-modes-320-m\/"},"modified":"2025-12-12T15:28:31","modified_gmt":"2025-12-12T13:28:31","slug":"superfire-t15-uv-camping-lamp-350-lm-usb-5-modes-320-m","status":"publish","type":"product","link":"https:\/\/asura.lv\/lt\/produktas\/superfire-t15-uv-camping-lamp-350-lm-usb-5-modes-320-m\/","title":{"rendered":"\u201eSuperfire T15\u201c UV stovyklavimo lempa, 350 lm, USB, 5 re\u017eimai, 320 m"},"content":{"rendered":"<h3>\u201eSuperfire T15\u201c UV stovyklavimo lempa, 350 lm, USB, 5 re\u017eimai, 320 m<\/h3>\n<p>Ma\u017eas ir patogus, \u201eSupfire T15\u201c stovyklavimo lempa puikiai tiks \u012fvairiems tikslams \u2013 tiek namuose, tiek lauke. Tur\u0117dami 5 ap\u0161vietimo re\u017eimus, galite j\u0105 pritaikyti prie savo poreiki\u0173. Savo ruo\u017etu, UV \u0161viesa paver\u010dia \u0161\u012f prakti\u0161k\u0105 prietais\u0105 patikimu s\u0105jungininku kovoje su uodais. Ma\u017edaug 300 minu\u010di\u0173 veikimo laikas ir \u012f pagrind\u0105 \u012fmontuoti magnetai yra papildomi \u0161ios unikalios lempos privalumai.<\/p>\n<p>\n<img decoding=\"async\" alt=\"\u201eSuperfire T15\u201c stovyklavimo lempa, stovinti ant balto stalo ry\u0161kiame fone.\" border=\"0\" src=\"https:\/\/assets.innpro.pl\/14062\/17552\/1.jpg\"\/>\n<\/p>\n<h3>Ji gali \u0161viesti b\u016btent taip, kaip norite<\/h3>\n<p>Prietaisas \u0161vie\u010dia keliais b\u016bdais ir si\u016blo iki 5 veikimo re\u017eim\u0173. D\u0117l priekinio \u017eibinto, kurio veikimo nuotolis siekia iki 320 metr\u0173, jis puikiai tiks kaip \u017eibintuv\u0117lis. Jis skleid\u017eia stipr\u0173, silpn\u0105 arba stroboskopin\u012f ap\u0161vietim\u0105. T15 taip pat skleid\u017eia tolyg\u0173, \u0161onin\u012f ap\u0161vietim\u0105. Jis, savo ruo\u017etu, gali b\u016bti stiprus arba silpnas. Visa tai leid\u017eia lengvai reguliuoti \u017eibinto veikim\u0105 pagal j\u016bs\u0173 l\u016bkes\u010dius. Tur\u0117dami penki\u0173 lygi\u0173 pritemdym\u0105, galite patenkinti savo poreikius \u012fvairiais atvejais.<\/p>\n<p>\n<img decoding=\"async\" alt=\"\u201eSuperfire T15\u201c stovyklavimo \u017eibintas prijungtas prie maitinimo \u0161altinio USB laidu, fone matomas ilgintuvas.\" border=\"0\" src=\"https:\/\/assets.innpro.pl\/14062\/17552\/6.jpg\"\/>\n<\/p>\n<h3>Galinga baterija \u2013 paprastas \u012fkrovimas<\/h3>\n<p>\u017dibintuv\u0117lyje yra \u012fmontuota 18650 baterija, kuri vienu \u012fkrovimu u\u017etikrina iki ma\u017edaug 300 minu\u010di\u0173 veikimo. Kaip \u012fkrauti \u012frengin\u012f? Tai paprasta \u2013 lempa turi \u201eMicro-USB\u201c \u012fkrovimo prievad\u0105, tod\u0117l galite j\u0105 prijungti prie \u012fkrovikli\u0173, i\u0161orini\u0173 baterij\u0173, kompiuteri\u0173 ar kit\u0173 elektronini\u0173 prietais\u0173, turin\u010di\u0173 USB jungt\u012f. Apie \u012fkrovimo b\u016bsen\u0105 informuos \u0161viesos spalva \u2013 raudona rei\u0161kia, kad lempa kraunasi, o m\u0117lyna \u2013 kad ji jau visi\u0161kai \u012fkrauta.<\/p>\n<p>\n<img decoding=\"async\" alt=\"\u201eSuperfire T15\u201c kempingo lempa stovi ant medinio stalo \u0161alia laikra\u0161\u010dio ir puodelio.\" border=\"0\" src=\"https:\/\/assets.innpro.pl\/14062\/17552\/4.jpg\"\/>\n<\/p>\n<h3>J\u016bs\u0173 slaptasis ginklas nuo uod\u0173<\/h3>\n<p>\u012erenginyje yra UV lempa, skirta efektyviai naikinti uodus. \u0160viesa pritraukia vabzd\u017eius, kurie v\u0117liau sunaikinami elektros kontaktu. Kaip matote, \u201eSupfire T15\u201c yra ne tik lempa \u2013 tai ir j\u016bs\u0173 slaptasis ginklas kovoje su \u012fkyriais vabzd\u017eiais! Tikrai \u012fvertinsite jo poveik\u012f ilgais vasaros vakarais, kai uodai puola su dviguba j\u0117ga.<\/p>\n<p>\n<img decoding=\"async\" alt=\"Superfire T15 lempa tamsiai m\u0117lyname fone su grafika, vaizduojan\u010dia uodus aplinkui.\" border=\"0\" src=\"https:\/\/assets.innpro.pl\/14062\/17552\/7.jpg\"\/>\n<\/p>\n<h3>Nepaprastai patogu naudoti<\/h3>\n<p>\u0160i lempa, sverianti tik 281 g, yra itin kompakti\u0161ka ir patogi. J\u0105 galite lengvai naudoti bet kur, kur jums reikia. Tai palengvina tokie prietaiso konstrukcijos elementai kaip specialus kabliukas, leid\u017eiantis j\u012f pakabinti norimoje vietoje. Savo ruo\u017etu magnetiniai elementai lempos pagrinde leis j\u0105 stabiliai pastatyti ant tam tikr\u0173 pavir\u0161i\u0173.<\/p>\n<p>\n<img decoding=\"async\" alt=\"Superfire T15 kempingo lempa, pakabinta ant med\u017eio.\" border=\"0\" src=\"https:\/\/assets.innpro.pl\/14062\/17552\/8.jpg\"\/>\n<\/p>\n<h3>Naudosite j\u012f daugelyje situacij\u0173<\/h3>\n<p>Daugyb\u0117 \u0161io prietaiso privalum\u0173 leid\u017eia s\u0117kmingai j\u012f naudoti \u012fvairiose situacijose. Pavyzd\u017eiui, jis pravers kaip \u0161viesos \u0161altinis stovyklaujant, prakti\u0161ka skaitymo lempa, patogus \u017eibintuv\u0117lis, taip pat veiksminga vabzd\u017ei\u0173 atbaidymo priemon\u0117 vasaros vakarais, leid\u017eiamais balkone, prie lau\u017eo ar prie vandens. Kaip naudosite T15, nuspr\u0119skite patys!<\/p>\n<p>\n<img decoding=\"async\" alt=\"Ant medini\u0173 grind\u0173 stovinti \u201eSuperfire T15\u201c lempa, skleid\u017eianti balt\u0105 \u0161vies\u0105.\" border=\"0\" src=\"https:\/\/assets.innpro.pl\/14062\/17552\/9.jpg\"\/>\n<\/p>\n<div class=\"table-wrapper\">\n<p>B\u00a0<\/p>\n<h3><\/h3>\n<table>\n<tbody>\n<tr>\n<th>Gamintojas<\/th>\n<td>Supfire<\/td>\n<\/tr>\n<tr>\n<th>Modelis<\/th>\n<td>T15<\/td>\n<\/tr>\n<tr>\n<th>\u0160viesos \u0161altinis<\/th>\n<td>LED<\/td>\n<\/tr>\n<tr>\n<th>Ry\u0161kumas<\/th>\n<td>350 lm<\/td>\n<\/tr>\n<tr>\n<th>Ap\u0161vietimo nuotolis<\/th>\n<td>320 m<\/td>\n<\/tr>\n<tr>\n<th>Nominali galia<\/th>\n<td>5 W<\/td>\n<\/tr>\n<tr>\n<th>Veikimo laikas<\/th>\n<td>4\u20138 h<\/td>\n<\/tr>\n<tr>\n<th>Med\u017eiaga<\/th>\n<td>PC + ABS<\/td>\n<\/tr>\n<tr>\n<th>Svoris<\/th>\n<td>281 g<\/td>\n<\/tr>\n<tr>\n<th>Matmenys<\/th>\n<td>135 x 72 x 72 mm<\/td>\n<\/tr>\n<tr>\n<th>Re\u017eimai<\/th>\n<td>5 re\u017eimai<\/td>\n<\/tr>\n<\/tbody>\n<\/table>\n<\/div>\n","protected":false},"excerpt":{"rendered":"<p>\u201eSuperfire T15\u201c UV stovyklavimo lempa, 350 lm, USB, 5 re\u017eimai, 320 m Ma\u017eas ir patogus, \u201eSupfire T15\u201c stovyklavimo lempa puikiai tiks \u012fvairiems tikslams \u2013 tiek namuose, tiek lauke. Tur\u0117dami 5 ap\u0161vietimo re\u017eimus, galite j\u0105 pritaikyti prie savo poreiki\u0173. Savo ruo\u017etu, UV \u0161viesa paver\u010dia \u0161\u012f prakti\u0161k\u0105 prietais\u0105 patikimu s\u0105jungininku kovoje su uodais. Ma\u017edaug 300 minu\u010di\u0173 veikimo [&#8230;]\n","protected":false},"featured_media":34586,"comment_status":"open","ping_status":"closed","template":"","meta":[],"product_brand":[195],"product_cat":[1313],"product_tag":[],"class_list":{"0":"post-34585","1":"product","2":"type-product","3":"status-publish","4":"has-post-thumbnail","6":"product_brand-superfire","7":"product_cat-camping-lamps","9":"first","10":"outofstock","11":"taxable","12":"shipping-taxable","13":"purchasable","14":"product-type-simple"},"aioseo_notices":[],"_links":{"self":[{"href":"https:\/\/asura.lv\/lt\/wp-json\/wp\/v2\/product\/34585","targetHints":{"allow":["GET"]}}],"collection":[{"href":"https:\/\/asura.lv\/lt\/wp-json\/wp\/v2\/product"}],"about":[{"href":"https:\/\/asura.lv\/lt\/wp-json\/wp\/v2\/types\/product"}],"replies":[{"embeddable":true,"href":"https:\/\/asura.lv\/lt\/wp-json\/wp\/v2\/comments?post=34585"}],"wp:featuredmedia":[{"embeddable":true,"href":"https:\/\/asura.lv\/lt\/wp-json\/wp\/v2\/media\/34586"}],"wp:attachment":[{"href":"https:\/\/asura.lv\/lt\/wp-json\/wp\/v2\/media?parent=34585"}],"wp:term":[{"taxonomy":"product_brand","embeddable":true,"href":"https:\/\/asura.lv\/lt\/wp-json\/wp\/v2\/product_brand?post=34585"},{"taxonomy":"product_cat","embeddable":true,"href":"https:\/\/asura.lv\/lt\/wp-json\/wp\/v2\/product_cat?post=34585"},{"taxonomy":"product_tag","embeddable":true,"href":"https:\/\/asura.lv\/lt\/wp-json\/wp\/v2\/product_tag?post=34585"}],"curies":[{"name":"wp","href":"https:\/\/api.w.org\/{rel}","templated":true}]}}