{"id":34771,"date":"2025-11-29T00:09:13","date_gmt":"2025-11-29T00:09:13","guid":{"rendered":"https:\/\/asura.lv\/product\/wireless-upgraded-phone-rig-vlogging-kit-apexel-apl-vg05ch\/"},"modified":"2025-12-12T15:56:08","modified_gmt":"2025-12-12T13:56:08","slug":"wireless-upgraded-phone-rig-vlogging-kit-apexel-apl-vg05ch","status":"publish","type":"product","link":"https:\/\/asura.lv\/lt\/produktas\/wireless-upgraded-phone-rig-vlogging-kit-apexel-apl-vg05ch\/","title":{"rendered":"Belaidis patobulintas telefono \u012frangos rinkinys vaizdo tinklara\u0161\u010diams \u201eApexel APL-VG05CH\u201c"},"content":{"rendered":"<h3>Belaidis atnaujintas telefono \u012frangos vaizdo tinklara\u0161\u010di\u0173 rinkinys \u201eApexel APL-VG05CH\u201c<\/h3>\n<p>Kurkite i\u0161skirtinius kadrus ir u\u017efiksuokite kvap\u0105 gniau\u017eian\u010dius kadrus su \u201eApexel APL-VG05CH\u201c vaizdo tinklara\u0161\u010di\u0173 rinkiniu, kuris paver\u010dia j\u016bs\u0173 telefon\u0105 profesionalia \u012fra\u0161ymo \u012franga. Telefono d\u0117klas suderinamas su 99,9 % i\u0161mani\u0173j\u0173 telefon\u0173, laikiklis suteikia patogumo, o integruota i\u0161orin\u0117 baterija prailgina \u012frenginio veikimo laik\u0105. Priedai leid\u017eia patogiai pritvirtinti \u0161viesas, mikrofonus, trikojus, filtrus ir kt. Nuimamas \u201eBluetooth\u201c nuotolinio valdymo pultas leid\u017eia prad\u0117ti \u012fra\u0161ym\u0105 i\u0161 20 metr\u0173 atstumo.<\/p>\n<p>\n<img decoding=\"async\" alt=\"\" border=\"0\" src=\"https:\/\/assets.innpro.pl\/13844\/17092\/5.jpg\"\/>\n<\/p>\n<h3>Pa\u017eadinkite savo k\u016brybi\u0161kum\u0105<\/h3>\n<p>Paverskite savo i\u0161man\u0173j\u012f telefon\u0105 profesionalia \u012fra\u0161ymo \u012franga. \u201eApexel APL-VG05CH\u201c rinkinyje yra iki 5 1\/4 colio sriegini\u0173 tvirtinimo ta\u0161k\u0173 ir 2 \u0161alto bato tvirtinimo ta\u0161kai, tod\u0117l galite s\u0117kmingai pritvirtinti \u0161viestuvus, mikrofonus ar trikoj\u012f. Tur\u0117dami 67 mm, 37 mm arba 17 mm s\u0105sajas, taip pat galite pritvirtinti teleobjektyv\u0105, makroobjektyv\u0105, plataus kampo objektyv\u0105 arba filtrus (VND, CPL, UV). Dabar galite lengvai pagerinti savo \u012fra\u0161\u0173 kokyb\u0119.<\/p>\n<p>\n<img decoding=\"async\" alt=\"\" border=\"0\" src=\"https:\/\/assets.innpro.pl\/13844\/17092\/6.jpg\"\/>\n<\/p>\n<h3>Integruota i\u0161orin\u0117 baterija<\/h3>\n<p>2500 mAh baterija leid\u017eia prailginti \u012fra\u0161ymo laik\u0105. Galite patogiai atnaujinti telefono energij\u0105, tuo pa\u010diu u\u017efiksuodami i\u0161skirtinius kadrus.<\/p>\n<p>\n<img decoding=\"async\" alt=\"\" border=\"0\" src=\"https:\/\/assets.innpro.pl\/13844\/17092\/2.jpg\"\/>\n<\/p>\n<h3>Valdykite \u012fra\u0161ym\u0105 per atstum\u0105<\/h3>\n<p>Nuimamas \u201eBluetooth\u201c nuotolinio valdymo pultas leid\u017eia prad\u0117ti \u012fra\u0161ym\u0105 arba fotografuoti iki 20 metr\u0173 atstumu nuo \u012frenginio. Tai leid\u017eia m\u0117gautis dar didesne laisve \u012fra\u0161ant \u2013 tiek kra\u0161tovaizd\u017eio, tiek portreto re\u017eimu.<\/p>\n<p>\n<img decoding=\"async\" alt=\"\" border=\"0\" src=\"https:\/\/assets.innpro.pl\/13844\/17092\/3.jpg\"\/>\n<\/p>\n<h3>Rafinuotas dizainas<\/h3>\n<p>\u201eApexel APL-VG05CH\u201c belaidis vaizdo tinklara\u0161\u010di\u0173 rinkinys suderinamas su 99,9 % i\u0161mani\u0173j\u0173 telefon\u0173 \u2013 jums net nereikia nuimti d\u0117klo nuo \u012frenginio. Gaminyje naudojamos neslid\u017eios med\u017eiagos, u\u017etikrinan\u010dios stabil\u0173 sukibim\u0105. Lengvas dizainas leid\u017eia ilgai \u012fra\u0161in\u0117ti nejau\u010diant diskomforto. pavarg\u0119s.<\/p>\n<p>\n<img decoding=\"async\" alt=\"\" border=\"0\" src=\"https:\/\/assets.innpro.pl\/13844\/17092\/1.jpg\"\/>\n<\/p>\n<h3>\u012etraukta:<\/h3>\n<ul class=\"list-disc pl-5\">\n<li>Telefono d\u0117klas<\/li>\n<li>Laikiklis<\/li>\n<li>USB-C\/USB-C \u012fkrovimo laidas<\/li>\n<li>Fiksavimo var\u017etas<\/li>\n<li>Auk\u0161\u010diausio dyd\u017eio \u0161e\u0161iakampis raktas<\/li>\n<li>Valymo \u0161luost\u0117<\/li>\n<li>Silikoninis padas x4 (2 mm \/ 3 mm \/ 4 mm)<\/li>\n<li>Naudotojo vadovas<\/li>\n<\/ul>\n<div class=\"table-wrapper\">\n<p>B\u00a0<\/p>\n<h3><\/h3>\n<table>\n<tbody>\n<tr>\n<th>Gamintojas<\/th>\n<td>\u201eApexel\u201c<\/td>\n<\/tr>\n<tr>\n<th>Modelis<\/th>\n<td>APL-VG05CH<\/td>\n<\/tr>\n<tr>\n<th>Suderinamumas<\/th>\n<td>99,9 % i\u0161mani\u0173j\u0173 telefon\u0173 (plotis nuo 2,5&#8243; iki 3,4&#8243;)<\/td>\n<\/tr>\n<tr>\n<th>Tvirtinimai<\/th>\n<td>5 x 1\/4&#8243; sriegis, 2 x \u0161altos jungties tvirtinimo elementai<\/td>\n<\/tr>\n<tr>\n<th>Suderinamumas su objektyvais \/ filtrais<\/th>\n<td>67 mm, 37 mm, 17 mm s\u0105sajos<\/td>\n<\/tr>\n<tr>\n<th>Baterijos talpa<\/th>\n<td>2500 mAh<\/td>\n<\/tr>\n<tr>\n<th>\u201eBluetooth\u201c nuotolinio valdymo pultas diapazonas<\/th>\n<td>20 m<\/td>\n<\/tr>\n<\/tbody>\n<\/table>\n<\/div>\n","protected":false},"excerpt":{"rendered":"<p>Belaidis atnaujintas telefono \u012frangos vaizdo tinklara\u0161\u010di\u0173 rinkinys \u201eApexel APL-VG05CH\u201c Kurkite i\u0161skirtinius kadrus ir u\u017efiksuokite kvap\u0105 gniau\u017eian\u010dius kadrus su \u201eApexel APL-VG05CH\u201c vaizdo tinklara\u0161\u010di\u0173 rinkiniu, kuris paver\u010dia j\u016bs\u0173 telefon\u0105 profesionalia \u012fra\u0161ymo \u012franga. Telefono d\u0117klas suderinamas su 99,9 % i\u0161mani\u0173j\u0173 telefon\u0173, laikiklis suteikia patogumo, o integruota i\u0161orin\u0117 baterija prailgina \u012frenginio veikimo laik\u0105. Priedai leid\u017eia patogiai pritvirtinti \u0161viesas, mikrofonus, [&#8230;]\n","protected":false},"featured_media":34772,"comment_status":"open","ping_status":"closed","template":"","meta":[],"product_brand":[559],"product_cat":[872],"product_tag":[],"class_list":{"0":"post-34771","1":"product","2":"type-product","3":"status-publish","4":"has-post-thumbnail","6":"product_brand-apexel","7":"product_cat-uncategorized-lt","9":"first","10":"outofstock","11":"taxable","12":"shipping-taxable","13":"purchasable","14":"product-type-simple"},"aioseo_notices":[],"_links":{"self":[{"href":"https:\/\/asura.lv\/lt\/wp-json\/wp\/v2\/product\/34771","targetHints":{"allow":["GET"]}}],"collection":[{"href":"https:\/\/asura.lv\/lt\/wp-json\/wp\/v2\/product"}],"about":[{"href":"https:\/\/asura.lv\/lt\/wp-json\/wp\/v2\/types\/product"}],"replies":[{"embeddable":true,"href":"https:\/\/asura.lv\/lt\/wp-json\/wp\/v2\/comments?post=34771"}],"wp:featuredmedia":[{"embeddable":true,"href":"https:\/\/asura.lv\/lt\/wp-json\/wp\/v2\/media\/34772"}],"wp:attachment":[{"href":"https:\/\/asura.lv\/lt\/wp-json\/wp\/v2\/media?parent=34771"}],"wp:term":[{"taxonomy":"product_brand","embeddable":true,"href":"https:\/\/asura.lv\/lt\/wp-json\/wp\/v2\/product_brand?post=34771"},{"taxonomy":"product_cat","embeddable":true,"href":"https:\/\/asura.lv\/lt\/wp-json\/wp\/v2\/product_cat?post=34771"},{"taxonomy":"product_tag","embeddable":true,"href":"https:\/\/asura.lv\/lt\/wp-json\/wp\/v2\/product_tag?post=34771"}],"curies":[{"name":"wp","href":"https:\/\/api.w.org\/{rel}","templated":true}]}}