{"id":34849,"date":"2025-11-29T00:09:05","date_gmt":"2025-11-29T00:09:05","guid":{"rendered":"https:\/\/asura.lv\/product\/pxn-v900-gen2-gaming-steering-wheel\/"},"modified":"2025-12-12T15:56:04","modified_gmt":"2025-12-12T13:56:04","slug":"pxn-v900-gen2-gaming-steering-wheel","status":"publish","type":"product","link":"https:\/\/asura.lv\/lt\/produktas\/pxn-v900-gen2-gaming-steering-wheel\/","title":{"rendered":"PXN-V900 Gen2 \u017eaidim\u0173 vairas"},"content":{"rendered":"<h3>PXN-V900 Gen2 \u017eaidim\u0173 vairas<\/h3>\n<p>\u012e\u017eenkite \u012f virtuali\u0105 tras\u0105, kurioje kiekvienas pos\u016bkis, kiekvienas pavar\u0173 perjungimas ir kiekviena akimirka pasi\u017eymi i\u0161skirtiniu realizmu. PXN-V900 Gen2 \u017eaidim\u0173 vairas pasi\u017eymi 16 bit\u0173 magnetinio kodavimo \u012frenginio tikslumu, kuris fiksuoja net ma\u017eiausius judesius ir daugiapakop\u0119 vibracij\u0105. Reguliuojamas sukimosi kampas leid\u017eia pritaikyti \u012frenginio veiksmus prie bet kokio vairavimo stiliaus. Dinaminis RGB foninis ap\u0161vietimas garantuoja papildom\u0105 pasin\u0117rimo sluoksn\u012f. Rasite metalinius pedalus su \u201eHall Magnetic\u201c technologija, kurie pasi\u017eymi jautrumu ir patvarumu. Visas prietaisas suderinamas su kompiuteriais, \u201eXbox\u201c, \u201ePlayStation\u201c ir \u201eNintendo Switch\u201c.<\/p>\n<p>\n<img decoding=\"async\" alt=\"\" border=\"0\" src=\"https:\/\/assets.innpro.pl\/12698\/15373\/8.jpg\"\/>\n<\/p>\n<h3>Magnetinis tikslumas<\/h3>\n<p>Pa\u017eangus 16 bit\u0173 magnetinis kodavimo \u012frenginys tiksliai atkartoja kiekvien\u0105 j\u016bs\u0173 judes\u012f, kad gal\u0117tum\u0117te tobulai valdyti savo transporto priemon\u0119. Kiekvienas pos\u016bkis ir minimalus vairo judesys \u012fra\u0161omi realiuoju laiku, tod\u0117l galite visi\u0161kai kontroliuoti trasos situacij\u0105.<\/p>\n<p>\n<img decoding=\"async\" alt=\"\" border=\"0\" src=\"https:\/\/assets.innpro.pl\/12698\/15373\/3.jpg\"\/>\n<\/p>\n<h3>Vibracijos ir pasin\u0117rimo harmonija<\/h3>\n<p>Dviej\u0173 daugiapakopi\u0173 vibracijos varikli\u0173 d\u0117ka patirsite auk\u0161\u010diausio lygio realizm\u0105. PXN-V900 Gen2 reaguoja \u012f kiekvien\u0105 \u017eaidimo element\u0105 \u2013 nuo \u200b\u200bkelio nelygum\u0173 iki transporto priemon\u0117s dinamikos. Rezultatas? Pajusite kiekvien\u0105 kelio dangos pokyt\u012f, staig\u0173 manevr\u0105 ir automobilio elgesio skirtum\u0105.<\/p>\n<p>\n<img decoding=\"async\" alt=\"\" border=\"0\" src=\"https:\/\/assets.innpro.pl\/12698\/15373\/6.jpg\"\/>\n<\/p>\n<h3>Pasirinkite tobul\u0105 pasukimo kamp\u0105<\/h3>\n<p>270\u00b0 ir 900\u00b0 pasukimo kampo perjungimo funkcija leid\u017eia reguliuoti vair\u0105 pagal \u012fvairius vairavimo stilius. 270\u00b0 re\u017eimas puikiai tiks dinami\u0161kiems arkadiniams \u017eaidimams, o visas 900\u00b0 sukimasis \u2013 atkartojantis tikrus vairo judesius automobiliuose \u2013 leid\u017eia atlikti tikslius manevrus simuliacijose.<\/p>\n<p>\n<img decoding=\"async\" alt=\"\" border=\"0\" src=\"https:\/\/assets.innpro.pl\/12698\/15373\/7.jpg\"\/>\n<\/p>\n<h3>Sklandus pavar\u0173 perjungimas<\/h3>\n<p>Pavar\u0173 perjungimo mentel\u0117s, pagamintos i\u0161 patvarios ABS med\u017eiagos, sukurtos taip, kad imituot\u0173 tas, kurios naudojamos Formul\u0117s 1 automobiliuose. D\u0117l intuityvaus valdymo galite akimirksniu perjungti pavaras neatitraukdami rank\u0173 nuo vairo.<\/p>\n<p>\n<img decoding=\"async\" alt=\"\" border=\"0\" src=\"https:\/\/assets.innpro.pl\/12698\/15373\/2.jpg\"\/>\n<\/p>\n<h3>Hibridiniai pedalai su \u201eHall Magnetic\u201c technologija<\/h3>\n<p>Komplekte yra magnetin\u0117s technologijos pagrindu sukurti pedalai, kurie tiksliai nustato spaudimo stiprum\u0105. Metalin\u0117s ir dilimui atsparios pedal\u0173 plok\u0161t\u0117s tiksliai imituoja tikrus pedalus, u\u017etikrindamos maksimal\u0173 komfort\u0105 ir stabilum\u0105. Neslystanti apdaila ir sulankstomas dizainas padidina naudojimo patogum\u0105, o platus jautrumo diapazonas leid\u017eia tiksliai valdyti kiekvien\u0105 judes\u012f.<\/p>\n<p>\n<img decoding=\"async\" alt=\"\" border=\"0\" src=\"https:\/\/assets.innpro.pl\/12698\/15373\/5.jpg\"\/>\n<\/p>\n<h3>Patogumas, vedantis \u012f pergal\u0119<\/h3>\n<p>28 cm skersmens vairas su TPE guma dengta rankena u\u017etikrina patogum\u0105 net ir ilg\u0173 \u017eaidim\u0173 metu. Ergonomi\u0161kas mygtuk\u0173 i\u0161d\u0117stymas rei\u0161kia, kad viskas, ko jums reikia, visada yra po ranka. Integruotas RGB foninis ap\u0161vietimas ne tik pagerina vizualin\u012f patrauklum\u0105, bet ir reaguoja \u012f j\u016bs\u0173 judesius, be kita ko, rodydamas stabdymo ar greit\u0117jimo j\u0117g\u0105. Tvirtinimo spaustukai leid\u017eia pritvirtinti vair\u0105 prie stalo.<\/p>\n<p>\n<img decoding=\"async\" alt=\"\" border=\"0\" src=\"https:\/\/assets.innpro.pl\/12698\/15373\/4.jpg\"\/>\n<\/p>\n<h3>Suderinamumas su keliomis platformomis<\/h3>\n<p>PXN-V900 Gen2 veikia su keliomis platformomis, \u012fskaitant \u201eNintendo Switch\u201c, \u201ePlayStation\u201c, \u201eXbox\u201c ir asmeninius kompiuterius. Rinkinys suderinamas su tokiais populiariais \u017eaidimais kaip \u201eForza Horizon 5\u201c, \u201eEuro Truck Simulator 2\u201c ir \u201eGran Turismo 5\u201c. Nesvarbu, ar pasirinksite lenktyni\u0173 tras\u0105, ramius kelius, ar dinami\u0161kus ralius, PXN vairas atlaikys bet kok\u012f i\u0161\u0161\u016bk\u012f.<\/p>\n<p>\n<img decoding=\"async\" alt=\"\" border=\"0\" src=\"https:\/\/assets.innpro.pl\/12698\/15373\/1.jpg\"\/>\n<\/p>\n<h3>\u012etraukta:<\/h3>\n<ul class=\"list-disc pl-5\">\n<li>PXN-V900 Gen2 \u017eaidim\u0173 vairas<\/li>\n<li>\u201eHall Magnetic\u201c pedalai<\/li>\n<li>Tvirtinimo spaustukai x2<\/li>\n<li>USB-C \u012f USB-A laidas x2<\/li>\n<li>Micro USB \u012f USB-A laidas<\/li>\n<li>Vartotojo vadovas<\/li>\n<\/ul>\n<div class=\"table-wrapper\">\n<p>B\u00a0<\/p>\n<h3><\/h3>\n<table>\n<tbody>\n<tr>\n<th>Gamintojas<\/th>\n<td>PXN<\/td>\n<\/tr>\n<tr>\n<th>Gamintojo kodas<\/th>\n<td>PXN-V900 GEN2<\/td>\n<\/tr>\n<tr>\n<th>Prijungimo tipas<\/th>\n<td>Laidinis<\/td>\n<\/tr>\n<tr>\n<th>Vairo matmenys<\/th>\n<td>280 x 334 x 285 mm<\/td>\n<\/tr>\n<tr>\n<th>Pedal\u0173 matmenys<\/th>\n<td>232,5 x 183 x 140 mm<\/td>\n<\/tr>\n<tr>\n<th>Vairo svoris<\/th>\n<td>Apytiksliai 2270 g<\/td>\n<\/tr>\n<tr>\n<th>Pedal\u0173 svoris<\/th>\n<td>Apytiksliai 845 g<\/td>\n<\/tr>\n<tr>\n<th>Darbin\u0117 srov\u0117<\/th>\n<td>\u012eprasto naudojimo metu: 80 mA \/ Vibracijos metu: <150 mA \/ Valdiklio valdymo metu: <500 mA<\/td>\n<\/tr>\n<tr>\n<th>Darbin\u0117 temperat\u016bra<\/th>\n<td>10\u201340 \u00b0C<\/td>\n<\/tr>\n<tr>\n<th>Darbin\u0117 dr\u0117gm\u0117<\/th>\n<td>20\u201380 %<\/td>\n<\/tr>\n<\/tbody>\n<\/table>\n<\/div>\n","protected":false},"excerpt":{"rendered":"<p>PXN-V900 Gen2 \u017eaidim\u0173 vairas \u012e\u017eenkite \u012f virtuali\u0105 tras\u0105, kurioje kiekvienas pos\u016bkis, kiekvienas pavar\u0173 perjungimas ir kiekviena akimirka pasi\u017eymi i\u0161skirtiniu realizmu. PXN-V900 Gen2 \u017eaidim\u0173 vairas pasi\u017eymi 16 bit\u0173 magnetinio kodavimo \u012frenginio tikslumu, kuris fiksuoja net ma\u017eiausius judesius ir daugiapakop\u0119 vibracij\u0105. Reguliuojamas sukimosi kampas leid\u017eia pritaikyti \u012frenginio veiksmus prie bet kokio vairavimo stiliaus. Dinaminis RGB foninis ap\u0161vietimas [&#8230;]\n","protected":false},"featured_media":34850,"comment_status":"open","ping_status":"closed","template":"","meta":[],"product_brand":[392],"product_cat":[1034],"product_tag":[],"class_list":{"0":"post-34849","1":"product","2":"type-product","3":"status-publish","4":"has-post-thumbnail","6":"product_brand-pxn","7":"product_cat-racing-simulation","9":"first","10":"outofstock","11":"taxable","12":"shipping-taxable","13":"purchasable","14":"product-type-simple"},"aioseo_notices":[],"_links":{"self":[{"href":"https:\/\/asura.lv\/lt\/wp-json\/wp\/v2\/product\/34849","targetHints":{"allow":["GET"]}}],"collection":[{"href":"https:\/\/asura.lv\/lt\/wp-json\/wp\/v2\/product"}],"about":[{"href":"https:\/\/asura.lv\/lt\/wp-json\/wp\/v2\/types\/product"}],"replies":[{"embeddable":true,"href":"https:\/\/asura.lv\/lt\/wp-json\/wp\/v2\/comments?post=34849"}],"wp:featuredmedia":[{"embeddable":true,"href":"https:\/\/asura.lv\/lt\/wp-json\/wp\/v2\/media\/34850"}],"wp:attachment":[{"href":"https:\/\/asura.lv\/lt\/wp-json\/wp\/v2\/media?parent=34849"}],"wp:term":[{"taxonomy":"product_brand","embeddable":true,"href":"https:\/\/asura.lv\/lt\/wp-json\/wp\/v2\/product_brand?post=34849"},{"taxonomy":"product_cat","embeddable":true,"href":"https:\/\/asura.lv\/lt\/wp-json\/wp\/v2\/product_cat?post=34849"},{"taxonomy":"product_tag","embeddable":true,"href":"https:\/\/asura.lv\/lt\/wp-json\/wp\/v2\/product_tag?post=34849"}],"curies":[{"name":"wp","href":"https:\/\/api.w.org\/{rel}","templated":true}]}}