{"id":34945,"date":"2025-11-29T00:08:56","date_gmt":"2025-11-29T00:08:56","guid":{"rendered":"https:\/\/asura.lv\/product\/viofo-a229-pro-2ch-4k-2k-wifi-gps\/"},"modified":"2025-12-12T15:55:55","modified_gmt":"2025-12-12T13:55:55","slug":"viofo-a229-pro-2ch-4k-2k-wifi-gps","status":"publish","type":"product","link":"https:\/\/asura.lv\/lt\/produktas\/viofo-a229-pro-2ch-4k-2k-wifi-gps\/","title":{"rendered":"VIOFO A229 PRO 2CH 4K + 2K WiFi, GPS"},"content":{"rendered":"<h3>VIOFO A229 PRO 2CH 4K + 2K WiFi, GPS vaizdo \u012fra\u0161ymo \u012frenginys<\/h3>\n<p>\u201eVIOFO A229 PRO 2CH\u201c yra patikimas vaizdo \u012fra\u0161ymo \u012frenginys, kuris i\u0161 naujo apibr\u0117\u017eia vaizdo standartus, \u012fra\u0161ydamas dvigub\u0105 4K UHD rai\u0161k\u0105 priekin\u0117je kameroje ir 2K QHD rai\u0161k\u0105 galin\u0117je kameroje. Naudodamas naujausi\u0105 \u201eSony STARVIS 2\u201c technologij\u0105, \u012frenginys si\u016blo i\u0161skirtin\u0119 vaizdo kokyb\u0119, fiksuodamas kiekvien\u0105 detal\u0119 tiek dien\u0105, tiek nakt\u012f. Tai nepakei\u010diamas \u012frankis vairuotojams, kurie vertina auk\u0161\u010diausio lygio saugum\u0105 ir komfort\u0105.<\/p>\n<p>\n<img decoding=\"async\" alt=\"\" border=\"0\" src=\"https:\/\/assets.innpro.pl\/12503\/14973\/1.jpg\"\/>\n<\/p>\n<h3>Revoliuciniai \u201eSony STARVIS 2\u201c jutikliai<\/h3>\n<p>\u201eVIOFO A229 PRO\u201c yra pirmasis pramon\u0117je, kuriame naudojami du pa\u017eang\u016bs \u201eSony STARVIS 2\u201c jutikliai. Priekinis IMX678 jutiklis ir galinis IMX675 jutiklis u\u017etikrina \u012fsp\u016bding\u0105 dinamin\u012f diapazon\u0105 ir puik\u0173 jautrum\u0105 \u0161viesai. D\u0117l to jie pa\u0161alina triuk\u0161m\u0105 ir suliejim\u0105, u\u017etikrindami i\u0161skirtinai ry\u0161kius ir detalius vaizdus bet kokiomis ap\u0161vietimo s\u0105lygomis.<\/p>\n<p>\n<img decoding=\"async\" alt=\"\" border=\"0\" src=\"https:\/\/assets.innpro.pl\/12503\/14973\/7.jpg\"\/>\n<\/p>\n<h3>Nuostabi vaizdo kokyb\u0117<\/h3>\n<p>Priekin\u0117 kamera \u012fra\u0161o stulbinan\u010dia 4K kokybe d\u0117l \u201eSony STARVIS 2 IMX678\u201c 1\/1,8 colio jutiklio. Didesnis pikseli\u0173 skai\u010dius leid\u017eia u\u017efiksuoti net ir smulkiausias detales, u\u017etikrinant puik\u0173 numeri\u0173 \u017eenkl\u0173 ar kelio \u017eenklinimo matomum\u0105. Galin\u0117 kamera su IMX675 jutikliu si\u016blo 2K rai\u0161k\u0105 ir iki 2,5 karto platesn\u012f dinamin\u012f diapazon\u0105 nei ankstesn\u0117s kartos modeliai, u\u017etikrindama ai\u0161kius \u012fra\u0161us net nakt\u012f.<\/p>\n<p>\n<img decoding=\"async\" alt=\"\" border=\"0\" src=\"https:\/\/assets.innpro.pl\/12503\/14973\/5.jpg\"\/>\n<\/p>\n<h3>Pa\u017eangi HDR technologija<\/h3>\n<p>Abiejose kamerose integruota HDR technologija efektyviai subalansuoja \u0161viesias ir tamsias vaizdo sritis. D\u0117l to \u201eA229 PRO\u201c puikiai veikia sud\u0117tingomis ap\u0161vietimo s\u0105lygomis, tokiomis kaip staig\u016bs \u0161viesos poky\u010diai, akinimas ir vairavimas nakt\u012f. Kiekviena detal\u0117 \u2013 nuo \u200b\u200bkelio \u017eenkl\u0173 iki numeri\u0173 \u2013 i\u0161lieka ai\u0161ki ir \u012fskaitoma.<\/p>\n<p>\n<img decoding=\"async\" alt=\"\" border=\"0\" src=\"https:\/\/assets.innpro.pl\/12503\/14973\/9.jpg\"\/>\n<\/p>\n<h3>I\u0161manus balso valdymas ir prane\u0161imai<\/h3>\n<p>Pa\u017eangi balso valdymo sistema leid\u017eia patogiai valdyti \u012frengin\u012f neatitraukiant rank\u0173 nuo vairo. Paprasta komanda \u2013 viskas, ko reikia norint prad\u0117ti arba sustabdyti \u012fra\u0161ym\u0105, nufotografuoti arba \u012fjungti \u201eWi-Fi\u201c. Vaizdo \u012fra\u0161ymo \u012frenginys taip pat prane\u0161a apie galimas problemas, pvz., atminties kortel\u0117s klaidas, suteikdamas jums visi\u0161k\u0105 jo veikimo kontrol\u0119. Vaizdo \u012fra\u0161ymo \u012frenginys palaiko balso valdym\u0105 angl\u0173, kin\u0173, rus\u0173 ir japon\u0173 kalbomis.<\/p>\n<p>\n<img decoding=\"async\" alt=\"\" border=\"0\" src=\"https:\/\/assets.innpro.pl\/12503\/14973\/12.jpg\"\/>\n<\/p>\n<h3>Greitas duomen\u0173 perdavimas per \u201eWi-Fi\u201c ir USB<\/h3>\n<p>Integruotas 5 GHz \u201eWi-Fi\u201c leid\u017eia akimirksniu perkelti \u012fra\u0161us \u012f i\u0161man\u0173j\u012f telefon\u0105. Arba, naudojant USB-C jungt\u012f, atsisiuntimo greitis gali siekti net 20 MB\/s, o tai ypa\u010d naudinga dideliems 4K failams. \u0160i funkcija taip pat supaprastina programin\u0117s \u012frangos atnaujinimus, suteikdama nuolatin\u0119 prieig\u0105 prie nauj\u0173 funkcij\u0173.<\/p>\n<p>\n<img decoding=\"async\" alt=\"\" border=\"0\" src=\"https:\/\/assets.innpro.pl\/12503\/14973\/14.jpg\"\/>\n<\/p>\n<h3>Vis\u0105 par\u0105 veikiantis parkavimo steb\u0117jimas<\/h3>\n<p>\u201eVIOFO A229 PRO\u201c si\u016blo tris parkavimo steb\u0117jimo re\u017eimus: automatin\u012f \u012fvyki\u0173 aptikim\u0105, \u012fra\u0161ym\u0105 pagreitintu re\u017eimu ir \u012fra\u0161ym\u0105 ma\u017eu bit\u0173 da\u017eniu. Sistema akimirksniu u\u017efiksuoja \u012ftartinus judesius aplink transporto priemon\u0119, filmuodama 15 sekund\u017ei\u0173 prie\u0161 ir 30 sekund\u017ei\u0173 po \u012fvykio, tod\u0117l tampa nepakei\u010diamu j\u016bs\u0173 automobilio serg\u0117toju.<\/p>\n<p>\n<img decoding=\"async\" alt=\"\" border=\"0\" src=\"https:\/\/assets.innpro.pl\/12503\/14973\/10.jpg\"\/>\n<\/p>\n<h3>Tikslus GPS modulis<\/h3>\n<p>D\u0117l pa\u017eangaus keturi\u0173 re\u017eim\u0173 GPS modulio vaizdo \u012fra\u0161ymo \u012frenginys seka transporto priemon\u0117s pad\u0117t\u012f precedento neturin\u010diu tikslumu. Jis palaiko net keturias palydov\u0173 sistemas: GPS, \u201eBeiDou\u201c, \u201eGalileo\u201c ir GLONASS, u\u017etikrindamas stabil\u0173 ir greit\u0105 vietos nustatym\u0105. I\u0161saugotuose \u012fra\u0161uose galima atkurti mar\u0161rut\u0105, greit\u012f ir vairavimo laik\u0105.<\/p>\n<p>\n<img decoding=\"async\" alt=\"\" border=\"0\" src=\"https:\/\/assets.innpro.pl\/12503\/14973\/13.jpg\"\/>\n<\/p>\n<h3>Saugos funkcijos<\/h3>\n<p>\u201eA229 PRO\u201c automati\u0161kai perra\u0161o seniausius \u012fra\u0161us, kad atsirast\u0173 vietos naujiems failams. D\u0117l integruoto G jutiklio bet koks staigus stabdymas, susid\u016brimas ar sm\u016bgis yra nedelsiant \u012fra\u0161omi ir apsaugomi nuo i\u0161trynimo.<\/p>\n<p>\n<img decoding=\"async\" alt=\"\" border=\"0\" src=\"https:\/\/assets.innpro.pl\/12503\/14973\/6.jpg\"\/>\n<\/p>\n<h3>Patogus ekranas ir intuityvus valdymas<\/h3>\n<p>2,4 colio HD ekranas u\u017etikrina patogi\u0105 \u012fra\u0161\u0173 per\u017ei\u016br\u0105 ir intuityvi\u0105 meniu navigacij\u0105. Vaizdo \u012fra\u0161ymo \u012frenginio i\u0161manus dizainas leid\u017eia j\u012f lengvai \u012fdiegti ir naudoti, tod\u0117l jis yra puikus palydovas bet kurioje kelion\u0117je. Palepinkite save komfortu ir pasitik\u0117jimu u\u017e vairo \u2013 rinkit\u0117s \u201eA229 PRO\u201c.<\/p>\n<p>\n<img decoding=\"async\" alt=\"\" border=\"0\" src=\"https:\/\/assets.innpro.pl\/12503\/14973\/11.jpg\"\/>\n<\/p>\n<h3>Pridedama<\/h3>\n<ul class=\"list-disc pl-5\">\n<li>statiniai lipdukai priekiniam stiklui<\/li>\n<li>apdailos nu\u0117mimo \u012frankis<\/li>\n<li>priekin\u0117s ir galin\u0117s kameros tvirtinimo lipdukai<\/li>\n<li>priekin\u0117 kamera<\/li>\n<li>galin\u0117 kamera<\/li>\n<li>C tipo duomen\u0173 kabelis<\/li>\n<li>automobilinis \u012fkroviklis<\/li>\n<li>galin\u0117s kameros kabelis (6 m)<\/li>\n<li>CPL filtras<\/li>\n<li>naudotojo vadovas<\/li>\n<\/ul>\n<div class=\"table-wrapper\">\n<p>B\u00a0<\/p>\n<h3><\/h3>\n<table>\n<tbody>\n<tr>\n<th>Gamintojas<\/th>\n<td>VIOFO<\/td>\n<\/tr>\n<tr>\n<th>Modelis<\/th>\n<td>A229 PRO 2CH<\/td>\n<\/tr>\n<tr>\n<th>Kanalai<\/th>\n<td>Priekinis + galinis<\/td>\n<\/tr>\n<tr>\n<th>Vaizdo rai\u0161ka<\/th>\n<td>2160P 30 kadr\u0173 per sekund\u0119 + 1440P 30 kadr\u0173 per sekund\u0119; 1440P 30 kadr\u0173 per sekund\u0119 + 1440P 30 kadr\u0173 per sekund\u0119; 1080P 30 kadr\u0173 per sekund\u0119 + 1080P 30 kadr\u0173 per sekund\u0119<\/td>\n<\/tr>\n<tr>\n<th>Vaizdo jutiklis<\/th>\n<td>Priekinis: \u201eSony STARVIS 2 IMX678 8MP\u201c; Galinis: \u201eSony STARVIS 2 IMX675 5MP\u201c<\/td>\n<\/tr>\n<tr>\n<th>HDR<\/th>\n<td>Priekinis: Palaikomas; Galinis: Palaikomas<\/td>\n<\/tr>\n<tr>\n<th>Objektyvas<\/th>\n<td>Priekinis: F1.8 diafragma, matymo laukas = 140\u00b0; Galinis: F1.9 diafragma, matymo kampas = 160\u00b0<\/td>\n<\/tr>\n<tr>\n<th>\u201eWi-Fi\u201c<\/th>\n<td>Integruotas 5 GHz ir 2,4 GHz<\/td>\n<\/tr>\n<tr>\n<th>GPS<\/th>\n<td>Integruotas keturi\u0173 re\u017eim\u0173<\/td>\n<\/tr>\n<tr>\n<th>G jutiklis<\/th>\n<td>Integruotas<\/td>\n<\/tr>\n<tr>\n<th>Parkavimo re\u017eimas<\/th>\n<td>Palaikoma (automatinis \u012fvyki\u0173 aptikimas \/ pagreitinto filmavimo \u012fra\u0161ymas \/ ma\u017eo bit\u0173 da\u017enio \u012fra\u0161ymas)<\/td>\n<\/tr>\n<tr>\n<th>Balso valdymas<\/th>\n<td>Palaikoma (rus\u0173, angl\u0173, japon\u0173 ir kin\u0173 kalbomis)<\/td>\n<\/tr>\n<tr>\n<th>Balsas prane\u0161imai<\/th>\n<td>Palaikoma<\/td>\n<\/tr>\n<tr>\n<th>Mikrofonas<\/th>\n<td>Integruotas<\/td>\n<\/tr>\n<tr>\n<th>Garsiakalbis<\/th>\n<td>Integruotas<\/td>\n<\/tr>\n<tr>\n<th>LED indikatoriai<\/th>\n<td>Maitinimo, \u012fra\u0161ymo, \u201eWi-Fi\u201c, mikrofono, GPS indikatoriai<\/td>\n<\/tr>\n<tr>\n<th>Galinio kameros jungtis<\/th>\n<td>C tipo jungtis prie C tipo jungties<\/td>\n<\/tr>\n<tr>\n<th>Da\u017enis<\/th>\n<td>50 Hz \/ 60 Hz<\/td>\n<\/tr>\n<tr>\n<th>Vaizdo kodekas<\/th>\n<td>H.264<\/td>\n<\/tr>\n<tr>\n<th>Atmintis<\/th>\n<td>Palaiko iki 512 GB talpos \u201emicroSD\u201c korteles<\/td>\n<\/tr>\n<tr>\n<th>Baterija \/ atsargin\u0117 baterija<\/th>\n<td>Integruota Superkondensatorius<\/td>\n<\/tr>\n<tr>\n<th>\u012evesties maitinimo \u0161altinis<\/th>\n<td>5,0 V \/ 2 A nuolatin\u0117 srov\u0117<\/td>\n<\/tr>\n<tr>\n<th>Darbin\u0117s temperat\u016bros diapazonas<\/th>\n<td>\u201320 \u00b0C\u201365 \u00b0C<\/td>\n<\/tr>\n<tr>\n<th>Laikymo temperat\u016bros diapazonas<\/th>\n<td>\u201320 \u00b0C\u201370 \u00b0C<\/td>\n<\/tr>\n<tr>\n<th>Ekranas<\/th>\n<td>2,4 colio HD<\/td>\n<\/tr>\n<tr>\n<th>Matmenys<\/th>\n<td>Priekinis: 5,84 cm x 9,91 cm x 4,57 cm; Galinis: 6,71 cm x 3,38 cm x 2,79 cm<\/td>\n<\/tr>\n<\/tbody>\n<\/table>\n<\/div>\n","protected":false},"excerpt":{"rendered":"<p>VIOFO A229 PRO 2CH 4K + 2K WiFi, GPS vaizdo \u012fra\u0161ymo \u012frenginys \u201eVIOFO A229 PRO 2CH\u201c yra patikimas vaizdo \u012fra\u0161ymo \u012frenginys, kuris i\u0161 naujo apibr\u0117\u017eia vaizdo standartus, \u012fra\u0161ydamas dvigub\u0105 4K UHD rai\u0161k\u0105 priekin\u0117je kameroje ir 2K QHD rai\u0161k\u0105 galin\u0117je kameroje. Naudodamas naujausi\u0105 \u201eSony STARVIS 2\u201c technologij\u0105, \u012frenginys si\u016blo i\u0161skirtin\u0119 vaizdo kokyb\u0119, fiksuodamas kiekvien\u0105 detal\u0119 tiek [&#8230;]\n","protected":false},"featured_media":34946,"comment_status":"open","ping_status":"closed","template":"","meta":[],"product_brand":[727],"product_cat":[908],"product_tag":[],"class_list":{"0":"post-34945","1":"product","2":"type-product","3":"status-publish","4":"has-post-thumbnail","6":"product_brand-viofo","7":"product_cat-video-recorders","9":"first","10":"outofstock","11":"taxable","12":"shipping-taxable","13":"purchasable","14":"product-type-simple"},"aioseo_notices":[],"_links":{"self":[{"href":"https:\/\/asura.lv\/lt\/wp-json\/wp\/v2\/product\/34945","targetHints":{"allow":["GET"]}}],"collection":[{"href":"https:\/\/asura.lv\/lt\/wp-json\/wp\/v2\/product"}],"about":[{"href":"https:\/\/asura.lv\/lt\/wp-json\/wp\/v2\/types\/product"}],"replies":[{"embeddable":true,"href":"https:\/\/asura.lv\/lt\/wp-json\/wp\/v2\/comments?post=34945"}],"wp:featuredmedia":[{"embeddable":true,"href":"https:\/\/asura.lv\/lt\/wp-json\/wp\/v2\/media\/34946"}],"wp:attachment":[{"href":"https:\/\/asura.lv\/lt\/wp-json\/wp\/v2\/media?parent=34945"}],"wp:term":[{"taxonomy":"product_brand","embeddable":true,"href":"https:\/\/asura.lv\/lt\/wp-json\/wp\/v2\/product_brand?post=34945"},{"taxonomy":"product_cat","embeddable":true,"href":"https:\/\/asura.lv\/lt\/wp-json\/wp\/v2\/product_cat?post=34945"},{"taxonomy":"product_tag","embeddable":true,"href":"https:\/\/asura.lv\/lt\/wp-json\/wp\/v2\/product_tag?post=34945"}],"curies":[{"name":"wp","href":"https:\/\/api.w.org\/{rel}","templated":true}]}}