{"id":34999,"date":"2025-11-29T00:08:50","date_gmt":"2025-11-29T00:08:50","guid":{"rendered":"https:\/\/asura.lv\/product\/baseus-primetrip-va1-2-in-1-pump-with-flashlight-black\/"},"modified":"2025-12-12T15:55:52","modified_gmt":"2025-12-12T13:55:52","slug":"baseus-primetrip-va1-2-in-1-pump-with-flashlight-black","status":"publish","type":"product","link":"https:\/\/asura.lv\/lt\/produktas\/baseus-primetrip-va1-2-in-1-pump-with-flashlight-black\/","title":{"rendered":"\u201eBaseus PrimeTrip VA1\u201c 2 viename pompa su \u017eibintuv\u0117liu, juoda"},"content":{"rendered":"<h3>\u201eBaseus VA1 2-in-1\u201c rat\u0173 pompa, juoda<\/h3>\n<p>Daugiafunkcis \u201eBaseus\u201c prip\u016btiklis palaiko tiek belaid\u012f, tiek laidin\u012f re\u017eimus. Galingas 19 cilindr\u0173 pompa ir tiksli sl\u0117gio matavimo sistema leid\u017eia greitai ir tiksliai pripildyti padangas, kamuolius ar pripu\u010diamus priedus oro. \u012emontuotas LED \u017eibintuv\u0117lis, i\u0161orin\u0117s baterijos funkcija ir 5 paruo\u0161ti naudoti re\u017eimai leid\u017eia \u012frenginiui puikiai veikti bet kokiomis s\u0105lygomis \u2013 kelion\u0117ms, stovyklavimui ir avarin\u0117ms situacijoms.<\/p>\n<p>\n<img decoding=\"async\" alt=\"\" border=\"0\" src=\"https:\/\/assets.innpro.pl\/15741\/19806\/2.jpg\"\/>\n<\/p>\n<h3>Prip\u016btimas dviem re\u017eimais<\/h3>\n<p>\u012erengin\u012f galite naudoti dviem b\u016bdais \u2013 laidiniu b\u016bdu (per 12\/24 volt\u0173 cigare\u010di\u0173 degiklio lizd\u0105) arba belaid\u017eiu b\u016bdu, nes \u012fmontuota 6000 mAh baterija. Belaid\u017eiu re\u017eimu pompa bud\u0117jimo re\u017eimu veikia iki 180 dien\u0173. Trij\u0173 ventiliacijos kanal\u0173 konstrukcija apsaugo nuo perkaitimo net ir ilgai veikiant.<\/p>\n<p>\n<img decoding=\"async\" alt=\"\" border=\"0\" src=\"https:\/\/assets.innpro.pl\/15741\/19806\/1.jpg\"\/>\n<\/p>\n<h3>Tikslus ir greitas<\/h3>\n<p>Pompa pasiekia 20 000 aps.\/min. greit\u012f ir iki 2,5 baro sl\u0117g\u012f. Tai leid\u017eia vos per 6 minutes prip\u016bsti tu\u0161\u010di\u0105 R175 padang\u0105. Didelis LCD ekranas pateikia tiksl\u0173 realaus laiko sl\u0117gio rodmen\u012f, kurio tikslumas yra 0,03 baro.<\/p>\n<p>\n<img decoding=\"async\" alt=\"\" border=\"0\" src=\"https:\/\/assets.innpro.pl\/15741\/19806\/8.jpg\"\/>\n<\/p>\n<h3>5 darbo re\u017eimai ir automatinio sustabdymo funkcija<\/h3>\n<p>Galima rinktis i\u0161 penki\u0173 darbo re\u017eim\u0173. Vos vienu mygtuko paspaudimu galite prad\u0117ti pumpuoti. Kai prietaisas pasieks nustatyt\u0105 vert\u0119, jis automati\u0161kai i\u0161sijungs.<\/p>\n<p>\n<img decoding=\"async\" alt=\"\" border=\"0\" src=\"https:\/\/assets.innpro.pl\/15741\/19806\/5.jpg\"\/>\n<\/p>\n<h3>\u017dibintuv\u0117lis ir i\u0161orin\u0117 baterija viename<\/h3>\n<p>Prietaise yra nuimamas LED \u017eibintuv\u0117lis su trimis \u0161viesos re\u017eimais \u2013 avariniu ap\u0161vietimu, mirks\u0117jimu ir SOS. Be to, pompa veikia kaip i\u0161orin\u0117 baterija \u2013 USB-A prievadas leid\u017eia \u012fkrauti \u012frenginius, o USB-C prievadas naudojamas pa\u010diai pompai \u012fkrauti.<\/p>\n<p>\n<img decoding=\"async\" alt=\"\" border=\"0\" src=\"https:\/\/assets.innpro.pl\/15741\/19806\/6.jpg\"\/>\n<\/p>\n<h3>Naudojimo saugumas<\/h3>\n<p>Pompoje \u012frengta iki 12 saugos funkcij\u0173, kurios apsaugo baterij\u0105 ir varikl\u012f nuo pa\u017eeidim\u0173. Be kita ko, \u012frenginys apsaugo nuo perkaitimo, perkrovimo, per \u017eemos arba per auk\u0161tos \u012ftampos, atvirk\u0161tinio poli\u0161kumo, trumpojo jungimo ir perkrovos. Tai leid\u017eia j\u012f naudoti be r\u016bpes\u010di\u0173.<\/p>\n<p>\n<img decoding=\"async\" alt=\"\" border=\"0\" src=\"https:\/\/assets.innpro.pl\/15741\/19806\/7.jpg\"\/>\n<\/p>\n<h3>\u012e komplekt\u0105 \u012feina:<\/h3>\n<ul class=\"list-disc pl-5\">\n<li>Rat\u0173 pompa<\/li>\n<li>Nuimamas LED \u017eibintuv\u0117lis<\/li>\n<li>Maitinimo laidas cigare\u010di\u0173 degiklio lizdui<\/li>\n<li>\u012ekrovimo laidas<\/li>\n<li>Prip\u016btimo \u017earna su padangos antgaliu<\/li>\n<li>Antgalis pripu\u010diamiems ratams ir priedams<\/li>\n<li>Antgalis \u201ePresta\u201c ventiliams<\/li>\n<li>Adata kamuoliukams<\/li>\n<\/ul>\n<div class=\"table-wrapper\">\n<p>B\u00a0<\/p>\n<h3><\/h3>\n<table>\n<tbody>\n<tr>\n<th>Gamintojas<\/th>\n<td>Baseus<\/td>\n<\/tr>\n<tr>\n<th>Gamintojo kodas<\/th>\n<td>C11169001121-00<\/td>\n<\/tr>\n<tr>\n<th>Spalva<\/th>\n<td>Juoda<\/td>\n<\/tr>\n<tr>\n<th>Maitinimo \u0161altinis i\u0161 cigare\u010di\u0173 \u017eiebtuv\u0117lio<\/th>\n<td>NS 12 V \u00d7 6,5 A, 24 V \u00d7 3,5 A (maks.).<\/td>\n<\/tr>\n<tr>\n<th>USB-C \u012fvestis<\/th>\n<td>9 V \u00d7 1,5 A, 5 V \u00d7 2,4 A<\/td>\n<\/tr>\n<tr>\n<th>USB-A i\u0161vestis<\/th>\n<td>5 V \u00d7 2,4 A, 9 V \u00d7 2 A, 12 V \u00d7 1,5 A<\/td>\n<\/tr>\n<tr>\n<th>\u012ekraunama baterija<\/th>\n<td>11,1 V 2000 mAh (22,2 Wh)<\/td>\n<\/tr>\n<tr>\n<th>Med\u017eiaga<\/th>\n<td>Aliuminis, PC, ABS<\/td>\n<\/tr>\n<tr>\n<th>Svoris<\/th>\n<td>Ma\u017edaug 700 g<\/td>\n<\/tr>\n<\/tbody>\n<\/table>\n<\/div>\n","protected":false},"excerpt":{"rendered":"<p>\u201eBaseus VA1 2-in-1\u201c rat\u0173 pompa, juoda Daugiafunkcis \u201eBaseus\u201c prip\u016btiklis palaiko tiek belaid\u012f, tiek laidin\u012f re\u017eimus. Galingas 19 cilindr\u0173 pompa ir tiksli sl\u0117gio matavimo sistema leid\u017eia greitai ir tiksliai pripildyti padangas, kamuolius ar pripu\u010diamus priedus oro. \u012emontuotas LED \u017eibintuv\u0117lis, i\u0161orin\u0117s baterijos funkcija ir 5 paruo\u0161ti naudoti re\u017eimai leid\u017eia \u012frenginiui puikiai veikti bet kokiomis s\u0105lygomis \u2013 kelion\u0117ms, [&#8230;]\n","protected":false},"featured_media":35000,"comment_status":"open","ping_status":"closed","template":"","meta":[],"product_brand":[95],"product_cat":[1061],"product_tag":[],"class_list":{"0":"post-34999","1":"product","2":"type-product","3":"status-publish","4":"has-post-thumbnail","6":"product_brand-baseus","7":"product_cat-mini-compressors","9":"first","10":"outofstock","11":"taxable","12":"shipping-taxable","13":"purchasable","14":"product-type-simple"},"aioseo_notices":[],"_links":{"self":[{"href":"https:\/\/asura.lv\/lt\/wp-json\/wp\/v2\/product\/34999","targetHints":{"allow":["GET"]}}],"collection":[{"href":"https:\/\/asura.lv\/lt\/wp-json\/wp\/v2\/product"}],"about":[{"href":"https:\/\/asura.lv\/lt\/wp-json\/wp\/v2\/types\/product"}],"replies":[{"embeddable":true,"href":"https:\/\/asura.lv\/lt\/wp-json\/wp\/v2\/comments?post=34999"}],"wp:featuredmedia":[{"embeddable":true,"href":"https:\/\/asura.lv\/lt\/wp-json\/wp\/v2\/media\/35000"}],"wp:attachment":[{"href":"https:\/\/asura.lv\/lt\/wp-json\/wp\/v2\/media?parent=34999"}],"wp:term":[{"taxonomy":"product_brand","embeddable":true,"href":"https:\/\/asura.lv\/lt\/wp-json\/wp\/v2\/product_brand?post=34999"},{"taxonomy":"product_cat","embeddable":true,"href":"https:\/\/asura.lv\/lt\/wp-json\/wp\/v2\/product_cat?post=34999"},{"taxonomy":"product_tag","embeddable":true,"href":"https:\/\/asura.lv\/lt\/wp-json\/wp\/v2\/product_tag?post=34999"}],"curies":[{"name":"wp","href":"https:\/\/api.w.org\/{rel}","templated":true}]}}