{"id":35101,"date":"2025-11-29T00:08:42","date_gmt":"2025-11-29T00:08:42","guid":{"rendered":"https:\/\/asura.lv\/product\/esr-qi2-magslim-10000-mah-magnetic-powerbank-sand\/"},"modified":"2025-12-12T15:55:45","modified_gmt":"2025-12-12T13:55:45","slug":"esr-qi2-magslim-10000-mah-magnetic-powerbank-sand","status":"publish","type":"product","link":"https:\/\/asura.lv\/lt\/produktas\/esr-qi2-magslim-10000-mah-magnetic-powerbank-sand\/","title":{"rendered":"ESR Qi2 MagSlim 10000 mAh magnetinis maitinimo blokas (sm\u0117lis)"},"content":{"rendered":"<h3>ESR Qi2 MagSlim 10000 mAh magnetin\u0117 i\u0161orin\u0117 baterija (sm\u0117lio spalvos)<\/h3>\n<p>Susipa\u017einkite su novatori\u0161ka ESR Qi2 MagSlim magnetine i\u0161orine baterija, kurios talpa yra 10 000 mAh, kuri buvo sukurta galvojant apie \u201eApple\u201c \u012frengini\u0173 naudotojus. Ji i\u0161siskiria ne tik eleganti\u0161ku, minimalistiniu dizainu, bet ir pa\u017eangia technologija, u\u017etikrinan\u010dia greitesn\u012f, v\u0117sesn\u012f ir saugesn\u012f \u012fkrovim\u0105 nei bet kada anks\u010diau.<\/p>\n<p>\n<img decoding=\"async\" border=\"0\" src=\"https:\/\/assets.innpro.pl\/12437\/14817\/1.jpg\"\/>\n<\/p>\n<h3>Neprilygstamas \u012fkrovimo greitis<\/h3>\n<p>ESR Qi2 MagSlim \u012fkrauna j\u016bs\u0173 \u201eiPhone 15 Pro\u201c iki 50 % vos per 50 minu\u010di\u0173, naudodamas 15 W greit\u0105j\u012f \u012fkrovim\u0105. Tai iki 34 minu\u010di\u0173 grei\u010diau nei tradicin\u0117s i\u0161orin\u0117s baterijos. \u012erengta \u201eSiCore\u201c technologija ir 32 bit\u0173 procesoriumi, i\u0161orin\u0117 baterija ne tik pagreitina \u012fkrovim\u0105, bet ir u\u017etikrina jo stabilum\u0105 bei saugum\u0105, koreguodama proces\u0105 realiuoju laiku.<\/p>\n<p>\n<img decoding=\"async\" border=\"0\" src=\"https:\/\/assets.innpro.pl\/12437\/14817\/5.jpg\"\/>\n<\/p>\n<h3>Saugus ir v\u0117sus \u012fkrovimas<\/h3>\n<p>Pamir\u0161kite apie savo \u012frangos perkaitim\u0105! ESR Qi2 MagSlim veikia net 5,8 \u00b0C \u017eemesn\u0117je temperat\u016broje nei konkuruojantys i\u0161oriniai akumuliatoriai, palaikydami \u012fkrovimo temperat\u016br\u0105 vos 35 \u00b0C (palyginti su standartine 48 \u00b0C). D\u0117l pa\u017eangi\u0173 NTC jutikli\u0173 ir dirbtinio intelekto algoritm\u0173, stebin\u010di\u0173 \u012fkrovimo proces\u0105 realiuoju laiku, \u012frenginys i\u0161lieka saugus net ir intensyviai naudojant.<\/p>\n<p>\n<img decoding=\"async\" border=\"0\" src=\"https:\/\/assets.innpro.pl\/12437\/14817\/4.jpg\"\/>\n<\/p>\n<h3>Magnetinis stiprumas ir dvigubas veikimas<\/h3>\n<p>D\u0117l 1200 g magnetinio stiprumo i\u0161orin\u0117 baterija stabiliai prilimpa prie \u012frenginio, u\u017etikrindama skland\u0173 \u012fkrovim\u0105 net ir judant. Be to, galimyb\u0117 vienu metu \u012fkrauti du \u012frenginius \u2013 per USB-C (27 vatai) ir belaid\u017eiu b\u016bdu (15 vat\u0173) \u2013 daro \u201eMagSlim\u201c nepakei\u010diamu palydovu bet kokioje situacijoje.<\/p>\n<p>\n<img decoding=\"async\" border=\"0\" src=\"https:\/\/assets.innpro.pl\/12437\/14817\/3.jpg\"\/>\n<\/p>\n<h3>Kompakti\u0161kas dydis, did\u017eiul\u0117 talpa<\/h3>\n<p>Nors \u201eESR Qi2 MagSlim\u201c yra itin plonas, jo talpos pakanka, kad \u201eiPhone 15\u201c b\u016bt\u0173 galima visi\u0161kai \u012fkrauti iki 1,5 karto. Jis suderinamas su \u201eiPhone 12\u201c ir naujesniais modeliais, si\u016blydamas neprilygstam\u0105 patogum\u0105. \u201eQi2\u201c sertifikatas garantuoja visi\u0161k\u0105 suderinamum\u0105 su \u201eMagSafe\u201c technologija ir naujausiais \u201eiOS\u201c atnaujinimais.<\/p>\n<p>\n<img decoding=\"async\" border=\"0\" src=\"https:\/\/assets.innpro.pl\/12437\/14817\/2.jpg\"\/>\n<\/p>\n<h3>Pridedama<\/h3>\n<ul class=\"list-disc pl-5\">\n<li>ESR Qi2 MagSlim 10000 mAh i\u0161orin\u0117 baterija<\/li>\n<li>USB-C laidas<\/li>\n<li>Naudotojo vadovas<\/li>\n<\/ul>\n<div class=\"table-wrapper\">\n<p>\u0412\u00a0<\/p>\n<h3><\/h3>\n<table>\n<tbody>\n<tr>\n<th>Gamintojas<\/th>\n<td>ESR<\/td>\n<\/tr>\n<tr>\n<th>Talpa<\/th>\n<td>10 000 mAh<\/td>\n<\/tr>\n<tr>\n<th>\u012ekrovimo technologija<\/th>\n<td>Belaidis \u012fkrovimas: 15 W (\u201eMagSafe\u201c); Laidinis \u012fkrovimas: 27 W (USB-C)<\/td>\n<\/tr>\n<tr>\n<th>Dviej\u0173 kryp\u010di\u0173 \u012fkrovimas<\/th>\n<td>Taip<\/td>\n<\/tr>\n<tr>\n<th>Suderinamumas:<\/th>\n<td>\u201eiPhone 15\u201c, \u201eiPhone 15 Pro\u201c, \u201eiPhone 15 Plus\u201c, \u201eiPhone 15 Pro Max\u201c, visi \u012frenginiai, suderinami su \u201eMagSafe\u201c technologija.<\/td>\n<\/tr>\n<tr>\n<th>Magnetinio tvirtinimo stipris<\/th>\n<td>1200 g<\/td>\n<\/tr>\n<tr>\n<th>Naudojamos technologijos<\/th>\n<td>NTC jutikliai, dirbtinio intelekto algoritmai, \u201eQi2\u201c technologija, \u201eSiCore Fast Tech\u201c<\/td>\n<\/tr>\n<tr>\n<th>Procesorius<\/th>\n<td>32 bit\u0173<\/td>\n<\/tr>\n<tr>\n<th>\u012erenginio \u012fkrovimo laikas<\/th>\n<td>\u201eiPhone 15 Pro\u201c iki 50 % per 50 minu\u010di\u0173<\/td>\n<\/tr>\n<tr>\n<th>Darbin\u0117 temperat\u016bra \u012fkrovimo metu<\/th>\n<td>Maksimali temperat\u016bra 35 \u00b0C<\/td>\n<\/tr>\n<tr>\n<th>Sertifikatas<\/th>\n<td>Qi2<\/td>\n<\/tr>\n<tr>\n<th>Spalva<\/th>\n<td>Sm\u0117lio<\/td>\n<\/tr>\n<tr>\n<th>Papildomos funkcijos:<\/th>\n<td>Dviej\u0173 \u012frengini\u0173 \u012fkrovimas vienu metu, stabilus \u012fkrovimas, suderinamas su \u201eiOS\u201c naujinimais<\/td>\n<\/tr>\n<\/tbody>\n<\/table>\n<\/div>\n","protected":false},"excerpt":{"rendered":"<p>ESR Qi2 MagSlim 10000 mAh magnetin\u0117 i\u0161orin\u0117 baterija (sm\u0117lio spalvos) Susipa\u017einkite su novatori\u0161ka ESR Qi2 MagSlim magnetine i\u0161orine baterija, kurios talpa yra 10 000 mAh, kuri buvo sukurta galvojant apie \u201eApple\u201c \u012frengini\u0173 naudotojus. Ji i\u0161siskiria ne tik eleganti\u0161ku, minimalistiniu dizainu, bet ir pa\u017eangia technologija, u\u017etikrinan\u010dia greitesn\u012f, v\u0117sesn\u012f ir saugesn\u012f \u012fkrovim\u0105 nei bet kada anks\u010diau. Neprilygstamas [&#8230;]\n","protected":false},"featured_media":35102,"comment_status":"open","ping_status":"closed","template":"","meta":[],"product_brand":[500],"product_cat":[1052],"product_tag":[],"class_list":{"0":"post-35101","1":"product","2":"type-product","3":"status-publish","4":"has-post-thumbnail","6":"product_brand-esr","7":"product_cat-powerbanks-gsm-accessories","9":"first","10":"outofstock","11":"taxable","12":"shipping-taxable","13":"purchasable","14":"product-type-simple"},"aioseo_notices":[],"_links":{"self":[{"href":"https:\/\/asura.lv\/lt\/wp-json\/wp\/v2\/product\/35101","targetHints":{"allow":["GET"]}}],"collection":[{"href":"https:\/\/asura.lv\/lt\/wp-json\/wp\/v2\/product"}],"about":[{"href":"https:\/\/asura.lv\/lt\/wp-json\/wp\/v2\/types\/product"}],"replies":[{"embeddable":true,"href":"https:\/\/asura.lv\/lt\/wp-json\/wp\/v2\/comments?post=35101"}],"wp:featuredmedia":[{"embeddable":true,"href":"https:\/\/asura.lv\/lt\/wp-json\/wp\/v2\/media\/35102"}],"wp:attachment":[{"href":"https:\/\/asura.lv\/lt\/wp-json\/wp\/v2\/media?parent=35101"}],"wp:term":[{"taxonomy":"product_brand","embeddable":true,"href":"https:\/\/asura.lv\/lt\/wp-json\/wp\/v2\/product_brand?post=35101"},{"taxonomy":"product_cat","embeddable":true,"href":"https:\/\/asura.lv\/lt\/wp-json\/wp\/v2\/product_cat?post=35101"},{"taxonomy":"product_tag","embeddable":true,"href":"https:\/\/asura.lv\/lt\/wp-json\/wp\/v2\/product_tag?post=35101"}],"curies":[{"name":"wp","href":"https:\/\/api.w.org\/{rel}","templated":true}]}}