{"id":35245,"date":"2025-11-28T23:11:10","date_gmt":"2025-11-28T23:11:10","guid":{"rendered":"https:\/\/asura.lv\/product\/usb-2-0-a-to-usb-c-3a-cable-vention-ctqlh-2m-blue\/"},"modified":"2025-12-12T15:55:36","modified_gmt":"2025-12-12T13:55:36","slug":"usb-2-0-a-to-usb-c-3a-cable-vention-ctqlh-2m-blue","status":"publish","type":"product","link":"https:\/\/asura.lv\/lt\/produktas\/usb-2-0-a-to-usb-c-3a-cable-vention-ctqlh-2m-blue\/","title":{"rendered":"USB 2.0 A \u012f USB-C 3A laidas Vention CTQLH 2M (m\u0117lynas)"},"content":{"rendered":"<h3>USB 2.0 A \u012f USB-C 3A Vention CTQLH 2M laidas (m\u0117lynas)<\/h3>\n<p>USB 2.0 A \u012f USB-C 3A Vention CTQLH laidas yra patikimas sprendimas visiems \u012frengini\u0173 su USB-C jungtimi savininkams. Jis i\u0161siskiria auk\u0161tos kokyb\u0117s apdaila, leid\u017eian\u010dia greitai \u012fkrauti ir skland\u017eiai sinchronizuoti duomenis. Minimalistinis dizainas puikiai tiks bet kokioje aplinkoje \u2013 nuo \u200b\u200bbiuro iki nam\u0173 technologij\u0173 kampelio.<\/p>\n<p>\n<img decoding=\"async\" border=\"0\" src=\"https:\/\/assets.innpro.pl\/12363\/14703\/5.jpg\"\/>\n<\/p>\n<h3>Greitas \u012fkrovimas ir duomen\u0173 perdavimas<\/h3>\n<p>Laidas, kurio maksimali srov\u0117 yra 3A, u\u017etikrina greit\u0105 \u012fkrovim\u0105, \u017eymiai sutrumpindamas laik\u0105, reikaling\u0105 i\u0161maniajam telefonui ar kitiems \u012frenginiams \u012fkrauti. Be to, jis palaiko 480 Mbps duomen\u0173 perdavim\u0105, tod\u0117l galite akimirksniu perkelti failus, tokius kaip nuotraukos, dokumentai ar vaizdo \u012fra\u0161ai.<\/p>\n<p>\n<img decoding=\"async\" border=\"0\" src=\"https:\/\/assets.innpro.pl\/12363\/14703\/7.jpg\"\/>\n<\/p>\n<h3>Didelis patvarumas ir saugumas<\/h3>\n<p>Alavuoto vario kabelio ir nikelio dangos naudojimas padidina perduodamo signalo patvarum\u0105 ir stabilum\u0105. Integruotas 56\u041e\u00a9 rezistorius papildomai apsaugo prijungtus \u012frenginius nuo vir\u0161\u012ftampi\u0173, u\u017etikrindamas saug\u0173 kasdien\u012f naudojim\u0105.<\/p>\n<p>\n<img decoding=\"async\" border=\"0\" src=\"https:\/\/assets.innpro.pl\/12363\/14703\/6.jpg\"\/>\n<\/p>\n<h3>Suderinamumas su \u012fvairiais \u012frenginiais<\/h3>\n<p>Laidas sukurtas taip, kad b\u016bt\u0173 suderinamas su naujausiais \u012frenginiais, \u012fskaitant \u201eiPhone 15\u201c serijos, \u201eXiaomi\u201c, \u201eSamsung\u201c, \u201eHuawei\u201c ir kit\u0173 modeli\u0173 i\u0161maniuosius telefonus, kurie palaiko USB-C jungt\u012f. Jis taip pat puikiai tiks \u012fkrauti priedus, tokius kaip i\u0161orin\u0117s baterijos, belaid\u0117s ausin\u0117s ir ne\u0161iojamos kolon\u0117l\u0117s.<\/p>\n<p>\n<img decoding=\"async\" border=\"0\" src=\"https:\/\/assets.innpro.pl\/12363\/14703\/2.jpg\"\/>\n<\/p>\n<h3>Ergonomi\u0161kas dizainas ir patogus naudojimas<\/h3>\n<p>Tvirtas, ta\u010diau lankstus laido dizainas padidina jo atsparum\u0105 lenkimui, k\u0105 patvirtina patvarumo bandymai. 1 metro ilgio laidas leid\u017eia patogiai naudoti \u012frenginius net ir kraunant, u\u017etikrinant maksimal\u0173 komfort\u0105.<\/p>\n<p>\n<img decoding=\"async\" border=\"0\" src=\"https:\/\/assets.innpro.pl\/12363\/14703\/3.jpg\"\/>\n<\/p>\n<div class=\"table-wrapper\">\n<p>B\u00a0<\/p>\n<h3><\/h3>\n<table>\n<tbody>\n<tr>\n<th>Gamintojas<\/th>\n<td>Ventiliacija<\/td>\n<\/tr>\n<tr>\n<th>Modelis<\/th>\n<td>CTQLH<\/td>\n<\/tr>\n<tr>\n<th>S\u0105saja<\/th>\n<td>USB-C\/USB-A<\/td>\n<\/tr>\n<tr>\n<th>Dengimo procesas<\/th>\n<td>Nikeliuota<\/td>\n<\/tr>\n<tr>\n<th>Vadovas<\/th>\n<td>Alavuota varis<\/td>\n<\/tr>\n<tr>\n<th>Ekranas<\/th>\n<td>Aliuminio folija<\/td>\n<\/tr>\n<tr>\n<th>Ekranas<\/th>\n<td>PVC<\/td>\n<\/tr>\n<tr>\n<th>Dangos<\/th>\n<td>PVC<\/td>\n<\/tr>\n<tr>\n<th>NUO<\/th>\n<td>3,5 mm<\/td>\n<\/tr>\n<tr>\n<th>Duomen\u0173 perdavimo greitis<\/th>\n<td>480 Mbps<\/td>\n<\/tr>\n<tr>\n<th>Nominali srov\u0117<\/th>\n<td>3A<\/td>\n<\/tr>\n<tr>\n<th>Nominali galia<\/th>\n<td>60 W Maks.<\/td>\n<\/tr>\n<tr>\n<th>Ilgis<\/th>\n<td>2 m<\/td>\n<\/tr>\n<\/tbody>\n<\/table>\n<\/div>\n","protected":false},"excerpt":{"rendered":"<p>USB 2.0 A \u012f USB-C 3A Vention CTQLH 2M laidas (m\u0117lynas) USB 2.0 A \u012f USB-C 3A Vention CTQLH laidas yra patikimas sprendimas visiems \u012frengini\u0173 su USB-C jungtimi savininkams. Jis i\u0161siskiria auk\u0161tos kokyb\u0117s apdaila, leid\u017eian\u010dia greitai \u012fkrauti ir skland\u017eiai sinchronizuoti duomenis. Minimalistinis dizainas puikiai tiks bet kokioje aplinkoje \u2013 nuo \u200b\u200bbiuro iki nam\u0173 technologij\u0173 kampelio. [&#8230;]\n","protected":false},"featured_media":35246,"comment_status":"open","ping_status":"closed","template":"","meta":[],"product_brand":[474],"product_cat":[1223],"product_tag":[],"class_list":{"0":"post-35245","1":"product","2":"type-product","3":"status-publish","4":"has-post-thumbnail","6":"product_brand-vention","7":"product_cat-usb-cables-cables-it-accessories","9":"first","10":"outofstock","11":"taxable","12":"shipping-taxable","13":"purchasable","14":"product-type-simple"},"aioseo_notices":[],"_links":{"self":[{"href":"https:\/\/asura.lv\/lt\/wp-json\/wp\/v2\/product\/35245","targetHints":{"allow":["GET"]}}],"collection":[{"href":"https:\/\/asura.lv\/lt\/wp-json\/wp\/v2\/product"}],"about":[{"href":"https:\/\/asura.lv\/lt\/wp-json\/wp\/v2\/types\/product"}],"replies":[{"embeddable":true,"href":"https:\/\/asura.lv\/lt\/wp-json\/wp\/v2\/comments?post=35245"}],"wp:featuredmedia":[{"embeddable":true,"href":"https:\/\/asura.lv\/lt\/wp-json\/wp\/v2\/media\/35246"}],"wp:attachment":[{"href":"https:\/\/asura.lv\/lt\/wp-json\/wp\/v2\/media?parent=35245"}],"wp:term":[{"taxonomy":"product_brand","embeddable":true,"href":"https:\/\/asura.lv\/lt\/wp-json\/wp\/v2\/product_brand?post=35245"},{"taxonomy":"product_cat","embeddable":true,"href":"https:\/\/asura.lv\/lt\/wp-json\/wp\/v2\/product_cat?post=35245"},{"taxonomy":"product_tag","embeddable":true,"href":"https:\/\/asura.lv\/lt\/wp-json\/wp\/v2\/product_tag?post=35245"}],"curies":[{"name":"wp","href":"https:\/\/api.w.org\/{rel}","templated":true}]}}