{"id":35251,"date":"2025-11-28T23:11:09","date_gmt":"2025-11-28T23:11:09","guid":{"rendered":"https:\/\/asura.lv\/product\/usb-2-0-a-to-3in1-3a-cable-vention-ctpwg-1-5m-white\/"},"modified":"2025-12-12T15:55:35","modified_gmt":"2025-12-12T13:55:35","slug":"usb-2-0-a-to-3in1-3a-cable-vention-ctpwg-1-5m-white","status":"publish","type":"product","link":"https:\/\/asura.lv\/lt\/produktas\/usb-2-0-a-to-3in1-3a-cable-vention-ctpwg-1-5m-white\/","title":{"rendered":"USB 2.0 A \u012f 3in1 3A laidas Vention CTPWG 1.5M (baltas)"},"content":{"rendered":"<h3>USB 2.0 A \u012f 3in1 3A Vention CTPWG 1,5M laidas (baltas).<\/h3>\n<p>USB 2.0 A \u012f 3in1 3A Vention CTPWG 1,5M laidas yra universalus sprendimas, leid\u017eiantis \u012fkrauti ir sinchronizuoti skirtingus \u012frenginius vienu laidu. Tur\u0117damas tris skirtingas jungtis \u2013 \u201eLightning\u201c, USB-C ir \u201eMicro-B\u201c \u2013 jis puikiai tinka \u012fkrauti \u0161iuolaikinius i\u0161maniuosius telefonus, taip pat senesnius \u012frenginius, tokius kaip ne\u0161iojamosios \u012fkrovos ir fotoaparatai.<\/p>\n<p>\n<img decoding=\"async\" border=\"0\" src=\"https:\/\/assets.innpro.pl\/12355\/14695\/3.jpg\"\/>\n<\/p>\n<h3>Universalus suderinamumas<\/h3>\n<p>Su \u201eLightning\u201c USB-C ir \u201eMicro-B\u201c jungtimis laidas suderinamas su \u012fvairiais \u012frenginiais. Jis palaiko \u201eApple\u201c, \u201eSamsung\u201c, \u201eXiaomi\u201c, \u201eOPPO\u201c, \u201eVivo\u201c ir daugelio kit\u0173 i\u0161maniuosius telefonus, taip pat priedus, kurie sunaudoja ma\u017eiau energijos, tokius kaip \u201eBluetooth\u201c ausin\u0117s, USB ventiliatoriai ar \u017eaidim\u0173 valdikliai. Tai idealiai tinka tiems, kurie vertina patogum\u0105 ir tvark\u0105 \u2013 vienas laidas pakeis kelis kitus.<\/p>\n<p>\n<img decoding=\"async\" border=\"0\" src=\"https:\/\/assets.innpro.pl\/12355\/14695\/2.jpg\"\/>\n<\/p>\n<h3>Efektyvus \u012fkrovimas ir greitas duomen\u0173 perdavimas<\/h3>\n<p>\u201eVention CTPWG\u201c laidas u\u017etikrina maksimali\u0105 iki 3 A \u012fkrovimo srov\u0119 (60 W USB-C, 12 W \u201eLightning\u201c ir 10 W \u201eMicro-B\u201c), tod\u0117l galite greitai ir saugiai \u012fkrauti savo \u012frenginius. Duomen\u0173 perdavimo greitis iki 480 Mbps leid\u017eia akimirksniu perkelti failus, tokius kaip nuotraukos, muzika ar dokumentai, tod\u0117l laidas yra ne tik patogus, bet ir efektyvi priemon\u0117 kasdieniam naudojimui.<\/p>\n<p>\n<img decoding=\"async\" border=\"0\" src=\"https:\/\/assets.innpro.pl\/12355\/14695\/6.jpg\"\/>\n<\/p>\n<h3>Patvarus dizainas<\/h3>\n<p>Tvirta konstrukcija yra vienas i\u0161 pagrindini\u0173 \u201eVention\u201c laido privalum\u0173. PVC ir medviln\u0117s pyn\u0117 u\u017etikrina atsparum\u0105 dilimui, o sustiprinti galai apsaugo laid\u0105 nuo pa\u017eeidim\u0173 net ir esant dideliam naudojimui. D\u0117l to laidas yra atsparus lenkimui ir trin\u010diai, k\u0105 patvirtina daugiau nei 30 000 lenkim\u0173 patvarumo bandymai.<\/p>\n<p>\n<img decoding=\"async\" border=\"0\" src=\"https:\/\/assets.innpro.pl\/12355\/14695\/4.jpg\"\/>\n<\/p>\n<h3>Stilius ir funkcionalumas<\/h3>\n<p>Eleganti\u0161ka spalva ir esteti\u0161ka i\u0161vaizda leid\u017eia laidui puikiai dera prie bet kokio interjero ir stiliaus. 1,5 metro ilgis u\u017etikrina naudojimo laisv\u0119, nesvarbu, ar \u012fkraunate \u012frengin\u012f biure, namuose ar keliaudami. Jei ie\u0161kote universalaus ir patvaraus sprendimo, USB 2.0 A\u20133 viename 3A \u201eVention CTPWG\u201c laidas yra puikus pasirinkimas.<\/p>\n<p>\n<img decoding=\"async\" border=\"0\" src=\"https:\/\/assets.innpro.pl\/12355\/14695\/1.jpg\"\/>\n<\/p>\n<div class=\"table-wrapper\">\n<p>B\u00a0<\/p>\n<h3><\/h3>\n<table>\n<tbody>\n<tr>\n<th>Gamintojas<\/th>\n<td>\u201eVention\u201c<\/td>\n<\/tr>\n<tr>\n<th>Modelis<\/th>\n<td>CTPWG<\/td>\n<\/tr>\n<tr>\n<th>S\u0105saja<\/th>\n<td>USB-C\/USB-A\/Lightning\/Micro-B<\/td>\n<\/tr>\n<tr>\n<th>Padengimas procesas<\/th>\n<td>Nikeliu padengtas<\/td>\n<\/tr>\n<tr>\n<th>Kreipiantis<\/th>\n<td>Alavuotas varis<\/td>\n<\/tr>\n<tr>\n<th>Ekranas<\/th>\n<td>Aliuminio folija<\/td>\n<\/tr>\n<tr>\n<th>Ekranas<\/th>\n<td>PVC + medvilnin\u0117 pyn\u0117<\/td>\n<\/tr>\n<tr>\n<th>Dangas<\/th>\n<td>PVC + aliuminio lydinys<\/td>\n<\/tr>\n<tr>\n<th>NUO<\/th>\n<td>3,8 mm<\/td>\n<\/tr>\n<tr>\n<th>Duomen\u0173 perdavimo greitis<\/th>\n<td>480 Mbps (\u201eLightning\u201c)<\/td>\n<\/tr>\n<tr>\n<th>Nominali srov\u0117<\/th>\n<td>3A (USB-C); 2,4A (\u201eLightning\u201c); 2A (\u201eMicro-B\u201c)<\/td>\n<\/tr>\n<tr>\n<th>Nominali galia<\/th>\n<td>60 W (USB-C); 12 W (\u201eLightning\u201c); 10 W (mikro-B)<\/td>\n<\/tr>\n<tr>\n<th>Ilgis<\/th>\n<td>1,5 m (1,2 m + 0,3 m)<\/td>\n<\/tr>\n<\/tbody>\n<\/table>\n<\/div>\n","protected":false},"excerpt":{"rendered":"<p>USB 2.0 A \u012f 3in1 3A Vention CTPWG 1,5M laidas (baltas). USB 2.0 A \u012f 3in1 3A Vention CTPWG 1,5M laidas yra universalus sprendimas, leid\u017eiantis \u012fkrauti ir sinchronizuoti skirtingus \u012frenginius vienu laidu. Tur\u0117damas tris skirtingas jungtis \u2013 \u201eLightning\u201c, USB-C ir \u201eMicro-B\u201c \u2013 jis puikiai tinka \u012fkrauti \u0161iuolaikinius i\u0161maniuosius telefonus, taip pat senesnius \u012frenginius, tokius kaip [&#8230;]\n","protected":false},"featured_media":35252,"comment_status":"open","ping_status":"closed","template":"","meta":[],"product_brand":[474],"product_cat":[1223],"product_tag":[],"class_list":{"0":"post-35251","1":"product","2":"type-product","3":"status-publish","4":"has-post-thumbnail","6":"product_brand-vention","7":"product_cat-usb-cables-cables-it-accessories","9":"first","10":"outofstock","11":"taxable","12":"shipping-taxable","13":"purchasable","14":"product-type-simple"},"aioseo_notices":[],"_links":{"self":[{"href":"https:\/\/asura.lv\/lt\/wp-json\/wp\/v2\/product\/35251","targetHints":{"allow":["GET"]}}],"collection":[{"href":"https:\/\/asura.lv\/lt\/wp-json\/wp\/v2\/product"}],"about":[{"href":"https:\/\/asura.lv\/lt\/wp-json\/wp\/v2\/types\/product"}],"replies":[{"embeddable":true,"href":"https:\/\/asura.lv\/lt\/wp-json\/wp\/v2\/comments?post=35251"}],"wp:featuredmedia":[{"embeddable":true,"href":"https:\/\/asura.lv\/lt\/wp-json\/wp\/v2\/media\/35252"}],"wp:attachment":[{"href":"https:\/\/asura.lv\/lt\/wp-json\/wp\/v2\/media?parent=35251"}],"wp:term":[{"taxonomy":"product_brand","embeddable":true,"href":"https:\/\/asura.lv\/lt\/wp-json\/wp\/v2\/product_brand?post=35251"},{"taxonomy":"product_cat","embeddable":true,"href":"https:\/\/asura.lv\/lt\/wp-json\/wp\/v2\/product_cat?post=35251"},{"taxonomy":"product_tag","embeddable":true,"href":"https:\/\/asura.lv\/lt\/wp-json\/wp\/v2\/product_tag?post=35251"}],"curies":[{"name":"wp","href":"https:\/\/api.w.org\/{rel}","templated":true}]}}