{"id":35371,"date":"2025-11-28T23:08:13","date_gmt":"2025-11-28T23:08:13","guid":{"rendered":"https:\/\/asura.lv\/product\/viture-one-nkbd-blk-neckband\/"},"modified":"2025-12-12T15:53:24","modified_gmt":"2025-12-12T13:53:24","slug":"viture-one-nkbd-blk-neckband","status":"publish","type":"product","link":"https:\/\/asura.lv\/lt\/produktas\/viture-one-nkbd-blk-neckband\/","title":{"rendered":"VITURE One-NkBd-Blk kaklo juosta"},"content":{"rendered":"<h3>VITURE One kaklo juosta<\/h3>\n<p>\u201eVITURE One\u201c kaklo juosta yra specialus priedas, kuris atveria vis\u0105 \u201eVITURE One XR\u201c akini\u0173 potencial\u0105, leisdamas m\u0117gautis skland\u017eiu \u017eaidimu, prieiga prie program\u0117li\u0173 ir lanks\u010dia ekrano konfig\u016bracija \u2013 nesvarbu, kur esate. Patogiai pakabinta ant kaklo, apyrank\u0117 veikia kaip ne\u0161iojamasis kompiuteris, maitinantis j\u016bs\u0173 XR akinius ir suteikiantis jums daugyb\u0119 funkcij\u0173, toki\u0173 kaip nuotolinis \u017eaidimas did\u017eiuliame ekrane, taip pat jo reguliavimas ir jutiklinis valdymas. Tai pa\u017eangus sprendimas, kuris pakeis j\u016bs\u0173 po\u017ei\u016br\u012f \u012f pramogas ir produktyvum\u0105.<\/p>\n<p>\n<img decoding=\"async\" alt=\"\" border=\"0\" src=\"https:\/\/assets.innpro.pl\/11114\/13110\/11.jpg\"\/>\n<\/p>\n<h3>Veikia, kai tik jums jos reikia<\/h3>\n<p>3200 mAh kaklo juosta ne tik maitina j\u016bs\u0173 XR akinius, bet ir veikia \u201eAndroid\u201c operacin\u0117je sistemoje, suteikdama prieig\u0105 prie vis\u0173 j\u016bs\u0173 m\u0117gstamiausi\u0173 program\u0117li\u0173. Nereik\u0117dami prijungti papildom\u0173 \u012frengini\u0173, galite m\u0117gautis tokiomis program\u0117l\u0117mis kaip \u201eNetflix\u201c, \u201eYouTube\u201c, \u201eHulu\u201c ir daugeliu kit\u0173, pasiekiam\u0173 \u201eAndroid\u201c sistemoje.<\/p>\n<p>\n<img decoding=\"async\" alt=\"\" border=\"0\" src=\"https:\/\/assets.innpro.pl\/11114\/13110\/1.jpg\"\/>\n<\/p>\n<h3>\u017daidykite nuotoliniu b\u016bdu su m\u0117gstamiausiais AAA \u017eaidimais<\/h3>\n<p>Palikite konsol\u0119 namuose ir m\u0117gaukit\u0117s \u017eaidimais bet kur su nuotolinio \u017eaidimo funkcija. Kaklo juosta yra optimizuota debesijai ir leid\u017eia nuotoliniu b\u016bdu pasiekti \u201ePlayStation\u201c, \u201eXbox\u201c ar kompiuterio konsol\u0119 per stabil\u0173 \u201eWi-Fi\u201c arba 5G ry\u0161\u012f. Kaklo juosta taip pat suderinama su populiariomis konsoli\u0173 transliacijos program\u0117l\u0117mis \u201ePSPlay\u201c ir \u201eXBXPlay\u201c, kurias gaunate visi\u0161kai nemokamai. \u017daiskite m\u0117gstamus \u017eaidimus, kad ir kur b\u016btum\u0117te!<\/p>\n<p>\n<img decoding=\"async\" alt=\"\" border=\"0\" src=\"https:\/\/assets.innpro.pl\/11114\/13110\/9.jpg\"\/>\n<\/p>\n<h3>Pritaikykite ekrano dyd\u012f pagal savo poreikius<\/h3>\n<p>Su \u201eNeckband\u201c galite savo nuo\u017ei\u016bra reguliuoti ekrano dyd\u012f ir pad\u0117t\u012f. Aplinkos re\u017eimas leid\u017eia j\u012f suma\u017einti iki matymo lauko kampo, kad vis tiek gal\u0117tum\u0117te gauti turin\u012f, i\u0161laikydami ry\u0161\u012f su realiuoju pasauliu. Kai norite visi\u0161kai pasinerti \u012f m\u0117gstam\u0105 film\u0105 ar \u017eaidim\u0105, rinkit\u0117s \u012ftraukiant\u012f re\u017eim\u0105 ir m\u0117gaukit\u0117s maksimalia XR patirtimi.<\/p>\n<p>\n<img decoding=\"async\" alt=\"\" border=\"0\" src=\"https:\/\/assets.innpro.pl\/11114\/13110\/4.jpg\"\/>\n<\/p>\n<h3>Intuityv\u016bs valdymo metodai<\/h3>\n<p>Kaklo juosta si\u016blo kelis nar\u0161ymo b\u016bdus \u2013 nuo \u200b\u200bpaprasto, pritaikomo krypties valdiklio iki galvos judesi\u0173 ir suderinam\u0173 \u201eBluetooth\u201c \u012frengini\u0173. Galite pritaikyti valdiklius pagal savo pageidavimus, tod\u0117l \u201eVITURE One\u201c naudojimas tampa dar patogesnis ir intuityvesnis.<\/p>\n<p>\n<img decoding=\"async\" alt=\"\" border=\"0\" src=\"https:\/\/assets.innpro.pl\/11114\/13110\/6.jpg\"\/>\n<\/p>\n<h3>VITURE program\u0117l\u0117 \u2013 viskas kontroliuojama<\/h3>\n<p>VITURE program\u0117l\u0117, pasiekiama \u201eiOS\u201c ir \u201eAndroid\u201c, puikiai papildo kaklo juost\u0105. Tai suteikia jums visi\u0161k\u0105 apyrank\u0117s valdym\u0105 ir galite patogiai prisijungti \u012fvesdami tekst\u0105 i\u0161maniajame telefone, kuris automati\u0161kai perkeliamas \u012f kaklo juost\u0105. Papildomos lietimo funkcijos ir intuityv\u016bs gestai leid\u017eia lengvai ir paprastai valdyti apyrank\u0119.<\/p>\n<p>\n<img decoding=\"async\" alt=\"\" border=\"0\" src=\"https:\/\/assets.innpro.pl\/11114\/13110\/10.jpg\"\/>\n<\/p>\n<h3>Pridedama<\/h3>\n<ul class=\"list-disc pl-5\">\n<li>VITURE One Neckband<\/li>\n<li>USB-C laidas<\/li>\n<li>Dangtelis<\/li>\n<\/ul>\n<div class=\"table-wrapper\">\n<p>\u0412\u00a0<\/p>\n<h3><\/h3>\n<table>\n<tbody>\n<tr>\n<th>Gamintojas<\/th>\n<td>VITURE<\/td>\n<\/tr>\n<tr>\n<th>Modelis<\/th>\n<td>VITURE One Neckband<\/td>\n<\/tr>\n<tr>\n<th>Baterija Talpa<\/th>\n<td>3200 mAh<\/td>\n<\/tr>\n<tr>\n<th>Operacin\u0117 sistema<\/th>\n<td>\u201eAndroid\u201c<\/td>\n<\/tr>\n<tr>\n<th>Nuotolinis \u017eaidimas<\/th>\n<td>Nuotolinio \u017eaidimo palaikymas PS, \u201eXbox\u201c ir asmeniniams kompiuteriams<\/td>\n<\/tr>\n<tr>\n<th>Prieiga prie program\u0173<\/th>\n<td>Populiari\u0173 srautinio perdavimo program\u0173 (\u201eNetflix\u201c, \u201eYouTube\u201c, \u201eHulu\u201c ir kt.) palaikymas<\/td>\n<\/tr>\n<tr>\n<th>Ekrano pritaikymas<\/th>\n<td>Aplinkos ir \u012ftraukiantis re\u017eimas<\/td>\n<\/tr>\n<tr>\n<th>Valdymas<\/th>\n<td>Konfig\u016bruojamas krypties valdiklis, galvos judesiai, \u201eBluetooth\u201c \u012frenginiai<\/td>\n<\/tr>\n<tr>\n<th>Suderinamumas su programa<\/th>\n<td>\u201eVITURE\u201c programa, skirta \u201eiOS\u201c ir \u201eAndroid\u201c<\/td>\n<\/tr>\n<tr>\n<th>Suderinamumas su akiniais<\/th>\n<td>\u201eVITURE One XR\u201c akiniai (akiniai nepridedami)<\/td>\n<\/tr>\n<tr>\n<th>ROM<\/th>\n<td>128 GB<\/td>\n<\/tr>\n<tr>\n<th>\u201eWiFi\u201c<\/th>\n<td>\u201eWiFi5\u201c<\/td>\n<\/tr>\n<tr>\n<th>\u201eBluetooth\u201c versija<\/th>\n<td>5.0<\/td>\n<\/tr>\n<tr>\n<th>Duomen\u0173 i\u0161laikymo debesyje laikas:<\/th>\n<td>Apytiksliai 2,5 valandos.<\/td>\n<\/tr>\n<tr>\n<th>USB-C \u012fvestis<\/th>\n<td>5 V \/ 3 A 9 V \/ 2 A 12 V \/ 1,5 A<\/td>\n<\/tr>\n<tr>\n<th>Magnetin\u0117s jungtys<\/th>\n<td>5 V \/ 1,5 A I\u0161vestis: 5 V \/ 1,5 A<\/td>\n<\/tr>\n<tr>\n<th>Garsumo valdymas<\/th>\n<td>Taip<\/td>\n<\/tr>\n<tr>\n<th>2D\u20133D re\u017eim\u0173 perjungimas<\/th>\n<td>Taip<\/td>\n<\/tr>\n<tr>\n<th>Balso valdymo palaikymas<\/th>\n<td>Taip<\/td>\n<\/tr>\n<tr>\n<th>\u0116jimo re\u017eimo palaikymas (vaizdas vaizde)<\/th>\n<td>Taip<\/td>\n<\/tr>\n<tr>\n<th>Belaidis ekrano dubliavimas<\/th>\n<td>Miracast, DLNA<\/td>\n<\/tr>\n<\/tbody>\n<\/table>\n<\/div>\n","protected":false},"excerpt":{"rendered":"<p>VITURE One kaklo juosta \u201eVITURE One\u201c kaklo juosta yra specialus priedas, kuris atveria vis\u0105 \u201eVITURE One XR\u201c akini\u0173 potencial\u0105, leisdamas m\u0117gautis skland\u017eiu \u017eaidimu, prieiga prie program\u0117li\u0173 ir lanks\u010dia ekrano konfig\u016bracija \u2013 nesvarbu, kur esate. Patogiai pakabinta ant kaklo, apyrank\u0117 veikia kaip ne\u0161iojamasis kompiuteris, maitinantis j\u016bs\u0173 XR akinius ir suteikiantis jums daugyb\u0119 funkcij\u0173, toki\u0173 kaip nuotolinis [&#8230;]\n","protected":false},"featured_media":35372,"comment_status":"open","ping_status":"closed","template":"","meta":[],"product_brand":[698],"product_cat":[1163],"product_tag":[],"class_list":{"0":"post-35371","1":"product","2":"type-product","3":"status-publish","4":"has-post-thumbnail","6":"product_brand-viture","7":"product_cat-vr-accessories","9":"first","10":"outofstock","11":"taxable","12":"shipping-taxable","13":"purchasable","14":"product-type-simple"},"aioseo_notices":[],"_links":{"self":[{"href":"https:\/\/asura.lv\/lt\/wp-json\/wp\/v2\/product\/35371","targetHints":{"allow":["GET"]}}],"collection":[{"href":"https:\/\/asura.lv\/lt\/wp-json\/wp\/v2\/product"}],"about":[{"href":"https:\/\/asura.lv\/lt\/wp-json\/wp\/v2\/types\/product"}],"replies":[{"embeddable":true,"href":"https:\/\/asura.lv\/lt\/wp-json\/wp\/v2\/comments?post=35371"}],"wp:featuredmedia":[{"embeddable":true,"href":"https:\/\/asura.lv\/lt\/wp-json\/wp\/v2\/media\/35372"}],"wp:attachment":[{"href":"https:\/\/asura.lv\/lt\/wp-json\/wp\/v2\/media?parent=35371"}],"wp:term":[{"taxonomy":"product_brand","embeddable":true,"href":"https:\/\/asura.lv\/lt\/wp-json\/wp\/v2\/product_brand?post=35371"},{"taxonomy":"product_cat","embeddable":true,"href":"https:\/\/asura.lv\/lt\/wp-json\/wp\/v2\/product_cat?post=35371"},{"taxonomy":"product_tag","embeddable":true,"href":"https:\/\/asura.lv\/lt\/wp-json\/wp\/v2\/product_tag?post=35371"}],"curies":[{"name":"wp","href":"https:\/\/api.w.org\/{rel}","templated":true}]}}