{"id":35395,"date":"2025-11-28T23:08:11","date_gmt":"2025-11-28T23:08:11","guid":{"rendered":"https:\/\/asura.lv\/product\/astroai-atj-8366-150-psi-12v-dc-110v-ac-portable-wheel-compressor\/"},"modified":"2025-12-12T15:53:23","modified_gmt":"2025-12-12T13:53:23","slug":"astroai-atj-8366-150-psi-12v-dc-110v-ac-portable-wheel-compressor","status":"publish","type":"product","link":"https:\/\/asura.lv\/lt\/produktas\/astroai-atj-8366-150-psi-12v-dc-110v-ac-portable-wheel-compressor\/","title":{"rendered":"\u201eAstroAI ATJ-8366\u201c 150 PSI 12 V nuolatin\u0117s srov\u0117s \/ 110 V kintamosios srov\u0117s ne\u0161iojamas ratinis kompresorius"},"content":{"rendered":"<h3>\u201eAstroAI 150 PSI\u201c 12 V nuolatin\u0117s srov\u0117s \/ 110 V kintamosios srov\u0117s ne\u0161iojamas ratinis kompresorius<\/h3>\n<p>\u201eAstroAI ATJ-8366\u201c yra universalus ne\u0161iojamas kompresorius, jungiantis gali\u0105, tikslum\u0105 ir patogum\u0105. Maitinamas 12 V nuolatin\u0117s srov\u0117s arba 110 V kintamosios srov\u0117s, jis puikiai tiks tiek kelyje, tiek namuose. D\u0117l savo na\u0161umo ir funkcionalumo jis yra nepakei\u010diamas, kai reikia greitai prip\u016bsti padangas, \u010diu\u017einius ar kitus pripu\u010diamus daiktus.<\/p>\n<p>\n<img decoding=\"async\" border=\"0\" src=\"https:\/\/assets.innpro.pl\/11034\/13003\/1.jpg\"\/>\n<\/p>\n<h3>Maksimalus efektyvumas<\/h3>\n<p>\u201eATJ-8366\u201c kompresorius turi metalin\u012f cilindr\u0105 ir du galingus variklius, o tai u\u017etikrina ilg\u0105 veikim\u0105 ir 30 % pailgint\u0105 \u012frenginio tarnavimo laik\u0105. Konstrukcija leid\u017eia nepertraukiamai pumpuoti 15 minu\u010di\u0173 be perkaitimo rizikos, tod\u0117l tai idealus pasirinkimas intensyviam naudojimui.<\/p>\n<p>\n<img decoding=\"async\" border=\"0\" src=\"https:\/\/assets.innpro.pl\/11034\/13003\/4.jpg\"\/>\n<\/p>\n<h3>Greitas pumpavimas \u2013 taupomas laikas avarin\u0117se situacijose<\/h3>\n<p>Su maksimaliu 150 PSI sl\u0117giu \u201eAstroAI ATJ-8366\u201c kompresorius leid\u017eia greitai prip\u016bsti padangas, sutrumpindamas laukimo laik\u0105 iki 40 %, palyginti su kitais modeliais. Skaitmeniniame ekrane rodoma sl\u0117gio matavimo funkcija realiuoju laiku suteikia visi\u0161k\u0105 proceso kontrol\u0119, o automatinis i\u0161sijungimas, kai pasiekiama nustatyta sl\u0117gio vert\u0117, u\u017etikrina saugum\u0105 ir apsaug\u0105 nuo per didelio prip\u016btimo. Tai u\u017etikrina, kad j\u016bs\u0173 padangos visada b\u016bt\u0173 prip\u016bstos iki optimalaus lygio, be pavojaus jas pa\u017eeisti.<\/p>\n<p>\n<img decoding=\"async\" border=\"0\" src=\"https:\/\/assets.innpro.pl\/11034\/13003\/5.jpg\"\/>\n<\/p>\n<h3>Universalus maitinimo \u0161altinis<\/h3>\n<p>Kompresori\u0173 galima maitinti tiek i\u0161 12 V nuolatin\u0117s srov\u0117s automobilio lizdo, tiek i\u0161 110 V kintamosios srov\u0117s maitinimo lizdo. \u0160is lankstus sprendimas rei\u0161kia, kad kompresori\u0173 galite naudoti bet kur, kur jums jo reikia, nepriklausomai nuo situacijos \u2013 gara\u017ee, stovyklaviet\u0117je ar ilgoje kelion\u0117je.<\/p>\n<p>\n<img decoding=\"async\" border=\"0\" src=\"https:\/\/assets.innpro.pl\/11034\/13003\/3.jpg\"\/>\n<\/p>\n<h3>Universalumas j\u016bs\u0173 poreikiams<\/h3>\n<p>\u012erenginys turi specialius re\u017eimus \u2013 padang\u0173 prip\u016btimo re\u017eim\u0105 ir \u010diu\u017eini\u0173 re\u017eim\u0105, kuris leid\u017eia tiksliai sureguliuoti \u012fvairi\u0173 tip\u0173 pripu\u010diam\u0173 daikt\u0173 prip\u016btimo parametrus. Nesvarbu, ar norite prip\u016bsti automobilio padang\u0105, dvira\u010dio padang\u0105, ar pripu\u010diam\u0105 \u010diu\u017ein\u012f, \u201eAstroAI ATJ-8366\u201c veiks puikiai.<\/p>\n<p>\n<img decoding=\"async\" border=\"0\" src=\"https:\/\/assets.innpro.pl\/11034\/13003\/8.jpg\"\/>\n<\/p>\n<h3>Saugus darbas net tamsoje<\/h3>\n<p>Integruotas 120 liumen\u0173 LED \u017eibintuv\u0117lis, sudarytas i\u0161 9 \u0161viesos diod\u0173, leid\u017eia patogiai naudoti kompresori\u0173 sutemus arba prastai ap\u0161viestose vietose. Tai suteikia jums pasitik\u0117jimo susidoroti su bet kokia situacija, nepriklausomai nuo paros laiko ar s\u0105lyg\u0173.<\/p>\n<p>\n<img decoding=\"async\" border=\"0\" src=\"https:\/\/assets.innpro.pl\/11034\/13003\/2.jpg\"\/>\n<\/p>\n<h3>Lengvas sand\u0117liavimas ir transportavimas<\/h3>\n<p>ATJ-8366 yra sukurtas patogiam sand\u0117liavimui ir perkeliamumui. Kompresorius turi specialias vietas maitinimo laidams ir \u017earnoms, tod\u0117l visus priedus galite laikyti vienoje vietoje ir j\u0173 nepasimesti. D\u0117l kompakti\u0161ko dizaino j\u012f lengva sutalpinti \u012f baga\u017ein\u0119 ar gara\u017e\u0105.<\/p>\n<p>\n<img decoding=\"async\" border=\"0\" src=\"https:\/\/assets.innpro.pl\/11034\/13003\/6.jpg\"\/>\n<\/p>\n<h3>\u012etraukta:<\/h3>\n<ul class=\"list-disc pl-5\">\n<li>Oro kompresorius x1<\/li>\n<li>Purk\u0161tukai x2<\/li>\n<li>Adatin\u0117s vo\u017etuvo adapteris x1<\/li>\n<li>Adapteris i\u0161 \u201ePresta\u201c \u012f \u201eSchrader\u201c x1<\/li>\n<li>Pakeitimo saugiklis x1<\/li>\n<li>Didel\u0117s talpos \u017earna x1<\/li>\n<li>Naudotojo vadovas<\/li>\n<\/ul>\n<div class=\"table-wrapper\">\n<p>B\u00a0<\/p>\n<h3><\/h3>\n<table>\n<tbody>\n<tr>\n<th>Gamintojas<\/th>\n<td>AstroAI<\/td>\n<\/tr>\n<tr>\n<th>Modelis<\/th>\n<td>ATJ-8366<\/td>\n<\/tr>\n<tr>\n<th>Darbin\u0117 \u012ftampa<\/th>\n<td>12 V nuolatin\u0117 srov\u0117 \/ 110 V ~ 240 V kintamoji srov\u0117 50\/60 Hz<\/td>\n<\/tr>\n<tr>\n<th>Maksimali srov\u0117<\/th>\n<td>15 A<\/td>\n<\/tr>\n<tr>\n<th>Galia<\/th>\n<td>120 W<\/td>\n<\/tr>\n<tr>\n<th>Maksimalus darbinis sl\u0117gis<\/th>\n<td>150 PSI<\/td>\n<\/tr>\n<tr>\n<th>Siurbimo greitis<\/th>\n<td>22 l\/min<\/td>\n<\/tr>\n<tr>\n<th>Rodomieji vienetai<\/th>\n<td>PSI, kPa, baras, kg\/cm3<\/td>\n<\/tr>\n<tr>\n<th>Nuolatinio veikimo laikas<\/th>\n<td>Iki 10 minu\u010di\u0173<\/td>\n<\/tr>\n<tr>\n<th>Siurblio \u017earnos antgalio ilgis<\/th>\n<td>70 cm<\/td>\n<\/tr>\n<tr>\n<th>Laido ilgis<\/th>\n<td>3 m (nuolatin\u0117 srov\u0117), 2,8 m (kintamoji srov\u0117)<\/td>\n<\/tr>\n<tr>\n<th>Matmenys<\/th>\n<td>Apytiksliai 13 x 7 x 16 cm<\/td>\n<\/tr>\n<\/tbody>\n<\/table>\n<\/div>\n","protected":false},"excerpt":{"rendered":"<p>\u201eAstroAI 150 PSI\u201c 12 V nuolatin\u0117s srov\u0117s \/ 110 V kintamosios srov\u0117s ne\u0161iojamas ratinis kompresorius \u201eAstroAI ATJ-8366\u201c yra universalus ne\u0161iojamas kompresorius, jungiantis gali\u0105, tikslum\u0105 ir patogum\u0105. Maitinamas 12 V nuolatin\u0117s srov\u0117s arba 110 V kintamosios srov\u0117s, jis puikiai tiks tiek kelyje, tiek namuose. D\u0117l savo na\u0161umo ir funkcionalumo jis yra nepakei\u010diamas, kai reikia greitai prip\u016bsti [&#8230;]\n","protected":false},"featured_media":35396,"comment_status":"open","ping_status":"closed","template":"","meta":[],"product_brand":[697],"product_cat":[1061],"product_tag":[],"class_list":{"0":"post-35395","1":"product","2":"type-product","3":"status-publish","4":"has-post-thumbnail","6":"product_brand-astroai","7":"product_cat-mini-compressors","9":"first","10":"outofstock","11":"taxable","12":"shipping-taxable","13":"purchasable","14":"product-type-simple"},"aioseo_notices":[],"_links":{"self":[{"href":"https:\/\/asura.lv\/lt\/wp-json\/wp\/v2\/product\/35395","targetHints":{"allow":["GET"]}}],"collection":[{"href":"https:\/\/asura.lv\/lt\/wp-json\/wp\/v2\/product"}],"about":[{"href":"https:\/\/asura.lv\/lt\/wp-json\/wp\/v2\/types\/product"}],"replies":[{"embeddable":true,"href":"https:\/\/asura.lv\/lt\/wp-json\/wp\/v2\/comments?post=35395"}],"wp:featuredmedia":[{"embeddable":true,"href":"https:\/\/asura.lv\/lt\/wp-json\/wp\/v2\/media\/35396"}],"wp:attachment":[{"href":"https:\/\/asura.lv\/lt\/wp-json\/wp\/v2\/media?parent=35395"}],"wp:term":[{"taxonomy":"product_brand","embeddable":true,"href":"https:\/\/asura.lv\/lt\/wp-json\/wp\/v2\/product_brand?post=35395"},{"taxonomy":"product_cat","embeddable":true,"href":"https:\/\/asura.lv\/lt\/wp-json\/wp\/v2\/product_cat?post=35395"},{"taxonomy":"product_tag","embeddable":true,"href":"https:\/\/asura.lv\/lt\/wp-json\/wp\/v2\/product_tag?post=35395"}],"curies":[{"name":"wp","href":"https:\/\/api.w.org\/{rel}","templated":true}]}}