{"id":35653,"date":"2025-11-28T23:07:46","date_gmt":"2025-11-28T23:07:46","guid":{"rendered":"https:\/\/asura.lv\/product\/baseus-car-holder-with-15w-charger-black-bayern-edition\/"},"modified":"2025-12-12T15:53:05","modified_gmt":"2025-12-12T13:53:05","slug":"baseus-car-holder-with-15w-charger-black-bayern-edition","status":"publish","type":"product","link":"https:\/\/asura.lv\/lt\/produktas\/baseus-car-holder-with-15w-charger-black-bayern-edition\/","title":{"rendered":"\u201eBaseus\u201c automobilio laikiklis su 15 W \u012fkrovikliu (juodas), \u201eBayern\u201c leidimas"},"content":{"rendered":"<h3>\u201eBaseus\u201c automobilinis laikiklis su 15 W \u012fkrovikliu (juodas) \u201eBayern Edition\u201c<\/h3>\n<p>\u201eBaseus\u201c automobilinis laikiklis su indukciniu \u012fkrovikliu sujungia greito \u012fkrovimo technologij\u0105 ir funkcional\u0173 dizain\u0105. D\u0117l itin greito \u012fkrovimo sistemos jis leid\u017eia \u012fkrauti telefon\u0105 iki 3 kart\u0173 grei\u010diau nei tradiciniai 5 W \u012fkrovikliai. Laikiklis pasi\u017eymi lengvu valdymu viena ranka, o tai \u017eymiai padidina naudojimo patogum\u0105 \u012fvairiomis s\u0105lygomis. Pagamintas i\u0161 auk\u0161tos kokyb\u0117s ABS med\u017eiagos, laikiklis turi lanks\u010dius silikoninius pamu\u0161alus ant \u017eandikauli\u0173, kurie apsaugo telefono d\u0117kl\u0105 nuo \u012fbr\u0117\u017eim\u0173. \u201eQi\u201c sertifikatas u\u017etikrina visi\u0161k\u0105 suderinamum\u0105 su \u012frenginiais, kurie palaiko indukcin\u012f \u012fkrovim\u0105. Be to, jis papuo\u0161tas \u201eBayern Munich\u201c logotipu, tod\u0117l yra idealus pasirinkimas \u0161io garsaus futbolo klubo gerb\u0117jams.<\/p>\n<p>\n<img decoding=\"async\" border=\"0\" src=\"https:\/\/assets.innpro.pl\/11135\/13133\/4.jpg\"\/>\n<\/p>\n<h3>Maksimalus komfortas bet kokiu mar\u0161rutu<\/h3>\n<p>\u201eBaseus\u201c laikiklis i\u0161siskiria pla\u010diu suderinamumu \u2013 jis tinka 98 % automobili\u0173 ventiliacijos ang\u0173 ir yra tinkamas i\u0161maniesiems telefonams, kuri\u0173 ekrano dydis yra nuo 4,7 iki 6,5 colio. Jis tiekiamas su dviej\u0173 tip\u0173 tvirtinimo antgaliais, tod\u0117l j\u012f galima tvirtinti tiek prie ventiliacijos groteli\u0173, tiek prie priekinio stiklo ar prietais\u0173 skydelio. Be to, laikiklis turi LED \u0161viesos efektus, kurie kei\u010diasi priklausomai nuo \u012frenginio \u012fkrovimo b\u016bsenos. Trikampio formos laikiklio dizainas garantuoja maksimal\u0173 laikiklio stabilum\u0105 net ir ant sunkiausi\u0173 pavir\u0161i\u0173, u\u017etikrindamas patog\u0173 vairavim\u0105 nesijaudinant d\u0117l \u200b\u200btelefono pajudinimo.<\/p>\n<p>\n<img decoding=\"async\" border=\"0\" src=\"https:\/\/assets.innpro.pl\/11135\/13133\/7.jpg\"\/>\n<\/p>\n<h3>Lengva naudoti<\/h3>\n<p>D\u0117l integruoto infraraudon\u0173j\u0173 spinduli\u0173 jutiklio laikiklis automati\u0161kai aptinka telefon\u0105 ir, priart\u0117j\u0119s prie jo, atveria \u017eandikaulius, tod\u0117l nereikia rankiniu b\u016bdu atidaryti laikiklio. Laikiklis u\u017esidaro vos per kelias sekundes, u\u017etikrindamas saug\u0173 laikym\u0105 ir greit\u0105 \u012fkrovim\u0105.<\/p>\n<p>\n<img decoding=\"async\" border=\"0\" src=\"https:\/\/assets.innpro.pl\/11135\/13133\/6.jpg\"\/>\n<\/p>\n<h3>Pritaikykite laikikl\u012f savo poreikiams<\/h3>\n<p>Reguliuodami telefono auk\u0161t\u012f galine ranken\u0117le, galite tiksliai sureguliuoti optimali\u0105 \u012frenginio pad\u0117t\u012f, o tai pagerina indukcinio \u012fkrovimo efektyvum\u0105 ir u\u017etikrina didesn\u012f energijos konversijos efektyvum\u0105. Be to, besisukanti rutulin\u0117 galvut\u0117 leid\u017eia pasisukti 360 laipsni\u0173 kampu, tod\u0117l galite laisvai reguliuoti \u017ei\u016br\u0117jimo kamp\u0105 pagal savo individualius poreikius.<\/p>\n<p>\n<img decoding=\"async\" border=\"0\" src=\"https:\/\/assets.innpro.pl\/11135\/13133\/3.jpg\"\/>\n<\/p>\n<h3>\u012evairios saugos funkcijos<\/h3>\n<p>Laikiklis u\u017etikrina visi\u0161k\u0105 priedo ir telefono apsaug\u0105. Apsauga nuo perkrovimo, vir\u0161\u012ftampio, vir\u0161srov\u0117s ir perkaitimo u\u017etikrina visapusi\u0161k\u0105 apsaug\u0105, tod\u0117l galite b\u016bti ram\u016bs, kad j\u016bs\u0173 \u012frenginys bus saugus visos kelion\u0117s metu.<\/p>\n<p>\n<img decoding=\"async\" border=\"0\" src=\"https:\/\/assets.innpro.pl\/11135\/13133\/2.jpg\"\/>\n<\/p>\n<div class=\"table-wrapper\">\n<p>\u0412\u00a0<\/p>\n<h3><\/h3>\n<table>\n<tbody>\n<tr>\n<th>Gamintojas<\/th>\n<td>Baseus<\/td>\n<\/tr>\n<tr>\n<th>Produkto kodas<\/th>\n<td>C40344000113-Z1<\/td>\n<\/tr>\n<tr>\n<th>Med\u017eiaga<\/th>\n<td>ABS, akrilas<\/td>\n<\/tr>\n<tr>\n<th>Laikymo tipas<\/th>\n<td>Elektrinis spaudimas<\/td>\n<\/tr>\n<tr>\n<th>Tvirtinimas<\/th>\n<td>Priekinis skydelis, priekinis stiklas, ventiliacijos grotel\u0117s<\/td>\n<\/tr>\n<tr>\n<th>Suderinamumas<\/th>\n<td>\u012erenginiai nuo 4,7 iki 6,5 colio<\/td>\n<\/tr>\n<tr>\n<th>Spalva<\/th>\n<td>Juoda<\/td>\n<\/tr>\n<tr>\n<th>\u012evestis<\/th>\n<td>5 V \/ 2 A, 9 V \/ 2 A, 12 V, 1,67 A (maks.).<\/td>\n<\/tr>\n<tr>\n<th>I\u0161vestis<\/th>\n<td>5 W, 7,5 W, 10 W, 15 W<\/td>\n<\/tr>\n<\/tbody>\n<\/table>\n<\/div>\n","protected":false},"excerpt":{"rendered":"<p>\u201eBaseus\u201c automobilinis laikiklis su 15 W \u012fkrovikliu (juodas) \u201eBayern Edition\u201c \u201eBaseus\u201c automobilinis laikiklis su indukciniu \u012fkrovikliu sujungia greito \u012fkrovimo technologij\u0105 ir funkcional\u0173 dizain\u0105. D\u0117l itin greito \u012fkrovimo sistemos jis leid\u017eia \u012fkrauti telefon\u0105 iki 3 kart\u0173 grei\u010diau nei tradiciniai 5 W \u012fkrovikliai. Laikiklis pasi\u017eymi lengvu valdymu viena ranka, o tai \u017eymiai padidina naudojimo patogum\u0105 \u012fvairiomis s\u0105lygomis. [&#8230;]\n","protected":false},"featured_media":35654,"comment_status":"open","ping_status":"closed","template":"","meta":[],"product_brand":[95],"product_cat":[1343],"product_tag":[],"class_list":{"0":"post-35653","1":"product","2":"type-product","3":"status-publish","4":"has-post-thumbnail","6":"product_brand-baseus","7":"product_cat-phone-holders","9":"first","10":"outofstock","11":"taxable","12":"shipping-taxable","13":"purchasable","14":"product-type-simple"},"aioseo_notices":[],"_links":{"self":[{"href":"https:\/\/asura.lv\/lt\/wp-json\/wp\/v2\/product\/35653","targetHints":{"allow":["GET"]}}],"collection":[{"href":"https:\/\/asura.lv\/lt\/wp-json\/wp\/v2\/product"}],"about":[{"href":"https:\/\/asura.lv\/lt\/wp-json\/wp\/v2\/types\/product"}],"replies":[{"embeddable":true,"href":"https:\/\/asura.lv\/lt\/wp-json\/wp\/v2\/comments?post=35653"}],"wp:featuredmedia":[{"embeddable":true,"href":"https:\/\/asura.lv\/lt\/wp-json\/wp\/v2\/media\/35654"}],"wp:attachment":[{"href":"https:\/\/asura.lv\/lt\/wp-json\/wp\/v2\/media?parent=35653"}],"wp:term":[{"taxonomy":"product_brand","embeddable":true,"href":"https:\/\/asura.lv\/lt\/wp-json\/wp\/v2\/product_brand?post=35653"},{"taxonomy":"product_cat","embeddable":true,"href":"https:\/\/asura.lv\/lt\/wp-json\/wp\/v2\/product_cat?post=35653"},{"taxonomy":"product_tag","embeddable":true,"href":"https:\/\/asura.lv\/lt\/wp-json\/wp\/v2\/product_tag?post=35653"}],"curies":[{"name":"wp","href":"https:\/\/api.w.org\/{rel}","templated":true}]}}