{"id":35707,"date":"2025-11-28T23:07:41","date_gmt":"2025-11-28T23:07:41","guid":{"rendered":"https:\/\/asura.lv\/product\/ecoflow-rapid-magnetic-powerbank-5000mah-black\/"},"modified":"2025-12-12T15:53:03","modified_gmt":"2025-12-12T13:53:03","slug":"ecoflow-rapid-magnetic-powerbank-5000mah-black","status":"publish","type":"product","link":"https:\/\/asura.lv\/lt\/produktas\/ecoflow-rapid-magnetic-powerbank-5000mah-black\/","title":{"rendered":"\u201eEcoFlow RAPID\u201c magnetin\u0117 i\u0161orin\u0117 baterija, 5000 mAh, (juoda)."},"content":{"rendered":"<h3>\u201eEcoFlow RAPID\u201c magnetin\u0117 i\u0161orin\u0117 baterija, 5000 mAh (juoda).<\/h3>\n<p>\u201eEcoFlow RAPID\u201c magnetin\u0117 i\u0161orin\u0117 baterija si\u016blo 5000 mAh talp\u0105. Su ja gal\u0117site \u012fkrauti savo \u012frang\u0105 tiek laidiniu (30 W), tiek belaid\u017eiu b\u016bdu (15 W). J\u016bs\u0173 paslaugoms bus USB-C prievadas ir integruotas USB-C laidas. \u012erenginys palaiko populiarius \u012fkrovimo protokolus, tokius kaip PD, QC ir PPS, tod\u0117l galite greitai ir saugiai atnaujinti energij\u0105.<\/p>\n<p>\n<img decoding=\"async\" border=\"0\" src=\"https:\/\/assets.innpro.pl\/11059\/13037\/4.jpg\"\/>\n<\/p>\n<h3>Greitas laidinis \u012fkrovimas<\/h3>\n<p>\u201eEcoFlow RAPID\u201c turi USB-C prievad\u0105 ir integruot\u0105 USB-C laid\u0105, leid\u017eian\u010dius greitai \u012fkrauti 30 W galia. \u012ekrovimo laikas \u012fsp\u016bdingai trumpas \u2013 12 minu\u010di\u0173 pakanka, kad akumuliatoriaus lygis pasiekt\u0173 30 %, 29 minut\u0117s u\u017etikrina 70 %, o pilnas \u012fkrovimas trunka tik 55 minutes. Palaikymas tokiems \u012fkrovimo protokolams kaip PD, QC, PPS, FCP, SCP ir UFCS u\u017etikrina puik\u0173 suderinamum\u0105 su \u012fvairiais \u012frenginiais.<\/p>\n<p>\n<img decoding=\"async\" border=\"0\" src=\"https:\/\/assets.innpro.pl\/11059\/13037\/7.jpg\"\/>\n<\/p>\n<h3>Belaidis patogumas<\/h3>\n<p>Taip pat yra belaid\u017eio \u012fkrovimo galimyb\u0117 su 15 W galia. \u201eEcoFlow RAPID\u201c i\u0161orin\u0117 baterija palaiko \u201eQi1.0\u201c (5 W) technologij\u0105 ir naujesn\u0119 \u201eQi2.0\u201c (15 W) versij\u0105, tinkan\u010di\u0105 \u201eiPhone\u201c modeliams nuo 13 serijos ir v\u0117lesni\u0173. Tai leid\u017eia \u201eApple\u201c \u012frenginius \u012fkrauti dar efektyviau \u2013 vos per 44 minutes \u201eiPhone 15\u201c \u012fkrovimo lygis pasiekia 50 %.<\/p>\n<p>\n<img decoding=\"async\" border=\"0\" src=\"https:\/\/assets.innpro.pl\/11059\/13037\/2.jpg\"\/>\n<\/p>\n<h3>Visada po ranka<\/h3>\n<p>\u201eEcoFlow RAPID\u201c i\u0161orin\u0117s baterijos matmenys yra 108 x 70 x 13,9 mm, o svoris \u2013 ma\u017eiau nei 165 g. Taigi galite j\u0105 patogiai \u012fsid\u0117ti \u012f krep\u0161\u012f ar ki\u0161en\u0119, nesijaudindami d\u0117l papildomo svorio. 5000 mAh talpa u\u017etikrina patikim\u0105 veikim\u0105 net keliaujant.<\/p>\n<p>\n<img decoding=\"async\" border=\"0\" src=\"https:\/\/assets.innpro.pl\/11059\/13037\/5.jpg\"\/>\n<\/p>\n<div class=\"table-wrapper\">\n<p>B\u00a0<\/p>\n<h3><\/h3>\n<table>\n<tbody>\n<tr>\n<th>Gamintojas<\/th>\n<td>EcoFlow<\/td>\n<\/tr>\n<tr>\n<th>Modelis<\/th>\n<td>RAPID<\/td>\n<\/tr>\n<tr>\n<th>Spalva<\/th>\n<td>juoda<\/td>\n<\/tr>\n<tr>\n<th>Baterijos tipas<\/th>\n<td>li\u010dio-kobalto<\/td>\n<\/tr>\n<tr>\n<th>Baterijos talpa<\/th>\n<td>5000 mAh<\/td>\n<\/tr>\n<tr>\n<th>Prievadai<\/th>\n<td>C1: Integruotas USB-C laidas (\u012fvestis \/ i\u0161vestis) \/ C2: USB-C prievadas (\u012fvestis \/ i\u0161vestis).<\/td>\n<\/tr>\n<tr>\n<th>\u012evesties galia laidiniam \u012fkrovimui<\/th>\n<td>30 W<\/td>\n<\/tr>\n<tr>\n<th>\u012ekrovimo laikas<\/th>\n<td>12 min. \u2013 30 % \/ 29 min. \u2013 70 % \/ 55 min. \u2013 100 %<\/td>\n<\/tr>\n<tr>\n<th>Laidinio \u012fkrovimo i\u0161vesties galia<\/th>\n<td>30 W<\/td>\n<\/tr>\n<tr>\n<th>Palaikomi laidinio \u012fkrovimo protokolai<\/th>\n<td>PD, QC, PPS, FCP, SCP, UFCS<\/td>\n<\/tr>\n<tr>\n<th>Belaid\u017eio \u012fkrovimo i\u0161vesties galia<\/th>\n<td>15 W<\/td>\n<\/tr>\n<tr>\n<th>Palaikomi belaid\u017eio \u012fkrovimo protokolai<\/th>\n<td>Qi1.0 (5 W, \u201eAndroid\u201c) \/ Qi2.0 (15 W, \u201eiPhone 13\u201c ir (auk\u0161\u010diau)<\/td>\n<\/tr>\n<tr>\n<th>Belaid\u017eio \u012fkrovimo laikas<\/th>\n<td>44 min., kad \u201eiPhone\u201c b\u016bt\u0173 \u012fkrautas nuo 15 iki 50 %<\/td>\n<\/tr>\n<tr>\n<th>EMC<\/th>\n<td>B klas\u0117<\/td>\n<\/tr>\n<tr>\n<th>Matmenys<\/th>\n<td>108 x 70 x 13,9 mm<\/td>\n<\/tr>\n<tr>\n<th>Svoris<\/th>\n<td>165 g<\/td>\n<\/tr>\n<\/tbody>\n<\/table>\n<\/div>\n","protected":false},"excerpt":{"rendered":"<p>\u201eEcoFlow RAPID\u201c magnetin\u0117 i\u0161orin\u0117 baterija, 5000 mAh (juoda). \u201eEcoFlow RAPID\u201c magnetin\u0117 i\u0161orin\u0117 baterija si\u016blo 5000 mAh talp\u0105. Su ja gal\u0117site \u012fkrauti savo \u012frang\u0105 tiek laidiniu (30 W), tiek belaid\u017eiu b\u016bdu (15 W). J\u016bs\u0173 paslaugoms bus USB-C prievadas ir integruotas USB-C laidas. \u012erenginys palaiko populiarius \u012fkrovimo protokolus, tokius kaip PD, QC ir PPS, tod\u0117l galite greitai [&#8230;]\n","protected":false},"featured_media":35708,"comment_status":"open","ping_status":"closed","template":"","meta":[],"product_brand":[247],"product_cat":[1025],"product_tag":[],"class_list":{"0":"post-35707","1":"product","2":"type-product","3":"status-publish","4":"has-post-thumbnail","6":"product_brand-ecoflow","7":"product_cat-powerbanks","9":"first","10":"outofstock","11":"taxable","12":"shipping-taxable","13":"purchasable","14":"product-type-simple"},"aioseo_notices":[],"_links":{"self":[{"href":"https:\/\/asura.lv\/lt\/wp-json\/wp\/v2\/product\/35707","targetHints":{"allow":["GET"]}}],"collection":[{"href":"https:\/\/asura.lv\/lt\/wp-json\/wp\/v2\/product"}],"about":[{"href":"https:\/\/asura.lv\/lt\/wp-json\/wp\/v2\/types\/product"}],"replies":[{"embeddable":true,"href":"https:\/\/asura.lv\/lt\/wp-json\/wp\/v2\/comments?post=35707"}],"wp:featuredmedia":[{"embeddable":true,"href":"https:\/\/asura.lv\/lt\/wp-json\/wp\/v2\/media\/35708"}],"wp:attachment":[{"href":"https:\/\/asura.lv\/lt\/wp-json\/wp\/v2\/media?parent=35707"}],"wp:term":[{"taxonomy":"product_brand","embeddable":true,"href":"https:\/\/asura.lv\/lt\/wp-json\/wp\/v2\/product_brand?post=35707"},{"taxonomy":"product_cat","embeddable":true,"href":"https:\/\/asura.lv\/lt\/wp-json\/wp\/v2\/product_cat?post=35707"},{"taxonomy":"product_tag","embeddable":true,"href":"https:\/\/asura.lv\/lt\/wp-json\/wp\/v2\/product_tag?post=35707"}],"curies":[{"name":"wp","href":"https:\/\/api.w.org\/{rel}","templated":true}]}}