{"id":35821,"date":"2025-11-28T23:07:30","date_gmt":"2025-11-28T23:07:30","guid":{"rendered":"https:\/\/asura.lv\/product\/elegoo-mini-heater-for-3d-printer\/"},"modified":"2025-12-12T15:52:54","modified_gmt":"2025-12-12T13:52:54","slug":"elegoo-mini-heater-for-3d-printer","status":"publish","type":"product","link":"https:\/\/asura.lv\/lt\/produktas\/elegoo-mini-heater-for-3d-printer\/","title":{"rendered":"ELEGOO mini \u0161ildytuvas 3D spausdintuvui"},"content":{"rendered":"<h3>ELEGOO mini \u0161ildytuvas 3D spausdintuvui<\/h3>\n<p>ELEGOO mini \u0161ildytuvas yra ma\u017eas, bet galingas \u012frenginys, skirtas idealiam terminiam stabilumui 3D spausdinimo metu. D\u0117l i\u0161maniojo temperat\u016bros valdymo, greito kaitinimo ir efektyvaus \u0161ilumos paskirstymo mini \u0161ildytuvas u\u017etikrina skland\u0173 spausdinimo proces\u0105, pa\u0161alindamas sukibimo, deformacijos ir prasto sluoksni\u0173 sukibimo problemas. \u0160is \u012frenginys idealiai tinka vartotojams, ie\u0161kantiems patikimo terminio palaikymo, kad j\u0173 spaudiniai visada atitikt\u0173 auk\u0161\u010diausius kokyb\u0117s standartus.<\/p>\n<p>\n<img decoding=\"async\" border=\"0\" src=\"https:\/\/assets.innpro.pl\/10961\/12916\/1.jpg\"\/>\n<\/p>\n<h3>I\u0161manusis temperat\u016bros valdymas<\/h3>\n<p>Pamir\u0161kite apie rankin\u012f temperat\u016bros reguliavim\u0105 ir kar\u0161\u010dio \u0161uolius. ELEGOO mini \u0161ildytuvas apr\u016bpintas i\u0161mani\u0105ja automatine temperat\u016bros valdymo sistema, kuri automati\u0161kai \u012fsijungia, kai temperat\u016bra nukrenta \u017eemiau 25 \u00b0C, ir i\u0161sijungia, kai temperat\u016bra vir\u0161ija \u0161\u012f lyg\u012f. Tokia funkcija ne tik u\u017etikrina termin\u012f stabilum\u0105 viso spausdinimo proceso metu, bet ir apsaugo nuo toki\u0173 problem\u0173 kaip modelio lupimasis ar sluoksnio deformacija, tod\u0117l spausdinimas yra be r\u016bpes\u010di\u0173 ir patogus.<\/p>\n<p>\n<img decoding=\"async\" border=\"0\" src=\"https:\/\/assets.innpro.pl\/10961\/12916\/2.jpg\"\/>\n<\/p>\n<h3>Neprilygstamas greitis ir na\u0161umas<\/h3>\n<p>Mini \u0161ildytuvas naudoja pa\u017eangi\u0105 PTC technologij\u0105, kad spausdintuvo kameroje akimirksniu pasiekt\u0173 optimali\u0105 25 \u00b0C temperat\u016br\u0105. PTC, arba keraminis savireguliavimo elementas, u\u017etikrina, kad \u012frenginys neperkais, dar labiau padidindamas naudojimo saugum\u0105. 120 W galios mini \u0161ildytuvas greitai \u012fkaista ir suma\u017eina energijos suvartojim\u0105, tod\u0117l yra itin energij\u0105 taupantis pasirinkimas.<\/p>\n<p>\n<img decoding=\"async\" border=\"0\" src=\"https:\/\/assets.innpro.pl\/10961\/12916\/6.jpg\"\/>\n<\/p>\n<h3>Efektyvi \u0161ilumos cirkuliacija<\/h3>\n<p>D\u0117l 10 000 aps.\/min. ventiliatoriaus mini \u0161ildytuvas u\u017etikrina greit\u0105 ir tolyg\u0173 \u0161ilumos paskirstym\u0105, pa\u0161alindamas kar\u0161tus ta\u0161kus ir palaikydamas pastovi\u0105 temperat\u016br\u0105 visoje kameroje. \u0160is oro srautas pagerina med\u017eiagos lydym\u0105 ir nus\u0117dim\u0105, o tai savo ruo\u017etu lemia auk\u0161tesn\u0117s kokyb\u0117s ir tikslesnius spaudinius.<\/p>\n<p>\n<img decoding=\"async\" border=\"0\" src=\"https:\/\/assets.innpro.pl\/10961\/12916\/3.jpg\"\/>\n<\/p>\n<h3>Nuolatin\u0117 temperat\u016bros kontrol\u0117<\/h3>\n<p>Mini \u0161ildytuvas si\u016blo temperat\u016bros steb\u0117jim\u0105 realiuoju laiku. Tai leid\u017eia greitai aptikti galimas problemas ir nedelsiant reaguoti, u\u017etikrinant nepertraukiam\u0105 darbo kokyb\u0119 ir pasitik\u0117jim\u0105, kad kiekvienas spaudinys bus atspausdintas auk\u0161\u010diausiu lygiu.<\/p>\n<p>\n<img decoding=\"async\" border=\"0\" src=\"https:\/\/assets.innpro.pl\/10961\/12916\/9.jpg\"\/>\n<\/p>\n<h3>Efektyvus oro filtravimas<\/h3>\n<p>ELEGOO mini \u0161ildytuvas taip pat apr\u016bpintas oro filtravimo sistema, kuri padeda palaikyti \u0161var\u0105 spausdintuvo kameroje. Filtras pa\u0161alina priemai\u0161as ir pagerina darbo aplinkos kokyb\u0119, o tai ne tik apsaugo spausdintuv\u0105, bet ir teigiamai veikia spaudinio kokyb\u0119.<\/p>\n<p>\n<img decoding=\"async\" border=\"0\" src=\"https:\/\/assets.innpro.pl\/10961\/12916\/8.jpg\"\/>\n<\/p>\n<h3>Paruo\u0161tas spausdinti per kelias akimirkas<\/h3>\n<p>D\u0117l paprasto, intuityvaus diegimo proceso mini \u0161ildytuv\u0105 galima \u012fdiegti be dideli\u0173 pastang\u0173. Tiesiog prijunkite adapter\u012f prie spausdintuvo korpuso, prijunkite j\u012f prie \u0161ildytuvo ir viskas \u2013 \u012frenginys paruo\u0161tas naudoti. ELEGOO mini \u0161ildytuvas u\u017etikrina skland\u0173 paleidim\u0105 ir leid\u017eia greitai prad\u0117ti dirbti su kitais projektais.<\/p>\n<p>\n<img decoding=\"async\" border=\"0\" src=\"https:\/\/assets.innpro.pl\/10961\/12916\/7.jpg\"\/>\n<\/p>\n<h3>Integracija su populiariais modeliais<\/h3>\n<p>Mini \u0161ildytuvas suderinamas su daugeliu ELEGOO spausdintuv\u0173, \u012fskaitant \u201eMars 5 Ultra\u201c, \u201eMars 5\u201c, \u201eMars 4 Max\u201c, \u201eMars 4 DLP\u201c, \u201eSaturn 4\u201c, \u201eSaturn 4 Ultra\u201c, \u201eSaturn 3\u201c, \u201eSaturn 3 Ultra\u201c, \u201eSaturn 2\u201c, \u201eSaturn 8K\u201c, \u201eSaturn S\u201c ir \u201eJupiter SE\u201c modelius. Prisitaikymas prie kit\u0173 preki\u0173 \u017eenkl\u0173 spausdintuv\u0173 daro mini \u0161ildytuv\u0105 universal\u0173 ir lankst\u0173 \u2013 tereikia patikrinti adapterio dyd\u012f ir sureguliuoti spausdintuvo korpuso perforacijas, kad jis idealiai tikt\u0173.<\/p>\n<p>\n<img decoding=\"async\" border=\"0\" src=\"https:\/\/assets.innpro.pl\/10961\/12916\/4.jpg\"\/>\n<\/p>\n<h3>Pridedama<\/h3>\n<ul class=\"list-disc pl-5\">\n<li>ELEGOO mini \u0161ildytuvas<\/li>\n<li>Oro filtras x 2<\/li>\n<li>Tvirtinimo adapteris<\/li>\n<li>Maitinimo \u0161altinis<\/li>\n<li>\u012eranki\u0173 rinkinys<\/li>\n<li>Naudotojo vadovas<\/li>\n<\/ul>\n<div class=\"table-wrapper\">\n<p>\u0412\u00a0<\/p>\n<h3><\/h3>\n<table>\n<tbody>\n<tr>\n<th>Gamintojas<\/th>\n<td>ELEGOO<\/td>\n<\/tr>\n<tr>\n<th>Modelis<\/th>\n<td>Mini \u0160ildytuvas<\/td>\n<\/tr>\n<tr>\n<th>\u012erenginio matmenys:<\/th>\n<td>59 x 71 x 132 mm<\/td>\n<\/tr>\n<tr>\n<th>Filtro matmenys:<\/th>\n<td>40,5 x 40,5 x 23 mm<\/td>\n<\/tr>\n<tr>\n<th>\u012e\u0117jimo \u012ftampa:<\/th>\n<td>100\u2013240 V 50\/60 Hz, 24 V 5 A<\/td>\n<\/tr>\n<tr>\n<th>Nominali galia:<\/th>\n<td>120 W<\/td>\n<\/tr>\n<\/tbody>\n<\/table>\n<\/div>\n","protected":false},"excerpt":{"rendered":"<p>ELEGOO mini \u0161ildytuvas 3D spausdintuvui ELEGOO mini \u0161ildytuvas yra ma\u017eas, bet galingas \u012frenginys, skirtas idealiam terminiam stabilumui 3D spausdinimo metu. D\u0117l i\u0161maniojo temperat\u016bros valdymo, greito kaitinimo ir efektyvaus \u0161ilumos paskirstymo mini \u0161ildytuvas u\u017etikrina skland\u0173 spausdinimo proces\u0105, pa\u0161alindamas sukibimo, deformacijos ir prasto sluoksni\u0173 sukibimo problemas. \u0160is \u012frenginys idealiai tinka vartotojams, ie\u0161kantiems patikimo terminio palaikymo, kad j\u0173 [&#8230;]\n","protected":false},"featured_media":35822,"comment_status":"open","ping_status":"closed","template":"","meta":[],"product_brand":[694],"product_cat":[1079],"product_tag":[],"class_list":{"0":"post-35821","1":"product","2":"type-product","3":"status-publish","4":"has-post-thumbnail","6":"product_brand-elegoo","7":"product_cat-3d-printer-accessories","9":"first","10":"outofstock","11":"taxable","12":"shipping-taxable","13":"purchasable","14":"product-type-simple"},"aioseo_notices":[],"_links":{"self":[{"href":"https:\/\/asura.lv\/lt\/wp-json\/wp\/v2\/product\/35821","targetHints":{"allow":["GET"]}}],"collection":[{"href":"https:\/\/asura.lv\/lt\/wp-json\/wp\/v2\/product"}],"about":[{"href":"https:\/\/asura.lv\/lt\/wp-json\/wp\/v2\/types\/product"}],"replies":[{"embeddable":true,"href":"https:\/\/asura.lv\/lt\/wp-json\/wp\/v2\/comments?post=35821"}],"wp:featuredmedia":[{"embeddable":true,"href":"https:\/\/asura.lv\/lt\/wp-json\/wp\/v2\/media\/35822"}],"wp:attachment":[{"href":"https:\/\/asura.lv\/lt\/wp-json\/wp\/v2\/media?parent=35821"}],"wp:term":[{"taxonomy":"product_brand","embeddable":true,"href":"https:\/\/asura.lv\/lt\/wp-json\/wp\/v2\/product_brand?post=35821"},{"taxonomy":"product_cat","embeddable":true,"href":"https:\/\/asura.lv\/lt\/wp-json\/wp\/v2\/product_cat?post=35821"},{"taxonomy":"product_tag","embeddable":true,"href":"https:\/\/asura.lv\/lt\/wp-json\/wp\/v2\/product_tag?post=35821"}],"curies":[{"name":"wp","href":"https:\/\/api.w.org\/{rel}","templated":true}]}}