{"id":36175,"date":"2025-11-28T23:04:12","date_gmt":"2025-11-28T23:04:12","guid":{"rendered":"https:\/\/asura.lv\/product\/telesin-tripod-selfie-holder-with-hero-13-12-11-10-9-max-remote-control\/"},"modified":"2025-12-12T15:50:32","modified_gmt":"2025-12-12T13:50:32","slug":"telesin-tripod-selfie-holder-with-hero-13-12-11-10-9-max-remote-control","status":"publish","type":"product","link":"https:\/\/asura.lv\/lt\/produktas\/telesin-tripod-selfie-holder-with-hero-13-12-11-10-9-max-remote-control\/","title":{"rendered":"\u201eTelesin\u201c trikojis \/ asmenuki\u0173 laikiklis su \u201eHero 13\/12\/11\/10\/9\/MAX\u201c nuotolinio valdymo pultu"},"content":{"rendered":"<h3>Telesin trikojis \/ asmenuki\u0173 laikiklis su nuotolinio valdymo pultu, skirtas \u201eHero 13\/12\/11\/10\/9\/MAX\u201c<\/h3>\n<p>Specialiai \u201eGoPro Hero 13\/12\/11\/10\/9\/MAX\u201c kameroms sukurtas trikojis yra novatori\u0161kas priedas, apjungiantis asmenuki\u0173 lazdel\u0117s ir trikojo funkcijas. Naudodami integruot\u0105 nuotolinio valdymo pult\u0105, galite patogiai \u012fra\u0161yti vaizdo \u012fra\u0161us ir fotografuoti. 5000 mAh baterija u\u017etikrina iki 6 valand\u0173 veikimo laik\u0105 \u012fra\u0161ant 4K@30 kadr\u0173 per sekund\u0119 kokybe, suteikdama jums laisv\u0119 naudoti kamer\u0105 nesijaudinant d\u0117l \u200b\u200bi\u0161sikrovimo.<\/p>\n<p>\n<img decoding=\"async\" alt=\"\" border=\"0\" src=\"https:\/\/assets.innpro.pl\/10281\/12084\/4.jpg\"\/>\n<\/p>\n<h3>Lankstumas bet kokioje situacijoje<\/h3>\n<p>Trikojis i\u0161siskiria teleskopine konstrukcija, kurios maksimalus ilgis yra 45 cm, tod\u0117l lengva fotografuoti pla\u010diu kampu ir atsiveria neribotos k\u016brybinio fotografavimo galimyb\u0117s. Tur\u0117dami galimyb\u0119 reguliuoti kameros kamp\u0105 ir trikojo ilg\u012f, galite pritaikyti j\u012f pagal savo poreikius, nesvarbu, ar norite u\u017efiksuoti panoram\u0105, ar stamb\u0173 plan\u0105.<\/p>\n<p>\n<img decoding=\"async\" alt=\"\" border=\"0\" src=\"https:\/\/assets.innpro.pl\/10281\/12084\/2.jpg\"\/>\n<\/p>\n<h3>Nuotolinio valdymo pultas<\/h3>\n<p>Dar patogesniam \u012fra\u0161ymui pridedamas nuotolinio valdymo pultas, kur\u012f susiejate su suderinamu \u012frenginiu per \u201eBluetooth\u201c. Su juo galite tik\u0117tis greito ir stabilaus ry\u0161io be trukd\u017ei\u0173 iki 10 metr\u0173 atstumu. Be to, nuotolinio valdymo pulto mygtukai leid\u017eia \u012fjungti pagreitinto filmavimo re\u017eim\u0105, prad\u0117ti \u012fra\u0161ym\u0105 arba fotografuoti.<\/p>\n<p>\n<img decoding=\"async\" alt=\"\" border=\"0\" src=\"https:\/\/assets.innpro.pl\/10281\/12084\/5.jpg\"\/>\n<\/p>\n<h3>Rafinuotas dizainas<\/h3>\n<p>Trikojis i\u0161siskiria kruop\u0161\u010diai apgalvotu dizainu. Nuotolinio valdymo pulte esantis \u0161viesos indikatorius informuoja apie akumuliatoriaus b\u016bsen\u0105, tod\u0117l visada laiku atnaujinsite jo energij\u0105. Be to, trikojo apa\u010dioje esantys silikoniniai elementai u\u017etikrina stabilum\u0105 ir neleid\u017eia gaminiui jud\u0117ti, o ergonomi\u0161kas dizainas \u2013 patogum\u0105. Be to, \u012fkrovim\u0105 palengvina pridedamas USB-A\u2013USB-C laidas.<\/p>\n<p>\n<img decoding=\"async\" alt=\"\" border=\"0\" src=\"https:\/\/assets.innpro.pl\/10281\/12084\/6.jpg\"\/>\n<\/p>\n<h3>Pridedama<\/h3>\n<ul class=\"list-disc pl-5\">\n<li>trikojis su nuotolinio valdymo pultu<\/li>\n<li>USB-A\u2013USB-C \u012fkrovimo laidas<\/li>\n<li>var\u017etas<\/li>\n<li>naudotojo vadovas<\/li>\n<\/ul>\n<div class=\"table-wrapper\">\n<p>B\u00a0<\/p>\n<h3><\/h3>\n<table>\n<tbody>\n<tr>\n<th>Gamintojas<\/th>\n<td>Telesin<\/td>\n<\/tr>\n<tr>\n<th>Modelis<\/th>\n<td>S1-CSS-01-TGP<\/td>\n<\/tr>\n<tr>\n<th>Matmenys<\/th>\n<td>250,7 x 46 x 35 mm<\/td>\n<\/tr>\n<tr>\n<th>Akumuliatoriaus talpa<\/th>\n<td>5000 mAh (18,25 Wh), 3,65 V<\/td>\n<\/tr>\n<tr>\n<th>\u012ekrovimo laikas<\/th>\n<td>2,5 val.<\/td>\n<\/tr>\n<tr>\n<th>Veikimo laikas<\/th>\n<td>6 val.<\/td>\n<\/tr>\n<tr>\n<th>\u012evesties \/ i\u0161vesties prievadas<\/th>\n<td>USB-C<\/td>\n<\/tr>\n<tr>\n<th>\u012evestis \u012etampa<\/th>\n<td>5V\/2A, 9V\/1,5A<\/td>\n<\/tr>\n<tr>\n<th>I\u0161\u0117jimo \u012ftampa<\/th>\n<td>5V\/2A, 9V\/1,5A, 12V\/1A<\/td>\n<\/tr>\n<tr>\n<th>Maksimalus ilgis<\/th>\n<td>45 cm<\/td>\n<\/tr>\n<tr>\n<th>\u201eBluetooth\u201c veikimo nuotolis<\/th>\n<td>10 m<\/td>\n<\/tr>\n<tr>\n<th>Suderinamumas<\/th>\n<td>\u201eGoPro Hero 13\/12\/11\/10\/9\/MAX\u201c<\/td>\n<\/tr>\n<\/tbody>\n<\/table>\n<\/div>\n","protected":false},"excerpt":{"rendered":"<p>Telesin trikojis \/ asmenuki\u0173 laikiklis su nuotolinio valdymo pultu, skirtas \u201eHero 13\/12\/11\/10\/9\/MAX\u201c Specialiai \u201eGoPro Hero 13\/12\/11\/10\/9\/MAX\u201c kameroms sukurtas trikojis yra novatori\u0161kas priedas, apjungiantis asmenuki\u0173 lazdel\u0117s ir trikojo funkcijas. Naudodami integruot\u0105 nuotolinio valdymo pult\u0105, galite patogiai \u012fra\u0161yti vaizdo \u012fra\u0161us ir fotografuoti. 5000 mAh baterija u\u017etikrina iki 6 valand\u0173 veikimo laik\u0105 \u012fra\u0161ant 4K@30 kadr\u0173 per sekund\u0119 kokybe, [&#8230;]\n","protected":false},"featured_media":36176,"comment_status":"open","ping_status":"closed","template":"","meta":[],"product_brand":[296],"product_cat":[1112],"product_tag":[],"class_list":{"0":"post-36175","1":"product","2":"type-product","3":"status-publish","4":"has-post-thumbnail","6":"product_brand-telesin","7":"product_cat-tripods-mounts","9":"first","10":"outofstock","11":"taxable","12":"shipping-taxable","13":"purchasable","14":"product-type-simple"},"aioseo_notices":[],"_links":{"self":[{"href":"https:\/\/asura.lv\/lt\/wp-json\/wp\/v2\/product\/36175","targetHints":{"allow":["GET"]}}],"collection":[{"href":"https:\/\/asura.lv\/lt\/wp-json\/wp\/v2\/product"}],"about":[{"href":"https:\/\/asura.lv\/lt\/wp-json\/wp\/v2\/types\/product"}],"replies":[{"embeddable":true,"href":"https:\/\/asura.lv\/lt\/wp-json\/wp\/v2\/comments?post=36175"}],"wp:featuredmedia":[{"embeddable":true,"href":"https:\/\/asura.lv\/lt\/wp-json\/wp\/v2\/media\/36176"}],"wp:attachment":[{"href":"https:\/\/asura.lv\/lt\/wp-json\/wp\/v2\/media?parent=36175"}],"wp:term":[{"taxonomy":"product_brand","embeddable":true,"href":"https:\/\/asura.lv\/lt\/wp-json\/wp\/v2\/product_brand?post=36175"},{"taxonomy":"product_cat","embeddable":true,"href":"https:\/\/asura.lv\/lt\/wp-json\/wp\/v2\/product_cat?post=36175"},{"taxonomy":"product_tag","embeddable":true,"href":"https:\/\/asura.lv\/lt\/wp-json\/wp\/v2\/product_tag?post=36175"}],"curies":[{"name":"wp","href":"https:\/\/api.w.org\/{rel}","templated":true}]}}