{"id":36205,"date":"2025-11-28T23:04:10","date_gmt":"2025-11-28T23:04:10","guid":{"rendered":"https:\/\/asura.lv\/product\/powerbank-5000mah-vention-fhwy0-20w-usb-c-to-lightning-cable-yellow\/"},"modified":"2025-12-12T15:50:31","modified_gmt":"2025-12-12T13:50:31","slug":"powerbank-5000mah-vention-fhwy0-20w-usb-c-to-lightning-cable-yellow","status":"publish","type":"product","link":"https:\/\/asura.lv\/lt\/produktas\/powerbank-5000mah-vention-fhwy0-20w-usb-c-to-lightning-cable-yellow\/","title":{"rendered":"5000mAh i\u0161orin\u0117 baterija \u201eVention FHWY0 20W\u201c + USB-C\u2013Lightning laidas (geltonas)."},"content":{"rendered":"<h3>I\u0161orin\u0117 baterija 5000mAh Vention FHWY0 20W + USB-C \u012f \u201eLightning\u201c laidas (geltonas).<\/h3>\n<p>Neleiskite, kad reikalingi \u012frenginiai i\u0161sikraut\u0173 netinkamu metu. \u201eVention FHWY0\u201c i\u0161orin\u0117 baterija si\u016blo 5000 mAh talp\u0105, o jos galia siekia 20 vat\u0173. Su USB-C \/ \u017eaibo greitojo \u012fkrovimo laidu galite b\u016bti tikri, kad reikiam\u0105 \u012frang\u0105 tur\u0117site paruo\u0161t\u0105 naudoti akimirksniu. Kompakti\u0161kas dizainas leid\u017eia j\u012f lengvai ne\u0161iotis ir transportuoti.<\/p>\n<p>\n<img decoding=\"async\" border=\"0\" src=\"https:\/\/assets.innpro.pl\/9361\/10926\/3.jpg\"\/>\n<\/p>\n<h3>Praktinis laidas<\/h3>\n<p>\u201eVention\u201c i\u0161orin\u0117 baterija turi USB-C \u012f \u201eLightning\u201c greitojo \u012fkrovimo laid\u0105, kuris u\u017etikrina plat\u0173 suderinamum\u0105 ir leid\u017eia atnaujinti energij\u0105 iki 20 vat\u0173 galia. \u0160is priedas taip pat veikia kaip virvel\u0117 ir leid\u017eia lengvai ne\u0161iotis bei transportuoti \u012frengin\u012f \u2013 j\u012f galite patogiai pritvirtinti prie krep\u0161io!<\/p>\n<p>\n<img decoding=\"async\" border=\"0\" src=\"https:\/\/assets.innpro.pl\/9361\/10926\/7.jpg\"\/>\n<\/p>\n<h3>Rafinuotas dizainas<\/h3>\n<p>I\u0161orin\u0117s baterijos dydis yra ma\u017edaug l\u016bp\u0173 da\u017e\u0173 dyd\u017eio \u2013 jos matmenys yra 30 x 30 x 99,8 mm. Stilingas dizainas prad\u017eiugins daugel\u012f vartotoj\u0173, o prakti\u0161ki LED indikatoriai informuoja apie \u012fkrovimo b\u016bsen\u0105. Produktas taip pat atitinka oro linij\u0173 reikalavimus, tod\u0117l gali b\u016bti su jumis l\u0117ktuve.<\/p>\n<p>\n<img decoding=\"async\" border=\"0\" src=\"https:\/\/assets.innpro.pl\/9361\/10926\/2.jpg\"\/>\n<\/p>\n<h3>Galingas ir pla\u010diai suderinamas<\/h3>\n<p>5000 mAh talpa leid\u017eia paruo\u0161ti suderinam\u0105 \u012frengin\u012f visai darbo dienai. I\u0161orin\u0119 baterij\u0105 s\u0117kmingai naudosite su i\u0161mani\u0173j\u0173 telefon\u0173, plan\u0161etini\u0173 kompiuteri\u0173, belaid\u017ei\u0173 ausini\u0173, laikrod\u017ei\u0173 ir mini ventiliatori\u0173 d\u0117klais.<\/p>\n<p>\n<img decoding=\"async\" border=\"0\" src=\"https:\/\/assets.innpro.pl\/9361\/10926\/6.jpg\"\/>\n<\/p>\n<h3>Saugos funkcijos<\/h3>\n<p>B\u016bkite tikri, kad \u012fkrovimas visada atliekamas saugiai. Ne\u0161iojamosios \u012fkrovos li\u010dio polimer\u0173 baterija apsaugo nuo trumpojo jungimo, vir\u0161\u012ftampio, perkrovos, per didelio i\u0161krovimo, atvirk\u0161tinio poli\u0161kumo ir perkrovos.<\/p>\n<p>\n<img decoding=\"async\" border=\"0\" src=\"https:\/\/assets.innpro.pl\/9361\/10926\/1.jpg\"\/>\n<\/p>\n<h3>\u012e komplekt\u0105 \u012feina:<\/h3>\n<ul class=\"list-disc pl-5\">\n<li>\u201ePowerbank Vention FHWY0\u201c<\/li>\n<li>0,11 metro ilgio USB-C \/ \u201eLightning\u201c laidas<\/li>\n<\/ul>\n<div class=\"table-wrapper\">\n<p>\u0412\u00a0<\/p>\n<h3><\/h3>\n<table>\n<tbody>\n<tr>\n<th>Gamintojas<\/th>\n<td>\u201eVention\u201c<\/td>\n<\/tr>\n<tr>\n<th>Gamintojas kodas<\/th>\n<td>FHWY0<\/td>\n<\/tr>\n<tr>\n<th>Spalva<\/th>\n<td>geltona<\/td>\n<\/tr>\n<tr>\n<th>Korpuso med\u017eiaga<\/th>\n<td>PC + ABS<\/td>\n<\/tr>\n<tr>\n<th>S\u0105sajos tipas<\/th>\n<td>USB-C\/Lightning<\/td>\n<\/tr>\n<tr>\n<th>Akumuliatoriaus talpa<\/th>\n<td>5000 mAh \/ 3,7 V 18,5 Wh<\/td>\n<\/tr>\n<tr>\n<th>USB-C \u012fvestis<\/th>\n<td>5 V = 3 A; 9 V = 2 A; 12 V = 1,5 A (maks. 18 W)<\/td>\n<\/tr>\n<tr>\n<th>\u201eLightning\u201c \u012fvestis<\/th>\n<td>5 V = 3 A; 9 V = 2 A; 12 V = 1,5 A (maks. 18 W).<\/td>\n<\/tr>\n<tr>\n<th>USB-C i\u0161vestis<\/th>\n<td>5 V = 3 A; 9 V = 2,22 A; 12 V = 1,67 A (maks. 20 W).<\/td>\n<\/tr>\n<tr>\n<th>\u201eLightning\u201c i\u0161vestis<\/th>\n<td>5 V = 3 A; 9 V = 2,22 A; 12 V = 1,67 A (maks. 20 W).<\/td>\n<\/tr>\n<tr>\n<th>Matmenys<\/th>\n<td>30 x 30 x 99,8 mm<\/td>\n<\/tr>\n<\/tbody>\n<\/table>\n<\/div>\n","protected":false},"excerpt":{"rendered":"<p>I\u0161orin\u0117 baterija 5000mAh Vention FHWY0 20W + USB-C \u012f \u201eLightning\u201c laidas (geltonas). Neleiskite, kad reikalingi \u012frenginiai i\u0161sikraut\u0173 netinkamu metu. \u201eVention FHWY0\u201c i\u0161orin\u0117 baterija si\u016blo 5000 mAh talp\u0105, o jos galia siekia 20 vat\u0173. Su USB-C \/ \u017eaibo greitojo \u012fkrovimo laidu galite b\u016bti tikri, kad reikiam\u0105 \u012frang\u0105 tur\u0117site paruo\u0161t\u0105 naudoti akimirksniu. Kompakti\u0161kas dizainas leid\u017eia j\u012f lengvai [&#8230;]\n","protected":false},"featured_media":36206,"comment_status":"open","ping_status":"closed","template":"","meta":[],"product_brand":[474],"product_cat":[1052],"product_tag":[],"class_list":{"0":"post-36205","1":"product","2":"type-product","3":"status-publish","4":"has-post-thumbnail","6":"product_brand-vention","7":"product_cat-powerbanks-gsm-accessories","9":"first","10":"outofstock","11":"taxable","12":"shipping-taxable","13":"purchasable","14":"product-type-simple"},"aioseo_notices":[],"_links":{"self":[{"href":"https:\/\/asura.lv\/lt\/wp-json\/wp\/v2\/product\/36205","targetHints":{"allow":["GET"]}}],"collection":[{"href":"https:\/\/asura.lv\/lt\/wp-json\/wp\/v2\/product"}],"about":[{"href":"https:\/\/asura.lv\/lt\/wp-json\/wp\/v2\/types\/product"}],"replies":[{"embeddable":true,"href":"https:\/\/asura.lv\/lt\/wp-json\/wp\/v2\/comments?post=36205"}],"wp:featuredmedia":[{"embeddable":true,"href":"https:\/\/asura.lv\/lt\/wp-json\/wp\/v2\/media\/36206"}],"wp:attachment":[{"href":"https:\/\/asura.lv\/lt\/wp-json\/wp\/v2\/media?parent=36205"}],"wp:term":[{"taxonomy":"product_brand","embeddable":true,"href":"https:\/\/asura.lv\/lt\/wp-json\/wp\/v2\/product_brand?post=36205"},{"taxonomy":"product_cat","embeddable":true,"href":"https:\/\/asura.lv\/lt\/wp-json\/wp\/v2\/product_cat?post=36205"},{"taxonomy":"product_tag","embeddable":true,"href":"https:\/\/asura.lv\/lt\/wp-json\/wp\/v2\/product_tag?post=36205"}],"curies":[{"name":"wp","href":"https:\/\/api.w.org\/{rel}","templated":true}]}}