{"id":36211,"date":"2025-11-28T23:04:10","date_gmt":"2025-11-28T23:04:10","guid":{"rendered":"https:\/\/asura.lv\/product\/zigbee-motion-sensor-sonoff-snzb-03p-battery\/"},"modified":"2025-12-12T15:50:31","modified_gmt":"2025-12-12T13:50:31","slug":"zigbee-motion-sensor-sonoff-snzb-03p-battery","status":"publish","type":"product","link":"https:\/\/asura.lv\/lt\/produktas\/zigbee-motion-sensor-sonoff-snzb-03p-battery\/","title":{"rendered":"\u201eZigBee\u201c judesio jutiklis SONOFF SNZB-03P + baterija"},"content":{"rendered":"<h3>\u201eZigBee\u201c judesio jutiklis SONOFF SNZB-03P + baterija.<\/h3>\n<p>\u201eZigBee SONOFF SNZB-03P\u201c yra judesio jutiklis, skirtas j\u016bs\u0173 namams automatizuoti ir apsaugoti. Naudodamas \u201eZigbee 3.0\u201c protokol\u0105, jis veikia su \u012fvairiais \u201eZigbee\u201c \u0161akotuvais, tokiais kaip \u201eSONOFF NSPanel Pro\u201c, \u201eSONOFF iHost\u201c, \u201eSONOFF ZB Bridge Pro\u201c, \u201eSONOFF ZBDongle-E\u201c ir \u201eEcho Plus 2nd Generation\u201c, tod\u0117l j\u012f lengva integruoti \u012f esam\u0105 i\u0161mani\u0173j\u0173 nam\u0173 sistem\u0105. Aptikdamas judes\u012f per ma\u017eiau nei 5 sekundes, SNZB-03P leid\u017eia automati\u0161kai \u012fjungti \u0161viesas, kai praeinate pro \u0161al\u012f, ir jas i\u0161jungti, kai i\u0161einate i\u0161 kambario, taupydamas energij\u0105 ir didindamas komfort\u0105 kasdieniame gyvenime.<\/p>\n<p>\n<img decoding=\"async\" border=\"0\" src=\"https:\/\/assets.innpro.pl\/9398\/10967\/3.jpg\"\/>\n<\/p>\n<h3>Patikimas kiekvien\u0105 dien\u0105<\/h3>\n<p>SNZB-03P maitinamas CR2477 baterija (pridedama), kuri veikia iki 3 met\u0173, tod\u0117l nereikia da\u017enai keisti ir u\u017etikrinamas ilgalaikis, nereikalaujantis prie\u017ei\u016bros veikimas. \u0160is sprendimas idealiai tinka tiems, kurie vertina patogum\u0105 ir patikimum\u0105 naudojant buitinius prietaisus. Korpusas, pagamintas i\u0161 patvaraus PC plastiko, ir kompakti\u0161ki matmenys (44x44x65 mm) leid\u017eia jutikliui puikiai \u012fsilieti \u012f bet kok\u012f interjer\u0105. Platus 110\u00b0 aptikimo kampas ir iki 6 metr\u0173 atstumas suteikia universal\u0173 \u012frank\u012f judesiui steb\u0117ti j\u016bs\u0173 nam\u0173 kambariuose ir laiptin\u0117je.<\/p>\n<p>\n<img decoding=\"async\" border=\"0\" src=\"https:\/\/assets.innpro.pl\/9398\/10967\/1.jpg\"\/>\n<\/p>\n<h3>Apsaugos ir automatizavimo funkcijos<\/h3>\n<p>SNZB-03P judesio jutiklis ne tik palengvina j\u016bs\u0173 gyvenim\u0105, bet ir atlieka nam\u0173 apsaugos funkcij\u0105. Jis gali aptikti neleistinus \u012f\u0117jimus ir nedelsdamas \u012fjungti garsin\u012f signal\u0105 per \u0161liuz\u0105, \u012fra\u0161yti vaizdo \u012fra\u0161\u0105 prijungta kamera arba i\u0161si\u0173sti prane\u0161im\u0105 \u012f j\u016bs\u0173 telefon\u0105 per program\u0117l\u0119, suteikdamas jums visi\u0161k\u0105 savo \u0161eimos ir turto saugumo kontrol\u0119. Net ir nutr\u016bkus \u201eWi-Fi\u201c tinklui, vietin\u0117s \u201eZigbee\u201c scenos i\u0161lieka aktyvios, u\u017etikrindamos patikim\u0105 j\u016bs\u0173 automatizavimo ir apsaugos sistemos veikim\u0105. Galite b\u016bti ram\u016bs!<\/p>\n<p>\n<img decoding=\"async\" border=\"0\" src=\"https:\/\/assets.innpro.pl\/9398\/10967\/6.jpg\"\/>\n<\/p>\n<h3>Pa\u017eangus \u0161viesos aptikimas<\/h3>\n<p>SONOFF SNZB-03P judesio jutiklis turi i\u0161mani\u0105j\u0105 aplinkos \u0161viesos aptikimo funkcij\u0105, kuri automati\u0161kai reguliuoja ap\u0161vietimo veikim\u0105 pagal s\u0105lygas. Kai jutiklis aptinka judes\u012f, jis savaranki\u0161kai \u012fvertina, ar aplinkos ry\u0161kumas yra pakankamas, ar \u0161viesa tur\u0117t\u0173 b\u016bti \u012fjungta. Naudodami \u0161\u012f sprendim\u0105, taupote energij\u0105, naudodami ap\u0161vietim\u0105 tik tada, kai jo tikrai reikia \u2013 tiek dien\u0105, tiek nakt\u012f.<\/p>\n<p>\n<img decoding=\"async\" border=\"0\" src=\"https:\/\/assets.innpro.pl\/9398\/10967\/7.jpg\"\/>\n<\/p>\n<h3>Suderinamas su j\u016bs\u0173 asistentu<\/h3>\n<p>SONOFF SNZB-03P veikia su \u201eeWeLink\u201c program\u0117le, kuri leid\u017eia visi\u0161kai valdyti ir steb\u0117ti jutiklio veikim\u0105 i\u0161maniajame telefone. Program\u0117l\u0117 si\u016blo \u012fvairias funkcijas, pvz., scenarij\u0173 nustatym\u0105, momentinius prane\u0161imus aptikus judes\u012f ir integracij\u0105 su populiariais balso asistentais, tokiais kaip \u201eAlexa\u201c, \u201eGoogle Home\u201c, \u201eSmartThings\u201c, \u201eAlice\u201c ir IFTTT platforma. Tai leid\u017eia valdyti namus paprastomis balso komandomis arba automatizuoti kasdienes u\u017eduotis, tokias kaip \u0161vies\u0173 \u012fjungimas ar kamer\u0173 aktyvavimas, tod\u0117l j\u016bs\u0173 namai taps patogesni ir saugesni.<\/p>\n<p>\n<img decoding=\"async\" border=\"0\" src=\"https:\/\/assets.innpro.pl\/9398\/10967\/4.jpg\"\/>\n<\/p>\n<h3>\u012etraukta<\/h3>\n<ul class=\"list-disc pl-5\">\n<li>Jutiklis su baterija<\/li>\n<li>Tvirtinimo priedai<\/li>\n<li>Naudotojo vadovas<\/li>\n<\/ul>\n<div class=\"table-wrapper\">\n<p>\u0412\u00a0<\/p>\n<h3><\/h3>\n<table>\n<tbody>\n<tr>\n<th>Gamintojas<\/th>\n<td>SONOFF<\/td>\n<\/tr>\n<tr>\n<th>Modelis:<\/th>\n<td>SNZB-03P<\/td>\n<\/tr>\n<tr>\n<th>Aptikimas Diapazonas:<\/th>\n<td>6 m, 110 \u00b0C<\/td>\n<\/tr>\n<tr>\n<th>Darbin\u0117 temperat\u016bra:<\/th>\n<td>-10 \u00b0C~60 \u00b0C<\/td>\n<\/tr>\n<tr>\n<th>Darbin\u0117 dr\u0117gm\u0117:<\/th>\n<td>5\u201395 % santykinis oro dr\u0117gnumas, nesikondensuojantis<\/td>\n<\/tr>\n<tr>\n<th>Belaidis ry\u0161ys:<\/th>\n<td>Zigbee 3.0<\/td>\n<\/tr>\n<tr>\n<th>Baterijos modelis:<\/th>\n<td>CR2477 (3 V)<\/td>\n<\/tr>\n<tr>\n<th>Korpuso med\u017eiaga:<\/th>\n<td>PC<\/td>\n<\/tr>\n<tr>\n<th>Grynasis svoris:<\/th>\n<td>54 g<\/td>\n<\/tr>\n<tr>\n<th>Matmenys:<\/th>\n<td>44 x 44 x 65 mm<\/td>\n<\/tr>\n<\/tbody>\n<\/table>\n<\/div>\n","protected":false},"excerpt":{"rendered":"<p>\u201eZigBee\u201c judesio jutiklis SONOFF SNZB-03P + baterija. \u201eZigBee SONOFF SNZB-03P\u201c yra judesio jutiklis, skirtas j\u016bs\u0173 namams automatizuoti ir apsaugoti. Naudodamas \u201eZigbee 3.0\u201c protokol\u0105, jis veikia su \u012fvairiais \u201eZigbee\u201c \u0161akotuvais, tokiais kaip \u201eSONOFF NSPanel Pro\u201c, \u201eSONOFF iHost\u201c, \u201eSONOFF ZB Bridge Pro\u201c, \u201eSONOFF ZBDongle-E\u201c ir \u201eEcho Plus 2nd Generation\u201c, tod\u0117l j\u012f lengva integruoti \u012f esam\u0105 i\u0161mani\u0173j\u0173 nam\u0173 [&#8230;]\n","protected":false},"featured_media":36212,"comment_status":"open","ping_status":"closed","template":"","meta":[],"product_brand":[203],"product_cat":[950],"product_tag":[],"class_list":{"0":"post-36211","1":"product","2":"type-product","3":"status-publish","4":"has-post-thumbnail","6":"product_brand-sonoff","7":"product_cat-sensors","9":"first","10":"outofstock","11":"taxable","12":"shipping-taxable","13":"purchasable","14":"product-type-simple"},"aioseo_notices":[],"_links":{"self":[{"href":"https:\/\/asura.lv\/lt\/wp-json\/wp\/v2\/product\/36211","targetHints":{"allow":["GET"]}}],"collection":[{"href":"https:\/\/asura.lv\/lt\/wp-json\/wp\/v2\/product"}],"about":[{"href":"https:\/\/asura.lv\/lt\/wp-json\/wp\/v2\/types\/product"}],"replies":[{"embeddable":true,"href":"https:\/\/asura.lv\/lt\/wp-json\/wp\/v2\/comments?post=36211"}],"wp:featuredmedia":[{"embeddable":true,"href":"https:\/\/asura.lv\/lt\/wp-json\/wp\/v2\/media\/36212"}],"wp:attachment":[{"href":"https:\/\/asura.lv\/lt\/wp-json\/wp\/v2\/media?parent=36211"}],"wp:term":[{"taxonomy":"product_brand","embeddable":true,"href":"https:\/\/asura.lv\/lt\/wp-json\/wp\/v2\/product_brand?post=36211"},{"taxonomy":"product_cat","embeddable":true,"href":"https:\/\/asura.lv\/lt\/wp-json\/wp\/v2\/product_cat?post=36211"},{"taxonomy":"product_tag","embeddable":true,"href":"https:\/\/asura.lv\/lt\/wp-json\/wp\/v2\/product_tag?post=36211"}],"curies":[{"name":"wp","href":"https:\/\/api.w.org\/{rel}","templated":true}]}}