{"id":36385,"date":"2025-11-28T23:03:54","date_gmt":"2025-11-28T23:03:54","guid":{"rendered":"https:\/\/asura.lv\/product\/colmi-l10-smartwatch-silver\/"},"modified":"2025-12-12T15:50:20","modified_gmt":"2025-12-12T13:50:20","slug":"colmi-l10-smartwatch-silver","status":"publish","type":"product","link":"https:\/\/asura.lv\/lt\/produktas\/colmi-l10-smartwatch-silver\/","title":{"rendered":"\u201eColmi L10\u201c i\u0161manusis laikrodis (sidabrinis)"},"content":{"rendered":"<h3>I\u0161manusis laikrodis \u201eColmi L10\u201c (sidabrinis)<\/h3>\n<p>Lengvas, stilingas ir eleganti\u0161kas \u2013 \u201eColmi L10\u201c tiks beveik prie bet kokio stiliaus. Jis pasi\u017eymi apvaliu ciferblatu, suteikian\u010diu jam klasikin\u0119 i\u0161vaizd\u0105. 1,4 colio IPS ekranas suteikia ai\u0161ki\u0105 prieig\u0105 prie informacijos ir yra lengvai naudojamas. I\u0161manusis laikrodis taip pat palaiko \u201eBluetooth\u201c ry\u0161\u012f ir stebi darb\u0105 bei mieg\u0105. Be to, galimi sporto re\u017eimai leis jums pasir\u016bpinti savo fizine forma. \u012erenginys taip pat si\u016blo menstruacij\u0173 kalendoriaus funkcij\u0105 ir primins jums gerti vanden\u012f bei pakeisti pad\u0117t\u012f, jei per ilgai s\u0117d\u0117site.<\/p>\n<p>\n<img decoding=\"async\" border=\"0\" src=\"https:\/\/assets.innpro.pl\/9436\/11006\/1.jpg\"\/>\n<\/p>\n<h3>Patogi prieiga prie prane\u0161im\u0173<\/h3>\n<p>I\u0161manusis laikrodis \u201eColmi L10\u201c turi 1,4 colio IPS ekran\u0105, tod\u0117l gal\u0117site lengvai naudoti laikrod\u017eio nustatymus ir funkcijas. Be to, jis si\u016blo 360 x 360 skiriam\u0105j\u0105 geb\u0105, o plonas cinko lydinio r\u0117melis dar labiau padidina naudojimo paprastum\u0105. Taip pat galite pritaikyti meniu vaizd\u0105 ir ratuko model\u012f pasirinkdami i\u0161 galim\u0173 dizain\u0173.<\/p>\n<p>\n<img decoding=\"async\" border=\"0\" src=\"https:\/\/assets.innpro.pl\/9436\/11006\/5.jpg\"\/>\n<\/p>\n<h3>\u201eBluetooth\u201c skambu\u010diai<\/h3>\n<p>Skambinkite tiesiai i\u0161 i\u0161maniojo laikrod\u017eio. Susiej\u0119 \u201eColmi L10\u201c su savo i\u0161maniuoju telefonu, galite skambinti, priimti ir atmesti \u012feinan\u010dius skambu\u010dius. Be to, i\u0161manusis laikrodis leid\u017eia skaityti naujas \u017einutes \u2013 jums nebereikia kaskart griebtis telefono.<\/p>\n<p>\n<img decoding=\"async\" border=\"0\" src=\"https:\/\/assets.innpro.pl\/9436\/11006\/6.jpg\"\/>\n<\/p>\n<h3>J\u016bs\u0173 sveikatos labui<\/h3>\n<p>D\u0117l \u0161iuolaikini\u0173 algoritm\u0173 naudojimo i\u0161manusis laikrodis stebi j\u016bs\u0173 \u0161irdies ritm\u0105 vis\u0105 par\u0105. Tai leid\u017eia jums sekti matavimus ir greitai reaguoti, jei atsiranda nerim\u0105 kelian\u010di\u0173 simptom\u0173. Be to, jis matuoja kraujo \u012fsotinim\u0105 ir \u012fra\u0161o duomenis apie miego fazes. D\u0117l to jums bus lengviau atsisakyti blog\u0173 \u012fpro\u010di\u0173 ir pagaliau gerai i\u0161simiegoti.<\/p>\n<p>\n<img decoding=\"async\" border=\"0\" src=\"https:\/\/assets.innpro.pl\/9436\/11006\/2.jpg\"\/>\n<\/p>\n<h3>Leis jums pasir\u016bpinti savo fizine forma<\/h3>\n<p>Ar m\u0117gstate aktyv\u0173 poils\u012f? Pasiimkite \u201eColmi L10\u201c su savimi \u012f treniruot\u0119. I\u0161manusis laikrodis si\u016blo \u012fvairius sporto re\u017eimus, tokius kaip b\u0117gimas, va\u017eiavimas dvira\u010diu, badmintonas ar \u0161okin\u0117jimas su \u010diuo\u017eykla. Kiti re\u017eimai, tokie kaip joga, karat\u0117, \u0161okiai, tinklinis ir kt., yra prieinami \u201eFitCloudPro\u201c program\u0117l\u0117je. Taip pat galite i\u0161sikelti tikslus ir per\u017ei\u016br\u0117ti ataskaitas po treniruo\u010di\u0173, kad treniruot\u0117s b\u016bt\u0173 dar efektyvesn\u0117s.<\/p>\n<p>\n<img decoding=\"async\" border=\"0\" src=\"https:\/\/assets.innpro.pl\/9436\/11006\/3.jpg\"\/>\n<\/p>\n<h3>Atsparumas vandeniui<\/h3>\n<p>I\u0161manusis laikrodis yra atsparus vandeniui pagal IP67 standart\u0105, tod\u0117l galite j\u012f laisvai naudoti nesijaudindami d\u0117l vandens pursl\u0173. Jis puikiai veiks treniruot\u0117s metu ir jo neg\u0105sdins lietus. Be to, jums nereikia jo nusiimti plaunant rankas. \u201eColmi L10\u201c gali lyd\u0117ti jus beveik visur!<\/p>\n<p>\n<img decoding=\"async\" border=\"0\" src=\"https:\/\/assets.innpro.pl\/9436\/11006\/8.jpg\"\/>\n<\/p>\n<h3>Daugiau galimybi\u0173<\/h3>\n<p>Tai dar ne viskas, k\u0105 gali pasi\u016blyti i\u0161manusis laikrodis! I\u0161manusis laikrodis turi menstruacij\u0173 kalendoriaus funkcij\u0105, kad gal\u0117tum\u0117te dar geriau pa\u017einti savo k\u016bn\u0105. \u012erenginys taip pat leid\u017eia pasitikrinti or\u0173 prognoz\u0119, valdyti muzikos grotuv\u0105 ir nustatyti \u017eadintuv\u0105. Be to, jis primins gerti vanden\u012f ir pakeisti pad\u0117t\u012f, jei per ilgai s\u0117d\u0117site.<\/p>\n<p>\n<img decoding=\"async\" border=\"0\" src=\"https:\/\/assets.innpro.pl\/9436\/11006\/4.jpg\"\/>\n<\/p>\n<h3>Veikimo laikas iki 7 dien\u0173 vienu \u012fkrovimu<\/h3>\n<p>Naudokite i\u0161man\u0173j\u012f laikrod\u012f iki 7 dien\u0173 vienu \u012fkrovimu. \u012erenginyje \u012fmontuota 225 mAh li\u010dio polimer\u0173 baterija. Be to, bud\u0117jimo re\u017eimu jis veikia apie 30 dien\u0173. Kita vertus, laikrod\u017eio \u012fkrovimas u\u017etruks apie 2 val. \u2013 jo energij\u0105 atnaujinsite magnetiniu USB laidu (pridedamas).<\/p>\n<p>\n<img decoding=\"async\" border=\"0\" src=\"https:\/\/assets.innpro.pl\/9436\/11006\/9.jpg\"\/>\n<\/p>\n<h3>Pridedama<\/h3>\n<ul class=\"list-disc pl-5\">\n<li>i\u0161manusis laikrodis<\/li>\n<li>magnetinis USB \u012fkrovimo laidas<\/li>\n<li>naudotojo vadovas<\/li>\n<\/ul>\n<div class=\"table-wrapper\">\n<p>B\u00a0<\/p>\n<h3><\/h3>\n<table>\n<tbody>\n<tr>\n<th>Gamintojas<\/th>\n<td>Colmi<\/td>\n<\/tr>\n<tr>\n<th>Modelis<\/th>\n<td>L10<\/td>\n<\/tr>\n<tr>\n<th>Spalva<\/th>\n<td>sidabrin\u0117<\/td>\n<\/tr>\n<tr>\n<th>Lustas<\/th>\n<td>RTL8763EWE<\/td>\n<\/tr>\n<tr>\n<th>Ry\u0161ys<\/th>\n<td>\u201eBluetooth 5.0\u201c<\/td>\n<\/tr>\n<tr>\n<th>\u201eBluetooth\u201c veikimo nuotolis<\/th>\n<td>10 m<\/td>\n<\/tr>\n<tr>\n<th>Ekranas<\/th>\n<td>IPS<\/td>\n<\/tr>\n<tr>\n<th>Ekrano \u012fstri\u017eain\u0117<\/th>\n<td>1,4 colio<\/td>\n<\/tr>\n<tr>\n<th>Rai\u0161ka<\/th>\n<td>360 x 360p<\/td>\n<\/tr>\n<tr>\n<th>Baterija<\/th>\n<td>Li\u010dio polimeras<\/td>\n<\/tr>\n<tr>\n<th>Baterijos talpa<\/th>\n<td>225 mAh<\/td>\n<\/tr>\n<tr>\n<th>\u012ekrovimo laikas<\/th>\n<td>apytiksliai 2 val.<\/td>\n<\/tr>\n<tr>\n<th>Veikimo laikas<\/th>\n<td>5\u20137 dienos<\/td>\n<\/tr>\n<tr>\n<th>Bud\u0117jimo re\u017eimo veikimo laikas<\/th>\n<td>30 dien\u0173<\/td>\n<\/tr>\n<tr>\n<th>Matmenys<\/th>\n<td>39,5 x 39,5 x 10 mm<\/td>\n<\/tr>\n<tr>\n<th>Med\u017eiaga<\/th>\n<td>silikonas, cinko lydinys<\/td>\n<\/tr>\n<tr>\n<th>Svoris<\/th>\n<td>40 g<\/td>\n<\/tr>\n<tr>\n<th>Dir\u017eelio plotis<\/th>\n<td>18 mm<\/td>\n<\/tr>\n<tr>\n<th>Suderinamumas<\/th>\n<td>\u201eAndroid 4.4\u201c (arba naujesn\u0117), \u201eiOS 8.0\u201c (arba naujesn\u0117), \u201eHarmony OS\u201c<\/td>\n<\/tr>\n<tr>\n<th>Program\u0117l\u0117<\/th>\n<td>\u201eFitCloudPro\u201c<\/td>\n<\/tr>\n<tr>\n<th>Atsparumas vandeniui<\/th>\n<td>IP67<\/td>\n<\/tr>\n<tr>\n<th>Atnaujinimas<\/th>\n<td>OTA<\/td>\n<\/tr>\n<tr>\n<th>Palaikomos kalbos<\/th>\n<td>i\u0161manusis laikrodis: kin\u0173, angl\u0173, vokie\u010di\u0173, rus\u0173, ispan\u0173, portugal\u0173, pranc\u016bz\u0173, japon\u0173, arab\u0173, oland\u0173, ital\u0173, \u010dek\u0173, graik\u0173, hebraj\u0173, indonezie\u010di\u0173, kor\u0117jie\u010di\u0173, malaizie\u010di\u0173, pers\u0173, lenk\u0173, tailandie\u010di\u0173, vietnamie\u010di\u0173, suomi\u0173, rumun\u0173, turk\u0173, kroat\u0173;<\/td>\n<\/tr>\n<tr>\n<th><\/th>\n<td>Program\u0117l\u0117: angl\u0173, supaprastinta kin\u0173, tradicin\u0117 kin\u0173, vokie\u010di\u0173, pranc\u016bz\u0173, arab\u0173, \u010dek\u0173, graik\u0173, ispan\u0173, japon\u0173, pers\u0173, ital\u0173, kor\u0117jie\u010di\u0173, lenk\u0173, portugal\u0173, rus\u0173, suomi\u0173, \u0161ved\u0173, tailandie\u010di\u0173, vengr\u0173, slovak\u0173, kroat\u0173, alban\u0173, turk\u0173, Ukrainie\u010di\u0173 k.<\/td>\n<\/tr>\n<\/tbody>\n<\/table>\n<\/div>\n","protected":false},"excerpt":{"rendered":"<p>I\u0161manusis laikrodis \u201eColmi L10\u201c (sidabrinis) Lengvas, stilingas ir eleganti\u0161kas \u2013 \u201eColmi L10\u201c tiks beveik prie bet kokio stiliaus. Jis pasi\u017eymi apvaliu ciferblatu, suteikian\u010diu jam klasikin\u0119 i\u0161vaizd\u0105. 1,4 colio IPS ekranas suteikia ai\u0161ki\u0105 prieig\u0105 prie informacijos ir yra lengvai naudojamas. I\u0161manusis laikrodis taip pat palaiko \u201eBluetooth\u201c ry\u0161\u012f ir stebi darb\u0105 bei mieg\u0105. Be to, galimi sporto [&#8230;]\n","protected":false},"featured_media":36386,"comment_status":"open","ping_status":"closed","template":"","meta":[],"product_brand":[471],"product_cat":[986],"product_tag":[],"class_list":{"0":"post-36385","1":"product","2":"type-product","3":"status-publish","4":"has-post-thumbnail","6":"product_brand-colmi","7":"product_cat-smartwatches-smartwatches","9":"first","10":"outofstock","11":"taxable","12":"shipping-taxable","13":"purchasable","14":"product-type-simple"},"aioseo_notices":[],"_links":{"self":[{"href":"https:\/\/asura.lv\/lt\/wp-json\/wp\/v2\/product\/36385","targetHints":{"allow":["GET"]}}],"collection":[{"href":"https:\/\/asura.lv\/lt\/wp-json\/wp\/v2\/product"}],"about":[{"href":"https:\/\/asura.lv\/lt\/wp-json\/wp\/v2\/types\/product"}],"replies":[{"embeddable":true,"href":"https:\/\/asura.lv\/lt\/wp-json\/wp\/v2\/comments?post=36385"}],"wp:featuredmedia":[{"embeddable":true,"href":"https:\/\/asura.lv\/lt\/wp-json\/wp\/v2\/media\/36386"}],"wp:attachment":[{"href":"https:\/\/asura.lv\/lt\/wp-json\/wp\/v2\/media?parent=36385"}],"wp:term":[{"taxonomy":"product_brand","embeddable":true,"href":"https:\/\/asura.lv\/lt\/wp-json\/wp\/v2\/product_brand?post=36385"},{"taxonomy":"product_cat","embeddable":true,"href":"https:\/\/asura.lv\/lt\/wp-json\/wp\/v2\/product_cat?post=36385"},{"taxonomy":"product_tag","embeddable":true,"href":"https:\/\/asura.lv\/lt\/wp-json\/wp\/v2\/product_tag?post=36385"}],"curies":[{"name":"wp","href":"https:\/\/api.w.org\/{rel}","templated":true}]}}