{"id":36505,"date":"2025-11-28T22:09:21","date_gmt":"2025-11-28T22:09:21","guid":{"rendered":"https:\/\/asura.lv\/product\/phone-case-with-stand-baseus-skyring-360%d0%b2-for-ip-14-pro-tempered-glass-and-cleaning-kit-purple\/"},"modified":"2025-12-12T15:44:51","modified_gmt":"2025-12-12T13:44:51","slug":"phone-case-with-stand-baseus-skyring-360%d0%b2-for-ip-14-pro-tempered-glass-and-cleaning-kit-purple","status":"publish","type":"product","link":"https:\/\/asura.lv\/lt\/produktas\/phone-case-with-stand-baseus-skyring-360%d0%b2-for-ip-14-pro-tempered-glass-and-cleaning-kit-purple\/","title":{"rendered":"Telefono d\u0117klas su stovu Baseus SkyRing 360\u00b0, skirtas \u201eiP 14 Pro\u201c + gr\u016bdintas stiklas ir valymo rinkinys (violetinis)"},"content":{"rendered":"<h3>\u201eBaseus SkyRing 360\u00b0\u201c d\u0117klas su laikikliu, skirtas \u201eiP 14 Pro\u201c + gr\u016bdintas stiklas ir valymo rinkinys (violetinis).<\/h3>\n<p>\u201eBaseus SkyRing 360\u00b0\u201c d\u0117klas, skirtas \u201eiPhone 14 Pro\u201c, suderina patikim\u0105 apsaug\u0105 ir patogum\u0105. Novatori\u0161kas 360 laipsni\u0173 stovas leid\u017eia laisvai naudoti telefon\u0105 tiek kra\u0161tovaizd\u017eio, tiek portreto re\u017eimu, idealiai tinka \u017ei\u016br\u0117ti vaizdo \u012fra\u0161us, dalyvauti vaizdo konferencijose ar skaityti. Pagamintas i\u0161 auk\u0161tos kokyb\u0117s med\u017eiag\u0173, d\u0117klas u\u017etikrina patikim\u0105 apsaug\u0105 nuo \u012fbr\u0117\u017eim\u0173, kritim\u0173 ir kit\u0173 pa\u017eeidim\u0173, tod\u0117l j\u016bs\u0173 \u201eiPhone\u201c ilgai i\u0161liks puikios b\u016bkl\u0117s. Be to, jis tiekiamas su gr\u016bdintu apsauginiu stiklu, kuris suteikia papildom\u0105 apsaugos sluoksn\u012f j\u016bs\u0173 telefono ekranui, suma\u017eindamas \u012ftr\u016bkim\u0173 ir pa\u017eeidim\u0173 rizik\u0105.<\/p>\n<p>\n<img decoding=\"async\" border=\"0\" src=\"https:\/\/assets.innpro.pl\/6942\/8083\/1.jpg\"\/>\n<\/p>\n<h3>\u012eeina:<\/h3>\n<ul class=\"list-disc pl-5\">\n<li>d\u0117klas<\/li>\n<li>gr\u016bdintas stiklas<\/li>\n<li>valymo rinkinys<\/li>\n<\/ul>\n<div class=\"table-wrapper\">\n<p>\u0412\u00a0<\/p>\n<h3><\/h3>\n<table>\n<tbody>\n<tr>\n<th>Gamintojas<\/th>\n<td>Baseus<\/td>\n<\/tr>\n<tr>\n<th>Modelis<\/th>\n<td>SkyRing 360\u00b0<\/td>\n<\/tr>\n<tr>\n<th>Spalva<\/th>\n<td>Violetin\u0117<\/td>\n<\/tr>\n<tr>\n<th>Suderinamumas<\/th>\n<td>iPhone 14 Pro<\/td>\n<\/tr>\n<\/tbody>\n<\/table>\n<\/div>\n","protected":false},"excerpt":{"rendered":"<p>\u201eBaseus SkyRing 360\u00b0\u201c d\u0117klas su laikikliu, skirtas \u201eiP 14 Pro\u201c + gr\u016bdintas stiklas ir valymo rinkinys (violetinis). \u201eBaseus SkyRing 360\u00b0\u201c d\u0117klas, skirtas \u201eiPhone 14 Pro\u201c, suderina patikim\u0105 apsaug\u0105 ir patogum\u0105. Novatori\u0161kas 360 laipsni\u0173 stovas leid\u017eia laisvai naudoti telefon\u0105 tiek kra\u0161tovaizd\u017eio, tiek portreto re\u017eimu, idealiai tinka \u017ei\u016br\u0117ti vaizdo \u012fra\u0161us, dalyvauti vaizdo konferencijose ar skaityti. Pagamintas i\u0161 [&#8230;]\n","protected":false},"featured_media":36506,"comment_status":"open","ping_status":"closed","template":"","meta":[],"product_brand":[95],"product_cat":[1250],"product_tag":[],"class_list":{"0":"post-36505","1":"product","2":"type-product","3":"status-publish","4":"has-post-thumbnail","6":"product_brand-baseus","7":"product_cat-protective-cases-for-smartphones-cases-gsm-accessories","9":"first","10":"outofstock","11":"taxable","12":"shipping-taxable","13":"purchasable","14":"product-type-simple"},"aioseo_notices":[],"_links":{"self":[{"href":"https:\/\/asura.lv\/lt\/wp-json\/wp\/v2\/product\/36505","targetHints":{"allow":["GET"]}}],"collection":[{"href":"https:\/\/asura.lv\/lt\/wp-json\/wp\/v2\/product"}],"about":[{"href":"https:\/\/asura.lv\/lt\/wp-json\/wp\/v2\/types\/product"}],"replies":[{"embeddable":true,"href":"https:\/\/asura.lv\/lt\/wp-json\/wp\/v2\/comments?post=36505"}],"wp:featuredmedia":[{"embeddable":true,"href":"https:\/\/asura.lv\/lt\/wp-json\/wp\/v2\/media\/36506"}],"wp:attachment":[{"href":"https:\/\/asura.lv\/lt\/wp-json\/wp\/v2\/media?parent=36505"}],"wp:term":[{"taxonomy":"product_brand","embeddable":true,"href":"https:\/\/asura.lv\/lt\/wp-json\/wp\/v2\/product_brand?post=36505"},{"taxonomy":"product_cat","embeddable":true,"href":"https:\/\/asura.lv\/lt\/wp-json\/wp\/v2\/product_cat?post=36505"},{"taxonomy":"product_tag","embeddable":true,"href":"https:\/\/asura.lv\/lt\/wp-json\/wp\/v2\/product_tag?post=36505"}],"curies":[{"name":"wp","href":"https:\/\/api.w.org\/{rel}","templated":true}]}}