{"id":36535,"date":"2025-11-28T22:09:18","date_gmt":"2025-11-28T22:09:18","guid":{"rendered":"https:\/\/asura.lv\/product\/smart-snack-feeder-with-camera-t03-dogness-white\/"},"modified":"2025-12-12T15:44:48","modified_gmt":"2025-12-12T13:44:48","slug":"smart-snack-feeder-with-camera-t03-dogness-white","status":"publish","type":"product","link":"https:\/\/asura.lv\/lt\/produktas\/smart-snack-feeder-with-camera-t03-dogness-white\/","title":{"rendered":"I\u0161manus u\u017ekand\u017ei\u0173 \u0161\u0117rykla su kamera T03 Dogness (balta)"},"content":{"rendered":"<h3>I\u0161manioji u\u017ekand\u017ei\u0173 \u0161\u0117rykla \u201eT03 Dogness\u201c su kamera (balta)<\/h3>\n<p>I\u0161manioji u\u017ekand\u017ei\u0173 \u0161\u0117rykla \u201eT03 Dogness\u201c leid\u017eia nuotoliniu b\u016bdu valdyti ir bendrauti su savo augintiniu. Naudodami nemokam\u0105 \u201eDogness\u201c program\u0117l\u0119 galite steb\u0117ti, gird\u0117ti ir kalb\u0117tis su savo augintiniu bei apdovanoti j\u012f u\u017ekand\u017eiais, kad ir kur b\u016btum\u0117te. \u012erenginys apr\u016bpintas HD kamera su naktinio matymo funkcija, kuri leid\u017eia steb\u0117ti augintinio judesius net tamsoje.<\/p>\n<p>\n<img decoding=\"async\" border=\"0\" src=\"https:\/\/assets.innpro.pl\/8598\/10042\/3.jpg\"\/>\n<\/p>\n<h3>Nuotolinis apdovanojimas u\u017ekand\u017eiais<\/h3>\n<p>\u0160\u0117rykla apr\u016bpinta u\u017ekand\u017ei\u0173 i\u0161st\u016bmimo mechanizmu, kuris leid\u017eia nuotoliniu b\u016bdu apdovanoti augintin\u012f. \u012erenginio veikim\u0105 galite valdyti naudodami i\u0161maniojo telefono program\u0117l\u0119, kad j\u016bs\u0173 augintinis b\u016bt\u0173 linksmas ir aktyvus, net kai esate toli nuo nam\u0173. \u201eDogness T03\u201c gali talpinti iki 0,18 kg sauso maisto, kurio pakanka daugeliui apdovanojim\u0173 j\u016bs\u0173 augintiniui.<\/p>\n<p>\n<img decoding=\"async\" border=\"0\" src=\"https:\/\/assets.innpro.pl\/8598\/10042\/4.jpg\"\/>\n<\/p>\n<h3>HD kamera su naktinio matymo funkcija<\/h3>\n<p>Visada steb\u0117kite savo augintin\u012f su 165 laipsni\u0173 HD kamera su naktinio matymo funkcija. Dabar galite steb\u0117ti savo augintinio judesius realiuoju laiku, u\u017etikrindami jo saugum\u0105 ir ramyb\u0119.<\/p>\n<p>\n<img decoding=\"async\" border=\"0\" src=\"https:\/\/assets.innpro.pl\/8598\/10042\/10.jpg\"\/>\n<\/p>\n<h3>Dvipusis ry\u0161ys<\/h3>\n<p>\u201eDogness T03\u201c turi mikrofon\u0105 ir garsiakalb\u012f dvipusiam balso ry\u0161iui. Galite kalb\u0117tis su savo augintiniu ir gird\u0117ti jo reakcijas, taip palaikydami glaud\u0173 kontakt\u0105 ir stiprindami savo ry\u0161\u012f net ir b\u016bdami fizi\u0161kai toli.<\/p>\n<p>\n<img decoding=\"async\" border=\"0\" src=\"https:\/\/assets.innpro.pl\/8598\/10042\/5.jpg\"\/>\n<\/p>\n<h3>Ekologi\u0161kas bambuko u\u017edangalas<\/h3>\n<p>\u201eDogness\u201c \u012frenginys i\u0161siskiria eleganti\u0161ku dizainu d\u0117l dangtelio, pagaminto i\u0161 ekologi\u0161ko bambuko. \u0160is elementas apsaugo u\u017ekand\u017eius nuo dr\u0117gm\u0117s d\u0117l \u012fmontuoto sandariklio. R\u016bpinkit\u0117s aplinka rinkdamiesi gaminius, pagamintus i\u0161 nat\u016brali\u0173 med\u017eiag\u0173.<\/p>\n<p>\n<img decoding=\"async\" border=\"0\" src=\"https:\/\/assets.innpro.pl\/8598\/10042\/6.jpg\"\/>\n<\/p>\n<h3>Lankst\u016bs tvirtinimo variantai j\u016bs\u0173 patogumui<\/h3>\n<p>\u201eDogness T03\u201c si\u016blo \u012fvairi\u0173 tvirtinimo variant\u0173. D\u0117l speciali\u0173 tvirtinimo ang\u0173 \u012frenginio gale, j\u012f galite lengvai pritvirtinti prie sienos, taupydami viet\u0105 ir pastatydami tiektuv\u0105 optimalioje j\u016bs\u0173 nam\u0173 vietoje. \u012erenginio matmenys \u2013 vos 12,5 x 12,5 x 25 cm, o svoris \u2013 ma\u017eiau nei 1,08 kg.<\/p>\n<p>\n<img decoding=\"async\" border=\"0\" src=\"https:\/\/assets.innpro.pl\/8598\/10042\/2.jpg\"\/>\n<\/p>\n<div class=\"table-wrapper\">\n<p>B\u00a0<\/p>\n<h3><\/h3>\n<table>\n<tbody>\n<tr>\n<th>Gamintojas<\/th>\n<td>Svoris<\/td>\n<\/tr>\n<tr>\n<th>Modelis<\/th>\n<td>T03<\/td>\n<\/tr>\n<tr>\n<th>Talpa<\/th>\n<td>0,18 kg (tik sausas maistas)<\/td>\n<\/tr>\n<tr>\n<th>Kameros matymo kampas<\/th>\n<td>165 laipsniai<\/td>\n<\/tr>\n<tr>\n<th>Kameros funkcijos<\/th>\n<td>HD, naktinis vizija<\/td>\n<\/tr>\n<tr>\n<th>Ry\u0161ys<\/th>\n<td>Dvipusis (mikrofonas ir garsiakalbis)<\/td>\n<\/tr>\n<tr>\n<th>Maitinimo \u0161altinis<\/th>\n<td>USB<\/td>\n<\/tr>\n<tr>\n<th>Taikymas<\/th>\n<td>Patikimumas<\/td>\n<\/tr>\n<tr>\n<th>Med\u017eiaga<\/th>\n<td>ABS, bambukas<\/td>\n<\/tr>\n<tr>\n<th>Matmenys<\/th>\n<td>12,5 x 12,5 x 25 cm<\/td>\n<\/tr>\n<tr>\n<th>Svoris<\/th>\n<td>1,08 kg<\/td>\n<\/tr>\n<tr>\n<th>Spalva<\/th>\n<td>balta<\/td>\n<\/tr>\n<\/tbody>\n<\/table>\n<\/div>\n","protected":false},"excerpt":{"rendered":"<p>I\u0161manioji u\u017ekand\u017ei\u0173 \u0161\u0117rykla \u201eT03 Dogness\u201c su kamera (balta) I\u0161manioji u\u017ekand\u017ei\u0173 \u0161\u0117rykla \u201eT03 Dogness\u201c leid\u017eia nuotoliniu b\u016bdu valdyti ir bendrauti su savo augintiniu. Naudodami nemokam\u0105 \u201eDogness\u201c program\u0117l\u0119 galite steb\u0117ti, gird\u0117ti ir kalb\u0117tis su savo augintiniu bei apdovanoti j\u012f u\u017ekand\u017eiais, kad ir kur b\u016btum\u0117te. \u012erenginys apr\u016bpintas HD kamera su naktinio matymo funkcija, kuri leid\u017eia steb\u0117ti augintinio judesius [&#8230;]\n","protected":false},"featured_media":36536,"comment_status":"open","ping_status":"closed","template":"","meta":[],"product_brand":[580],"product_cat":[1031],"product_tag":[],"class_list":{"0":"post-36535","1":"product","2":"type-product","3":"status-publish","4":"has-post-thumbnail","6":"product_brand-dogness","7":"product_cat-bowls","9":"first","10":"outofstock","11":"taxable","12":"shipping-taxable","13":"purchasable","14":"product-type-simple"},"aioseo_notices":[],"_links":{"self":[{"href":"https:\/\/asura.lv\/lt\/wp-json\/wp\/v2\/product\/36535","targetHints":{"allow":["GET"]}}],"collection":[{"href":"https:\/\/asura.lv\/lt\/wp-json\/wp\/v2\/product"}],"about":[{"href":"https:\/\/asura.lv\/lt\/wp-json\/wp\/v2\/types\/product"}],"replies":[{"embeddable":true,"href":"https:\/\/asura.lv\/lt\/wp-json\/wp\/v2\/comments?post=36535"}],"wp:featuredmedia":[{"embeddable":true,"href":"https:\/\/asura.lv\/lt\/wp-json\/wp\/v2\/media\/36536"}],"wp:attachment":[{"href":"https:\/\/asura.lv\/lt\/wp-json\/wp\/v2\/media?parent=36535"}],"wp:term":[{"taxonomy":"product_brand","embeddable":true,"href":"https:\/\/asura.lv\/lt\/wp-json\/wp\/v2\/product_brand?post=36535"},{"taxonomy":"product_cat","embeddable":true,"href":"https:\/\/asura.lv\/lt\/wp-json\/wp\/v2\/product_cat?post=36535"},{"taxonomy":"product_tag","embeddable":true,"href":"https:\/\/asura.lv\/lt\/wp-json\/wp\/v2\/product_tag?post=36535"}],"curies":[{"name":"wp","href":"https:\/\/api.w.org\/{rel}","templated":true}]}}