{"id":36589,"date":"2025-11-28T22:09:14","date_gmt":"2025-11-28T22:09:14","guid":{"rendered":"https:\/\/asura.lv\/product\/battery-anti-release-clip-sunnylife-for-dji-avata-2\/"},"modified":"2025-12-12T15:44:44","modified_gmt":"2025-12-12T13:44:44","slug":"battery-anti-release-clip-sunnylife-for-dji-avata-2","status":"publish","type":"product","link":"https:\/\/asura.lv\/lt\/produktas\/battery-anti-release-clip-sunnylife-for-dji-avata-2\/","title":{"rendered":"Baterijos apsaugos nuo atlaisvinimo laikiklis SUNNYLIFE, skirtas DJI Avata 2"},"content":{"rendered":"<h3>SUNNYLIFE akumuliatoriaus apsaugos spaustukas, skirtas DJI Avata 2<\/h3>\n<p>Ie\u0161kote patikimos DJI Avata 2 drono akumuliatoriaus apsaugos? \u201eSunnylife\u201c akumuliatoriaus tvirtinimo spaustukas yra sprendimas, kuris garantuos jums ramyb\u0119 skryd\u017ei\u0173 ir transportavimo metu. D\u0117l tikslaus prigludimo spaustukas u\u017etikrina stabil\u0173 akumuliatoriaus laikym\u0105, pa\u0161alindamas rizik\u0105, kad jis nety\u010dia i\u0161slyst\u0173 dinami\u0161k\u0173 manevr\u0173 ar avarij\u0173 metu. Jis neu\u017estoja prieigos prie maitinimo mygtuko ar LED \u012fkrovimo indikatori\u0173, o patogus viena ranka atidaromas spaustukas su spyruokliniu u\u017etaisu leid\u017eia baterij\u0105 i\u0161imti ir \u012fd\u0117ti itin lengvai ir greitai.<\/p>\n<p>\n<img decoding=\"async\" border=\"0\" src=\"https:\/\/assets.innpro.pl\/6884\/8023\/2.jpg\"\/>\n<\/p>\n<div class=\"table-wrapper\">\n<p>B\u00a0<\/p>\n<h3><\/h3>\n<table>\n<tbody>\n<tr>\n<th>Gamintojas<\/th>\n<td>Sunnylife<\/td>\n<\/tr>\n<tr>\n<th>Modelis<\/th>\n<td>AT2-DC823<\/td>\n<\/tr>\n<tr>\n<th>Suderinamumas<\/th>\n<td>DJI Avata 2<\/td>\n<\/tr>\n<tr>\n<th>Med\u017eiaga<\/th>\n<td>Plastikas<\/td>\n<\/tr>\n<tr>\n<th>Svoris<\/th>\n<td>8 g<\/td>\n<\/tr>\n<tr>\n<th>Matmenys<\/th>\n<td>67 x 40 x 30 mm<\/td>\n<\/tr>\n<\/tbody>\n<\/table>\n<\/div>\n","protected":false},"excerpt":{"rendered":"<p>SUNNYLIFE akumuliatoriaus apsaugos spaustukas, skirtas DJI Avata 2 Ie\u0161kote patikimos DJI Avata 2 drono akumuliatoriaus apsaugos? \u201eSunnylife\u201c akumuliatoriaus tvirtinimo spaustukas yra sprendimas, kuris garantuos jums ramyb\u0119 skryd\u017ei\u0173 ir transportavimo metu. D\u0117l tikslaus prigludimo spaustukas u\u017etikrina stabil\u0173 akumuliatoriaus laikym\u0105, pa\u0161alindamas rizik\u0105, kad jis nety\u010dia i\u0161slyst\u0173 dinami\u0161k\u0173 manevr\u0173 ar avarij\u0173 metu. Jis neu\u017estoja prieigos prie maitinimo mygtuko [&#8230;]\n","protected":false},"featured_media":36590,"comment_status":"open","ping_status":"closed","template":"","meta":[],"product_brand":[432],"product_cat":[1028],"product_tag":[],"class_list":{"0":"post-36589","1":"product","2":"type-product","3":"status-publish","4":"has-post-thumbnail","6":"product_brand-sunnylife","7":"product_cat-dji","9":"first","10":"outofstock","11":"taxable","12":"shipping-taxable","13":"purchasable","14":"product-type-simple"},"aioseo_notices":[],"_links":{"self":[{"href":"https:\/\/asura.lv\/lt\/wp-json\/wp\/v2\/product\/36589","targetHints":{"allow":["GET"]}}],"collection":[{"href":"https:\/\/asura.lv\/lt\/wp-json\/wp\/v2\/product"}],"about":[{"href":"https:\/\/asura.lv\/lt\/wp-json\/wp\/v2\/types\/product"}],"replies":[{"embeddable":true,"href":"https:\/\/asura.lv\/lt\/wp-json\/wp\/v2\/comments?post=36589"}],"wp:featuredmedia":[{"embeddable":true,"href":"https:\/\/asura.lv\/lt\/wp-json\/wp\/v2\/media\/36590"}],"wp:attachment":[{"href":"https:\/\/asura.lv\/lt\/wp-json\/wp\/v2\/media?parent=36589"}],"wp:term":[{"taxonomy":"product_brand","embeddable":true,"href":"https:\/\/asura.lv\/lt\/wp-json\/wp\/v2\/product_brand?post=36589"},{"taxonomy":"product_cat","embeddable":true,"href":"https:\/\/asura.lv\/lt\/wp-json\/wp\/v2\/product_cat?post=36589"},{"taxonomy":"product_tag","embeddable":true,"href":"https:\/\/asura.lv\/lt\/wp-json\/wp\/v2\/product_tag?post=36589"}],"curies":[{"name":"wp","href":"https:\/\/api.w.org\/{rel}","templated":true}]}}