{"id":36613,"date":"2025-11-28T22:09:13","date_gmt":"2025-11-28T22:09:13","guid":{"rendered":"https:\/\/asura.lv\/product\/chest-strap-sunnylife-for-controler-dji-rc-rc-2\/"},"modified":"2025-12-12T15:44:43","modified_gmt":"2025-12-12T13:44:43","slug":"chest-strap-sunnylife-for-controler-dji-rc-rc-2","status":"publish","type":"product","link":"https:\/\/asura.lv\/lt\/produktas\/chest-strap-sunnylife-for-controler-dji-rc-rc-2\/","title":{"rendered":"Kr\u016btin\u0117s dir\u017eas SUNNYLIFE DJI RC \/ RC 2 pulteliui"},"content":{"rendered":"<h3>SUNNYLIFE kr\u016btin\u0117s laikiklis DJI RC \/ RC 2 valdikliui<\/h3>\n<p>\u201eSunnylife\u201c kr\u016btin\u0117s laikiklis, puikiai tinkantis j\u016bs\u0173 DJI RC\/RC 2 valdikliui, leis jums laisvai naudoti dron\u0105 bet kokioje situacijoje. Jis leid\u017eia atlaisvinti rankas ir m\u0117gautis tobulais aerofotografiniais kadrais, nelaikant valdiklio rankose vis\u0105 laik\u0105. Reguliuojamas kampas leid\u017eia pritaikyti laikikl\u012f pagal savo pageidavimus, u\u017etikrinant maksimal\u0173 komfort\u0105 naudojimo metu. Sulankstomas dizainas leis lengvai laikyti ir transportuoti valdikl\u012f tarp kadr\u0173. Su 5 sagtimis galite lengvai reguliuoti dir\u017eel\u012f tiek vertikaliai, tiek horizontaliai pagal savo poreikius.<\/p>\n<p>\n<img decoding=\"async\" border=\"0\" src=\"https:\/\/assets.innpro.pl\/6876\/8015\/3.jpg\"\/>\n<\/p>\n<div class=\"table-wrapper\">\n<p>B\u00a0<\/p>\n<h3><\/h3>\n<table>\n<tbody>\n<tr>\n<th>Gamintojas<\/th>\n<td>Sunnylife<\/td>\n<\/tr>\n<tr>\n<th>Modelis<\/th>\n<td>ZJ773-GY<\/td>\n<\/tr>\n<tr>\n<th>Suderinamumas<\/th>\n<td>DJI RC \/ RC 2<\/td>\n<\/tr>\n<tr>\n<th>Svoris<\/th>\n<td>248 g<\/td>\n<\/tr>\n<\/tbody>\n<\/table>\n<\/div>\n","protected":false},"excerpt":{"rendered":"<p>SUNNYLIFE kr\u016btin\u0117s laikiklis DJI RC \/ RC 2 valdikliui \u201eSunnylife\u201c kr\u016btin\u0117s laikiklis, puikiai tinkantis j\u016bs\u0173 DJI RC\/RC 2 valdikliui, leis jums laisvai naudoti dron\u0105 bet kokioje situacijoje. Jis leid\u017eia atlaisvinti rankas ir m\u0117gautis tobulais aerofotografiniais kadrais, nelaikant valdiklio rankose vis\u0105 laik\u0105. Reguliuojamas kampas leid\u017eia pritaikyti laikikl\u012f pagal savo pageidavimus, u\u017etikrinant maksimal\u0173 komfort\u0105 naudojimo metu. Sulankstomas [&#8230;]\n","protected":false},"featured_media":36614,"comment_status":"open","ping_status":"closed","template":"","meta":[],"product_brand":[432],"product_cat":[1028],"product_tag":[],"class_list":{"0":"post-36613","1":"product","2":"type-product","3":"status-publish","4":"has-post-thumbnail","6":"product_brand-sunnylife","7":"product_cat-dji","9":"first","10":"outofstock","11":"taxable","12":"shipping-taxable","13":"purchasable","14":"product-type-simple"},"aioseo_notices":[],"_links":{"self":[{"href":"https:\/\/asura.lv\/lt\/wp-json\/wp\/v2\/product\/36613","targetHints":{"allow":["GET"]}}],"collection":[{"href":"https:\/\/asura.lv\/lt\/wp-json\/wp\/v2\/product"}],"about":[{"href":"https:\/\/asura.lv\/lt\/wp-json\/wp\/v2\/types\/product"}],"replies":[{"embeddable":true,"href":"https:\/\/asura.lv\/lt\/wp-json\/wp\/v2\/comments?post=36613"}],"wp:featuredmedia":[{"embeddable":true,"href":"https:\/\/asura.lv\/lt\/wp-json\/wp\/v2\/media\/36614"}],"wp:attachment":[{"href":"https:\/\/asura.lv\/lt\/wp-json\/wp\/v2\/media?parent=36613"}],"wp:term":[{"taxonomy":"product_brand","embeddable":true,"href":"https:\/\/asura.lv\/lt\/wp-json\/wp\/v2\/product_brand?post=36613"},{"taxonomy":"product_cat","embeddable":true,"href":"https:\/\/asura.lv\/lt\/wp-json\/wp\/v2\/product_cat?post=36613"},{"taxonomy":"product_tag","embeddable":true,"href":"https:\/\/asura.lv\/lt\/wp-json\/wp\/v2\/product_tag?post=36613"}],"curies":[{"name":"wp","href":"https:\/\/api.w.org\/{rel}","templated":true}]}}