{"id":36745,"date":"2025-11-28T22:09:00","date_gmt":"2025-11-28T22:09:00","guid":{"rendered":"https:\/\/asura.lv\/product\/motorcycle-intercom-ejeas-k1\/"},"modified":"2025-12-12T15:44:34","modified_gmt":"2025-12-12T13:44:34","slug":"motorcycle-intercom-ejeas-k1","status":"publish","type":"product","link":"https:\/\/asura.lv\/lt\/produktas\/motorcycle-intercom-ejeas-k1\/","title":{"rendered":"Motociklo domofonas EJEAS K1"},"content":{"rendered":"<h3>EJEAS K1 motociklo domofonas<\/h3>\n<p>EJEAS K1 motociklo domofonas u\u017etikrina patikim\u0105 ry\u0161\u012f d\u0117l \u201eMesh 3.0\u201c technologijos ir garantuoja stabil\u0173 signal\u0105 iki 1000 m atstumu. Be to, jis leid\u017eia bendrauti 2\u20134 \u017emon\u0117ms ir automati\u0161kai v\u0117l prisijungia, kai atsijungia. Jis taip pat leid\u017eia fotografuoti ir filmuoti, o incidento \u012fra\u0161ai bus automati\u0161kai i\u0161saugomi. Jis taip pat pasi\u017eymi ilgu veikimo laiku ir yra atsparus vandeniui pagal IP67 standart\u0105.<\/p>\n<p>\n<img decoding=\"async\" border=\"0\" src=\"https:\/\/assets.innpro.pl\/6883\/8022\/5.jpg\"\/>\n<\/p>\n<h3>Patikimas ry\u0161ys<\/h3>\n<p>EJEAS K1 domofonas naudoja \u201eMesh 3.0\u201c technologij\u0105, o ry\u0161io atstumas siekia 1000 metr\u0173. Be to, jis leid\u017eia vienu metu bendrauti 4 vartotojams, o prisijungsite vienu spustel\u0117jimu \u2013 jokio sud\u0117tingo nustatymo. Ar nerimaujate, kad ry\u0161ys nutr\u016bks? Nesijaudinkite! Domofonas automati\u0161kai atnaujins ry\u0161\u012f.<\/p>\n<p>\n<img decoding=\"async\" border=\"0\" src=\"https:\/\/assets.innpro.pl\/6883\/8022\/9.jpg\"\/>\n<\/p>\n<h3>Joki\u0173 r\u016bpes\u010di\u0173 d\u0117l signalo praradimo<\/h3>\n<p>Palyginti su kitais tokio tipo gaminiais, EJEAS K1 domofonas veikia nepriekai\u0161tingai net ir esant tokioms kli\u016btims kaip tuneliai, kalvos, intensyvaus eismo keliai ir pan. \u201eBluetooth\u201c domofono veikimo atstumas yra iki 100 metr\u0173, o K1 \u2013 1000 metr\u0173 atviroje vietoje ir 500 metr\u0173 tarp kit\u0173 transporto priemoni\u0173.<\/p>\n<p>\n<img decoding=\"async\" border=\"0\" src=\"https:\/\/assets.innpro.pl\/6883\/8022\/7.jpg\"\/>\n<\/p>\n<h3>Kurkite nuotraukas ir \u012fra\u0161us<\/h3>\n<p>\u012eam\u017einkite ypatingas akimirkas kelioni\u0173 metu. \u201eEJEAS K1\u201c domofonas apr\u016bpintas 140\u00b0 plataus kampo objektyvu ir leid\u017eia \u012fra\u0161yti vaizdo \u012fra\u0161us 2K 30 kadr\u0173 per sekund\u0119 rai\u0161ka. Be to, domofonas automati\u0161kai nutraukia ir i\u0161saugo prad\u0117t\u0105 \u200b\u200b\u012fra\u0161\u0105, kai aptinkamas avarijos atvejis. Be to, \u012frenginys palaiko \u201eWi-Fi\u201c ry\u0161\u012f ir jungiasi prie i\u0161maniojo telefono, o turima program\u0117l\u0117 leid\u017eia per\u017ei\u016br\u0117ti \u012fra\u0161\u0105 realiuoju laiku. \u012erenginyje galite saugoti filmuot\u0105 med\u017eiag\u0105, kurios bendra talpa siekia iki 256 GB.<\/p>\n<p>\n<img decoding=\"async\" border=\"0\" src=\"https:\/\/assets.innpro.pl\/6883\/8022\/6.jpg\"\/>\n<\/p>\n<h3>Integruotas mikrofonas<\/h3>\n<p>Domofone yra mikrofonas su 5 jautrumo reguliavimo lygiais, kuris pagal numatytuosius nustatymus nustatytas \u012f 3 lyg\u012f. Teisinga vert\u0117 priklauso nuo aplinkos ir grei\u010dio \u2013 esant 40 km\/h grei\u010diui ir silpniems v\u0117jo g\u016bsiams, galite nustatyti mikrofono jautrum\u0105 \u012f 5, kad kiti skambinantieji ai\u0161kiai gird\u0117t\u0173 j\u016bs\u0173 bals\u0105. Va\u017eiuojant didesniu nei 100 km\/h grei\u010diu, rekomenduojama nustatyti mikrofono jautrum\u0105 \u012f 1, kad suma\u017eintum\u0117te v\u0117jo keliamo triuk\u0161mo poveik\u012f domofonui. Be to, mikrofon\u0105 galite nutildyti rankiniu b\u016bdu arba \u012fjungdami tinklelio re\u017eim\u0105.<\/p>\n<p>\n<img decoding=\"async\" border=\"0\" src=\"https:\/\/assets.innpro.pl\/6883\/8022\/2.jpg\"\/>\n<\/p>\n<h3>Patogus kanal\u0173 keitimas<\/h3>\n<p>\u012erenginys si\u016blo 5 kanalus, o \u012fjungus tinklelio re\u017eim\u0105, domofonas persijungia \u012f 1 kanal\u0105. Kiekvienas skambinantysis, nor\u0117damas t\u0119sti pokalb\u012f, turi nustatyti t\u0105 pat\u012f kanal\u0105 savo domofone. Atkreipkite d\u0117mes\u012f, kad esant blogoms oro s\u0105lygoms, greitkelyje su dideliu eismu arba esant dideliam elektronini\u0173 prietais\u0173 skai\u010diui, domofono veikimo atstumas gali b\u016bti ma\u017eesnis.<\/p>\n<p>\n<img decoding=\"async\" border=\"0\" src=\"https:\/\/assets.innpro.pl\/6883\/8022\/8.jpg\"\/>\n<\/p>\n<h3>Rafinuotas dizainas<\/h3>\n<p>Domofonas yra atsparus vandeniui pagal IP67 standart\u0105, o jo veikimo temperat\u016bros diapazonas yra nuo -10 \u00b0C iki 50 \u00b0C, tod\u0117l j\u012f galite naudoti \u012fvairiomis oro s\u0105lygomis. Be to, \u201eBluetooth 5.1\u201c ry\u0161ys leid\u017eia vienu metu prisijungti prie 2 i\u0161mani\u0173j\u0173 telefon\u0173. Galite paleisti balso asistent\u0105, naudoti navigacij\u0105 ir automati\u0161kai atsiliepti \u012f \u012feinan\u010dius skambu\u010dius. \u012erenginys taip pat palaiko \u201eBluetooth\u201c ry\u0161\u012f su kitais rinkoje esan\u010diais domofonais.<\/p>\n<p>\n<img decoding=\"async\" border=\"0\" src=\"https:\/\/assets.innpro.pl\/6883\/8022\/3.jpg\"\/>\n<\/p>\n<h3>Ilgas veikimo laikas<\/h3>\n<p>\u201eEJEAS K1\u201c domofonas gali lyd\u0117ti jus beveik vis\u0105 dien\u0105. \u012erenginyje \u012fmontuota auk\u0161tos kokyb\u0117s li\u010dio baterija, kurios talpa yra 2100 mAh, o tai rei\u0161kia ilg\u0105 veikimo laik\u0105. Tinklo re\u017eimu \u012frenginys veikia 17 val., \u201eBluetooth\u201c re\u017eimu \u2013 daugiau nei 30 val., muzik\u0105 groja apie 55 val., o vaizdo \u012fra\u0161us \u012fra\u0161o apie 6,5 val. Kita vertus, domofono \u012fkrovimas u\u017etruks apie 3,5 val. Produktas taip pat palaiko greit\u0105j\u012f USB-C \u012fkrovim\u0105.<\/p>\n<p>\n<img decoding=\"async\" border=\"0\" src=\"https:\/\/assets.innpro.pl\/6883\/8022\/4.jpg\"\/>\n<\/p>\n<h3>Pridedama:<\/h3>\n<ul class=\"list-disc pl-5\">\n<li>Domfonas<\/li>\n<li>Segtukas<\/li>\n<li>USB-C \u012fkrovimo laidas<\/li>\n<li>Atsuktuvas<\/li>\n<li>Ausin\u0117s<\/li>\n<li>4 lipdukai<\/li>\n<li>Naudotojo vadovas<\/li>\n<\/ul>\n<div class=\"table-wrapper\">\n<p>B\u00a0<\/p>\n<h3><\/h3>\n<table>\n<tbody>\n<tr>\n<th>Gamintojas<\/th>\n<td>EJEAS<\/td>\n<\/tr>\n<tr>\n<th>Modelis<\/th>\n<td>K1<\/td>\n<\/tr>\n<tr>\n<th>Spalva<\/th>\n<td>juoda<\/td>\n<\/tr>\n<tr>\n<th>\u201eBluetooth\u201c<\/th>\n<td>5.1<\/td>\n<\/tr>\n<tr>\n<th>Atsparus vandeniui<\/th>\n<td>IP67<\/td>\n<\/tr>\n<tr>\n<th>Veikimo diapazonas<\/th>\n<td>1000 m<\/td>\n<\/tr>\n<tr>\n<th>Veikimo laikas<\/th>\n<td>iki 55 val.<\/td>\n<\/tr>\n<tr>\n<th>\u012ekrovimo laikas<\/th>\n<td>3,5 val.<\/td>\n<\/tr>\n<tr>\n<th>\u012ekrovimas prievadas<\/th>\n<td>USB-C<\/td>\n<\/tr>\n<tr>\n<th>Akumuliatoriaus talpa<\/th>\n<td>2100 mAh<\/td>\n<\/tr>\n<tr>\n<th>Susiejimo limitas<\/th>\n<td>Iki 4 domofon\u0173<\/td>\n<\/tr>\n<\/tbody>\n<\/table>\n<\/div>\n","protected":false},"excerpt":{"rendered":"<p>EJEAS K1 motociklo domofonas EJEAS K1 motociklo domofonas u\u017etikrina patikim\u0105 ry\u0161\u012f d\u0117l \u201eMesh 3.0\u201c technologijos ir garantuoja stabil\u0173 signal\u0105 iki 1000 m atstumu. Be to, jis leid\u017eia bendrauti 2\u20134 \u017emon\u0117ms ir automati\u0161kai v\u0117l prisijungia, kai atsijungia. Jis taip pat leid\u017eia fotografuoti ir filmuoti, o incidento \u012fra\u0161ai bus automati\u0161kai i\u0161saugomi. Jis taip pat pasi\u017eymi ilgu veikimo [&#8230;]\n","protected":false},"featured_media":36746,"comment_status":"open","ping_status":"closed","template":"","meta":[],"product_brand":[603],"product_cat":[1265],"product_tag":[],"class_list":{"0":"post-36745","1":"product","2":"type-product","3":"status-publish","4":"has-post-thumbnail","6":"product_brand-ejeas","7":"product_cat-intercoms","9":"first","10":"outofstock","11":"taxable","12":"shipping-taxable","13":"purchasable","14":"product-type-simple"},"aioseo_notices":[],"_links":{"self":[{"href":"https:\/\/asura.lv\/lt\/wp-json\/wp\/v2\/product\/36745","targetHints":{"allow":["GET"]}}],"collection":[{"href":"https:\/\/asura.lv\/lt\/wp-json\/wp\/v2\/product"}],"about":[{"href":"https:\/\/asura.lv\/lt\/wp-json\/wp\/v2\/types\/product"}],"replies":[{"embeddable":true,"href":"https:\/\/asura.lv\/lt\/wp-json\/wp\/v2\/comments?post=36745"}],"wp:featuredmedia":[{"embeddable":true,"href":"https:\/\/asura.lv\/lt\/wp-json\/wp\/v2\/media\/36746"}],"wp:attachment":[{"href":"https:\/\/asura.lv\/lt\/wp-json\/wp\/v2\/media?parent=36745"}],"wp:term":[{"taxonomy":"product_brand","embeddable":true,"href":"https:\/\/asura.lv\/lt\/wp-json\/wp\/v2\/product_brand?post=36745"},{"taxonomy":"product_cat","embeddable":true,"href":"https:\/\/asura.lv\/lt\/wp-json\/wp\/v2\/product_cat?post=36745"},{"taxonomy":"product_tag","embeddable":true,"href":"https:\/\/asura.lv\/lt\/wp-json\/wp\/v2\/product_tag?post=36745"}],"curies":[{"name":"wp","href":"https:\/\/api.w.org\/{rel}","templated":true}]}}